{"id":153168,"date":"2022-01-17T16:03:18","date_gmt":"2022-01-17T14:03:18","guid":{"rendered":"https:\/\/aednik24.ee\/toode\/sudajas-suutera-bakopa-snowtopia-valge-sutera-cordata-m\/"},"modified":"2026-04-24T03:07:52","modified_gmt":"2026-04-24T00:07:52","slug":"sudajas-suutera-bakopa-snowtopia-valge-sutera-cordata-m","status":"publish","type":"product","link":"https:\/\/horticom.ee\/e-pood\/toode\/sudajas-suutera-bakopa-snowtopia-valge-sutera-cordata-m\/","title":{"rendered":"S\u00fcdajas suutera Bacopa Snowtopia White &#8211; Sutera cordata L."},"content":{"rendered":"<p>S\u00fcdajas suutera (bacopa) Snowtopia on \u00fcheaastane amplitaim. P\u00e4ikeselembeline v\u00e4ikese\u00f5ieline kultuur. Suurep\u00e4rane pinnakatte ja amplitaim. Pakub h\u00e4id kombinatsioone teiste ripp- v\u00f5i pinnakatte taimedega. \u00d5itseb rikkalikult ja kaua kuni s\u00fcgiseste \u00f6\u00f6k\u00fclmadeni.<\/p>\n","protected":false},"excerpt":{"rendered":"<p>S\u00fcdajas suutera (bacopa) Snowtopia on \u00fcheaastane amplitaim. P\u00e4ikeselembeline v\u00e4ikese\u00f5ieline kultuur. Suurep\u00e4rane pinnakatte ja amplitaim. Pakub h\u00e4id kombinatsioone teiste ripp- v\u00f5i pinnakatte taimedega. \u00d5itseb rikkalikult ja kaua kuni s\u00fcgiseste \u00f6\u00f6k\u00fclmadeni.<\/p>\n","protected":false},"featured_media":172243,"comment_status":"closed","ping_status":"closed","template":"","meta":{"_themeisle_gutenberg_block_has_review":false},"product_cat":[18322],"product_tag":[],"class_list":{"0":"post-153168","1":"product","2":"type-product","3":"status-publish","4":"has-post-thumbnail","6":"product_cat-bacopa-lilleseemned","8":"first","9":"instock","10":"shipping-taxable","11":"purchasable","12":"product-type-simple"},"yoast_head":"<!-- This site is optimized with the Yoast SEO plugin v24.0 - https:\/\/yoast.com\/wordpress\/plugins\/seo\/ -->\n<title>S\u00fcdajas suutera Bacopa Snowtopia White - Sutera cordata L.<\/title>\n<meta name=\"description\" content=\"S\u00fcdajas suutera Bacopa Snowtopia White \u2013 V\u00e4ikeste \u00f5itega p\u00e4ikeselembeline amplitaim. Sobib h\u00e4sti amplitesse ja pinnakatteks. \u00d5itseb suve l\u00f5puni.\" \/>\n<meta name=\"robots\" content=\"index, follow, max-snippet:-1, max-image-preview:large, max-video-preview:-1\" \/>\n<link rel=\"canonical\" href=\"https:\/\/horticom.ee\/e-pood\/toode\/sudajas-suutera-bakopa-snowtopia-valge-sutera-cordata-m\/\" \/>\n<meta property=\"og:locale\" content=\"et_EE\" \/>\n<meta property=\"og:type\" content=\"article\" \/>\n<meta property=\"og:title\" content=\"S\u00fcdajas suutera Bacopa Snowtopia White - Sutera cordata L.\" \/>\n<meta property=\"og:description\" content=\"S\u00fcdajas suutera Bacopa Snowtopia White \u2013 V\u00e4ikeste \u00f5itega p\u00e4ikeselembeline amplitaim. Sobib h\u00e4sti amplitesse ja pinnakatteks. \u00d5itseb suve l\u00f5puni.\" \/>\n<meta property=\"og:url\" content=\"https:\/\/horticom.ee\/e-pood\/toode\/sudajas-suutera-bakopa-snowtopia-valge-sutera-cordata-m\/\" \/>\n<meta property=\"og:site_name\" content=\"Horticom.ee\" \/>\n<meta property=\"article:publisher\" content=\"https:\/\/www.facebook.com\/horticom.ee\/e-pood\" \/>\n<meta property=\"article:modified_time\" content=\"2026-04-24T00:07:52+00:00\" \/>\n<meta property=\"og:image\" content=\"https:\/\/horticom.ee\/e-pood\/wp-content\/uploads\/importedmedia\/product-153168_0-L4004.jpg\" \/>\n\t<meta property=\"og:image:width\" content=\"1000\" \/>\n\t<meta property=\"og:image:height\" content=\"1761\" \/>\n\t<meta property=\"og:image:type\" content=\"image\/jpeg\" \/>\n<meta name=\"twitter:card\" content=\"summary_large_image\" \/>\n<script type=\"application\/ld+json\" class=\"yoast-schema-graph\">{\"@context\":\"https:\/\/schema.org\",\"@graph\":[{\"@type\":\"WebPage\",\"@id\":\"https:\/\/horticom.ee\/e-pood\/toode\/sudajas-suutera-bakopa-snowtopia-valge-sutera-cordata-m\/\",\"url\":\"https:\/\/horticom.ee\/e-pood\/toode\/sudajas-suutera-bakopa-snowtopia-valge-sutera-cordata-m\/\",\"name\":\"S\u00fcdajas suutera Bacopa Snowtopia White - Sutera cordata L.\",\"isPartOf\":{\"@id\":\"https:\/\/horticom.ee\/e-pood\/#website\"},\"primaryImageOfPage\":{\"@id\":\"https:\/\/horticom.ee\/e-pood\/toode\/sudajas-suutera-bakopa-snowtopia-valge-sutera-cordata-m\/#primaryimage\"},\"image\":{\"@id\":\"https:\/\/horticom.ee\/e-pood\/toode\/sudajas-suutera-bakopa-snowtopia-valge-sutera-cordata-m\/#primaryimage\"},\"thumbnailUrl\":\"https:\/\/horticom.ee\/e-pood\/wp-content\/uploads\/importedmedia\/product-153168_0-L4004.jpg\",\"datePublished\":\"2022-01-17T14:03:18+00:00\",\"dateModified\":\"2026-04-24T00:07:52+00:00\",\"description\":\"S\u00fcdajas suutera Bacopa Snowtopia White \u2013 V\u00e4ikeste \u00f5itega p\u00e4ikeselembeline amplitaim. Sobib h\u00e4sti amplitesse ja pinnakatteks. \u00d5itseb suve l\u00f5puni.\",\"breadcrumb\":{\"@id\":\"https:\/\/horticom.ee\/e-pood\/toode\/sudajas-suutera-bakopa-snowtopia-valge-sutera-cordata-m\/#breadcrumb\"},\"inLanguage\":\"et\",\"potentialAction\":[{\"@type\":\"ReadAction\",\"target\":[\"https:\/\/horticom.ee\/e-pood\/toode\/sudajas-suutera-bakopa-snowtopia-valge-sutera-cordata-m\/\"]}]},{\"@type\":\"ImageObject\",\"inLanguage\":\"et\",\"@id\":\"https:\/\/horticom.ee\/e-pood\/toode\/sudajas-suutera-bakopa-snowtopia-valge-sutera-cordata-m\/#primaryimage\",\"url\":\"https:\/\/horticom.ee\/e-pood\/wp-content\/uploads\/importedmedia\/product-153168_0-L4004.jpg\",\"contentUrl\":\"https:\/\/horticom.ee\/e-pood\/wp-content\/uploads\/importedmedia\/product-153168_0-L4004.jpg\",\"width\":1000,\"height\":1761,\"caption\":\"S\u00fcdajas suutera Bacopa Snowtopia White - Sutera cordata L.\"},{\"@type\":\"BreadcrumbList\",\"@id\":\"https:\/\/horticom.ee\/e-pood\/toode\/sudajas-suutera-bakopa-snowtopia-valge-sutera-cordata-m\/#breadcrumb\",\"itemListElement\":[{\"@type\":\"ListItem\",\"position\":1,\"name\":\"Home\",\"item\":\"https:\/\/horticom.ee\/e-pood\/\"},{\"@type\":\"ListItem\",\"position\":2,\"name\":\"Pood\",\"item\":\"https:\/\/horticom.ee\/e-pood\/pood\/\"},{\"@type\":\"ListItem\",\"position\":3,\"name\":\"S\u00fcdajas suutera Bacopa Snowtopia White &#8211; Sutera cordata L.\"}]},{\"@type\":\"WebSite\",\"@id\":\"https:\/\/horticom.ee\/e-pood\/#website\",\"url\":\"https:\/\/horticom.ee\/e-pood\/\",\"name\":\"Horticom.ee\",\"description\":\"Aianduskaubad ja kodukaubad nii harrastajatele kui professionaalidele\",\"potentialAction\":[{\"@type\":\"SearchAction\",\"target\":{\"@type\":\"EntryPoint\",\"urlTemplate\":\"https:\/\/horticom.ee\/e-pood\/?s={search_term_string}\"},\"query-input\":{\"@type\":\"PropertyValueSpecification\",\"valueRequired\":true,\"valueName\":\"search_term_string\"}}],\"inLanguage\":\"et\"}]}<\/script>\n<!-- \/ Yoast SEO plugin. -->","yoast_head_json":{"title":"S\u00fcdajas suutera Bacopa Snowtopia White - Sutera cordata L.","description":"S\u00fcdajas suutera Bacopa Snowtopia White \u2013 V\u00e4ikeste \u00f5itega p\u00e4ikeselembeline amplitaim. Sobib h\u00e4sti amplitesse ja pinnakatteks. \u00d5itseb suve l\u00f5puni.","robots":{"index":"index","follow":"follow","max-snippet":"max-snippet:-1","max-image-preview":"max-image-preview:large","max-video-preview":"max-video-preview:-1"},"canonical":"https:\/\/horticom.ee\/e-pood\/toode\/sudajas-suutera-bakopa-snowtopia-valge-sutera-cordata-m\/","og_locale":"et_EE","og_type":"article","og_title":"S\u00fcdajas suutera Bacopa Snowtopia White - Sutera cordata L.","og_description":"S\u00fcdajas suutera Bacopa Snowtopia White \u2013 V\u00e4ikeste \u00f5itega p\u00e4ikeselembeline amplitaim. Sobib h\u00e4sti amplitesse ja pinnakatteks. \u00d5itseb suve l\u00f5puni.","og_url":"https:\/\/horticom.ee\/e-pood\/toode\/sudajas-suutera-bakopa-snowtopia-valge-sutera-cordata-m\/","og_site_name":"Horticom.ee","article_publisher":"https:\/\/www.facebook.com\/horticom.ee\/e-pood","article_modified_time":"2026-04-24T00:07:52+00:00","og_image":[{"width":1000,"height":1761,"url":"https:\/\/horticom.ee\/e-pood\/wp-content\/uploads\/importedmedia\/product-153168_0-L4004.jpg","type":"image\/jpeg"}],"twitter_card":"summary_large_image","schema":{"@context":"https:\/\/schema.org","@graph":[{"@type":"WebPage","@id":"https:\/\/horticom.ee\/e-pood\/toode\/sudajas-suutera-bakopa-snowtopia-valge-sutera-cordata-m\/","url":"https:\/\/horticom.ee\/e-pood\/toode\/sudajas-suutera-bakopa-snowtopia-valge-sutera-cordata-m\/","name":"S\u00fcdajas suutera Bacopa Snowtopia White - Sutera cordata L.","isPartOf":{"@id":"https:\/\/horticom.ee\/e-pood\/#website"},"primaryImageOfPage":{"@id":"https:\/\/horticom.ee\/e-pood\/toode\/sudajas-suutera-bakopa-snowtopia-valge-sutera-cordata-m\/#primaryimage"},"image":{"@id":"https:\/\/horticom.ee\/e-pood\/toode\/sudajas-suutera-bakopa-snowtopia-valge-sutera-cordata-m\/#primaryimage"},"thumbnailUrl":"https:\/\/horticom.ee\/e-pood\/wp-content\/uploads\/importedmedia\/product-153168_0-L4004.jpg","datePublished":"2022-01-17T14:03:18+00:00","dateModified":"2026-04-24T00:07:52+00:00","description":"S\u00fcdajas suutera Bacopa Snowtopia White \u2013 V\u00e4ikeste \u00f5itega p\u00e4ikeselembeline amplitaim. Sobib h\u00e4sti amplitesse ja pinnakatteks. \u00d5itseb suve l\u00f5puni.","breadcrumb":{"@id":"https:\/\/horticom.ee\/e-pood\/toode\/sudajas-suutera-bakopa-snowtopia-valge-sutera-cordata-m\/#breadcrumb"},"inLanguage":"et","potentialAction":[{"@type":"ReadAction","target":["https:\/\/horticom.ee\/e-pood\/toode\/sudajas-suutera-bakopa-snowtopia-valge-sutera-cordata-m\/"]}]},{"@type":"ImageObject","inLanguage":"et","@id":"https:\/\/horticom.ee\/e-pood\/toode\/sudajas-suutera-bakopa-snowtopia-valge-sutera-cordata-m\/#primaryimage","url":"https:\/\/horticom.ee\/e-pood\/wp-content\/uploads\/importedmedia\/product-153168_0-L4004.jpg","contentUrl":"https:\/\/horticom.ee\/e-pood\/wp-content\/uploads\/importedmedia\/product-153168_0-L4004.jpg","width":1000,"height":1761,"caption":"S\u00fcdajas suutera Bacopa Snowtopia White - Sutera cordata L."},{"@type":"BreadcrumbList","@id":"https:\/\/horticom.ee\/e-pood\/toode\/sudajas-suutera-bakopa-snowtopia-valge-sutera-cordata-m\/#breadcrumb","itemListElement":[{"@type":"ListItem","position":1,"name":"Home","item":"https:\/\/horticom.ee\/e-pood\/"},{"@type":"ListItem","position":2,"name":"Pood","item":"https:\/\/horticom.ee\/e-pood\/pood\/"},{"@type":"ListItem","position":3,"name":"S\u00fcdajas suutera Bacopa Snowtopia White &#8211; Sutera cordata L."}]},{"@type":"WebSite","@id":"https:\/\/horticom.ee\/e-pood\/#website","url":"https:\/\/horticom.ee\/e-pood\/","name":"Horticom.ee","description":"Aianduskaubad ja kodukaubad nii harrastajatele kui professionaalidele","potentialAction":[{"@type":"SearchAction","target":{"@type":"EntryPoint","urlTemplate":"https:\/\/horticom.ee\/e-pood\/?s={search_term_string}"},"query-input":{"@type":"PropertyValueSpecification","valueRequired":true,"valueName":"search_term_string"}}],"inLanguage":"et"}]}},"_links":{"self":[{"href":"https:\/\/horticom.ee\/e-pood\/wp-json\/wp\/v2\/product\/153168","targetHints":{"allow":["GET"]}}],"collection":[{"href":"https:\/\/horticom.ee\/e-pood\/wp-json\/wp\/v2\/product"}],"about":[{"href":"https:\/\/horticom.ee\/e-pood\/wp-json\/wp\/v2\/types\/product"}],"replies":[{"embeddable":true,"href":"https:\/\/horticom.ee\/e-pood\/wp-json\/wp\/v2\/comments?post=153168"}],"wp:featuredmedia":[{"embeddable":true,"href":"https:\/\/horticom.ee\/e-pood\/wp-json\/wp\/v2\/media\/172243"}],"wp:attachment":[{"href":"https:\/\/horticom.ee\/e-pood\/wp-json\/wp\/v2\/media?parent=153168"}],"wp:term":[{"taxonomy":"product_cat","embeddable":true,"href":"https:\/\/horticom.ee\/e-pood\/wp-json\/wp\/v2\/product_cat?post=153168"},{"taxonomy":"product_tag","embeddable":true,"href":"https:\/\/horticom.ee\/e-pood\/wp-json\/wp\/v2\/product_tag?post=153168"}],"curies":[{"name":"wp","href":"https:\/\/api.w.org\/{rel}","templated":true}]}}