{"id":153187,"date":"2022-01-17T16:03:31","date_gmt":"2022-01-17T14:03:31","guid":{"rendered":"https:\/\/aednik24.ee\/toode\/tiivuline-tunbergia-thunbergia-alata-bojer-exsims-b\/"},"modified":"2026-05-03T03:07:19","modified_gmt":"2026-05-03T00:07:19","slug":"tiivuline-tunbergia-thunbergia-alata-bojer-exsims-b","status":"publish","type":"product","link":"https:\/\/horticom.ee\/e-pood\/toode\/tiivuline-tunbergia-thunbergia-alata-bojer-exsims-b\/","title":{"rendered":"Tiivuline tunbergia Black Eyed-Susan- Thunbergia alata Bojer ex Sims"},"content":{"rendered":"<p>Tiivuline tunbergia on suvelill. Kasvatatakse avamaal v\u00f5i toataimena. Taime kasvud on 2-3m, \u00f5ied 3-4cm. Kasvukoht peaks olema p\u00e4ikseline. Enne \u00f6\u00f6k\u00fclmi tuleks t\u00f5sta \u00f5uest tuppa, j\u00e4tkab \u00f5itsemist.<\/p>\n","protected":false},"excerpt":{"rendered":"<p>Tiivuline tunbergia on suvelill. Kasvatatakse avamaal v\u00f5i toataimena. Taime kasvud on 2-3m, \u00f5ied 3-4cm. Kasvukoht peaks olema p\u00e4ikseline. Enne \u00f6\u00f6k\u00fclmi tuleks t\u00f5sta \u00f5uest tuppa, j\u00e4tkab \u00f5itsemist.<\/p>\n","protected":false},"featured_media":171438,"comment_status":"closed","ping_status":"closed","template":"","meta":{"_themeisle_gutenberg_block_has_review":false},"product_cat":[13504],"product_tag":[],"class_list":{"0":"post-153187","1":"product","2":"type-product","3":"status-publish","4":"has-post-thumbnail","6":"product_cat-ronilill","8":"first","9":"instock","10":"shipping-taxable","11":"purchasable","12":"product-type-simple"},"yoast_head":"<!-- This site is optimized with the Yoast SEO plugin v24.0 - https:\/\/yoast.com\/wordpress\/plugins\/seo\/ -->\n<title>Tiivuline tunbergia Black Eyed-Susan<\/title>\n<meta name=\"description\" content=\"Tiivuline tunbergia Black Eyed-Susan \u2013 Suvelill, millel on kuni 3m k\u00f5rgused ronivarred. \u00d5itseb kogu suve ja sobib kasvatamiseks toas ja \u00f5ues.\" \/>\n<meta name=\"robots\" content=\"index, follow, max-snippet:-1, max-image-preview:large, max-video-preview:-1\" \/>\n<link rel=\"canonical\" href=\"https:\/\/horticom.ee\/e-pood\/toode\/tiivuline-tunbergia-thunbergia-alata-bojer-exsims-b\/\" \/>\n<meta property=\"og:locale\" content=\"et_EE\" \/>\n<meta property=\"og:type\" content=\"article\" \/>\n<meta property=\"og:title\" content=\"Tiivuline tunbergia Black Eyed-Susan\" \/>\n<meta property=\"og:description\" content=\"Tiivuline tunbergia Black Eyed-Susan \u2013 Suvelill, millel on kuni 3m k\u00f5rgused ronivarred. \u00d5itseb kogu suve ja sobib kasvatamiseks toas ja \u00f5ues.\" \/>\n<meta property=\"og:url\" content=\"https:\/\/horticom.ee\/e-pood\/toode\/tiivuline-tunbergia-thunbergia-alata-bojer-exsims-b\/\" \/>\n<meta property=\"og:site_name\" content=\"Horticom.ee\" \/>\n<meta property=\"article:publisher\" content=\"https:\/\/www.facebook.com\/horticom.ee\/e-pood\" \/>\n<meta property=\"article:modified_time\" content=\"2026-05-03T00:07:19+00:00\" \/>\n<meta property=\"og:image\" content=\"https:\/\/horticom.ee\/e-pood\/wp-content\/uploads\/importedmedia\/product-153187_0-L9205.jpg\" \/>\n\t<meta property=\"og:image:width\" content=\"1000\" \/>\n\t<meta property=\"og:image:height\" content=\"1754\" \/>\n\t<meta property=\"og:image:type\" content=\"image\/jpeg\" \/>\n<meta name=\"twitter:card\" content=\"summary_large_image\" \/>\n<script type=\"application\/ld+json\" class=\"yoast-schema-graph\">{\"@context\":\"https:\/\/schema.org\",\"@graph\":[{\"@type\":\"WebPage\",\"@id\":\"https:\/\/horticom.ee\/e-pood\/toode\/tiivuline-tunbergia-thunbergia-alata-bojer-exsims-b\/\",\"url\":\"https:\/\/horticom.ee\/e-pood\/toode\/tiivuline-tunbergia-thunbergia-alata-bojer-exsims-b\/\",\"name\":\"Tiivuline tunbergia Black Eyed-Susan\",\"isPartOf\":{\"@id\":\"https:\/\/horticom.ee\/e-pood\/#website\"},\"primaryImageOfPage\":{\"@id\":\"https:\/\/horticom.ee\/e-pood\/toode\/tiivuline-tunbergia-thunbergia-alata-bojer-exsims-b\/#primaryimage\"},\"image\":{\"@id\":\"https:\/\/horticom.ee\/e-pood\/toode\/tiivuline-tunbergia-thunbergia-alata-bojer-exsims-b\/#primaryimage\"},\"thumbnailUrl\":\"https:\/\/horticom.ee\/e-pood\/wp-content\/uploads\/importedmedia\/product-153187_0-L9205.jpg\",\"datePublished\":\"2022-01-17T14:03:31+00:00\",\"dateModified\":\"2026-05-03T00:07:19+00:00\",\"description\":\"Tiivuline tunbergia Black Eyed-Susan \u2013 Suvelill, millel on kuni 3m k\u00f5rgused ronivarred. \u00d5itseb kogu suve ja sobib kasvatamiseks toas ja \u00f5ues.\",\"breadcrumb\":{\"@id\":\"https:\/\/horticom.ee\/e-pood\/toode\/tiivuline-tunbergia-thunbergia-alata-bojer-exsims-b\/#breadcrumb\"},\"inLanguage\":\"et\",\"potentialAction\":[{\"@type\":\"ReadAction\",\"target\":[\"https:\/\/horticom.ee\/e-pood\/toode\/tiivuline-tunbergia-thunbergia-alata-bojer-exsims-b\/\"]}]},{\"@type\":\"ImageObject\",\"inLanguage\":\"et\",\"@id\":\"https:\/\/horticom.ee\/e-pood\/toode\/tiivuline-tunbergia-thunbergia-alata-bojer-exsims-b\/#primaryimage\",\"url\":\"https:\/\/horticom.ee\/e-pood\/wp-content\/uploads\/importedmedia\/product-153187_0-L9205.jpg\",\"contentUrl\":\"https:\/\/horticom.ee\/e-pood\/wp-content\/uploads\/importedmedia\/product-153187_0-L9205.jpg\",\"width\":1000,\"height\":1754,\"caption\":\"Tiivuline tunbergia Black Eyed-Susan- Thunbergia alata Bojer ex Sims\"},{\"@type\":\"BreadcrumbList\",\"@id\":\"https:\/\/horticom.ee\/e-pood\/toode\/tiivuline-tunbergia-thunbergia-alata-bojer-exsims-b\/#breadcrumb\",\"itemListElement\":[{\"@type\":\"ListItem\",\"position\":1,\"name\":\"Home\",\"item\":\"https:\/\/horticom.ee\/e-pood\/\"},{\"@type\":\"ListItem\",\"position\":2,\"name\":\"Pood\",\"item\":\"https:\/\/horticom.ee\/e-pood\/pood\/\"},{\"@type\":\"ListItem\",\"position\":3,\"name\":\"Tiivuline tunbergia Black Eyed-Susan- Thunbergia alata Bojer ex Sims\"}]},{\"@type\":\"WebSite\",\"@id\":\"https:\/\/horticom.ee\/e-pood\/#website\",\"url\":\"https:\/\/horticom.ee\/e-pood\/\",\"name\":\"Horticom.ee\",\"description\":\"Aianduskaubad ja kodukaubad nii harrastajatele kui professionaalidele\",\"potentialAction\":[{\"@type\":\"SearchAction\",\"target\":{\"@type\":\"EntryPoint\",\"urlTemplate\":\"https:\/\/horticom.ee\/e-pood\/?s={search_term_string}\"},\"query-input\":{\"@type\":\"PropertyValueSpecification\",\"valueRequired\":true,\"valueName\":\"search_term_string\"}}],\"inLanguage\":\"et\"}]}<\/script>\n<!-- \/ Yoast SEO plugin. -->","yoast_head_json":{"title":"Tiivuline tunbergia Black Eyed-Susan","description":"Tiivuline tunbergia Black Eyed-Susan \u2013 Suvelill, millel on kuni 3m k\u00f5rgused ronivarred. \u00d5itseb kogu suve ja sobib kasvatamiseks toas ja \u00f5ues.","robots":{"index":"index","follow":"follow","max-snippet":"max-snippet:-1","max-image-preview":"max-image-preview:large","max-video-preview":"max-video-preview:-1"},"canonical":"https:\/\/horticom.ee\/e-pood\/toode\/tiivuline-tunbergia-thunbergia-alata-bojer-exsims-b\/","og_locale":"et_EE","og_type":"article","og_title":"Tiivuline tunbergia Black Eyed-Susan","og_description":"Tiivuline tunbergia Black Eyed-Susan \u2013 Suvelill, millel on kuni 3m k\u00f5rgused ronivarred. \u00d5itseb kogu suve ja sobib kasvatamiseks toas ja \u00f5ues.","og_url":"https:\/\/horticom.ee\/e-pood\/toode\/tiivuline-tunbergia-thunbergia-alata-bojer-exsims-b\/","og_site_name":"Horticom.ee","article_publisher":"https:\/\/www.facebook.com\/horticom.ee\/e-pood","article_modified_time":"2026-05-03T00:07:19+00:00","og_image":[{"width":1000,"height":1754,"url":"https:\/\/horticom.ee\/e-pood\/wp-content\/uploads\/importedmedia\/product-153187_0-L9205.jpg","type":"image\/jpeg"}],"twitter_card":"summary_large_image","schema":{"@context":"https:\/\/schema.org","@graph":[{"@type":"WebPage","@id":"https:\/\/horticom.ee\/e-pood\/toode\/tiivuline-tunbergia-thunbergia-alata-bojer-exsims-b\/","url":"https:\/\/horticom.ee\/e-pood\/toode\/tiivuline-tunbergia-thunbergia-alata-bojer-exsims-b\/","name":"Tiivuline tunbergia Black Eyed-Susan","isPartOf":{"@id":"https:\/\/horticom.ee\/e-pood\/#website"},"primaryImageOfPage":{"@id":"https:\/\/horticom.ee\/e-pood\/toode\/tiivuline-tunbergia-thunbergia-alata-bojer-exsims-b\/#primaryimage"},"image":{"@id":"https:\/\/horticom.ee\/e-pood\/toode\/tiivuline-tunbergia-thunbergia-alata-bojer-exsims-b\/#primaryimage"},"thumbnailUrl":"https:\/\/horticom.ee\/e-pood\/wp-content\/uploads\/importedmedia\/product-153187_0-L9205.jpg","datePublished":"2022-01-17T14:03:31+00:00","dateModified":"2026-05-03T00:07:19+00:00","description":"Tiivuline tunbergia Black Eyed-Susan \u2013 Suvelill, millel on kuni 3m k\u00f5rgused ronivarred. \u00d5itseb kogu suve ja sobib kasvatamiseks toas ja \u00f5ues.","breadcrumb":{"@id":"https:\/\/horticom.ee\/e-pood\/toode\/tiivuline-tunbergia-thunbergia-alata-bojer-exsims-b\/#breadcrumb"},"inLanguage":"et","potentialAction":[{"@type":"ReadAction","target":["https:\/\/horticom.ee\/e-pood\/toode\/tiivuline-tunbergia-thunbergia-alata-bojer-exsims-b\/"]}]},{"@type":"ImageObject","inLanguage":"et","@id":"https:\/\/horticom.ee\/e-pood\/toode\/tiivuline-tunbergia-thunbergia-alata-bojer-exsims-b\/#primaryimage","url":"https:\/\/horticom.ee\/e-pood\/wp-content\/uploads\/importedmedia\/product-153187_0-L9205.jpg","contentUrl":"https:\/\/horticom.ee\/e-pood\/wp-content\/uploads\/importedmedia\/product-153187_0-L9205.jpg","width":1000,"height":1754,"caption":"Tiivuline tunbergia Black Eyed-Susan- Thunbergia alata Bojer ex Sims"},{"@type":"BreadcrumbList","@id":"https:\/\/horticom.ee\/e-pood\/toode\/tiivuline-tunbergia-thunbergia-alata-bojer-exsims-b\/#breadcrumb","itemListElement":[{"@type":"ListItem","position":1,"name":"Home","item":"https:\/\/horticom.ee\/e-pood\/"},{"@type":"ListItem","position":2,"name":"Pood","item":"https:\/\/horticom.ee\/e-pood\/pood\/"},{"@type":"ListItem","position":3,"name":"Tiivuline tunbergia Black Eyed-Susan- Thunbergia alata Bojer ex Sims"}]},{"@type":"WebSite","@id":"https:\/\/horticom.ee\/e-pood\/#website","url":"https:\/\/horticom.ee\/e-pood\/","name":"Horticom.ee","description":"Aianduskaubad ja kodukaubad nii harrastajatele kui professionaalidele","potentialAction":[{"@type":"SearchAction","target":{"@type":"EntryPoint","urlTemplate":"https:\/\/horticom.ee\/e-pood\/?s={search_term_string}"},"query-input":{"@type":"PropertyValueSpecification","valueRequired":true,"valueName":"search_term_string"}}],"inLanguage":"et"}]}},"_links":{"self":[{"href":"https:\/\/horticom.ee\/e-pood\/wp-json\/wp\/v2\/product\/153187","targetHints":{"allow":["GET"]}}],"collection":[{"href":"https:\/\/horticom.ee\/e-pood\/wp-json\/wp\/v2\/product"}],"about":[{"href":"https:\/\/horticom.ee\/e-pood\/wp-json\/wp\/v2\/types\/product"}],"replies":[{"embeddable":true,"href":"https:\/\/horticom.ee\/e-pood\/wp-json\/wp\/v2\/comments?post=153187"}],"wp:featuredmedia":[{"embeddable":true,"href":"https:\/\/horticom.ee\/e-pood\/wp-json\/wp\/v2\/media\/171438"}],"wp:attachment":[{"href":"https:\/\/horticom.ee\/e-pood\/wp-json\/wp\/v2\/media?parent=153187"}],"wp:term":[{"taxonomy":"product_cat","embeddable":true,"href":"https:\/\/horticom.ee\/e-pood\/wp-json\/wp\/v2\/product_cat?post=153187"},{"taxonomy":"product_tag","embeddable":true,"href":"https:\/\/horticom.ee\/e-pood\/wp-json\/wp\/v2\/product_tag?post=153187"}],"curies":[{"name":"wp","href":"https:\/\/api.w.org\/{rel}","templated":true}]}}