{"id":153200,"date":"2022-01-17T16:03:40","date_gmt":"2022-01-17T14:03:40","guid":{"rendered":"https:\/\/aednik24.ee\/toode\/hallsalvei-blue-white-salvia-farinacea-benth-b\/"},"modified":"2026-05-08T03:05:55","modified_gmt":"2026-05-08T00:05:55","slug":"hallsalvei-blue-white-salvia-farinacea-benth-b","status":"publish","type":"product","link":"https:\/\/horticom.ee\/e-pood\/toode\/hallsalvei-blue-white-salvia-farinacea-benth-b\/","title":{"rendered":"Hallsalvei Blue &#038; White salvia farinacea Benth. B"},"content":{"rendered":"<p>Hallsalvei Blue &#038; White on \u00fcheaastane, 60 cm k\u00f5rgune, dekoratiivsete lehtede ja kahev\u00e4rviliste \u00f5itega lill. Avanemata \u00f5iepungad n\u00e4ivad tumedate lehtede foonil nagu jahuga \u00fclepuisatud lehed. 1g ligikaudu 100 seemet. Kasvatatakse lillepeenral, grupiviisiliselt murus, sobivad lillekimpudesse. Avamaale istutatakse p\u00e4rast \u00f6\u00f6k\u00fclmade m\u00f6\u00f6dumist. Paremini kasvab p\u00e4iksepaistelises kohas, parasniiskes, kohevas ja viljakas mullas. S\u00fcgisel v\u00e4ljakaevatud ja jahedas kohas.<\/p>\n","protected":false},"excerpt":{"rendered":"<p>Hallsalvei Blue &#038; White on \u00fcheaastane, 60 cm k\u00f5rgune, dekoratiivsete lehtede ja kahev\u00e4rviliste \u00f5itega lill. Avanemata \u00f5iepungad n\u00e4ivad tumedate lehtede foonil nagu jahuga \u00fclepuisatud lehed. 1g ligikaudu 100 seemet. Kasvatatakse lillepeenral, grupiviisiliselt murus, sobivad lillekimpudesse. Avamaale istutatakse p\u00e4rast \u00f6\u00f6k\u00fclmade m\u00f6\u00f6dumist. Paremini kasvab p\u00e4iksepaistelises kohas, parasniiskes, kohevas ja viljakas mullas. S\u00fcgisel v\u00e4ljakaevatud ja jahedas kohas.<\/p>\n","protected":false},"featured_media":171408,"comment_status":"closed","ping_status":"closed","template":"","meta":{"_themeisle_gutenberg_block_has_review":false},"product_cat":[18319],"product_tag":[],"class_list":{"0":"post-153200","1":"product","2":"type-product","3":"status-publish","4":"has-post-thumbnail","6":"product_cat-salvei-lilleseemned","8":"first","9":"instock","10":"shipping-taxable","11":"purchasable","12":"product-type-simple"},"yoast_head":"<!-- This site is optimized with the Yoast SEO plugin v24.0 - https:\/\/yoast.com\/wordpress\/plugins\/seo\/ -->\n<title>Hallsalvei Blue &amp; White salvia farinacea Benth. B<\/title>\n<meta name=\"description\" content=\"Hallsalvei Blue &amp; White on 60 cm k\u00f5rgune dekoratiivsete lehtede ja kahev\u00e4rviliste \u00f5itega taim. Sobib grupiviisiliseks istutamiseks.\" \/>\n<meta name=\"robots\" content=\"index, follow, max-snippet:-1, max-image-preview:large, max-video-preview:-1\" \/>\n<link rel=\"canonical\" href=\"https:\/\/horticom.ee\/e-pood\/toode\/hallsalvei-blue-white-salvia-farinacea-benth-b\/\" \/>\n<meta property=\"og:locale\" content=\"et_EE\" \/>\n<meta property=\"og:type\" content=\"article\" \/>\n<meta property=\"og:title\" content=\"Hallsalvei Blue &amp; White salvia farinacea Benth. B\" \/>\n<meta property=\"og:description\" content=\"Hallsalvei Blue &amp; White on 60 cm k\u00f5rgune dekoratiivsete lehtede ja kahev\u00e4rviliste \u00f5itega taim. Sobib grupiviisiliseks istutamiseks.\" \/>\n<meta property=\"og:url\" content=\"https:\/\/horticom.ee\/e-pood\/toode\/hallsalvei-blue-white-salvia-farinacea-benth-b\/\" \/>\n<meta property=\"og:site_name\" content=\"Horticom.ee\" \/>\n<meta property=\"article:publisher\" content=\"https:\/\/www.facebook.com\/horticom.ee\/e-pood\" \/>\n<meta property=\"article:modified_time\" content=\"2026-05-08T00:05:55+00:00\" \/>\n<meta property=\"og:image\" content=\"https:\/\/horticom.ee\/e-pood\/wp-content\/uploads\/importedmedia\/product-153200_0-L7101.jpg\" \/>\n\t<meta property=\"og:image:width\" content=\"1000\" \/>\n\t<meta property=\"og:image:height\" content=\"1577\" \/>\n\t<meta property=\"og:image:type\" content=\"image\/jpeg\" \/>\n<meta name=\"twitter:card\" content=\"summary_large_image\" \/>\n<script type=\"application\/ld+json\" class=\"yoast-schema-graph\">{\"@context\":\"https:\/\/schema.org\",\"@graph\":[{\"@type\":\"WebPage\",\"@id\":\"https:\/\/horticom.ee\/e-pood\/toode\/hallsalvei-blue-white-salvia-farinacea-benth-b\/\",\"url\":\"https:\/\/horticom.ee\/e-pood\/toode\/hallsalvei-blue-white-salvia-farinacea-benth-b\/\",\"name\":\"Hallsalvei Blue & White salvia farinacea Benth. B\",\"isPartOf\":{\"@id\":\"https:\/\/horticom.ee\/e-pood\/#website\"},\"primaryImageOfPage\":{\"@id\":\"https:\/\/horticom.ee\/e-pood\/toode\/hallsalvei-blue-white-salvia-farinacea-benth-b\/#primaryimage\"},\"image\":{\"@id\":\"https:\/\/horticom.ee\/e-pood\/toode\/hallsalvei-blue-white-salvia-farinacea-benth-b\/#primaryimage\"},\"thumbnailUrl\":\"https:\/\/horticom.ee\/e-pood\/wp-content\/uploads\/importedmedia\/product-153200_0-L7101.jpg\",\"datePublished\":\"2022-01-17T14:03:40+00:00\",\"dateModified\":\"2026-05-08T00:05:55+00:00\",\"description\":\"Hallsalvei Blue & White on 60 cm k\u00f5rgune dekoratiivsete lehtede ja kahev\u00e4rviliste \u00f5itega taim. Sobib grupiviisiliseks istutamiseks.\",\"breadcrumb\":{\"@id\":\"https:\/\/horticom.ee\/e-pood\/toode\/hallsalvei-blue-white-salvia-farinacea-benth-b\/#breadcrumb\"},\"inLanguage\":\"et\",\"potentialAction\":[{\"@type\":\"ReadAction\",\"target\":[\"https:\/\/horticom.ee\/e-pood\/toode\/hallsalvei-blue-white-salvia-farinacea-benth-b\/\"]}]},{\"@type\":\"ImageObject\",\"inLanguage\":\"et\",\"@id\":\"https:\/\/horticom.ee\/e-pood\/toode\/hallsalvei-blue-white-salvia-farinacea-benth-b\/#primaryimage\",\"url\":\"https:\/\/horticom.ee\/e-pood\/wp-content\/uploads\/importedmedia\/product-153200_0-L7101.jpg\",\"contentUrl\":\"https:\/\/horticom.ee\/e-pood\/wp-content\/uploads\/importedmedia\/product-153200_0-L7101.jpg\",\"width\":1000,\"height\":1577,\"caption\":\"Hallsalvei Blue & White salvia farinacea Benth. B\"},{\"@type\":\"BreadcrumbList\",\"@id\":\"https:\/\/horticom.ee\/e-pood\/toode\/hallsalvei-blue-white-salvia-farinacea-benth-b\/#breadcrumb\",\"itemListElement\":[{\"@type\":\"ListItem\",\"position\":1,\"name\":\"Home\",\"item\":\"https:\/\/horticom.ee\/e-pood\/\"},{\"@type\":\"ListItem\",\"position\":2,\"name\":\"Pood\",\"item\":\"https:\/\/horticom.ee\/e-pood\/pood\/\"},{\"@type\":\"ListItem\",\"position\":3,\"name\":\"Hallsalvei Blue &#038; White salvia farinacea Benth. B\"}]},{\"@type\":\"WebSite\",\"@id\":\"https:\/\/horticom.ee\/e-pood\/#website\",\"url\":\"https:\/\/horticom.ee\/e-pood\/\",\"name\":\"Horticom.ee\",\"description\":\"Aianduskaubad ja kodukaubad nii harrastajatele kui professionaalidele\",\"potentialAction\":[{\"@type\":\"SearchAction\",\"target\":{\"@type\":\"EntryPoint\",\"urlTemplate\":\"https:\/\/horticom.ee\/e-pood\/?s={search_term_string}\"},\"query-input\":{\"@type\":\"PropertyValueSpecification\",\"valueRequired\":true,\"valueName\":\"search_term_string\"}}],\"inLanguage\":\"et\"}]}<\/script>\n<!-- \/ Yoast SEO plugin. -->","yoast_head_json":{"title":"Hallsalvei Blue & White salvia farinacea Benth. B","description":"Hallsalvei Blue & White on 60 cm k\u00f5rgune dekoratiivsete lehtede ja kahev\u00e4rviliste \u00f5itega taim. Sobib grupiviisiliseks istutamiseks.","robots":{"index":"index","follow":"follow","max-snippet":"max-snippet:-1","max-image-preview":"max-image-preview:large","max-video-preview":"max-video-preview:-1"},"canonical":"https:\/\/horticom.ee\/e-pood\/toode\/hallsalvei-blue-white-salvia-farinacea-benth-b\/","og_locale":"et_EE","og_type":"article","og_title":"Hallsalvei Blue & White salvia farinacea Benth. B","og_description":"Hallsalvei Blue & White on 60 cm k\u00f5rgune dekoratiivsete lehtede ja kahev\u00e4rviliste \u00f5itega taim. Sobib grupiviisiliseks istutamiseks.","og_url":"https:\/\/horticom.ee\/e-pood\/toode\/hallsalvei-blue-white-salvia-farinacea-benth-b\/","og_site_name":"Horticom.ee","article_publisher":"https:\/\/www.facebook.com\/horticom.ee\/e-pood","article_modified_time":"2026-05-08T00:05:55+00:00","og_image":[{"width":1000,"height":1577,"url":"https:\/\/horticom.ee\/e-pood\/wp-content\/uploads\/importedmedia\/product-153200_0-L7101.jpg","type":"image\/jpeg"}],"twitter_card":"summary_large_image","schema":{"@context":"https:\/\/schema.org","@graph":[{"@type":"WebPage","@id":"https:\/\/horticom.ee\/e-pood\/toode\/hallsalvei-blue-white-salvia-farinacea-benth-b\/","url":"https:\/\/horticom.ee\/e-pood\/toode\/hallsalvei-blue-white-salvia-farinacea-benth-b\/","name":"Hallsalvei Blue & White salvia farinacea Benth. B","isPartOf":{"@id":"https:\/\/horticom.ee\/e-pood\/#website"},"primaryImageOfPage":{"@id":"https:\/\/horticom.ee\/e-pood\/toode\/hallsalvei-blue-white-salvia-farinacea-benth-b\/#primaryimage"},"image":{"@id":"https:\/\/horticom.ee\/e-pood\/toode\/hallsalvei-blue-white-salvia-farinacea-benth-b\/#primaryimage"},"thumbnailUrl":"https:\/\/horticom.ee\/e-pood\/wp-content\/uploads\/importedmedia\/product-153200_0-L7101.jpg","datePublished":"2022-01-17T14:03:40+00:00","dateModified":"2026-05-08T00:05:55+00:00","description":"Hallsalvei Blue & White on 60 cm k\u00f5rgune dekoratiivsete lehtede ja kahev\u00e4rviliste \u00f5itega taim. Sobib grupiviisiliseks istutamiseks.","breadcrumb":{"@id":"https:\/\/horticom.ee\/e-pood\/toode\/hallsalvei-blue-white-salvia-farinacea-benth-b\/#breadcrumb"},"inLanguage":"et","potentialAction":[{"@type":"ReadAction","target":["https:\/\/horticom.ee\/e-pood\/toode\/hallsalvei-blue-white-salvia-farinacea-benth-b\/"]}]},{"@type":"ImageObject","inLanguage":"et","@id":"https:\/\/horticom.ee\/e-pood\/toode\/hallsalvei-blue-white-salvia-farinacea-benth-b\/#primaryimage","url":"https:\/\/horticom.ee\/e-pood\/wp-content\/uploads\/importedmedia\/product-153200_0-L7101.jpg","contentUrl":"https:\/\/horticom.ee\/e-pood\/wp-content\/uploads\/importedmedia\/product-153200_0-L7101.jpg","width":1000,"height":1577,"caption":"Hallsalvei Blue & White salvia farinacea Benth. B"},{"@type":"BreadcrumbList","@id":"https:\/\/horticom.ee\/e-pood\/toode\/hallsalvei-blue-white-salvia-farinacea-benth-b\/#breadcrumb","itemListElement":[{"@type":"ListItem","position":1,"name":"Home","item":"https:\/\/horticom.ee\/e-pood\/"},{"@type":"ListItem","position":2,"name":"Pood","item":"https:\/\/horticom.ee\/e-pood\/pood\/"},{"@type":"ListItem","position":3,"name":"Hallsalvei Blue &#038; White salvia farinacea Benth. B"}]},{"@type":"WebSite","@id":"https:\/\/horticom.ee\/e-pood\/#website","url":"https:\/\/horticom.ee\/e-pood\/","name":"Horticom.ee","description":"Aianduskaubad ja kodukaubad nii harrastajatele kui professionaalidele","potentialAction":[{"@type":"SearchAction","target":{"@type":"EntryPoint","urlTemplate":"https:\/\/horticom.ee\/e-pood\/?s={search_term_string}"},"query-input":{"@type":"PropertyValueSpecification","valueRequired":true,"valueName":"search_term_string"}}],"inLanguage":"et"}]}},"_links":{"self":[{"href":"https:\/\/horticom.ee\/e-pood\/wp-json\/wp\/v2\/product\/153200","targetHints":{"allow":["GET"]}}],"collection":[{"href":"https:\/\/horticom.ee\/e-pood\/wp-json\/wp\/v2\/product"}],"about":[{"href":"https:\/\/horticom.ee\/e-pood\/wp-json\/wp\/v2\/types\/product"}],"replies":[{"embeddable":true,"href":"https:\/\/horticom.ee\/e-pood\/wp-json\/wp\/v2\/comments?post=153200"}],"wp:featuredmedia":[{"embeddable":true,"href":"https:\/\/horticom.ee\/e-pood\/wp-json\/wp\/v2\/media\/171408"}],"wp:attachment":[{"href":"https:\/\/horticom.ee\/e-pood\/wp-json\/wp\/v2\/media?parent=153200"}],"wp:term":[{"taxonomy":"product_cat","embeddable":true,"href":"https:\/\/horticom.ee\/e-pood\/wp-json\/wp\/v2\/product_cat?post=153200"},{"taxonomy":"product_tag","embeddable":true,"href":"https:\/\/horticom.ee\/e-pood\/wp-json\/wp\/v2\/product_tag?post=153200"}],"curies":[{"name":"wp","href":"https:\/\/api.w.org\/{rel}","templated":true}]}}