{"id":153202,"date":"2022-01-17T16:03:41","date_gmt":"2022-01-17T14:03:41","guid":{"rendered":"https:\/\/aednik24.ee\/toode\/harilik-kaksikkannus-pink-queen-diascia-barberae-b\/"},"modified":"2026-05-02T03:05:59","modified_gmt":"2026-05-02T00:05:59","slug":"harilik-kaksikkannus-pink-queen-diascia-barberae-b","status":"publish","type":"product","link":"https:\/\/horticom.ee\/e-pood\/toode\/harilik-kaksikkannus-pink-queen-diascia-barberae-b\/","title":{"rendered":"Harilik kaksikkannus Twinspur Pink Queen &#8211; Diascia barbarea"},"content":{"rendered":"<p>Harilik kaksikkannus Pink Queen on \u00fcheaastane taim. Rippuv kuni 25cm, \u00f5itseb rikkalikult, \u00f5ied v\u00e4ikesed, aga neid on taimel rohkesti, meeldib kasvada p\u00e4ikesepaistelisel tuulte eest kaitstud soojal kasvukohal.  Kasvuks sobib viljakas kergem muld. 4500tk\/g<\/p>\n","protected":false},"excerpt":{"rendered":"<p>Harilik kaksikkannus Pink Queen on \u00fcheaastane taim. Rippuv kuni 25cm, \u00f5itseb rikkalikult, \u00f5ied v\u00e4ikesed, aga neid on taimel rohkesti, meeldib kasvada p\u00e4ikesepaistelisel tuulte eest kaitstud soojal kasvukohal. Kasvuks sobib viljakas kergem muld. 4500tk\/g<\/p>\n","protected":false},"featured_media":171406,"comment_status":"closed","ping_status":"closed","template":"","meta":{"_themeisle_gutenberg_block_has_review":false},"product_cat":[13513],"product_tag":[],"class_list":{"0":"post-153202","1":"product","2":"type-product","3":"status-publish","4":"has-post-thumbnail","6":"product_cat-muud-uheaastased-lilleseemned","8":"first","9":"outofstock","10":"shipping-taxable","11":"purchasable","12":"product-type-simple"},"yoast_head":"<!-- This site is optimized with the Yoast SEO plugin v24.0 - https:\/\/yoast.com\/wordpress\/plugins\/seo\/ -->\n<title>Harilik kaksikkannus Twinspur Pink Queen<\/title>\n<meta name=\"description\" content=\"Harilik kaksikkannus Pink Queen on rippuv, 25 cm k\u00f5rgune taim. Rikkalikult \u00f5itsev, sobib p\u00e4ikesepaistelisse ja tuulte eest kaitstud kohta viljakal mullal.\" \/>\n<meta name=\"robots\" content=\"index, follow, max-snippet:-1, max-image-preview:large, max-video-preview:-1\" \/>\n<link rel=\"canonical\" href=\"https:\/\/horticom.ee\/e-pood\/toode\/harilik-kaksikkannus-pink-queen-diascia-barberae-b\/\" \/>\n<meta property=\"og:locale\" content=\"et_EE\" \/>\n<meta property=\"og:type\" content=\"article\" \/>\n<meta property=\"og:title\" content=\"Harilik kaksikkannus Twinspur Pink Queen\" \/>\n<meta property=\"og:description\" content=\"Harilik kaksikkannus Pink Queen on rippuv, 25 cm k\u00f5rgune taim. Rikkalikult \u00f5itsev, sobib p\u00e4ikesepaistelisse ja tuulte eest kaitstud kohta viljakal mullal.\" \/>\n<meta property=\"og:url\" content=\"https:\/\/horticom.ee\/e-pood\/toode\/harilik-kaksikkannus-pink-queen-diascia-barberae-b\/\" \/>\n<meta property=\"og:site_name\" content=\"Horticom.ee\" \/>\n<meta property=\"article:publisher\" content=\"https:\/\/www.facebook.com\/horticom.ee\/e-pood\" \/>\n<meta property=\"article:modified_time\" content=\"2026-05-02T00:05:59+00:00\" \/>\n<meta property=\"og:image\" content=\"https:\/\/horticom.ee\/e-pood\/wp-content\/uploads\/importedmedia\/product-153202_0-L9209.jpg\" \/>\n\t<meta property=\"og:image:width\" content=\"1000\" \/>\n\t<meta property=\"og:image:height\" content=\"1757\" \/>\n\t<meta property=\"og:image:type\" content=\"image\/jpeg\" \/>\n<meta name=\"twitter:card\" content=\"summary_large_image\" \/>\n<script type=\"application\/ld+json\" class=\"yoast-schema-graph\">{\"@context\":\"https:\/\/schema.org\",\"@graph\":[{\"@type\":\"WebPage\",\"@id\":\"https:\/\/horticom.ee\/e-pood\/toode\/harilik-kaksikkannus-pink-queen-diascia-barberae-b\/\",\"url\":\"https:\/\/horticom.ee\/e-pood\/toode\/harilik-kaksikkannus-pink-queen-diascia-barberae-b\/\",\"name\":\"Harilik kaksikkannus Twinspur Pink Queen\",\"isPartOf\":{\"@id\":\"https:\/\/horticom.ee\/e-pood\/#website\"},\"primaryImageOfPage\":{\"@id\":\"https:\/\/horticom.ee\/e-pood\/toode\/harilik-kaksikkannus-pink-queen-diascia-barberae-b\/#primaryimage\"},\"image\":{\"@id\":\"https:\/\/horticom.ee\/e-pood\/toode\/harilik-kaksikkannus-pink-queen-diascia-barberae-b\/#primaryimage\"},\"thumbnailUrl\":\"https:\/\/horticom.ee\/e-pood\/wp-content\/uploads\/importedmedia\/product-153202_0-L9209.jpg\",\"datePublished\":\"2022-01-17T14:03:41+00:00\",\"dateModified\":\"2026-05-02T00:05:59+00:00\",\"description\":\"Harilik kaksikkannus Pink Queen on rippuv, 25 cm k\u00f5rgune taim. Rikkalikult \u00f5itsev, sobib p\u00e4ikesepaistelisse ja tuulte eest kaitstud kohta viljakal mullal.\",\"breadcrumb\":{\"@id\":\"https:\/\/horticom.ee\/e-pood\/toode\/harilik-kaksikkannus-pink-queen-diascia-barberae-b\/#breadcrumb\"},\"inLanguage\":\"et\",\"potentialAction\":[{\"@type\":\"ReadAction\",\"target\":[\"https:\/\/horticom.ee\/e-pood\/toode\/harilik-kaksikkannus-pink-queen-diascia-barberae-b\/\"]}]},{\"@type\":\"ImageObject\",\"inLanguage\":\"et\",\"@id\":\"https:\/\/horticom.ee\/e-pood\/toode\/harilik-kaksikkannus-pink-queen-diascia-barberae-b\/#primaryimage\",\"url\":\"https:\/\/horticom.ee\/e-pood\/wp-content\/uploads\/importedmedia\/product-153202_0-L9209.jpg\",\"contentUrl\":\"https:\/\/horticom.ee\/e-pood\/wp-content\/uploads\/importedmedia\/product-153202_0-L9209.jpg\",\"width\":1000,\"height\":1757,\"caption\":\"Harilik kaksikkannus Twinspur Pink Queen - Diascia barbarea\"},{\"@type\":\"BreadcrumbList\",\"@id\":\"https:\/\/horticom.ee\/e-pood\/toode\/harilik-kaksikkannus-pink-queen-diascia-barberae-b\/#breadcrumb\",\"itemListElement\":[{\"@type\":\"ListItem\",\"position\":1,\"name\":\"Home\",\"item\":\"https:\/\/horticom.ee\/e-pood\/\"},{\"@type\":\"ListItem\",\"position\":2,\"name\":\"Pood\",\"item\":\"https:\/\/horticom.ee\/e-pood\/pood\/\"},{\"@type\":\"ListItem\",\"position\":3,\"name\":\"Harilik kaksikkannus Twinspur Pink Queen &#8211; Diascia barbarea\"}]},{\"@type\":\"WebSite\",\"@id\":\"https:\/\/horticom.ee\/e-pood\/#website\",\"url\":\"https:\/\/horticom.ee\/e-pood\/\",\"name\":\"Horticom.ee\",\"description\":\"Aianduskaubad ja kodukaubad nii harrastajatele kui professionaalidele\",\"potentialAction\":[{\"@type\":\"SearchAction\",\"target\":{\"@type\":\"EntryPoint\",\"urlTemplate\":\"https:\/\/horticom.ee\/e-pood\/?s={search_term_string}\"},\"query-input\":{\"@type\":\"PropertyValueSpecification\",\"valueRequired\":true,\"valueName\":\"search_term_string\"}}],\"inLanguage\":\"et\"}]}<\/script>\n<!-- \/ Yoast SEO plugin. -->","yoast_head_json":{"title":"Harilik kaksikkannus Twinspur Pink Queen","description":"Harilik kaksikkannus Pink Queen on rippuv, 25 cm k\u00f5rgune taim. Rikkalikult \u00f5itsev, sobib p\u00e4ikesepaistelisse ja tuulte eest kaitstud kohta viljakal mullal.","robots":{"index":"index","follow":"follow","max-snippet":"max-snippet:-1","max-image-preview":"max-image-preview:large","max-video-preview":"max-video-preview:-1"},"canonical":"https:\/\/horticom.ee\/e-pood\/toode\/harilik-kaksikkannus-pink-queen-diascia-barberae-b\/","og_locale":"et_EE","og_type":"article","og_title":"Harilik kaksikkannus Twinspur Pink Queen","og_description":"Harilik kaksikkannus Pink Queen on rippuv, 25 cm k\u00f5rgune taim. Rikkalikult \u00f5itsev, sobib p\u00e4ikesepaistelisse ja tuulte eest kaitstud kohta viljakal mullal.","og_url":"https:\/\/horticom.ee\/e-pood\/toode\/harilik-kaksikkannus-pink-queen-diascia-barberae-b\/","og_site_name":"Horticom.ee","article_publisher":"https:\/\/www.facebook.com\/horticom.ee\/e-pood","article_modified_time":"2026-05-02T00:05:59+00:00","og_image":[{"width":1000,"height":1757,"url":"https:\/\/horticom.ee\/e-pood\/wp-content\/uploads\/importedmedia\/product-153202_0-L9209.jpg","type":"image\/jpeg"}],"twitter_card":"summary_large_image","schema":{"@context":"https:\/\/schema.org","@graph":[{"@type":"WebPage","@id":"https:\/\/horticom.ee\/e-pood\/toode\/harilik-kaksikkannus-pink-queen-diascia-barberae-b\/","url":"https:\/\/horticom.ee\/e-pood\/toode\/harilik-kaksikkannus-pink-queen-diascia-barberae-b\/","name":"Harilik kaksikkannus Twinspur Pink Queen","isPartOf":{"@id":"https:\/\/horticom.ee\/e-pood\/#website"},"primaryImageOfPage":{"@id":"https:\/\/horticom.ee\/e-pood\/toode\/harilik-kaksikkannus-pink-queen-diascia-barberae-b\/#primaryimage"},"image":{"@id":"https:\/\/horticom.ee\/e-pood\/toode\/harilik-kaksikkannus-pink-queen-diascia-barberae-b\/#primaryimage"},"thumbnailUrl":"https:\/\/horticom.ee\/e-pood\/wp-content\/uploads\/importedmedia\/product-153202_0-L9209.jpg","datePublished":"2022-01-17T14:03:41+00:00","dateModified":"2026-05-02T00:05:59+00:00","description":"Harilik kaksikkannus Pink Queen on rippuv, 25 cm k\u00f5rgune taim. Rikkalikult \u00f5itsev, sobib p\u00e4ikesepaistelisse ja tuulte eest kaitstud kohta viljakal mullal.","breadcrumb":{"@id":"https:\/\/horticom.ee\/e-pood\/toode\/harilik-kaksikkannus-pink-queen-diascia-barberae-b\/#breadcrumb"},"inLanguage":"et","potentialAction":[{"@type":"ReadAction","target":["https:\/\/horticom.ee\/e-pood\/toode\/harilik-kaksikkannus-pink-queen-diascia-barberae-b\/"]}]},{"@type":"ImageObject","inLanguage":"et","@id":"https:\/\/horticom.ee\/e-pood\/toode\/harilik-kaksikkannus-pink-queen-diascia-barberae-b\/#primaryimage","url":"https:\/\/horticom.ee\/e-pood\/wp-content\/uploads\/importedmedia\/product-153202_0-L9209.jpg","contentUrl":"https:\/\/horticom.ee\/e-pood\/wp-content\/uploads\/importedmedia\/product-153202_0-L9209.jpg","width":1000,"height":1757,"caption":"Harilik kaksikkannus Twinspur Pink Queen - Diascia barbarea"},{"@type":"BreadcrumbList","@id":"https:\/\/horticom.ee\/e-pood\/toode\/harilik-kaksikkannus-pink-queen-diascia-barberae-b\/#breadcrumb","itemListElement":[{"@type":"ListItem","position":1,"name":"Home","item":"https:\/\/horticom.ee\/e-pood\/"},{"@type":"ListItem","position":2,"name":"Pood","item":"https:\/\/horticom.ee\/e-pood\/pood\/"},{"@type":"ListItem","position":3,"name":"Harilik kaksikkannus Twinspur Pink Queen &#8211; Diascia barbarea"}]},{"@type":"WebSite","@id":"https:\/\/horticom.ee\/e-pood\/#website","url":"https:\/\/horticom.ee\/e-pood\/","name":"Horticom.ee","description":"Aianduskaubad ja kodukaubad nii harrastajatele kui professionaalidele","potentialAction":[{"@type":"SearchAction","target":{"@type":"EntryPoint","urlTemplate":"https:\/\/horticom.ee\/e-pood\/?s={search_term_string}"},"query-input":{"@type":"PropertyValueSpecification","valueRequired":true,"valueName":"search_term_string"}}],"inLanguage":"et"}]}},"_links":{"self":[{"href":"https:\/\/horticom.ee\/e-pood\/wp-json\/wp\/v2\/product\/153202","targetHints":{"allow":["GET"]}}],"collection":[{"href":"https:\/\/horticom.ee\/e-pood\/wp-json\/wp\/v2\/product"}],"about":[{"href":"https:\/\/horticom.ee\/e-pood\/wp-json\/wp\/v2\/types\/product"}],"replies":[{"embeddable":true,"href":"https:\/\/horticom.ee\/e-pood\/wp-json\/wp\/v2\/comments?post=153202"}],"wp:featuredmedia":[{"embeddable":true,"href":"https:\/\/horticom.ee\/e-pood\/wp-json\/wp\/v2\/media\/171406"}],"wp:attachment":[{"href":"https:\/\/horticom.ee\/e-pood\/wp-json\/wp\/v2\/media?parent=153202"}],"wp:term":[{"taxonomy":"product_cat","embeddable":true,"href":"https:\/\/horticom.ee\/e-pood\/wp-json\/wp\/v2\/product_cat?post=153202"},{"taxonomy":"product_tag","embeddable":true,"href":"https:\/\/horticom.ee\/e-pood\/wp-json\/wp\/v2\/product_tag?post=153202"}],"curies":[{"name":"wp","href":"https:\/\/api.w.org\/{rel}","templated":true}]}}