{"id":153205,"date":"2022-01-17T16:03:43","date_gmt":"2022-01-17T14:03:43","guid":{"rendered":"https:\/\/aednik24.ee\/toode\/aedaster-pinocchio-segu-callistephus-chinensis-l-ness-d\/"},"modified":"2026-04-09T03:07:10","modified_gmt":"2026-04-09T00:07:10","slug":"aedaster-pinocchio-segu-callistephus-chinensis-l-ness-d","status":"publish","type":"product","link":"https:\/\/horticom.ee\/e-pood\/toode\/aedaster-pinocchio-segu-callistephus-chinensis-l-ness-d\/","title":{"rendered":"Aedaster China Aster Pinocchio Mix &#8211; Callistephus chinensis L. Ness"},"content":{"rendered":"<p>Aedaster Pinocchio on \u00fcheaastane, 20cm k\u00f5rgune taim. \u00d5ied 3-4cm l\u00e4bim\u00f5\u00f5duga. Kasvuks p\u00e4ikesepaisteline soe koht ja viljakas muld. Seeme idaneb +18C juures 7-11 p\u00e4eva. 1g umbes 450-480 seemet.<\/p>\n","protected":false},"excerpt":{"rendered":"<p>Aedaster Pinocchio on \u00fcheaastane, 20cm k\u00f5rgune taim. \u00d5ied 3-4cm l\u00e4bim\u00f5\u00f5duga. Kasvuks p\u00e4ikesepaisteline soe koht ja viljakas muld. Seeme idaneb +18C juures 7-11 p\u00e4eva. 1g umbes 450-480 seemet.<\/p>\n","protected":false},"featured_media":171400,"comment_status":"closed","ping_status":"closed","template":"","meta":{"_themeisle_gutenberg_block_has_review":false},"product_cat":[13535],"product_tag":[],"class_list":{"0":"post-153205","1":"product","2":"type-product","3":"status-publish","4":"has-post-thumbnail","6":"product_cat-aster","8":"first","9":"instock","10":"shipping-taxable","11":"purchasable","12":"product-type-simple"},"yoast_head":"<!-- This site is optimized with the Yoast SEO plugin v24.0 - https:\/\/yoast.com\/wordpress\/plugins\/seo\/ -->\n<title>Aedaster China Aster Pinocchio Mix<\/title>\n<meta name=\"description\" content=\"Aedaster Pinocchio on 20 cm k\u00f5rgune kompaktne taim, v\u00e4ikeste 3-4 cm \u00f5itega. Eelistab sooja ja p\u00e4ikesepaistelist kasvukohta ning viljakat mulda.\" \/>\n<meta name=\"robots\" content=\"index, follow, max-snippet:-1, max-image-preview:large, max-video-preview:-1\" \/>\n<link rel=\"canonical\" href=\"https:\/\/horticom.ee\/e-pood\/toode\/aedaster-pinocchio-segu-callistephus-chinensis-l-ness-d\/\" \/>\n<meta property=\"og:locale\" content=\"et_EE\" \/>\n<meta property=\"og:type\" content=\"article\" \/>\n<meta property=\"og:title\" content=\"Aedaster China Aster Pinocchio Mix\" \/>\n<meta property=\"og:description\" content=\"Aedaster Pinocchio on 20 cm k\u00f5rgune kompaktne taim, v\u00e4ikeste 3-4 cm \u00f5itega. Eelistab sooja ja p\u00e4ikesepaistelist kasvukohta ning viljakat mulda.\" \/>\n<meta property=\"og:url\" content=\"https:\/\/horticom.ee\/e-pood\/toode\/aedaster-pinocchio-segu-callistephus-chinensis-l-ness-d\/\" \/>\n<meta property=\"og:site_name\" content=\"Horticom.ee\" \/>\n<meta property=\"article:publisher\" content=\"https:\/\/www.facebook.com\/horticom.ee\/e-pood\" \/>\n<meta property=\"article:modified_time\" content=\"2026-04-09T00:07:10+00:00\" \/>\n<meta property=\"og:image\" content=\"https:\/\/horticom.ee\/e-pood\/wp-content\/uploads\/importedmedia\/product-153205_0-L2811.jpg\" \/>\n\t<meta property=\"og:image:width\" content=\"1000\" \/>\n\t<meta property=\"og:image:height\" content=\"1750\" \/>\n\t<meta property=\"og:image:type\" content=\"image\/jpeg\" \/>\n<meta name=\"twitter:card\" content=\"summary_large_image\" \/>\n<script type=\"application\/ld+json\" class=\"yoast-schema-graph\">{\"@context\":\"https:\/\/schema.org\",\"@graph\":[{\"@type\":\"WebPage\",\"@id\":\"https:\/\/horticom.ee\/e-pood\/toode\/aedaster-pinocchio-segu-callistephus-chinensis-l-ness-d\/\",\"url\":\"https:\/\/horticom.ee\/e-pood\/toode\/aedaster-pinocchio-segu-callistephus-chinensis-l-ness-d\/\",\"name\":\"Aedaster China Aster Pinocchio Mix\",\"isPartOf\":{\"@id\":\"https:\/\/horticom.ee\/e-pood\/#website\"},\"primaryImageOfPage\":{\"@id\":\"https:\/\/horticom.ee\/e-pood\/toode\/aedaster-pinocchio-segu-callistephus-chinensis-l-ness-d\/#primaryimage\"},\"image\":{\"@id\":\"https:\/\/horticom.ee\/e-pood\/toode\/aedaster-pinocchio-segu-callistephus-chinensis-l-ness-d\/#primaryimage\"},\"thumbnailUrl\":\"https:\/\/horticom.ee\/e-pood\/wp-content\/uploads\/importedmedia\/product-153205_0-L2811.jpg\",\"datePublished\":\"2022-01-17T14:03:43+00:00\",\"dateModified\":\"2026-04-09T00:07:10+00:00\",\"description\":\"Aedaster Pinocchio on 20 cm k\u00f5rgune kompaktne taim, v\u00e4ikeste 3-4 cm \u00f5itega. Eelistab sooja ja p\u00e4ikesepaistelist kasvukohta ning viljakat mulda.\",\"breadcrumb\":{\"@id\":\"https:\/\/horticom.ee\/e-pood\/toode\/aedaster-pinocchio-segu-callistephus-chinensis-l-ness-d\/#breadcrumb\"},\"inLanguage\":\"et\",\"potentialAction\":[{\"@type\":\"ReadAction\",\"target\":[\"https:\/\/horticom.ee\/e-pood\/toode\/aedaster-pinocchio-segu-callistephus-chinensis-l-ness-d\/\"]}]},{\"@type\":\"ImageObject\",\"inLanguage\":\"et\",\"@id\":\"https:\/\/horticom.ee\/e-pood\/toode\/aedaster-pinocchio-segu-callistephus-chinensis-l-ness-d\/#primaryimage\",\"url\":\"https:\/\/horticom.ee\/e-pood\/wp-content\/uploads\/importedmedia\/product-153205_0-L2811.jpg\",\"contentUrl\":\"https:\/\/horticom.ee\/e-pood\/wp-content\/uploads\/importedmedia\/product-153205_0-L2811.jpg\",\"width\":1000,\"height\":1750,\"caption\":\"Aedaster China Aster Pinocchio Mix - Callistephus chinensis L. Ness\"},{\"@type\":\"BreadcrumbList\",\"@id\":\"https:\/\/horticom.ee\/e-pood\/toode\/aedaster-pinocchio-segu-callistephus-chinensis-l-ness-d\/#breadcrumb\",\"itemListElement\":[{\"@type\":\"ListItem\",\"position\":1,\"name\":\"Home\",\"item\":\"https:\/\/horticom.ee\/e-pood\/\"},{\"@type\":\"ListItem\",\"position\":2,\"name\":\"Pood\",\"item\":\"https:\/\/horticom.ee\/e-pood\/pood\/\"},{\"@type\":\"ListItem\",\"position\":3,\"name\":\"Aedaster China Aster Pinocchio Mix &#8211; Callistephus chinensis L. Ness\"}]},{\"@type\":\"WebSite\",\"@id\":\"https:\/\/horticom.ee\/e-pood\/#website\",\"url\":\"https:\/\/horticom.ee\/e-pood\/\",\"name\":\"Horticom.ee\",\"description\":\"Aianduskaubad ja kodukaubad nii harrastajatele kui professionaalidele\",\"potentialAction\":[{\"@type\":\"SearchAction\",\"target\":{\"@type\":\"EntryPoint\",\"urlTemplate\":\"https:\/\/horticom.ee\/e-pood\/?s={search_term_string}\"},\"query-input\":{\"@type\":\"PropertyValueSpecification\",\"valueRequired\":true,\"valueName\":\"search_term_string\"}}],\"inLanguage\":\"et\"}]}<\/script>\n<!-- \/ Yoast SEO plugin. -->","yoast_head_json":{"title":"Aedaster China Aster Pinocchio Mix","description":"Aedaster Pinocchio on 20 cm k\u00f5rgune kompaktne taim, v\u00e4ikeste 3-4 cm \u00f5itega. Eelistab sooja ja p\u00e4ikesepaistelist kasvukohta ning viljakat mulda.","robots":{"index":"index","follow":"follow","max-snippet":"max-snippet:-1","max-image-preview":"max-image-preview:large","max-video-preview":"max-video-preview:-1"},"canonical":"https:\/\/horticom.ee\/e-pood\/toode\/aedaster-pinocchio-segu-callistephus-chinensis-l-ness-d\/","og_locale":"et_EE","og_type":"article","og_title":"Aedaster China Aster Pinocchio Mix","og_description":"Aedaster Pinocchio on 20 cm k\u00f5rgune kompaktne taim, v\u00e4ikeste 3-4 cm \u00f5itega. Eelistab sooja ja p\u00e4ikesepaistelist kasvukohta ning viljakat mulda.","og_url":"https:\/\/horticom.ee\/e-pood\/toode\/aedaster-pinocchio-segu-callistephus-chinensis-l-ness-d\/","og_site_name":"Horticom.ee","article_publisher":"https:\/\/www.facebook.com\/horticom.ee\/e-pood","article_modified_time":"2026-04-09T00:07:10+00:00","og_image":[{"width":1000,"height":1750,"url":"https:\/\/horticom.ee\/e-pood\/wp-content\/uploads\/importedmedia\/product-153205_0-L2811.jpg","type":"image\/jpeg"}],"twitter_card":"summary_large_image","schema":{"@context":"https:\/\/schema.org","@graph":[{"@type":"WebPage","@id":"https:\/\/horticom.ee\/e-pood\/toode\/aedaster-pinocchio-segu-callistephus-chinensis-l-ness-d\/","url":"https:\/\/horticom.ee\/e-pood\/toode\/aedaster-pinocchio-segu-callistephus-chinensis-l-ness-d\/","name":"Aedaster China Aster Pinocchio Mix","isPartOf":{"@id":"https:\/\/horticom.ee\/e-pood\/#website"},"primaryImageOfPage":{"@id":"https:\/\/horticom.ee\/e-pood\/toode\/aedaster-pinocchio-segu-callistephus-chinensis-l-ness-d\/#primaryimage"},"image":{"@id":"https:\/\/horticom.ee\/e-pood\/toode\/aedaster-pinocchio-segu-callistephus-chinensis-l-ness-d\/#primaryimage"},"thumbnailUrl":"https:\/\/horticom.ee\/e-pood\/wp-content\/uploads\/importedmedia\/product-153205_0-L2811.jpg","datePublished":"2022-01-17T14:03:43+00:00","dateModified":"2026-04-09T00:07:10+00:00","description":"Aedaster Pinocchio on 20 cm k\u00f5rgune kompaktne taim, v\u00e4ikeste 3-4 cm \u00f5itega. Eelistab sooja ja p\u00e4ikesepaistelist kasvukohta ning viljakat mulda.","breadcrumb":{"@id":"https:\/\/horticom.ee\/e-pood\/toode\/aedaster-pinocchio-segu-callistephus-chinensis-l-ness-d\/#breadcrumb"},"inLanguage":"et","potentialAction":[{"@type":"ReadAction","target":["https:\/\/horticom.ee\/e-pood\/toode\/aedaster-pinocchio-segu-callistephus-chinensis-l-ness-d\/"]}]},{"@type":"ImageObject","inLanguage":"et","@id":"https:\/\/horticom.ee\/e-pood\/toode\/aedaster-pinocchio-segu-callistephus-chinensis-l-ness-d\/#primaryimage","url":"https:\/\/horticom.ee\/e-pood\/wp-content\/uploads\/importedmedia\/product-153205_0-L2811.jpg","contentUrl":"https:\/\/horticom.ee\/e-pood\/wp-content\/uploads\/importedmedia\/product-153205_0-L2811.jpg","width":1000,"height":1750,"caption":"Aedaster China Aster Pinocchio Mix - Callistephus chinensis L. Ness"},{"@type":"BreadcrumbList","@id":"https:\/\/horticom.ee\/e-pood\/toode\/aedaster-pinocchio-segu-callistephus-chinensis-l-ness-d\/#breadcrumb","itemListElement":[{"@type":"ListItem","position":1,"name":"Home","item":"https:\/\/horticom.ee\/e-pood\/"},{"@type":"ListItem","position":2,"name":"Pood","item":"https:\/\/horticom.ee\/e-pood\/pood\/"},{"@type":"ListItem","position":3,"name":"Aedaster China Aster Pinocchio Mix &#8211; Callistephus chinensis L. Ness"}]},{"@type":"WebSite","@id":"https:\/\/horticom.ee\/e-pood\/#website","url":"https:\/\/horticom.ee\/e-pood\/","name":"Horticom.ee","description":"Aianduskaubad ja kodukaubad nii harrastajatele kui professionaalidele","potentialAction":[{"@type":"SearchAction","target":{"@type":"EntryPoint","urlTemplate":"https:\/\/horticom.ee\/e-pood\/?s={search_term_string}"},"query-input":{"@type":"PropertyValueSpecification","valueRequired":true,"valueName":"search_term_string"}}],"inLanguage":"et"}]}},"_links":{"self":[{"href":"https:\/\/horticom.ee\/e-pood\/wp-json\/wp\/v2\/product\/153205","targetHints":{"allow":["GET"]}}],"collection":[{"href":"https:\/\/horticom.ee\/e-pood\/wp-json\/wp\/v2\/product"}],"about":[{"href":"https:\/\/horticom.ee\/e-pood\/wp-json\/wp\/v2\/types\/product"}],"replies":[{"embeddable":true,"href":"https:\/\/horticom.ee\/e-pood\/wp-json\/wp\/v2\/comments?post=153205"}],"wp:featuredmedia":[{"embeddable":true,"href":"https:\/\/horticom.ee\/e-pood\/wp-json\/wp\/v2\/media\/171400"}],"wp:attachment":[{"href":"https:\/\/horticom.ee\/e-pood\/wp-json\/wp\/v2\/media?parent=153205"}],"wp:term":[{"taxonomy":"product_cat","embeddable":true,"href":"https:\/\/horticom.ee\/e-pood\/wp-json\/wp\/v2\/product_cat?post=153205"},{"taxonomy":"product_tag","embeddable":true,"href":"https:\/\/horticom.ee\/e-pood\/wp-json\/wp\/v2\/product_tag?post=153205"}],"curies":[{"name":"wp","href":"https:\/\/api.w.org\/{rel}","templated":true}]}}