{"id":153206,"date":"2022-01-17T16:03:44","date_gmt":"2022-01-17T14:03:44","guid":{"rendered":"https:\/\/aednik24.ee\/toode\/aedaster-princess-segu-callistephus-chinensis-l-ness-b\/"},"modified":"2026-05-04T03:05:11","modified_gmt":"2026-05-04T00:05:11","slug":"aedaster-princess-segu-callistephus-chinensis-l-ness-b","status":"publish","type":"product","link":"https:\/\/horticom.ee\/e-pood\/toode\/aedaster-princess-segu-callistephus-chinensis-l-ness-b\/","title":{"rendered":"Aedaster China Aster Princess Mix &#8211; Callistephus chinensis L. Ness"},"content":{"rendered":"<p>Aedaster Princess on \u00fcheaastane, 60cm k\u00f5rgune taim. \u00d5ied on suured ja erksad, 10 cm l\u00e4bim\u00f5\u00f5duga. Taim on haruline. Istutatakse \u00fcheaastaste taimede peenardesse, \u00f5isi nopitakse kimpude jaoks. K\u00f5ige paremini kasvab viljakas, vett ja \u00f5hku l\u00e4bilaskvas pinnases. K\u00fclmakindel. Seeme idaneb +18C juures 7-11 p\u00e4eva. 1g umbes 450 seemet.<\/p>\n","protected":false},"excerpt":{"rendered":"<p>Aedaster Princess on \u00fcheaastane, 60cm k\u00f5rgune taim. \u00d5ied on suured ja erksad, 10 cm l\u00e4bim\u00f5\u00f5duga. Taim on haruline. Istutatakse \u00fcheaastaste taimede peenardesse, \u00f5isi nopitakse kimpude jaoks. K\u00f5ige paremini kasvab viljakas, vett ja \u00f5hku l\u00e4bilaskvas pinnases. K\u00fclmakindel. Seeme idaneb +18C juures 7-11 p\u00e4eva. 1g umbes 450 seemet.<\/p>\n","protected":false},"featured_media":171396,"comment_status":"closed","ping_status":"closed","template":"","meta":{"_themeisle_gutenberg_block_has_review":false},"product_cat":[13535],"product_tag":[],"class_list":{"0":"post-153206","1":"product","2":"type-product","3":"status-publish","4":"has-post-thumbnail","6":"product_cat-aster","8":"first","9":"instock","10":"shipping-taxable","11":"purchasable","12":"product-type-simple"},"yoast_head":"<!-- This site is optimized with the Yoast SEO plugin v24.0 - https:\/\/yoast.com\/wordpress\/plugins\/seo\/ -->\n<title>Aedaster China Aster Princess Mix<\/title>\n<meta name=\"description\" content=\"Aedaster Princess on 60 cm k\u00f5rgune haruline taim, suured ja erksad \u00f5ied, sobivad kimpudesse. Eelistab viljakat ja h\u00e4sti vett l\u00e4bilaskvat mulda, k\u00fclmakindel.\" \/>\n<meta name=\"robots\" content=\"index, follow, max-snippet:-1, max-image-preview:large, max-video-preview:-1\" \/>\n<link rel=\"canonical\" href=\"https:\/\/horticom.ee\/e-pood\/toode\/aedaster-princess-segu-callistephus-chinensis-l-ness-b\/\" \/>\n<meta property=\"og:locale\" content=\"et_EE\" \/>\n<meta property=\"og:type\" content=\"article\" \/>\n<meta property=\"og:title\" content=\"Aedaster China Aster Princess Mix\" \/>\n<meta property=\"og:description\" content=\"Aedaster Princess on 60 cm k\u00f5rgune haruline taim, suured ja erksad \u00f5ied, sobivad kimpudesse. Eelistab viljakat ja h\u00e4sti vett l\u00e4bilaskvat mulda, k\u00fclmakindel.\" \/>\n<meta property=\"og:url\" content=\"https:\/\/horticom.ee\/e-pood\/toode\/aedaster-princess-segu-callistephus-chinensis-l-ness-b\/\" \/>\n<meta property=\"og:site_name\" content=\"Horticom.ee\" \/>\n<meta property=\"article:publisher\" content=\"https:\/\/www.facebook.com\/horticom.ee\/e-pood\" \/>\n<meta property=\"article:modified_time\" content=\"2026-05-04T00:05:11+00:00\" \/>\n<meta property=\"og:image\" content=\"https:\/\/horticom.ee\/e-pood\/wp-content\/uploads\/importedmedia\/product-153206_0-L2809.jpg\" \/>\n\t<meta property=\"og:image:width\" content=\"999\" \/>\n\t<meta property=\"og:image:height\" content=\"1756\" \/>\n\t<meta property=\"og:image:type\" content=\"image\/jpeg\" \/>\n<meta name=\"twitter:card\" content=\"summary_large_image\" \/>\n<script type=\"application\/ld+json\" class=\"yoast-schema-graph\">{\"@context\":\"https:\/\/schema.org\",\"@graph\":[{\"@type\":\"WebPage\",\"@id\":\"https:\/\/horticom.ee\/e-pood\/toode\/aedaster-princess-segu-callistephus-chinensis-l-ness-b\/\",\"url\":\"https:\/\/horticom.ee\/e-pood\/toode\/aedaster-princess-segu-callistephus-chinensis-l-ness-b\/\",\"name\":\"Aedaster China Aster Princess Mix\",\"isPartOf\":{\"@id\":\"https:\/\/horticom.ee\/e-pood\/#website\"},\"primaryImageOfPage\":{\"@id\":\"https:\/\/horticom.ee\/e-pood\/toode\/aedaster-princess-segu-callistephus-chinensis-l-ness-b\/#primaryimage\"},\"image\":{\"@id\":\"https:\/\/horticom.ee\/e-pood\/toode\/aedaster-princess-segu-callistephus-chinensis-l-ness-b\/#primaryimage\"},\"thumbnailUrl\":\"https:\/\/horticom.ee\/e-pood\/wp-content\/uploads\/importedmedia\/product-153206_0-L2809.jpg\",\"datePublished\":\"2022-01-17T14:03:44+00:00\",\"dateModified\":\"2026-05-04T00:05:11+00:00\",\"description\":\"Aedaster Princess on 60 cm k\u00f5rgune haruline taim, suured ja erksad \u00f5ied, sobivad kimpudesse. Eelistab viljakat ja h\u00e4sti vett l\u00e4bilaskvat mulda, k\u00fclmakindel.\",\"breadcrumb\":{\"@id\":\"https:\/\/horticom.ee\/e-pood\/toode\/aedaster-princess-segu-callistephus-chinensis-l-ness-b\/#breadcrumb\"},\"inLanguage\":\"et\",\"potentialAction\":[{\"@type\":\"ReadAction\",\"target\":[\"https:\/\/horticom.ee\/e-pood\/toode\/aedaster-princess-segu-callistephus-chinensis-l-ness-b\/\"]}]},{\"@type\":\"ImageObject\",\"inLanguage\":\"et\",\"@id\":\"https:\/\/horticom.ee\/e-pood\/toode\/aedaster-princess-segu-callistephus-chinensis-l-ness-b\/#primaryimage\",\"url\":\"https:\/\/horticom.ee\/e-pood\/wp-content\/uploads\/importedmedia\/product-153206_0-L2809.jpg\",\"contentUrl\":\"https:\/\/horticom.ee\/e-pood\/wp-content\/uploads\/importedmedia\/product-153206_0-L2809.jpg\",\"width\":999,\"height\":1756,\"caption\":\"Aedaster China Aster Princess Mix - Callistephus chinensis L. Ness\"},{\"@type\":\"BreadcrumbList\",\"@id\":\"https:\/\/horticom.ee\/e-pood\/toode\/aedaster-princess-segu-callistephus-chinensis-l-ness-b\/#breadcrumb\",\"itemListElement\":[{\"@type\":\"ListItem\",\"position\":1,\"name\":\"Home\",\"item\":\"https:\/\/horticom.ee\/e-pood\/\"},{\"@type\":\"ListItem\",\"position\":2,\"name\":\"Pood\",\"item\":\"https:\/\/horticom.ee\/e-pood\/pood\/\"},{\"@type\":\"ListItem\",\"position\":3,\"name\":\"Aedaster China Aster Princess Mix &#8211; Callistephus chinensis L. Ness\"}]},{\"@type\":\"WebSite\",\"@id\":\"https:\/\/horticom.ee\/e-pood\/#website\",\"url\":\"https:\/\/horticom.ee\/e-pood\/\",\"name\":\"Horticom.ee\",\"description\":\"Aianduskaubad ja kodukaubad nii harrastajatele kui professionaalidele\",\"potentialAction\":[{\"@type\":\"SearchAction\",\"target\":{\"@type\":\"EntryPoint\",\"urlTemplate\":\"https:\/\/horticom.ee\/e-pood\/?s={search_term_string}\"},\"query-input\":{\"@type\":\"PropertyValueSpecification\",\"valueRequired\":true,\"valueName\":\"search_term_string\"}}],\"inLanguage\":\"et\"}]}<\/script>\n<!-- \/ Yoast SEO plugin. -->","yoast_head_json":{"title":"Aedaster China Aster Princess Mix","description":"Aedaster Princess on 60 cm k\u00f5rgune haruline taim, suured ja erksad \u00f5ied, sobivad kimpudesse. Eelistab viljakat ja h\u00e4sti vett l\u00e4bilaskvat mulda, k\u00fclmakindel.","robots":{"index":"index","follow":"follow","max-snippet":"max-snippet:-1","max-image-preview":"max-image-preview:large","max-video-preview":"max-video-preview:-1"},"canonical":"https:\/\/horticom.ee\/e-pood\/toode\/aedaster-princess-segu-callistephus-chinensis-l-ness-b\/","og_locale":"et_EE","og_type":"article","og_title":"Aedaster China Aster Princess Mix","og_description":"Aedaster Princess on 60 cm k\u00f5rgune haruline taim, suured ja erksad \u00f5ied, sobivad kimpudesse. Eelistab viljakat ja h\u00e4sti vett l\u00e4bilaskvat mulda, k\u00fclmakindel.","og_url":"https:\/\/horticom.ee\/e-pood\/toode\/aedaster-princess-segu-callistephus-chinensis-l-ness-b\/","og_site_name":"Horticom.ee","article_publisher":"https:\/\/www.facebook.com\/horticom.ee\/e-pood","article_modified_time":"2026-05-04T00:05:11+00:00","og_image":[{"width":999,"height":1756,"url":"https:\/\/horticom.ee\/e-pood\/wp-content\/uploads\/importedmedia\/product-153206_0-L2809.jpg","type":"image\/jpeg"}],"twitter_card":"summary_large_image","schema":{"@context":"https:\/\/schema.org","@graph":[{"@type":"WebPage","@id":"https:\/\/horticom.ee\/e-pood\/toode\/aedaster-princess-segu-callistephus-chinensis-l-ness-b\/","url":"https:\/\/horticom.ee\/e-pood\/toode\/aedaster-princess-segu-callistephus-chinensis-l-ness-b\/","name":"Aedaster China Aster Princess Mix","isPartOf":{"@id":"https:\/\/horticom.ee\/e-pood\/#website"},"primaryImageOfPage":{"@id":"https:\/\/horticom.ee\/e-pood\/toode\/aedaster-princess-segu-callistephus-chinensis-l-ness-b\/#primaryimage"},"image":{"@id":"https:\/\/horticom.ee\/e-pood\/toode\/aedaster-princess-segu-callistephus-chinensis-l-ness-b\/#primaryimage"},"thumbnailUrl":"https:\/\/horticom.ee\/e-pood\/wp-content\/uploads\/importedmedia\/product-153206_0-L2809.jpg","datePublished":"2022-01-17T14:03:44+00:00","dateModified":"2026-05-04T00:05:11+00:00","description":"Aedaster Princess on 60 cm k\u00f5rgune haruline taim, suured ja erksad \u00f5ied, sobivad kimpudesse. Eelistab viljakat ja h\u00e4sti vett l\u00e4bilaskvat mulda, k\u00fclmakindel.","breadcrumb":{"@id":"https:\/\/horticom.ee\/e-pood\/toode\/aedaster-princess-segu-callistephus-chinensis-l-ness-b\/#breadcrumb"},"inLanguage":"et","potentialAction":[{"@type":"ReadAction","target":["https:\/\/horticom.ee\/e-pood\/toode\/aedaster-princess-segu-callistephus-chinensis-l-ness-b\/"]}]},{"@type":"ImageObject","inLanguage":"et","@id":"https:\/\/horticom.ee\/e-pood\/toode\/aedaster-princess-segu-callistephus-chinensis-l-ness-b\/#primaryimage","url":"https:\/\/horticom.ee\/e-pood\/wp-content\/uploads\/importedmedia\/product-153206_0-L2809.jpg","contentUrl":"https:\/\/horticom.ee\/e-pood\/wp-content\/uploads\/importedmedia\/product-153206_0-L2809.jpg","width":999,"height":1756,"caption":"Aedaster China Aster Princess Mix - Callistephus chinensis L. Ness"},{"@type":"BreadcrumbList","@id":"https:\/\/horticom.ee\/e-pood\/toode\/aedaster-princess-segu-callistephus-chinensis-l-ness-b\/#breadcrumb","itemListElement":[{"@type":"ListItem","position":1,"name":"Home","item":"https:\/\/horticom.ee\/e-pood\/"},{"@type":"ListItem","position":2,"name":"Pood","item":"https:\/\/horticom.ee\/e-pood\/pood\/"},{"@type":"ListItem","position":3,"name":"Aedaster China Aster Princess Mix &#8211; Callistephus chinensis L. Ness"}]},{"@type":"WebSite","@id":"https:\/\/horticom.ee\/e-pood\/#website","url":"https:\/\/horticom.ee\/e-pood\/","name":"Horticom.ee","description":"Aianduskaubad ja kodukaubad nii harrastajatele kui professionaalidele","potentialAction":[{"@type":"SearchAction","target":{"@type":"EntryPoint","urlTemplate":"https:\/\/horticom.ee\/e-pood\/?s={search_term_string}"},"query-input":{"@type":"PropertyValueSpecification","valueRequired":true,"valueName":"search_term_string"}}],"inLanguage":"et"}]}},"_links":{"self":[{"href":"https:\/\/horticom.ee\/e-pood\/wp-json\/wp\/v2\/product\/153206","targetHints":{"allow":["GET"]}}],"collection":[{"href":"https:\/\/horticom.ee\/e-pood\/wp-json\/wp\/v2\/product"}],"about":[{"href":"https:\/\/horticom.ee\/e-pood\/wp-json\/wp\/v2\/types\/product"}],"replies":[{"embeddable":true,"href":"https:\/\/horticom.ee\/e-pood\/wp-json\/wp\/v2\/comments?post=153206"}],"wp:featuredmedia":[{"embeddable":true,"href":"https:\/\/horticom.ee\/e-pood\/wp-json\/wp\/v2\/media\/171396"}],"wp:attachment":[{"href":"https:\/\/horticom.ee\/e-pood\/wp-json\/wp\/v2\/media?parent=153206"}],"wp:term":[{"taxonomy":"product_cat","embeddable":true,"href":"https:\/\/horticom.ee\/e-pood\/wp-json\/wp\/v2\/product_cat?post=153206"},{"taxonomy":"product_tag","embeddable":true,"href":"https:\/\/horticom.ee\/e-pood\/wp-json\/wp\/v2\/product_tag?post=153206"}],"curies":[{"name":"wp","href":"https:\/\/api.w.org\/{rel}","templated":true}]}}