{"id":153211,"date":"2022-01-17T16:03:47","date_gmt":"2022-01-17T14:03:47","guid":{"rendered":"https:\/\/aednik24.ee\/toode\/aed-kukekannus-pacific-segu-delphinium-cultorum-c\/"},"modified":"2026-05-03T03:07:20","modified_gmt":"2026-05-03T00:07:20","slug":"aed-kukekannus-pacific-segu-delphinium-cultorum-c","status":"publish","type":"product","link":"https:\/\/horticom.ee\/e-pood\/toode\/aed-kukekannus-pacific-segu-delphinium-cultorum-c\/","title":{"rendered":"Aed-kukekannus Delphinium Pacific &#8211; Delphinium cultorum"},"content":{"rendered":"<p>Aed-kukekannus Pacific on mitmeaastane 180cm k\u00f5rgune muljetavaldavate \u00f5isikutega lill. Dekoratiivsed on mitte ainult \u00f5ied, vaid kogu taim. Lilled sobivad maakodude haljastusse, istutatakse varikatuste, tarade k\u00f5rvale. \u00d5isikud sobivad suvelillede kimpudesse. Soovitatakse hoolitseda toestamise eest. Samal kasvukohal v\u00f5ib kasvada 3-4 aastat. Talveks pole vaja kinni katta.<\/p>\n","protected":false},"excerpt":{"rendered":"<p>Aed-kukekannus Pacific on mitmeaastane 180cm k\u00f5rgune muljetavaldavate \u00f5isikutega lill. Dekoratiivsed on mitte ainult \u00f5ied, vaid kogu taim. Lilled sobivad maakodude haljastusse, istutatakse varikatuste, tarade k\u00f5rvale. \u00d5isikud sobivad suvelillede kimpudesse. Soovitatakse hoolitseda toestamise eest. Samal kasvukohal v\u00f5ib kasvada 3-4 aastat. Talveks pole vaja kinni katta.<\/p>\n","protected":false},"featured_media":171388,"comment_status":"closed","ping_status":"closed","template":"","meta":{"_themeisle_gutenberg_block_has_review":false},"product_cat":[13515],"product_tag":[],"class_list":{"0":"post-153211","1":"product","2":"type-product","3":"status-publish","4":"has-post-thumbnail","6":"product_cat-mitmeaastased","8":"first","9":"instock","10":"shipping-taxable","11":"purchasable","12":"product-type-simple"},"yoast_head":"<!-- This site is optimized with the Yoast SEO plugin v24.0 - https:\/\/yoast.com\/wordpress\/plugins\/seo\/ -->\n<title>Aed-kukekannus Delphinium Pacific - Delphinium cultorum<\/title>\n<meta name=\"description\" content=\"Aed-kukekannus Pacific on 180 cm k\u00f5rgune mitmeaastane taim, dekoratiivsete \u00f5isikutega. Sobib maakodude haljastusse, vajab toestamist.\" \/>\n<meta name=\"robots\" content=\"index, follow, max-snippet:-1, max-image-preview:large, max-video-preview:-1\" \/>\n<link rel=\"canonical\" href=\"https:\/\/horticom.ee\/e-pood\/toode\/aed-kukekannus-pacific-segu-delphinium-cultorum-c\/\" \/>\n<meta property=\"og:locale\" content=\"et_EE\" \/>\n<meta property=\"og:type\" content=\"article\" \/>\n<meta property=\"og:title\" content=\"Aed-kukekannus Delphinium Pacific - Delphinium cultorum\" \/>\n<meta property=\"og:description\" content=\"Aed-kukekannus Pacific on 180 cm k\u00f5rgune mitmeaastane taim, dekoratiivsete \u00f5isikutega. Sobib maakodude haljastusse, vajab toestamist.\" \/>\n<meta property=\"og:url\" content=\"https:\/\/horticom.ee\/e-pood\/toode\/aed-kukekannus-pacific-segu-delphinium-cultorum-c\/\" \/>\n<meta property=\"og:site_name\" content=\"Horticom.ee\" \/>\n<meta property=\"article:publisher\" content=\"https:\/\/www.facebook.com\/horticom.ee\/e-pood\" \/>\n<meta property=\"article:modified_time\" content=\"2026-05-03T00:07:20+00:00\" \/>\n<meta property=\"og:image\" content=\"https:\/\/horticom.ee\/e-pood\/wp-content\/uploads\/importedmedia\/product-153211_0-L24701.jpg\" \/>\n\t<meta property=\"og:image:width\" content=\"1000\" \/>\n\t<meta property=\"og:image:height\" content=\"1577\" \/>\n\t<meta property=\"og:image:type\" content=\"image\/jpeg\" \/>\n<meta name=\"twitter:card\" content=\"summary_large_image\" \/>\n<meta name=\"twitter:label1\" content=\"Est. reading time\" \/>\n\t<meta name=\"twitter:data1\" content=\"1 minut\" \/>\n<script type=\"application\/ld+json\" class=\"yoast-schema-graph\">{\"@context\":\"https:\/\/schema.org\",\"@graph\":[{\"@type\":\"WebPage\",\"@id\":\"https:\/\/horticom.ee\/e-pood\/toode\/aed-kukekannus-pacific-segu-delphinium-cultorum-c\/\",\"url\":\"https:\/\/horticom.ee\/e-pood\/toode\/aed-kukekannus-pacific-segu-delphinium-cultorum-c\/\",\"name\":\"Aed-kukekannus Delphinium Pacific - Delphinium cultorum\",\"isPartOf\":{\"@id\":\"https:\/\/horticom.ee\/e-pood\/#website\"},\"primaryImageOfPage\":{\"@id\":\"https:\/\/horticom.ee\/e-pood\/toode\/aed-kukekannus-pacific-segu-delphinium-cultorum-c\/#primaryimage\"},\"image\":{\"@id\":\"https:\/\/horticom.ee\/e-pood\/toode\/aed-kukekannus-pacific-segu-delphinium-cultorum-c\/#primaryimage\"},\"thumbnailUrl\":\"https:\/\/horticom.ee\/e-pood\/wp-content\/uploads\/importedmedia\/product-153211_0-L24701.jpg\",\"datePublished\":\"2022-01-17T14:03:47+00:00\",\"dateModified\":\"2026-05-03T00:07:20+00:00\",\"description\":\"Aed-kukekannus Pacific on 180 cm k\u00f5rgune mitmeaastane taim, dekoratiivsete \u00f5isikutega. Sobib maakodude haljastusse, vajab toestamist.\",\"breadcrumb\":{\"@id\":\"https:\/\/horticom.ee\/e-pood\/toode\/aed-kukekannus-pacific-segu-delphinium-cultorum-c\/#breadcrumb\"},\"inLanguage\":\"et\",\"potentialAction\":[{\"@type\":\"ReadAction\",\"target\":[\"https:\/\/horticom.ee\/e-pood\/toode\/aed-kukekannus-pacific-segu-delphinium-cultorum-c\/\"]}]},{\"@type\":\"ImageObject\",\"inLanguage\":\"et\",\"@id\":\"https:\/\/horticom.ee\/e-pood\/toode\/aed-kukekannus-pacific-segu-delphinium-cultorum-c\/#primaryimage\",\"url\":\"https:\/\/horticom.ee\/e-pood\/wp-content\/uploads\/importedmedia\/product-153211_0-L24701.jpg\",\"contentUrl\":\"https:\/\/horticom.ee\/e-pood\/wp-content\/uploads\/importedmedia\/product-153211_0-L24701.jpg\",\"width\":1000,\"height\":1577,\"caption\":\"Aed-kukekannus Delphinium Pacific - Delphinium cultorum\"},{\"@type\":\"BreadcrumbList\",\"@id\":\"https:\/\/horticom.ee\/e-pood\/toode\/aed-kukekannus-pacific-segu-delphinium-cultorum-c\/#breadcrumb\",\"itemListElement\":[{\"@type\":\"ListItem\",\"position\":1,\"name\":\"Home\",\"item\":\"https:\/\/horticom.ee\/e-pood\/\"},{\"@type\":\"ListItem\",\"position\":2,\"name\":\"Pood\",\"item\":\"https:\/\/horticom.ee\/e-pood\/pood\/\"},{\"@type\":\"ListItem\",\"position\":3,\"name\":\"Aed-kukekannus Delphinium Pacific &#8211; Delphinium cultorum\"}]},{\"@type\":\"WebSite\",\"@id\":\"https:\/\/horticom.ee\/e-pood\/#website\",\"url\":\"https:\/\/horticom.ee\/e-pood\/\",\"name\":\"Horticom.ee\",\"description\":\"Aianduskaubad ja kodukaubad nii harrastajatele kui professionaalidele\",\"potentialAction\":[{\"@type\":\"SearchAction\",\"target\":{\"@type\":\"EntryPoint\",\"urlTemplate\":\"https:\/\/horticom.ee\/e-pood\/?s={search_term_string}\"},\"query-input\":{\"@type\":\"PropertyValueSpecification\",\"valueRequired\":true,\"valueName\":\"search_term_string\"}}],\"inLanguage\":\"et\"}]}<\/script>\n<!-- \/ Yoast SEO plugin. -->","yoast_head_json":{"title":"Aed-kukekannus Delphinium Pacific - Delphinium cultorum","description":"Aed-kukekannus Pacific on 180 cm k\u00f5rgune mitmeaastane taim, dekoratiivsete \u00f5isikutega. Sobib maakodude haljastusse, vajab toestamist.","robots":{"index":"index","follow":"follow","max-snippet":"max-snippet:-1","max-image-preview":"max-image-preview:large","max-video-preview":"max-video-preview:-1"},"canonical":"https:\/\/horticom.ee\/e-pood\/toode\/aed-kukekannus-pacific-segu-delphinium-cultorum-c\/","og_locale":"et_EE","og_type":"article","og_title":"Aed-kukekannus Delphinium Pacific - Delphinium cultorum","og_description":"Aed-kukekannus Pacific on 180 cm k\u00f5rgune mitmeaastane taim, dekoratiivsete \u00f5isikutega. Sobib maakodude haljastusse, vajab toestamist.","og_url":"https:\/\/horticom.ee\/e-pood\/toode\/aed-kukekannus-pacific-segu-delphinium-cultorum-c\/","og_site_name":"Horticom.ee","article_publisher":"https:\/\/www.facebook.com\/horticom.ee\/e-pood","article_modified_time":"2026-05-03T00:07:20+00:00","og_image":[{"width":1000,"height":1577,"url":"https:\/\/horticom.ee\/e-pood\/wp-content\/uploads\/importedmedia\/product-153211_0-L24701.jpg","type":"image\/jpeg"}],"twitter_card":"summary_large_image","twitter_misc":{"Est. reading time":"1 minut"},"schema":{"@context":"https:\/\/schema.org","@graph":[{"@type":"WebPage","@id":"https:\/\/horticom.ee\/e-pood\/toode\/aed-kukekannus-pacific-segu-delphinium-cultorum-c\/","url":"https:\/\/horticom.ee\/e-pood\/toode\/aed-kukekannus-pacific-segu-delphinium-cultorum-c\/","name":"Aed-kukekannus Delphinium Pacific - Delphinium cultorum","isPartOf":{"@id":"https:\/\/horticom.ee\/e-pood\/#website"},"primaryImageOfPage":{"@id":"https:\/\/horticom.ee\/e-pood\/toode\/aed-kukekannus-pacific-segu-delphinium-cultorum-c\/#primaryimage"},"image":{"@id":"https:\/\/horticom.ee\/e-pood\/toode\/aed-kukekannus-pacific-segu-delphinium-cultorum-c\/#primaryimage"},"thumbnailUrl":"https:\/\/horticom.ee\/e-pood\/wp-content\/uploads\/importedmedia\/product-153211_0-L24701.jpg","datePublished":"2022-01-17T14:03:47+00:00","dateModified":"2026-05-03T00:07:20+00:00","description":"Aed-kukekannus Pacific on 180 cm k\u00f5rgune mitmeaastane taim, dekoratiivsete \u00f5isikutega. Sobib maakodude haljastusse, vajab toestamist.","breadcrumb":{"@id":"https:\/\/horticom.ee\/e-pood\/toode\/aed-kukekannus-pacific-segu-delphinium-cultorum-c\/#breadcrumb"},"inLanguage":"et","potentialAction":[{"@type":"ReadAction","target":["https:\/\/horticom.ee\/e-pood\/toode\/aed-kukekannus-pacific-segu-delphinium-cultorum-c\/"]}]},{"@type":"ImageObject","inLanguage":"et","@id":"https:\/\/horticom.ee\/e-pood\/toode\/aed-kukekannus-pacific-segu-delphinium-cultorum-c\/#primaryimage","url":"https:\/\/horticom.ee\/e-pood\/wp-content\/uploads\/importedmedia\/product-153211_0-L24701.jpg","contentUrl":"https:\/\/horticom.ee\/e-pood\/wp-content\/uploads\/importedmedia\/product-153211_0-L24701.jpg","width":1000,"height":1577,"caption":"Aed-kukekannus Delphinium Pacific - Delphinium cultorum"},{"@type":"BreadcrumbList","@id":"https:\/\/horticom.ee\/e-pood\/toode\/aed-kukekannus-pacific-segu-delphinium-cultorum-c\/#breadcrumb","itemListElement":[{"@type":"ListItem","position":1,"name":"Home","item":"https:\/\/horticom.ee\/e-pood\/"},{"@type":"ListItem","position":2,"name":"Pood","item":"https:\/\/horticom.ee\/e-pood\/pood\/"},{"@type":"ListItem","position":3,"name":"Aed-kukekannus Delphinium Pacific &#8211; Delphinium cultorum"}]},{"@type":"WebSite","@id":"https:\/\/horticom.ee\/e-pood\/#website","url":"https:\/\/horticom.ee\/e-pood\/","name":"Horticom.ee","description":"Aianduskaubad ja kodukaubad nii harrastajatele kui professionaalidele","potentialAction":[{"@type":"SearchAction","target":{"@type":"EntryPoint","urlTemplate":"https:\/\/horticom.ee\/e-pood\/?s={search_term_string}"},"query-input":{"@type":"PropertyValueSpecification","valueRequired":true,"valueName":"search_term_string"}}],"inLanguage":"et"}]}},"_links":{"self":[{"href":"https:\/\/horticom.ee\/e-pood\/wp-json\/wp\/v2\/product\/153211","targetHints":{"allow":["GET"]}}],"collection":[{"href":"https:\/\/horticom.ee\/e-pood\/wp-json\/wp\/v2\/product"}],"about":[{"href":"https:\/\/horticom.ee\/e-pood\/wp-json\/wp\/v2\/types\/product"}],"replies":[{"embeddable":true,"href":"https:\/\/horticom.ee\/e-pood\/wp-json\/wp\/v2\/comments?post=153211"}],"wp:featuredmedia":[{"embeddable":true,"href":"https:\/\/horticom.ee\/e-pood\/wp-json\/wp\/v2\/media\/171388"}],"wp:attachment":[{"href":"https:\/\/horticom.ee\/e-pood\/wp-json\/wp\/v2\/media?parent=153211"}],"wp:term":[{"taxonomy":"product_cat","embeddable":true,"href":"https:\/\/horticom.ee\/e-pood\/wp-json\/wp\/v2\/product_cat?post=153211"},{"taxonomy":"product_tag","embeddable":true,"href":"https:\/\/horticom.ee\/e-pood\/wp-json\/wp\/v2\/product_tag?post=153211"}],"curies":[{"name":"wp","href":"https:\/\/api.w.org\/{rel}","templated":true}]}}