{"id":153212,"date":"2022-01-17T16:03:48","date_gmt":"2022-01-17T14:03:48","guid":{"rendered":"https:\/\/aednik24.ee\/toode\/ahtalehine-peiulill-golden-gem-tagetes-tenuifolia-cav-g\/"},"modified":"2026-05-08T03:05:59","modified_gmt":"2026-05-08T00:05:59","slug":"ahtalehine-peiulill-golden-gem-tagetes-tenuifolia-cav-g","status":"publish","type":"product","link":"https:\/\/horticom.ee\/e-pood\/toode\/ahtalehine-peiulill-golden-gem-tagetes-tenuifolia-cav-g\/","title":{"rendered":"Ahtalehine peiulill Scotch Marigold Golden Gem- Tagetes tenuifolia Cav."},"content":{"rendered":"<p>Ahtalehine peiulill Golden Gem on v\u00e4hen\u00f5udlik ja vastupidav lill peenrale ja r\u00f5dukasti, \u00f5itseb rikkalikult hiliss\u00fcgiseni. K\u00f5rgus 25cm. Talub ka poolvarju. K\u00fclv aprillis k\u00fclvikasti. Pikeeritud taimed istutatakse kasvukohale peale \u00f6\u00f6k\u00fclmi. V\u00f5ib k\u00fclvata ka otse peenrale.<\/p>\n","protected":false},"excerpt":{"rendered":"<p>Ahtalehine peiulill Golden Gem on v\u00e4hen\u00f5udlik ja vastupidav lill peenrale ja r\u00f5dukasti, \u00f5itseb rikkalikult hiliss\u00fcgiseni. K\u00f5rgus 25cm. Talub ka poolvarju. K\u00fclv aprillis k\u00fclvikasti. Pikeeritud taimed istutatakse kasvukohale peale \u00f6\u00f6k\u00fclmi. V\u00f5ib k\u00fclvata ka otse peenrale.<\/p>\n","protected":false},"featured_media":171384,"comment_status":"closed","ping_status":"closed","template":"","meta":{"_themeisle_gutenberg_block_has_review":false},"product_cat":[13510],"product_tag":[],"class_list":{"0":"post-153212","1":"product","2":"type-product","3":"status-publish","4":"has-post-thumbnail","6":"product_cat-peiulill","8":"first","9":"instock","10":"shipping-taxable","11":"purchasable","12":"product-type-simple"},"yoast_head":"<!-- This site is optimized with the Yoast SEO plugin v24.0 - https:\/\/yoast.com\/wordpress\/plugins\/seo\/ -->\n<title>Ahtalehine peiulill Scotch Marigold Golden Gem<\/title>\n<meta name=\"description\" content=\"Ahtalehine peiulill Golden Gem on v\u00e4hen\u00f5udlik ja vastupidav lill peenrale ja r\u00f5dukasti, \u00f5itseb rikkalikult hiliss\u00fcgiseni. K\u00f5rgus 25cm.\" \/>\n<meta name=\"robots\" content=\"index, follow, max-snippet:-1, max-image-preview:large, max-video-preview:-1\" \/>\n<link rel=\"canonical\" href=\"https:\/\/horticom.ee\/e-pood\/toode\/ahtalehine-peiulill-golden-gem-tagetes-tenuifolia-cav-g\/\" \/>\n<meta property=\"og:locale\" content=\"et_EE\" \/>\n<meta property=\"og:type\" content=\"article\" \/>\n<meta property=\"og:title\" content=\"Ahtalehine peiulill Scotch Marigold Golden Gem\" \/>\n<meta property=\"og:description\" content=\"Ahtalehine peiulill Golden Gem on v\u00e4hen\u00f5udlik ja vastupidav lill peenrale ja r\u00f5dukasti, \u00f5itseb rikkalikult hiliss\u00fcgiseni. K\u00f5rgus 25cm.\" \/>\n<meta property=\"og:url\" content=\"https:\/\/horticom.ee\/e-pood\/toode\/ahtalehine-peiulill-golden-gem-tagetes-tenuifolia-cav-g\/\" \/>\n<meta property=\"og:site_name\" content=\"Horticom.ee\" \/>\n<meta property=\"article:publisher\" content=\"https:\/\/www.facebook.com\/horticom.ee\/e-pood\" \/>\n<meta property=\"article:modified_time\" content=\"2026-05-08T00:05:59+00:00\" \/>\n<meta property=\"og:image\" content=\"https:\/\/horticom.ee\/e-pood\/wp-content\/uploads\/importedmedia\/product-153212_0-L26504.jpg\" \/>\n\t<meta property=\"og:image:width\" content=\"1000\" \/>\n\t<meta property=\"og:image:height\" content=\"1756\" \/>\n\t<meta property=\"og:image:type\" content=\"image\/jpeg\" \/>\n<meta name=\"twitter:card\" content=\"summary_large_image\" \/>\n<script type=\"application\/ld+json\" class=\"yoast-schema-graph\">{\"@context\":\"https:\/\/schema.org\",\"@graph\":[{\"@type\":\"WebPage\",\"@id\":\"https:\/\/horticom.ee\/e-pood\/toode\/ahtalehine-peiulill-golden-gem-tagetes-tenuifolia-cav-g\/\",\"url\":\"https:\/\/horticom.ee\/e-pood\/toode\/ahtalehine-peiulill-golden-gem-tagetes-tenuifolia-cav-g\/\",\"name\":\"Ahtalehine peiulill Scotch Marigold Golden Gem\",\"isPartOf\":{\"@id\":\"https:\/\/horticom.ee\/e-pood\/#website\"},\"primaryImageOfPage\":{\"@id\":\"https:\/\/horticom.ee\/e-pood\/toode\/ahtalehine-peiulill-golden-gem-tagetes-tenuifolia-cav-g\/#primaryimage\"},\"image\":{\"@id\":\"https:\/\/horticom.ee\/e-pood\/toode\/ahtalehine-peiulill-golden-gem-tagetes-tenuifolia-cav-g\/#primaryimage\"},\"thumbnailUrl\":\"https:\/\/horticom.ee\/e-pood\/wp-content\/uploads\/importedmedia\/product-153212_0-L26504.jpg\",\"datePublished\":\"2022-01-17T14:03:48+00:00\",\"dateModified\":\"2026-05-08T00:05:59+00:00\",\"description\":\"Ahtalehine peiulill Golden Gem on v\u00e4hen\u00f5udlik ja vastupidav lill peenrale ja r\u00f5dukasti, \u00f5itseb rikkalikult hiliss\u00fcgiseni. K\u00f5rgus 25cm.\",\"breadcrumb\":{\"@id\":\"https:\/\/horticom.ee\/e-pood\/toode\/ahtalehine-peiulill-golden-gem-tagetes-tenuifolia-cav-g\/#breadcrumb\"},\"inLanguage\":\"et\",\"potentialAction\":[{\"@type\":\"ReadAction\",\"target\":[\"https:\/\/horticom.ee\/e-pood\/toode\/ahtalehine-peiulill-golden-gem-tagetes-tenuifolia-cav-g\/\"]}]},{\"@type\":\"ImageObject\",\"inLanguage\":\"et\",\"@id\":\"https:\/\/horticom.ee\/e-pood\/toode\/ahtalehine-peiulill-golden-gem-tagetes-tenuifolia-cav-g\/#primaryimage\",\"url\":\"https:\/\/horticom.ee\/e-pood\/wp-content\/uploads\/importedmedia\/product-153212_0-L26504.jpg\",\"contentUrl\":\"https:\/\/horticom.ee\/e-pood\/wp-content\/uploads\/importedmedia\/product-153212_0-L26504.jpg\",\"width\":1000,\"height\":1756,\"caption\":\"Ahtalehine peiulill Scotch Marigold Golden Gem- Tagetes tenuifolia Cav.\"},{\"@type\":\"BreadcrumbList\",\"@id\":\"https:\/\/horticom.ee\/e-pood\/toode\/ahtalehine-peiulill-golden-gem-tagetes-tenuifolia-cav-g\/#breadcrumb\",\"itemListElement\":[{\"@type\":\"ListItem\",\"position\":1,\"name\":\"Home\",\"item\":\"https:\/\/horticom.ee\/e-pood\/\"},{\"@type\":\"ListItem\",\"position\":2,\"name\":\"Pood\",\"item\":\"https:\/\/horticom.ee\/e-pood\/pood\/\"},{\"@type\":\"ListItem\",\"position\":3,\"name\":\"Ahtalehine peiulill Scotch Marigold Golden Gem- Tagetes tenuifolia Cav.\"}]},{\"@type\":\"WebSite\",\"@id\":\"https:\/\/horticom.ee\/e-pood\/#website\",\"url\":\"https:\/\/horticom.ee\/e-pood\/\",\"name\":\"Horticom.ee\",\"description\":\"Aianduskaubad ja kodukaubad nii harrastajatele kui professionaalidele\",\"potentialAction\":[{\"@type\":\"SearchAction\",\"target\":{\"@type\":\"EntryPoint\",\"urlTemplate\":\"https:\/\/horticom.ee\/e-pood\/?s={search_term_string}\"},\"query-input\":{\"@type\":\"PropertyValueSpecification\",\"valueRequired\":true,\"valueName\":\"search_term_string\"}}],\"inLanguage\":\"et\"}]}<\/script>\n<!-- \/ Yoast SEO plugin. -->","yoast_head_json":{"title":"Ahtalehine peiulill Scotch Marigold Golden Gem","description":"Ahtalehine peiulill Golden Gem on v\u00e4hen\u00f5udlik ja vastupidav lill peenrale ja r\u00f5dukasti, \u00f5itseb rikkalikult hiliss\u00fcgiseni. K\u00f5rgus 25cm.","robots":{"index":"index","follow":"follow","max-snippet":"max-snippet:-1","max-image-preview":"max-image-preview:large","max-video-preview":"max-video-preview:-1"},"canonical":"https:\/\/horticom.ee\/e-pood\/toode\/ahtalehine-peiulill-golden-gem-tagetes-tenuifolia-cav-g\/","og_locale":"et_EE","og_type":"article","og_title":"Ahtalehine peiulill Scotch Marigold Golden Gem","og_description":"Ahtalehine peiulill Golden Gem on v\u00e4hen\u00f5udlik ja vastupidav lill peenrale ja r\u00f5dukasti, \u00f5itseb rikkalikult hiliss\u00fcgiseni. K\u00f5rgus 25cm.","og_url":"https:\/\/horticom.ee\/e-pood\/toode\/ahtalehine-peiulill-golden-gem-tagetes-tenuifolia-cav-g\/","og_site_name":"Horticom.ee","article_publisher":"https:\/\/www.facebook.com\/horticom.ee\/e-pood","article_modified_time":"2026-05-08T00:05:59+00:00","og_image":[{"width":1000,"height":1756,"url":"https:\/\/horticom.ee\/e-pood\/wp-content\/uploads\/importedmedia\/product-153212_0-L26504.jpg","type":"image\/jpeg"}],"twitter_card":"summary_large_image","schema":{"@context":"https:\/\/schema.org","@graph":[{"@type":"WebPage","@id":"https:\/\/horticom.ee\/e-pood\/toode\/ahtalehine-peiulill-golden-gem-tagetes-tenuifolia-cav-g\/","url":"https:\/\/horticom.ee\/e-pood\/toode\/ahtalehine-peiulill-golden-gem-tagetes-tenuifolia-cav-g\/","name":"Ahtalehine peiulill Scotch Marigold Golden Gem","isPartOf":{"@id":"https:\/\/horticom.ee\/e-pood\/#website"},"primaryImageOfPage":{"@id":"https:\/\/horticom.ee\/e-pood\/toode\/ahtalehine-peiulill-golden-gem-tagetes-tenuifolia-cav-g\/#primaryimage"},"image":{"@id":"https:\/\/horticom.ee\/e-pood\/toode\/ahtalehine-peiulill-golden-gem-tagetes-tenuifolia-cav-g\/#primaryimage"},"thumbnailUrl":"https:\/\/horticom.ee\/e-pood\/wp-content\/uploads\/importedmedia\/product-153212_0-L26504.jpg","datePublished":"2022-01-17T14:03:48+00:00","dateModified":"2026-05-08T00:05:59+00:00","description":"Ahtalehine peiulill Golden Gem on v\u00e4hen\u00f5udlik ja vastupidav lill peenrale ja r\u00f5dukasti, \u00f5itseb rikkalikult hiliss\u00fcgiseni. K\u00f5rgus 25cm.","breadcrumb":{"@id":"https:\/\/horticom.ee\/e-pood\/toode\/ahtalehine-peiulill-golden-gem-tagetes-tenuifolia-cav-g\/#breadcrumb"},"inLanguage":"et","potentialAction":[{"@type":"ReadAction","target":["https:\/\/horticom.ee\/e-pood\/toode\/ahtalehine-peiulill-golden-gem-tagetes-tenuifolia-cav-g\/"]}]},{"@type":"ImageObject","inLanguage":"et","@id":"https:\/\/horticom.ee\/e-pood\/toode\/ahtalehine-peiulill-golden-gem-tagetes-tenuifolia-cav-g\/#primaryimage","url":"https:\/\/horticom.ee\/e-pood\/wp-content\/uploads\/importedmedia\/product-153212_0-L26504.jpg","contentUrl":"https:\/\/horticom.ee\/e-pood\/wp-content\/uploads\/importedmedia\/product-153212_0-L26504.jpg","width":1000,"height":1756,"caption":"Ahtalehine peiulill Scotch Marigold Golden Gem- Tagetes tenuifolia Cav."},{"@type":"BreadcrumbList","@id":"https:\/\/horticom.ee\/e-pood\/toode\/ahtalehine-peiulill-golden-gem-tagetes-tenuifolia-cav-g\/#breadcrumb","itemListElement":[{"@type":"ListItem","position":1,"name":"Home","item":"https:\/\/horticom.ee\/e-pood\/"},{"@type":"ListItem","position":2,"name":"Pood","item":"https:\/\/horticom.ee\/e-pood\/pood\/"},{"@type":"ListItem","position":3,"name":"Ahtalehine peiulill Scotch Marigold Golden Gem- Tagetes tenuifolia Cav."}]},{"@type":"WebSite","@id":"https:\/\/horticom.ee\/e-pood\/#website","url":"https:\/\/horticom.ee\/e-pood\/","name":"Horticom.ee","description":"Aianduskaubad ja kodukaubad nii harrastajatele kui professionaalidele","potentialAction":[{"@type":"SearchAction","target":{"@type":"EntryPoint","urlTemplate":"https:\/\/horticom.ee\/e-pood\/?s={search_term_string}"},"query-input":{"@type":"PropertyValueSpecification","valueRequired":true,"valueName":"search_term_string"}}],"inLanguage":"et"}]}},"_links":{"self":[{"href":"https:\/\/horticom.ee\/e-pood\/wp-json\/wp\/v2\/product\/153212","targetHints":{"allow":["GET"]}}],"collection":[{"href":"https:\/\/horticom.ee\/e-pood\/wp-json\/wp\/v2\/product"}],"about":[{"href":"https:\/\/horticom.ee\/e-pood\/wp-json\/wp\/v2\/types\/product"}],"replies":[{"embeddable":true,"href":"https:\/\/horticom.ee\/e-pood\/wp-json\/wp\/v2\/comments?post=153212"}],"wp:featuredmedia":[{"embeddable":true,"href":"https:\/\/horticom.ee\/e-pood\/wp-json\/wp\/v2\/media\/171384"}],"wp:attachment":[{"href":"https:\/\/horticom.ee\/e-pood\/wp-json\/wp\/v2\/media?parent=153212"}],"wp:term":[{"taxonomy":"product_cat","embeddable":true,"href":"https:\/\/horticom.ee\/e-pood\/wp-json\/wp\/v2\/product_cat?post=153212"},{"taxonomy":"product_tag","embeddable":true,"href":"https:\/\/horticom.ee\/e-pood\/wp-json\/wp\/v2\/product_tag?post=153212"}],"curies":[{"name":"wp","href":"https:\/\/api.w.org\/{rel}","templated":true}]}}