{"id":153238,"date":"2022-01-17T16:04:05","date_gmt":"2022-01-17T14:04:05","guid":{"rendered":"https:\/\/aednik24.ee\/toode\/muskaatkorvits-naples-long-cucurbita-moschata-duchesne-ex-lam-poir-b\/"},"modified":"2026-04-12T03:08:27","modified_gmt":"2026-04-12T00:08:27","slug":"muskaatkorvits-naples-long-cucurbita-moschata-duchesne-ex-lam-poir-b","status":"publish","type":"product","link":"https:\/\/horticom.ee\/e-pood\/toode\/muskaatkorvits-naples-long-cucurbita-moschata-duchesne-ex-lam-poir-b\/","title":{"rendered":"Muskaatk\u00f5rvits Naples long &#8211; Cucurbita moschata (Duchesne ex Lam.) Poir."},"content":{"rendered":"<p>Muskaatk\u00f5rvits Naples Long sobib kasutamiseks v\u00e4rskena ja pikemaajaliseks hoiustamiseks, hautamiseks, praadimiseks, suppide ja k\u00fcpsiste valmistamiseks. Saaki korjatakse 125 p\u00e4eva m\u00f6\u00f6dumisel peale istikute istutamist. Viljad on pirnikujulised, rohelise, triibulise koorega. Kaaluvad umbes 10 kg. Viljaliha on oran\u017ei v\u00e4rvi, magus, p\u00e4hklimaitseline. K\u00f5ige paremini kasvab saviliiv- v\u00f5i kerges liivsavimullas, tuulte eest kaitstud kohtades.<\/p>\n","protected":false},"excerpt":{"rendered":"<p>Muskaatk\u00f5rvits Naples Long sobib kasutamiseks v\u00e4rskena ja pikemaajaliseks hoiustamiseks, hautamiseks, praadimiseks, suppide ja k\u00fcpsiste valmistamiseks. Saaki korjatakse 125 p\u00e4eva m\u00f6\u00f6dumisel peale istikute istutamist. Viljad on pirnikujulised, rohelise, triibulise koorega. Kaaluvad umbes 10 kg. Viljaliha on oran\u017ei v\u00e4rvi, magus, p\u00e4hklimaitseline. K\u00f5ige paremini kasvab saviliiv- v\u00f5i kerges liivsavimullas, tuulte eest kaitstud kohtades.<\/p>\n","protected":false},"featured_media":171340,"comment_status":"closed","ping_status":"closed","template":"","meta":{"_themeisle_gutenberg_block_has_review":false},"product_cat":[13482],"product_tag":[],"class_list":{"0":"post-153238","1":"product","2":"type-product","3":"status-publish","4":"has-post-thumbnail","6":"product_cat-suvikorvits-korvits","8":"first","9":"instock","10":"shipping-taxable","11":"purchasable","12":"product-type-simple"},"yoast_head":"<!-- This site is optimized with the Yoast SEO plugin v24.0 - https:\/\/yoast.com\/wordpress\/plugins\/seo\/ -->\n<title>Muskaatk\u00f5rvits Naples long<\/title>\n<meta name=\"description\" content=\"Muskaatk\u00f5rvits Naples Long on suurep\u00e4rase p\u00e4hklimaitsega pirnikujulised viljad, mis kaaluvad kuni 10 kg. Rohelise triibulise koore ja oran\u017ei viljalihaga.\" \/>\n<meta name=\"robots\" content=\"index, follow, max-snippet:-1, max-image-preview:large, max-video-preview:-1\" \/>\n<link rel=\"canonical\" href=\"https:\/\/horticom.ee\/e-pood\/toode\/muskaatkorvits-naples-long-cucurbita-moschata-duchesne-ex-lam-poir-b\/\" \/>\n<meta property=\"og:locale\" content=\"et_EE\" \/>\n<meta property=\"og:type\" content=\"article\" \/>\n<meta property=\"og:title\" content=\"Muskaatk\u00f5rvits Naples long\" \/>\n<meta property=\"og:description\" content=\"Muskaatk\u00f5rvits Naples Long on suurep\u00e4rase p\u00e4hklimaitsega pirnikujulised viljad, mis kaaluvad kuni 10 kg. Rohelise triibulise koore ja oran\u017ei viljalihaga.\" \/>\n<meta property=\"og:url\" content=\"https:\/\/horticom.ee\/e-pood\/toode\/muskaatkorvits-naples-long-cucurbita-moschata-duchesne-ex-lam-poir-b\/\" \/>\n<meta property=\"og:site_name\" content=\"Horticom.ee\" \/>\n<meta property=\"article:publisher\" content=\"https:\/\/www.facebook.com\/horticom.ee\/e-pood\" \/>\n<meta property=\"article:modified_time\" content=\"2026-04-12T00:08:27+00:00\" \/>\n<meta property=\"og:image\" content=\"https:\/\/horticom.ee\/e-pood\/wp-content\/uploads\/importedmedia\/product-153238_0-L2126.jpg\" \/>\n\t<meta property=\"og:image:width\" content=\"999\" \/>\n\t<meta property=\"og:image:height\" content=\"1745\" \/>\n\t<meta property=\"og:image:type\" content=\"image\/jpeg\" \/>\n<meta name=\"twitter:card\" content=\"summary_large_image\" \/>\n<script type=\"application\/ld+json\" class=\"yoast-schema-graph\">{\"@context\":\"https:\/\/schema.org\",\"@graph\":[{\"@type\":\"WebPage\",\"@id\":\"https:\/\/horticom.ee\/e-pood\/toode\/muskaatkorvits-naples-long-cucurbita-moschata-duchesne-ex-lam-poir-b\/\",\"url\":\"https:\/\/horticom.ee\/e-pood\/toode\/muskaatkorvits-naples-long-cucurbita-moschata-duchesne-ex-lam-poir-b\/\",\"name\":\"Muskaatk\u00f5rvits Naples long\",\"isPartOf\":{\"@id\":\"https:\/\/horticom.ee\/e-pood\/#website\"},\"primaryImageOfPage\":{\"@id\":\"https:\/\/horticom.ee\/e-pood\/toode\/muskaatkorvits-naples-long-cucurbita-moschata-duchesne-ex-lam-poir-b\/#primaryimage\"},\"image\":{\"@id\":\"https:\/\/horticom.ee\/e-pood\/toode\/muskaatkorvits-naples-long-cucurbita-moschata-duchesne-ex-lam-poir-b\/#primaryimage\"},\"thumbnailUrl\":\"https:\/\/horticom.ee\/e-pood\/wp-content\/uploads\/importedmedia\/product-153238_0-L2126.jpg\",\"datePublished\":\"2022-01-17T14:04:05+00:00\",\"dateModified\":\"2026-04-12T00:08:27+00:00\",\"description\":\"Muskaatk\u00f5rvits Naples Long on suurep\u00e4rase p\u00e4hklimaitsega pirnikujulised viljad, mis kaaluvad kuni 10 kg. Rohelise triibulise koore ja oran\u017ei viljalihaga.\",\"breadcrumb\":{\"@id\":\"https:\/\/horticom.ee\/e-pood\/toode\/muskaatkorvits-naples-long-cucurbita-moschata-duchesne-ex-lam-poir-b\/#breadcrumb\"},\"inLanguage\":\"et\",\"potentialAction\":[{\"@type\":\"ReadAction\",\"target\":[\"https:\/\/horticom.ee\/e-pood\/toode\/muskaatkorvits-naples-long-cucurbita-moschata-duchesne-ex-lam-poir-b\/\"]}]},{\"@type\":\"ImageObject\",\"inLanguage\":\"et\",\"@id\":\"https:\/\/horticom.ee\/e-pood\/toode\/muskaatkorvits-naples-long-cucurbita-moschata-duchesne-ex-lam-poir-b\/#primaryimage\",\"url\":\"https:\/\/horticom.ee\/e-pood\/wp-content\/uploads\/importedmedia\/product-153238_0-L2126.jpg\",\"contentUrl\":\"https:\/\/horticom.ee\/e-pood\/wp-content\/uploads\/importedmedia\/product-153238_0-L2126.jpg\",\"width\":999,\"height\":1745,\"caption\":\"Muskaatk\u00f5rvits Naples long - Cucurbita moschata (Duchesne ex Lam.) Poir.\"},{\"@type\":\"BreadcrumbList\",\"@id\":\"https:\/\/horticom.ee\/e-pood\/toode\/muskaatkorvits-naples-long-cucurbita-moschata-duchesne-ex-lam-poir-b\/#breadcrumb\",\"itemListElement\":[{\"@type\":\"ListItem\",\"position\":1,\"name\":\"Home\",\"item\":\"https:\/\/horticom.ee\/e-pood\/\"},{\"@type\":\"ListItem\",\"position\":2,\"name\":\"Pood\",\"item\":\"https:\/\/horticom.ee\/e-pood\/pood\/\"},{\"@type\":\"ListItem\",\"position\":3,\"name\":\"Muskaatk\u00f5rvits Naples long &#8211; Cucurbita moschata (Duchesne ex Lam.) Poir.\"}]},{\"@type\":\"WebSite\",\"@id\":\"https:\/\/horticom.ee\/e-pood\/#website\",\"url\":\"https:\/\/horticom.ee\/e-pood\/\",\"name\":\"Horticom.ee\",\"description\":\"Aianduskaubad ja kodukaubad nii harrastajatele kui professionaalidele\",\"potentialAction\":[{\"@type\":\"SearchAction\",\"target\":{\"@type\":\"EntryPoint\",\"urlTemplate\":\"https:\/\/horticom.ee\/e-pood\/?s={search_term_string}\"},\"query-input\":{\"@type\":\"PropertyValueSpecification\",\"valueRequired\":true,\"valueName\":\"search_term_string\"}}],\"inLanguage\":\"et\"}]}<\/script>\n<!-- \/ Yoast SEO plugin. -->","yoast_head_json":{"title":"Muskaatk\u00f5rvits Naples long","description":"Muskaatk\u00f5rvits Naples Long on suurep\u00e4rase p\u00e4hklimaitsega pirnikujulised viljad, mis kaaluvad kuni 10 kg. Rohelise triibulise koore ja oran\u017ei viljalihaga.","robots":{"index":"index","follow":"follow","max-snippet":"max-snippet:-1","max-image-preview":"max-image-preview:large","max-video-preview":"max-video-preview:-1"},"canonical":"https:\/\/horticom.ee\/e-pood\/toode\/muskaatkorvits-naples-long-cucurbita-moschata-duchesne-ex-lam-poir-b\/","og_locale":"et_EE","og_type":"article","og_title":"Muskaatk\u00f5rvits Naples long","og_description":"Muskaatk\u00f5rvits Naples Long on suurep\u00e4rase p\u00e4hklimaitsega pirnikujulised viljad, mis kaaluvad kuni 10 kg. Rohelise triibulise koore ja oran\u017ei viljalihaga.","og_url":"https:\/\/horticom.ee\/e-pood\/toode\/muskaatkorvits-naples-long-cucurbita-moschata-duchesne-ex-lam-poir-b\/","og_site_name":"Horticom.ee","article_publisher":"https:\/\/www.facebook.com\/horticom.ee\/e-pood","article_modified_time":"2026-04-12T00:08:27+00:00","og_image":[{"width":999,"height":1745,"url":"https:\/\/horticom.ee\/e-pood\/wp-content\/uploads\/importedmedia\/product-153238_0-L2126.jpg","type":"image\/jpeg"}],"twitter_card":"summary_large_image","schema":{"@context":"https:\/\/schema.org","@graph":[{"@type":"WebPage","@id":"https:\/\/horticom.ee\/e-pood\/toode\/muskaatkorvits-naples-long-cucurbita-moschata-duchesne-ex-lam-poir-b\/","url":"https:\/\/horticom.ee\/e-pood\/toode\/muskaatkorvits-naples-long-cucurbita-moschata-duchesne-ex-lam-poir-b\/","name":"Muskaatk\u00f5rvits Naples long","isPartOf":{"@id":"https:\/\/horticom.ee\/e-pood\/#website"},"primaryImageOfPage":{"@id":"https:\/\/horticom.ee\/e-pood\/toode\/muskaatkorvits-naples-long-cucurbita-moschata-duchesne-ex-lam-poir-b\/#primaryimage"},"image":{"@id":"https:\/\/horticom.ee\/e-pood\/toode\/muskaatkorvits-naples-long-cucurbita-moschata-duchesne-ex-lam-poir-b\/#primaryimage"},"thumbnailUrl":"https:\/\/horticom.ee\/e-pood\/wp-content\/uploads\/importedmedia\/product-153238_0-L2126.jpg","datePublished":"2022-01-17T14:04:05+00:00","dateModified":"2026-04-12T00:08:27+00:00","description":"Muskaatk\u00f5rvits Naples Long on suurep\u00e4rase p\u00e4hklimaitsega pirnikujulised viljad, mis kaaluvad kuni 10 kg. Rohelise triibulise koore ja oran\u017ei viljalihaga.","breadcrumb":{"@id":"https:\/\/horticom.ee\/e-pood\/toode\/muskaatkorvits-naples-long-cucurbita-moschata-duchesne-ex-lam-poir-b\/#breadcrumb"},"inLanguage":"et","potentialAction":[{"@type":"ReadAction","target":["https:\/\/horticom.ee\/e-pood\/toode\/muskaatkorvits-naples-long-cucurbita-moschata-duchesne-ex-lam-poir-b\/"]}]},{"@type":"ImageObject","inLanguage":"et","@id":"https:\/\/horticom.ee\/e-pood\/toode\/muskaatkorvits-naples-long-cucurbita-moschata-duchesne-ex-lam-poir-b\/#primaryimage","url":"https:\/\/horticom.ee\/e-pood\/wp-content\/uploads\/importedmedia\/product-153238_0-L2126.jpg","contentUrl":"https:\/\/horticom.ee\/e-pood\/wp-content\/uploads\/importedmedia\/product-153238_0-L2126.jpg","width":999,"height":1745,"caption":"Muskaatk\u00f5rvits Naples long - Cucurbita moschata (Duchesne ex Lam.) Poir."},{"@type":"BreadcrumbList","@id":"https:\/\/horticom.ee\/e-pood\/toode\/muskaatkorvits-naples-long-cucurbita-moschata-duchesne-ex-lam-poir-b\/#breadcrumb","itemListElement":[{"@type":"ListItem","position":1,"name":"Home","item":"https:\/\/horticom.ee\/e-pood\/"},{"@type":"ListItem","position":2,"name":"Pood","item":"https:\/\/horticom.ee\/e-pood\/pood\/"},{"@type":"ListItem","position":3,"name":"Muskaatk\u00f5rvits Naples long &#8211; Cucurbita moschata (Duchesne ex Lam.) Poir."}]},{"@type":"WebSite","@id":"https:\/\/horticom.ee\/e-pood\/#website","url":"https:\/\/horticom.ee\/e-pood\/","name":"Horticom.ee","description":"Aianduskaubad ja kodukaubad nii harrastajatele kui professionaalidele","potentialAction":[{"@type":"SearchAction","target":{"@type":"EntryPoint","urlTemplate":"https:\/\/horticom.ee\/e-pood\/?s={search_term_string}"},"query-input":{"@type":"PropertyValueSpecification","valueRequired":true,"valueName":"search_term_string"}}],"inLanguage":"et"}]}},"_links":{"self":[{"href":"https:\/\/horticom.ee\/e-pood\/wp-json\/wp\/v2\/product\/153238","targetHints":{"allow":["GET"]}}],"collection":[{"href":"https:\/\/horticom.ee\/e-pood\/wp-json\/wp\/v2\/product"}],"about":[{"href":"https:\/\/horticom.ee\/e-pood\/wp-json\/wp\/v2\/types\/product"}],"replies":[{"embeddable":true,"href":"https:\/\/horticom.ee\/e-pood\/wp-json\/wp\/v2\/comments?post=153238"}],"wp:featuredmedia":[{"embeddable":true,"href":"https:\/\/horticom.ee\/e-pood\/wp-json\/wp\/v2\/media\/171340"}],"wp:attachment":[{"href":"https:\/\/horticom.ee\/e-pood\/wp-json\/wp\/v2\/media?parent=153238"}],"wp:term":[{"taxonomy":"product_cat","embeddable":true,"href":"https:\/\/horticom.ee\/e-pood\/wp-json\/wp\/v2\/product_cat?post=153238"},{"taxonomy":"product_tag","embeddable":true,"href":"https:\/\/horticom.ee\/e-pood\/wp-json\/wp\/v2\/product_tag?post=153238"}],"curies":[{"name":"wp","href":"https:\/\/api.w.org\/{rel}","templated":true}]}}