{"id":153245,"date":"2022-01-17T16:04:10","date_gmt":"2022-01-17T14:04:10","guid":{"rendered":"https:\/\/aednik24.ee\/toode\/porgand-galaxy-daucus-carota-l-b\/"},"modified":"2026-04-21T03:14:34","modified_gmt":"2026-04-21T00:14:34","slug":"porgand-galaxy-daucus-carota-l-b","status":"publish","type":"product","link":"https:\/\/horticom.ee\/e-pood\/toode\/porgand-galaxy-daucus-carota-l-b\/","title":{"rendered":"Porgand Galaxy &#8211; Daucus carota L."},"content":{"rendered":"<p>Porgand Galaxy on keskvarajane, saagikas, nantes t\u00fc\u00fcpi sort. Kavuperiood 105-110 p\u00e4eva. Viljad 18-20 cm, ei kasva pinnale, \u00fclemine osa ei l\u00e4he roheliseks. Eelistab p\u00e4ikeselist kasvukohta ning viljakat pinnast. S\u00e4ilib talveni.<\/p>\n","protected":false},"excerpt":{"rendered":"<p>Porgand Galaxy on keskvarajane, saagikas, nantes t\u00fc\u00fcpi sort. Kavuperiood 105-110 p\u00e4eva. Viljad 18-20 cm, ei kasva pinnale, \u00fclemine osa ei l\u00e4he roheliseks. Eelistab p\u00e4ikeselist kasvukohta ning viljakat pinnast. S\u00e4ilib talveni.<\/p>\n","protected":false},"featured_media":171326,"comment_status":"closed","ping_status":"closed","template":"","meta":{"_themeisle_gutenberg_block_has_review":false},"product_cat":[13487],"product_tag":[],"class_list":{"0":"post-153245","1":"product","2":"type-product","3":"status-publish","4":"has-post-thumbnail","6":"product_cat-porgand-pastinaak","8":"first","9":"instock","10":"shipping-taxable","11":"purchasable","12":"product-type-simple"},"yoast_head":"<!-- This site is optimized with the Yoast SEO plugin v24.0 - https:\/\/yoast.com\/wordpress\/plugins\/seo\/ -->\n<title>Porgand Galaxy - Daucus carota L. - Horticom.ee\/e-pood<\/title>\n<meta name=\"description\" content=\"Porgand Galaxy on keskvarajane ja saagikas nantes t\u00fc\u00fcpi porgand. Viljad on 18-20 cm, magusad ja mahlased, sobivad s\u00e4ilitamiseks.\" \/>\n<meta name=\"robots\" content=\"index, follow, max-snippet:-1, max-image-preview:large, max-video-preview:-1\" \/>\n<link rel=\"canonical\" href=\"https:\/\/horticom.ee\/e-pood\/toode\/porgand-galaxy-daucus-carota-l-b\/\" \/>\n<meta property=\"og:locale\" content=\"et_EE\" \/>\n<meta property=\"og:type\" content=\"article\" \/>\n<meta property=\"og:title\" content=\"Porgand Galaxy - Daucus carota L. - Horticom.ee\/e-pood\" \/>\n<meta property=\"og:description\" content=\"Porgand Galaxy on keskvarajane ja saagikas nantes t\u00fc\u00fcpi porgand. Viljad on 18-20 cm, magusad ja mahlased, sobivad s\u00e4ilitamiseks.\" \/>\n<meta property=\"og:url\" content=\"https:\/\/horticom.ee\/e-pood\/toode\/porgand-galaxy-daucus-carota-l-b\/\" \/>\n<meta property=\"og:site_name\" content=\"Horticom.ee\" \/>\n<meta property=\"article:publisher\" content=\"https:\/\/www.facebook.com\/horticom.ee\/e-pood\" \/>\n<meta property=\"article:modified_time\" content=\"2026-04-21T00:14:34+00:00\" \/>\n<meta property=\"og:image\" content=\"https:\/\/horticom.ee\/e-pood\/wp-content\/uploads\/importedmedia\/product-153245_0-L2339.jpg\" \/>\n\t<meta property=\"og:image:width\" content=\"1000\" \/>\n\t<meta property=\"og:image:height\" content=\"1736\" \/>\n\t<meta property=\"og:image:type\" content=\"image\/jpeg\" \/>\n<meta name=\"twitter:card\" content=\"summary_large_image\" \/>\n<script type=\"application\/ld+json\" class=\"yoast-schema-graph\">{\"@context\":\"https:\/\/schema.org\",\"@graph\":[{\"@type\":\"WebPage\",\"@id\":\"https:\/\/horticom.ee\/e-pood\/toode\/porgand-galaxy-daucus-carota-l-b\/\",\"url\":\"https:\/\/horticom.ee\/e-pood\/toode\/porgand-galaxy-daucus-carota-l-b\/\",\"name\":\"Porgand Galaxy - Daucus carota L. - Horticom.ee\/e-pood\",\"isPartOf\":{\"@id\":\"https:\/\/horticom.ee\/e-pood\/#website\"},\"primaryImageOfPage\":{\"@id\":\"https:\/\/horticom.ee\/e-pood\/toode\/porgand-galaxy-daucus-carota-l-b\/#primaryimage\"},\"image\":{\"@id\":\"https:\/\/horticom.ee\/e-pood\/toode\/porgand-galaxy-daucus-carota-l-b\/#primaryimage\"},\"thumbnailUrl\":\"https:\/\/horticom.ee\/e-pood\/wp-content\/uploads\/importedmedia\/product-153245_0-L2339.jpg\",\"datePublished\":\"2022-01-17T14:04:10+00:00\",\"dateModified\":\"2026-04-21T00:14:34+00:00\",\"description\":\"Porgand Galaxy on keskvarajane ja saagikas nantes t\u00fc\u00fcpi porgand. Viljad on 18-20 cm, magusad ja mahlased, sobivad s\u00e4ilitamiseks.\",\"breadcrumb\":{\"@id\":\"https:\/\/horticom.ee\/e-pood\/toode\/porgand-galaxy-daucus-carota-l-b\/#breadcrumb\"},\"inLanguage\":\"et\",\"potentialAction\":[{\"@type\":\"ReadAction\",\"target\":[\"https:\/\/horticom.ee\/e-pood\/toode\/porgand-galaxy-daucus-carota-l-b\/\"]}]},{\"@type\":\"ImageObject\",\"inLanguage\":\"et\",\"@id\":\"https:\/\/horticom.ee\/e-pood\/toode\/porgand-galaxy-daucus-carota-l-b\/#primaryimage\",\"url\":\"https:\/\/horticom.ee\/e-pood\/wp-content\/uploads\/importedmedia\/product-153245_0-L2339.jpg\",\"contentUrl\":\"https:\/\/horticom.ee\/e-pood\/wp-content\/uploads\/importedmedia\/product-153245_0-L2339.jpg\",\"width\":1000,\"height\":1736,\"caption\":\"Porgand Galaxy - Daucus carota L.\"},{\"@type\":\"BreadcrumbList\",\"@id\":\"https:\/\/horticom.ee\/e-pood\/toode\/porgand-galaxy-daucus-carota-l-b\/#breadcrumb\",\"itemListElement\":[{\"@type\":\"ListItem\",\"position\":1,\"name\":\"Home\",\"item\":\"https:\/\/horticom.ee\/e-pood\/\"},{\"@type\":\"ListItem\",\"position\":2,\"name\":\"Pood\",\"item\":\"https:\/\/horticom.ee\/e-pood\/pood\/\"},{\"@type\":\"ListItem\",\"position\":3,\"name\":\"Porgand Galaxy &#8211; Daucus carota L.\"}]},{\"@type\":\"WebSite\",\"@id\":\"https:\/\/horticom.ee\/e-pood\/#website\",\"url\":\"https:\/\/horticom.ee\/e-pood\/\",\"name\":\"Horticom.ee\",\"description\":\"Aianduskaubad ja kodukaubad nii harrastajatele kui professionaalidele\",\"potentialAction\":[{\"@type\":\"SearchAction\",\"target\":{\"@type\":\"EntryPoint\",\"urlTemplate\":\"https:\/\/horticom.ee\/e-pood\/?s={search_term_string}\"},\"query-input\":{\"@type\":\"PropertyValueSpecification\",\"valueRequired\":true,\"valueName\":\"search_term_string\"}}],\"inLanguage\":\"et\"}]}<\/script>\n<!-- \/ Yoast SEO plugin. -->","yoast_head_json":{"title":"Porgand Galaxy - Daucus carota L. - Horticom.ee\/e-pood","description":"Porgand Galaxy on keskvarajane ja saagikas nantes t\u00fc\u00fcpi porgand. Viljad on 18-20 cm, magusad ja mahlased, sobivad s\u00e4ilitamiseks.","robots":{"index":"index","follow":"follow","max-snippet":"max-snippet:-1","max-image-preview":"max-image-preview:large","max-video-preview":"max-video-preview:-1"},"canonical":"https:\/\/horticom.ee\/e-pood\/toode\/porgand-galaxy-daucus-carota-l-b\/","og_locale":"et_EE","og_type":"article","og_title":"Porgand Galaxy - Daucus carota L. - Horticom.ee\/e-pood","og_description":"Porgand Galaxy on keskvarajane ja saagikas nantes t\u00fc\u00fcpi porgand. Viljad on 18-20 cm, magusad ja mahlased, sobivad s\u00e4ilitamiseks.","og_url":"https:\/\/horticom.ee\/e-pood\/toode\/porgand-galaxy-daucus-carota-l-b\/","og_site_name":"Horticom.ee","article_publisher":"https:\/\/www.facebook.com\/horticom.ee\/e-pood","article_modified_time":"2026-04-21T00:14:34+00:00","og_image":[{"width":1000,"height":1736,"url":"https:\/\/horticom.ee\/e-pood\/wp-content\/uploads\/importedmedia\/product-153245_0-L2339.jpg","type":"image\/jpeg"}],"twitter_card":"summary_large_image","schema":{"@context":"https:\/\/schema.org","@graph":[{"@type":"WebPage","@id":"https:\/\/horticom.ee\/e-pood\/toode\/porgand-galaxy-daucus-carota-l-b\/","url":"https:\/\/horticom.ee\/e-pood\/toode\/porgand-galaxy-daucus-carota-l-b\/","name":"Porgand Galaxy - Daucus carota L. - Horticom.ee\/e-pood","isPartOf":{"@id":"https:\/\/horticom.ee\/e-pood\/#website"},"primaryImageOfPage":{"@id":"https:\/\/horticom.ee\/e-pood\/toode\/porgand-galaxy-daucus-carota-l-b\/#primaryimage"},"image":{"@id":"https:\/\/horticom.ee\/e-pood\/toode\/porgand-galaxy-daucus-carota-l-b\/#primaryimage"},"thumbnailUrl":"https:\/\/horticom.ee\/e-pood\/wp-content\/uploads\/importedmedia\/product-153245_0-L2339.jpg","datePublished":"2022-01-17T14:04:10+00:00","dateModified":"2026-04-21T00:14:34+00:00","description":"Porgand Galaxy on keskvarajane ja saagikas nantes t\u00fc\u00fcpi porgand. Viljad on 18-20 cm, magusad ja mahlased, sobivad s\u00e4ilitamiseks.","breadcrumb":{"@id":"https:\/\/horticom.ee\/e-pood\/toode\/porgand-galaxy-daucus-carota-l-b\/#breadcrumb"},"inLanguage":"et","potentialAction":[{"@type":"ReadAction","target":["https:\/\/horticom.ee\/e-pood\/toode\/porgand-galaxy-daucus-carota-l-b\/"]}]},{"@type":"ImageObject","inLanguage":"et","@id":"https:\/\/horticom.ee\/e-pood\/toode\/porgand-galaxy-daucus-carota-l-b\/#primaryimage","url":"https:\/\/horticom.ee\/e-pood\/wp-content\/uploads\/importedmedia\/product-153245_0-L2339.jpg","contentUrl":"https:\/\/horticom.ee\/e-pood\/wp-content\/uploads\/importedmedia\/product-153245_0-L2339.jpg","width":1000,"height":1736,"caption":"Porgand Galaxy - Daucus carota L."},{"@type":"BreadcrumbList","@id":"https:\/\/horticom.ee\/e-pood\/toode\/porgand-galaxy-daucus-carota-l-b\/#breadcrumb","itemListElement":[{"@type":"ListItem","position":1,"name":"Home","item":"https:\/\/horticom.ee\/e-pood\/"},{"@type":"ListItem","position":2,"name":"Pood","item":"https:\/\/horticom.ee\/e-pood\/pood\/"},{"@type":"ListItem","position":3,"name":"Porgand Galaxy &#8211; Daucus carota L."}]},{"@type":"WebSite","@id":"https:\/\/horticom.ee\/e-pood\/#website","url":"https:\/\/horticom.ee\/e-pood\/","name":"Horticom.ee","description":"Aianduskaubad ja kodukaubad nii harrastajatele kui professionaalidele","potentialAction":[{"@type":"SearchAction","target":{"@type":"EntryPoint","urlTemplate":"https:\/\/horticom.ee\/e-pood\/?s={search_term_string}"},"query-input":{"@type":"PropertyValueSpecification","valueRequired":true,"valueName":"search_term_string"}}],"inLanguage":"et"}]}},"_links":{"self":[{"href":"https:\/\/horticom.ee\/e-pood\/wp-json\/wp\/v2\/product\/153245","targetHints":{"allow":["GET"]}}],"collection":[{"href":"https:\/\/horticom.ee\/e-pood\/wp-json\/wp\/v2\/product"}],"about":[{"href":"https:\/\/horticom.ee\/e-pood\/wp-json\/wp\/v2\/types\/product"}],"replies":[{"embeddable":true,"href":"https:\/\/horticom.ee\/e-pood\/wp-json\/wp\/v2\/comments?post=153245"}],"wp:featuredmedia":[{"embeddable":true,"href":"https:\/\/horticom.ee\/e-pood\/wp-json\/wp\/v2\/media\/171326"}],"wp:attachment":[{"href":"https:\/\/horticom.ee\/e-pood\/wp-json\/wp\/v2\/media?parent=153245"}],"wp:term":[{"taxonomy":"product_cat","embeddable":true,"href":"https:\/\/horticom.ee\/e-pood\/wp-json\/wp\/v2\/product_cat?post=153245"},{"taxonomy":"product_tag","embeddable":true,"href":"https:\/\/horticom.ee\/e-pood\/wp-json\/wp\/v2\/product_tag?post=153245"}],"curies":[{"name":"wp","href":"https:\/\/api.w.org\/{rel}","templated":true}]}}