{"id":153250,"date":"2022-01-17T16:04:14","date_gmt":"2022-01-17T14:04:14","guid":{"rendered":"https:\/\/aednik24.ee\/toode\/kurk-libelle-h-cucumis-sativus-l-b\/"},"modified":"2026-04-21T03:14:35","modified_gmt":"2026-04-21T00:14:35","slug":"kurk-libelle-h-cucumis-sativus-l-b","status":"publish","type":"product","link":"https:\/\/horticom.ee\/e-pood\/toode\/kurk-libelle-h-cucumis-sativus-l-b\/","title":{"rendered":"Kurk Libelle H &#8211; Cucumis sativus L."},"content":{"rendered":"<p>Kurk Libelle H &#8211; keskmiselt varajane h\u00fcbriidsort. Tumerohelised, 11\u201312cm pikkused, tihedak\u00fchmulised viljad, mis kaaluvad umbes 90 grammi. Annavad \u00fcheaegselt suure osa saagist. Sobivad hapendamiseks ja konserveerimiseks. V\u00f5ib kasvatada nii avamaal kui ka kasvuhoones. Klassikaline vabaltolmlev (mesilastolmlev) sort. Samasse kohta on kurki soovitatav istutada iga 2-3 aasta m\u00f6\u00f6dumisel. 1g umbes 40 seemet.<\/p>\n","protected":false},"excerpt":{"rendered":"<p>Kurk Libelle H &#8211; keskmiselt varajane h\u00fcbriidsort. Tumerohelised, 11\u201312cm pikkused, tihedak\u00fchmulised viljad, mis kaaluvad umbes 90 grammi. Annavad \u00fcheaegselt suure osa saagist. Sobivad hapendamiseks ja konserveerimiseks. V\u00f5ib kasvatada nii avamaal kui ka kasvuhoones. Klassikaline vabaltolmlev (mesilastolmlev) sort. Samasse kohta on kurki soovitatav istutada iga 2-3 aasta m\u00f6\u00f6dumisel. 1g umbes 40 seemet.<\/p>\n","protected":false},"featured_media":171312,"comment_status":"closed","ping_status":"closed","template":"","meta":{"_themeisle_gutenberg_block_has_review":false},"product_cat":[13493],"product_tag":[],"class_list":{"0":"post-153250","1":"product","2":"type-product","3":"status-publish","4":"has-post-thumbnail","6":"product_cat-kurk","8":"first","9":"outofstock","10":"shipping-taxable","11":"purchasable","12":"product-type-simple"},"yoast_head":"<!-- This site is optimized with the Yoast SEO plugin v24.0 - https:\/\/yoast.com\/wordpress\/plugins\/seo\/ -->\n<title>Kurk Libelle H - Cucumis sativus L. - Horticom.ee\/e-pood<\/title>\n<meta name=\"description\" content=\"Kurk Libelle H on keskvarajane h\u00fcbriid, tumeroheliste ja kergelt k\u00fchmuliste viljadega. Sobib h\u00e4sti hapendamiseks ja konserveerimiseks.\" \/>\n<meta name=\"robots\" content=\"index, follow, max-snippet:-1, max-image-preview:large, max-video-preview:-1\" \/>\n<link rel=\"canonical\" href=\"https:\/\/horticom.ee\/e-pood\/toode\/kurk-libelle-h-cucumis-sativus-l-b\/\" \/>\n<meta property=\"og:locale\" content=\"et_EE\" \/>\n<meta property=\"og:type\" content=\"article\" \/>\n<meta property=\"og:title\" content=\"Kurk Libelle H - Cucumis sativus L. - Horticom.ee\/e-pood\" \/>\n<meta property=\"og:description\" content=\"Kurk Libelle H on keskvarajane h\u00fcbriid, tumeroheliste ja kergelt k\u00fchmuliste viljadega. Sobib h\u00e4sti hapendamiseks ja konserveerimiseks.\" \/>\n<meta property=\"og:url\" content=\"https:\/\/horticom.ee\/e-pood\/toode\/kurk-libelle-h-cucumis-sativus-l-b\/\" \/>\n<meta property=\"og:site_name\" content=\"Horticom.ee\" \/>\n<meta property=\"article:publisher\" content=\"https:\/\/www.facebook.com\/horticom.ee\/e-pood\" \/>\n<meta property=\"article:modified_time\" content=\"2026-04-21T00:14:35+00:00\" \/>\n<meta property=\"og:image\" content=\"https:\/\/horticom.ee\/e-pood\/wp-content\/uploads\/importedmedia\/product-153250_0-L10180.jpg\" \/>\n\t<meta property=\"og:image:width\" content=\"1000\" \/>\n\t<meta property=\"og:image:height\" content=\"1759\" \/>\n\t<meta property=\"og:image:type\" content=\"image\/jpeg\" \/>\n<meta name=\"twitter:card\" content=\"summary_large_image\" \/>\n<script type=\"application\/ld+json\" class=\"yoast-schema-graph\">{\"@context\":\"https:\/\/schema.org\",\"@graph\":[{\"@type\":\"WebPage\",\"@id\":\"https:\/\/horticom.ee\/e-pood\/toode\/kurk-libelle-h-cucumis-sativus-l-b\/\",\"url\":\"https:\/\/horticom.ee\/e-pood\/toode\/kurk-libelle-h-cucumis-sativus-l-b\/\",\"name\":\"Kurk Libelle H - Cucumis sativus L. - Horticom.ee\/e-pood\",\"isPartOf\":{\"@id\":\"https:\/\/horticom.ee\/e-pood\/#website\"},\"primaryImageOfPage\":{\"@id\":\"https:\/\/horticom.ee\/e-pood\/toode\/kurk-libelle-h-cucumis-sativus-l-b\/#primaryimage\"},\"image\":{\"@id\":\"https:\/\/horticom.ee\/e-pood\/toode\/kurk-libelle-h-cucumis-sativus-l-b\/#primaryimage\"},\"thumbnailUrl\":\"https:\/\/horticom.ee\/e-pood\/wp-content\/uploads\/importedmedia\/product-153250_0-L10180.jpg\",\"datePublished\":\"2022-01-17T14:04:14+00:00\",\"dateModified\":\"2026-04-21T00:14:35+00:00\",\"description\":\"Kurk Libelle H on keskvarajane h\u00fcbriid, tumeroheliste ja kergelt k\u00fchmuliste viljadega. Sobib h\u00e4sti hapendamiseks ja konserveerimiseks.\",\"breadcrumb\":{\"@id\":\"https:\/\/horticom.ee\/e-pood\/toode\/kurk-libelle-h-cucumis-sativus-l-b\/#breadcrumb\"},\"inLanguage\":\"et\",\"potentialAction\":[{\"@type\":\"ReadAction\",\"target\":[\"https:\/\/horticom.ee\/e-pood\/toode\/kurk-libelle-h-cucumis-sativus-l-b\/\"]}]},{\"@type\":\"ImageObject\",\"inLanguage\":\"et\",\"@id\":\"https:\/\/horticom.ee\/e-pood\/toode\/kurk-libelle-h-cucumis-sativus-l-b\/#primaryimage\",\"url\":\"https:\/\/horticom.ee\/e-pood\/wp-content\/uploads\/importedmedia\/product-153250_0-L10180.jpg\",\"contentUrl\":\"https:\/\/horticom.ee\/e-pood\/wp-content\/uploads\/importedmedia\/product-153250_0-L10180.jpg\",\"width\":1000,\"height\":1759,\"caption\":\"Kurk Libelle H - Cucumis sativus L.\"},{\"@type\":\"BreadcrumbList\",\"@id\":\"https:\/\/horticom.ee\/e-pood\/toode\/kurk-libelle-h-cucumis-sativus-l-b\/#breadcrumb\",\"itemListElement\":[{\"@type\":\"ListItem\",\"position\":1,\"name\":\"Home\",\"item\":\"https:\/\/horticom.ee\/e-pood\/\"},{\"@type\":\"ListItem\",\"position\":2,\"name\":\"Pood\",\"item\":\"https:\/\/horticom.ee\/e-pood\/pood\/\"},{\"@type\":\"ListItem\",\"position\":3,\"name\":\"Kurk Libelle H &#8211; Cucumis sativus L.\"}]},{\"@type\":\"WebSite\",\"@id\":\"https:\/\/horticom.ee\/e-pood\/#website\",\"url\":\"https:\/\/horticom.ee\/e-pood\/\",\"name\":\"Horticom.ee\",\"description\":\"Aianduskaubad ja kodukaubad nii harrastajatele kui professionaalidele\",\"potentialAction\":[{\"@type\":\"SearchAction\",\"target\":{\"@type\":\"EntryPoint\",\"urlTemplate\":\"https:\/\/horticom.ee\/e-pood\/?s={search_term_string}\"},\"query-input\":{\"@type\":\"PropertyValueSpecification\",\"valueRequired\":true,\"valueName\":\"search_term_string\"}}],\"inLanguage\":\"et\"}]}<\/script>\n<!-- \/ Yoast SEO plugin. -->","yoast_head_json":{"title":"Kurk Libelle H - Cucumis sativus L. - Horticom.ee\/e-pood","description":"Kurk Libelle H on keskvarajane h\u00fcbriid, tumeroheliste ja kergelt k\u00fchmuliste viljadega. Sobib h\u00e4sti hapendamiseks ja konserveerimiseks.","robots":{"index":"index","follow":"follow","max-snippet":"max-snippet:-1","max-image-preview":"max-image-preview:large","max-video-preview":"max-video-preview:-1"},"canonical":"https:\/\/horticom.ee\/e-pood\/toode\/kurk-libelle-h-cucumis-sativus-l-b\/","og_locale":"et_EE","og_type":"article","og_title":"Kurk Libelle H - Cucumis sativus L. - Horticom.ee\/e-pood","og_description":"Kurk Libelle H on keskvarajane h\u00fcbriid, tumeroheliste ja kergelt k\u00fchmuliste viljadega. Sobib h\u00e4sti hapendamiseks ja konserveerimiseks.","og_url":"https:\/\/horticom.ee\/e-pood\/toode\/kurk-libelle-h-cucumis-sativus-l-b\/","og_site_name":"Horticom.ee","article_publisher":"https:\/\/www.facebook.com\/horticom.ee\/e-pood","article_modified_time":"2026-04-21T00:14:35+00:00","og_image":[{"width":1000,"height":1759,"url":"https:\/\/horticom.ee\/e-pood\/wp-content\/uploads\/importedmedia\/product-153250_0-L10180.jpg","type":"image\/jpeg"}],"twitter_card":"summary_large_image","schema":{"@context":"https:\/\/schema.org","@graph":[{"@type":"WebPage","@id":"https:\/\/horticom.ee\/e-pood\/toode\/kurk-libelle-h-cucumis-sativus-l-b\/","url":"https:\/\/horticom.ee\/e-pood\/toode\/kurk-libelle-h-cucumis-sativus-l-b\/","name":"Kurk Libelle H - Cucumis sativus L. - Horticom.ee\/e-pood","isPartOf":{"@id":"https:\/\/horticom.ee\/e-pood\/#website"},"primaryImageOfPage":{"@id":"https:\/\/horticom.ee\/e-pood\/toode\/kurk-libelle-h-cucumis-sativus-l-b\/#primaryimage"},"image":{"@id":"https:\/\/horticom.ee\/e-pood\/toode\/kurk-libelle-h-cucumis-sativus-l-b\/#primaryimage"},"thumbnailUrl":"https:\/\/horticom.ee\/e-pood\/wp-content\/uploads\/importedmedia\/product-153250_0-L10180.jpg","datePublished":"2022-01-17T14:04:14+00:00","dateModified":"2026-04-21T00:14:35+00:00","description":"Kurk Libelle H on keskvarajane h\u00fcbriid, tumeroheliste ja kergelt k\u00fchmuliste viljadega. Sobib h\u00e4sti hapendamiseks ja konserveerimiseks.","breadcrumb":{"@id":"https:\/\/horticom.ee\/e-pood\/toode\/kurk-libelle-h-cucumis-sativus-l-b\/#breadcrumb"},"inLanguage":"et","potentialAction":[{"@type":"ReadAction","target":["https:\/\/horticom.ee\/e-pood\/toode\/kurk-libelle-h-cucumis-sativus-l-b\/"]}]},{"@type":"ImageObject","inLanguage":"et","@id":"https:\/\/horticom.ee\/e-pood\/toode\/kurk-libelle-h-cucumis-sativus-l-b\/#primaryimage","url":"https:\/\/horticom.ee\/e-pood\/wp-content\/uploads\/importedmedia\/product-153250_0-L10180.jpg","contentUrl":"https:\/\/horticom.ee\/e-pood\/wp-content\/uploads\/importedmedia\/product-153250_0-L10180.jpg","width":1000,"height":1759,"caption":"Kurk Libelle H - Cucumis sativus L."},{"@type":"BreadcrumbList","@id":"https:\/\/horticom.ee\/e-pood\/toode\/kurk-libelle-h-cucumis-sativus-l-b\/#breadcrumb","itemListElement":[{"@type":"ListItem","position":1,"name":"Home","item":"https:\/\/horticom.ee\/e-pood\/"},{"@type":"ListItem","position":2,"name":"Pood","item":"https:\/\/horticom.ee\/e-pood\/pood\/"},{"@type":"ListItem","position":3,"name":"Kurk Libelle H &#8211; Cucumis sativus L."}]},{"@type":"WebSite","@id":"https:\/\/horticom.ee\/e-pood\/#website","url":"https:\/\/horticom.ee\/e-pood\/","name":"Horticom.ee","description":"Aianduskaubad ja kodukaubad nii harrastajatele kui professionaalidele","potentialAction":[{"@type":"SearchAction","target":{"@type":"EntryPoint","urlTemplate":"https:\/\/horticom.ee\/e-pood\/?s={search_term_string}"},"query-input":{"@type":"PropertyValueSpecification","valueRequired":true,"valueName":"search_term_string"}}],"inLanguage":"et"}]}},"_links":{"self":[{"href":"https:\/\/horticom.ee\/e-pood\/wp-json\/wp\/v2\/product\/153250","targetHints":{"allow":["GET"]}}],"collection":[{"href":"https:\/\/horticom.ee\/e-pood\/wp-json\/wp\/v2\/product"}],"about":[{"href":"https:\/\/horticom.ee\/e-pood\/wp-json\/wp\/v2\/types\/product"}],"replies":[{"embeddable":true,"href":"https:\/\/horticom.ee\/e-pood\/wp-json\/wp\/v2\/comments?post=153250"}],"wp:featuredmedia":[{"embeddable":true,"href":"https:\/\/horticom.ee\/e-pood\/wp-json\/wp\/v2\/media\/171312"}],"wp:attachment":[{"href":"https:\/\/horticom.ee\/e-pood\/wp-json\/wp\/v2\/media?parent=153250"}],"wp:term":[{"taxonomy":"product_cat","embeddable":true,"href":"https:\/\/horticom.ee\/e-pood\/wp-json\/wp\/v2\/product_cat?post=153250"},{"taxonomy":"product_tag","embeddable":true,"href":"https:\/\/horticom.ee\/e-pood\/wp-json\/wp\/v2\/product_tag?post=153250"}],"curies":[{"name":"wp","href":"https:\/\/api.w.org\/{rel}","templated":true}]}}