{"id":153254,"date":"2022-01-17T16:04:16","date_gmt":"2022-01-17T14:04:16","guid":{"rendered":"https:\/\/aednik24.ee\/toode\/arbuus-sugar-baby-citrullus-lanatus-thunb-matsum-et-nakai-b\/"},"modified":"2026-04-21T12:01:56","modified_gmt":"2026-04-21T09:01:56","slug":"arbuus-sugar-baby-citrullus-lanatus-thunb-matsum-et-nakai-b","status":"publish","type":"product","link":"https:\/\/horticom.ee\/e-pood\/toode\/arbuus-sugar-baby-citrullus-lanatus-thunb-matsum-et-nakai-b\/","title":{"rendered":"Arbuus Sugar baby &#8211; Citrullus lanatus (Thunb.) Matsum. et Nakai"},"content":{"rendered":"<p>Arbuus Sugar Baby on varajane sort. Viljaliha v\u00e4ga magusja mahlakas. Kasvuks vajab palju sooja. Soovitav kasvatada kasvuhoones v\u00f5i avamaal katteloori all soojal suvel.  Temperatuur kasvu ajal ei tohiks olla alla 15C. Saak korjata enne \u00f6\u00f6k\u00fclmi.<\/p>\n","protected":false},"excerpt":{"rendered":"<p>Arbuus Sugar Baby on varajane sort. Viljaliha v\u00e4ga magusja mahlakas. Kasvuks vajab palju sooja. Soovitav kasvatada kasvuhoones v\u00f5i avamaal katteloori all soojal suvel. Temperatuur kasvu ajal ei tohiks olla alla 15C. Saak korjata enne \u00f6\u00f6k\u00fclmi.<\/p>\n","protected":false},"featured_media":171308,"comment_status":"closed","ping_status":"closed","template":"","meta":{"_themeisle_gutenberg_block_has_review":false},"product_cat":[13498],"product_tag":[],"class_list":{"0":"post-153254","1":"product","2":"type-product","3":"status-publish","4":"has-post-thumbnail","6":"product_cat-arbuus-melon","8":"first","9":"instock","10":"shipping-taxable","11":"purchasable","12":"product-type-simple"},"yoast_head":"<!-- This site is optimized with the Yoast SEO plugin v24.0 - https:\/\/yoast.com\/wordpress\/plugins\/seo\/ -->\n<title>Arbuus Sugar baby<\/title>\n<meta name=\"description\" content=\"Arbuus Sugar Baby on varajane sort, magusa ja mahlaka viljalihaga. Sobib kasvatamiseks kasvuhoones v\u00f5i avamaal soojades tingimustes.\" \/>\n<meta name=\"robots\" content=\"index, follow, max-snippet:-1, max-image-preview:large, max-video-preview:-1\" \/>\n<link rel=\"canonical\" href=\"https:\/\/horticom.ee\/e-pood\/toode\/arbuus-sugar-baby-citrullus-lanatus-thunb-matsum-et-nakai-b\/\" \/>\n<meta property=\"og:locale\" content=\"et_EE\" \/>\n<meta property=\"og:type\" content=\"article\" \/>\n<meta property=\"og:title\" content=\"Arbuus Sugar baby\" \/>\n<meta property=\"og:description\" content=\"Arbuus Sugar Baby on varajane sort, magusa ja mahlaka viljalihaga. Sobib kasvatamiseks kasvuhoones v\u00f5i avamaal soojades tingimustes.\" \/>\n<meta property=\"og:url\" content=\"https:\/\/horticom.ee\/e-pood\/toode\/arbuus-sugar-baby-citrullus-lanatus-thunb-matsum-et-nakai-b\/\" \/>\n<meta property=\"og:site_name\" content=\"Horticom.ee\" \/>\n<meta property=\"article:publisher\" content=\"https:\/\/www.facebook.com\/horticom.ee\/e-pood\" \/>\n<meta property=\"article:modified_time\" content=\"2026-04-21T09:01:56+00:00\" \/>\n<meta property=\"og:image\" content=\"https:\/\/horticom.ee\/e-pood\/wp-content\/uploads\/importedmedia\/product-153254_0-L0301.jpg\" \/>\n\t<meta property=\"og:image:width\" content=\"999\" \/>\n\t<meta property=\"og:image:height\" content=\"1755\" \/>\n\t<meta property=\"og:image:type\" content=\"image\/jpeg\" \/>\n<meta name=\"twitter:card\" content=\"summary_large_image\" \/>\n<script type=\"application\/ld+json\" class=\"yoast-schema-graph\">{\"@context\":\"https:\/\/schema.org\",\"@graph\":[{\"@type\":\"WebPage\",\"@id\":\"https:\/\/horticom.ee\/e-pood\/toode\/arbuus-sugar-baby-citrullus-lanatus-thunb-matsum-et-nakai-b\/\",\"url\":\"https:\/\/horticom.ee\/e-pood\/toode\/arbuus-sugar-baby-citrullus-lanatus-thunb-matsum-et-nakai-b\/\",\"name\":\"Arbuus Sugar baby\",\"isPartOf\":{\"@id\":\"https:\/\/horticom.ee\/e-pood\/#website\"},\"primaryImageOfPage\":{\"@id\":\"https:\/\/horticom.ee\/e-pood\/toode\/arbuus-sugar-baby-citrullus-lanatus-thunb-matsum-et-nakai-b\/#primaryimage\"},\"image\":{\"@id\":\"https:\/\/horticom.ee\/e-pood\/toode\/arbuus-sugar-baby-citrullus-lanatus-thunb-matsum-et-nakai-b\/#primaryimage\"},\"thumbnailUrl\":\"https:\/\/horticom.ee\/e-pood\/wp-content\/uploads\/importedmedia\/product-153254_0-L0301.jpg\",\"datePublished\":\"2022-01-17T14:04:16+00:00\",\"dateModified\":\"2026-04-21T09:01:56+00:00\",\"description\":\"Arbuus Sugar Baby on varajane sort, magusa ja mahlaka viljalihaga. Sobib kasvatamiseks kasvuhoones v\u00f5i avamaal soojades tingimustes.\",\"breadcrumb\":{\"@id\":\"https:\/\/horticom.ee\/e-pood\/toode\/arbuus-sugar-baby-citrullus-lanatus-thunb-matsum-et-nakai-b\/#breadcrumb\"},\"inLanguage\":\"et\",\"potentialAction\":[{\"@type\":\"ReadAction\",\"target\":[\"https:\/\/horticom.ee\/e-pood\/toode\/arbuus-sugar-baby-citrullus-lanatus-thunb-matsum-et-nakai-b\/\"]}]},{\"@type\":\"ImageObject\",\"inLanguage\":\"et\",\"@id\":\"https:\/\/horticom.ee\/e-pood\/toode\/arbuus-sugar-baby-citrullus-lanatus-thunb-matsum-et-nakai-b\/#primaryimage\",\"url\":\"https:\/\/horticom.ee\/e-pood\/wp-content\/uploads\/importedmedia\/product-153254_0-L0301.jpg\",\"contentUrl\":\"https:\/\/horticom.ee\/e-pood\/wp-content\/uploads\/importedmedia\/product-153254_0-L0301.jpg\",\"width\":999,\"height\":1755,\"caption\":\"Arbuus Sugar baby - Citrullus lanatus (Thunb.) Matsum. et Nakai\"},{\"@type\":\"BreadcrumbList\",\"@id\":\"https:\/\/horticom.ee\/e-pood\/toode\/arbuus-sugar-baby-citrullus-lanatus-thunb-matsum-et-nakai-b\/#breadcrumb\",\"itemListElement\":[{\"@type\":\"ListItem\",\"position\":1,\"name\":\"Home\",\"item\":\"https:\/\/horticom.ee\/e-pood\/\"},{\"@type\":\"ListItem\",\"position\":2,\"name\":\"Pood\",\"item\":\"https:\/\/horticom.ee\/e-pood\/pood\/\"},{\"@type\":\"ListItem\",\"position\":3,\"name\":\"Arbuus Sugar baby &#8211; Citrullus lanatus (Thunb.) Matsum. et Nakai\"}]},{\"@type\":\"WebSite\",\"@id\":\"https:\/\/horticom.ee\/e-pood\/#website\",\"url\":\"https:\/\/horticom.ee\/e-pood\/\",\"name\":\"Horticom.ee\",\"description\":\"Aianduskaubad ja kodukaubad nii harrastajatele kui professionaalidele\",\"potentialAction\":[{\"@type\":\"SearchAction\",\"target\":{\"@type\":\"EntryPoint\",\"urlTemplate\":\"https:\/\/horticom.ee\/e-pood\/?s={search_term_string}\"},\"query-input\":{\"@type\":\"PropertyValueSpecification\",\"valueRequired\":true,\"valueName\":\"search_term_string\"}}],\"inLanguage\":\"et\"}]}<\/script>\n<!-- \/ Yoast SEO plugin. -->","yoast_head_json":{"title":"Arbuus Sugar baby","description":"Arbuus Sugar Baby on varajane sort, magusa ja mahlaka viljalihaga. Sobib kasvatamiseks kasvuhoones v\u00f5i avamaal soojades tingimustes.","robots":{"index":"index","follow":"follow","max-snippet":"max-snippet:-1","max-image-preview":"max-image-preview:large","max-video-preview":"max-video-preview:-1"},"canonical":"https:\/\/horticom.ee\/e-pood\/toode\/arbuus-sugar-baby-citrullus-lanatus-thunb-matsum-et-nakai-b\/","og_locale":"et_EE","og_type":"article","og_title":"Arbuus Sugar baby","og_description":"Arbuus Sugar Baby on varajane sort, magusa ja mahlaka viljalihaga. Sobib kasvatamiseks kasvuhoones v\u00f5i avamaal soojades tingimustes.","og_url":"https:\/\/horticom.ee\/e-pood\/toode\/arbuus-sugar-baby-citrullus-lanatus-thunb-matsum-et-nakai-b\/","og_site_name":"Horticom.ee","article_publisher":"https:\/\/www.facebook.com\/horticom.ee\/e-pood","article_modified_time":"2026-04-21T09:01:56+00:00","og_image":[{"width":999,"height":1755,"url":"https:\/\/horticom.ee\/e-pood\/wp-content\/uploads\/importedmedia\/product-153254_0-L0301.jpg","type":"image\/jpeg"}],"twitter_card":"summary_large_image","schema":{"@context":"https:\/\/schema.org","@graph":[{"@type":"WebPage","@id":"https:\/\/horticom.ee\/e-pood\/toode\/arbuus-sugar-baby-citrullus-lanatus-thunb-matsum-et-nakai-b\/","url":"https:\/\/horticom.ee\/e-pood\/toode\/arbuus-sugar-baby-citrullus-lanatus-thunb-matsum-et-nakai-b\/","name":"Arbuus Sugar baby","isPartOf":{"@id":"https:\/\/horticom.ee\/e-pood\/#website"},"primaryImageOfPage":{"@id":"https:\/\/horticom.ee\/e-pood\/toode\/arbuus-sugar-baby-citrullus-lanatus-thunb-matsum-et-nakai-b\/#primaryimage"},"image":{"@id":"https:\/\/horticom.ee\/e-pood\/toode\/arbuus-sugar-baby-citrullus-lanatus-thunb-matsum-et-nakai-b\/#primaryimage"},"thumbnailUrl":"https:\/\/horticom.ee\/e-pood\/wp-content\/uploads\/importedmedia\/product-153254_0-L0301.jpg","datePublished":"2022-01-17T14:04:16+00:00","dateModified":"2026-04-21T09:01:56+00:00","description":"Arbuus Sugar Baby on varajane sort, magusa ja mahlaka viljalihaga. Sobib kasvatamiseks kasvuhoones v\u00f5i avamaal soojades tingimustes.","breadcrumb":{"@id":"https:\/\/horticom.ee\/e-pood\/toode\/arbuus-sugar-baby-citrullus-lanatus-thunb-matsum-et-nakai-b\/#breadcrumb"},"inLanguage":"et","potentialAction":[{"@type":"ReadAction","target":["https:\/\/horticom.ee\/e-pood\/toode\/arbuus-sugar-baby-citrullus-lanatus-thunb-matsum-et-nakai-b\/"]}]},{"@type":"ImageObject","inLanguage":"et","@id":"https:\/\/horticom.ee\/e-pood\/toode\/arbuus-sugar-baby-citrullus-lanatus-thunb-matsum-et-nakai-b\/#primaryimage","url":"https:\/\/horticom.ee\/e-pood\/wp-content\/uploads\/importedmedia\/product-153254_0-L0301.jpg","contentUrl":"https:\/\/horticom.ee\/e-pood\/wp-content\/uploads\/importedmedia\/product-153254_0-L0301.jpg","width":999,"height":1755,"caption":"Arbuus Sugar baby - Citrullus lanatus (Thunb.) Matsum. et Nakai"},{"@type":"BreadcrumbList","@id":"https:\/\/horticom.ee\/e-pood\/toode\/arbuus-sugar-baby-citrullus-lanatus-thunb-matsum-et-nakai-b\/#breadcrumb","itemListElement":[{"@type":"ListItem","position":1,"name":"Home","item":"https:\/\/horticom.ee\/e-pood\/"},{"@type":"ListItem","position":2,"name":"Pood","item":"https:\/\/horticom.ee\/e-pood\/pood\/"},{"@type":"ListItem","position":3,"name":"Arbuus Sugar baby &#8211; Citrullus lanatus (Thunb.) Matsum. et Nakai"}]},{"@type":"WebSite","@id":"https:\/\/horticom.ee\/e-pood\/#website","url":"https:\/\/horticom.ee\/e-pood\/","name":"Horticom.ee","description":"Aianduskaubad ja kodukaubad nii harrastajatele kui professionaalidele","potentialAction":[{"@type":"SearchAction","target":{"@type":"EntryPoint","urlTemplate":"https:\/\/horticom.ee\/e-pood\/?s={search_term_string}"},"query-input":{"@type":"PropertyValueSpecification","valueRequired":true,"valueName":"search_term_string"}}],"inLanguage":"et"}]}},"_links":{"self":[{"href":"https:\/\/horticom.ee\/e-pood\/wp-json\/wp\/v2\/product\/153254","targetHints":{"allow":["GET"]}}],"collection":[{"href":"https:\/\/horticom.ee\/e-pood\/wp-json\/wp\/v2\/product"}],"about":[{"href":"https:\/\/horticom.ee\/e-pood\/wp-json\/wp\/v2\/types\/product"}],"replies":[{"embeddable":true,"href":"https:\/\/horticom.ee\/e-pood\/wp-json\/wp\/v2\/comments?post=153254"}],"wp:featuredmedia":[{"embeddable":true,"href":"https:\/\/horticom.ee\/e-pood\/wp-json\/wp\/v2\/media\/171308"}],"wp:attachment":[{"href":"https:\/\/horticom.ee\/e-pood\/wp-json\/wp\/v2\/media?parent=153254"}],"wp:term":[{"taxonomy":"product_cat","embeddable":true,"href":"https:\/\/horticom.ee\/e-pood\/wp-json\/wp\/v2\/product_cat?post=153254"},{"taxonomy":"product_tag","embeddable":true,"href":"https:\/\/horticom.ee\/e-pood\/wp-json\/wp\/v2\/product_tag?post=153254"}],"curies":[{"name":"wp","href":"https:\/\/api.w.org\/{rel}","templated":true}]}}