{"id":153259,"date":"2022-01-17T16:04:20","date_gmt":"2022-01-17T14:04:20","guid":{"rendered":"https:\/\/aednik24.ee\/toode\/poldkannak-e-lambasalat-gala-valerianella-locusta-l-c\/"},"modified":"2026-04-08T15:47:30","modified_gmt":"2026-04-08T12:47:30","slug":"poldkannak-e-lambasalat-gala-valerianella-locusta-l-c","status":"publish","type":"product","link":"https:\/\/horticom.ee\/e-pood\/toode\/poldkannak-e-lambasalat-gala-valerianella-locusta-l-c\/","title":{"rendered":"P\u00f5ldk\u00e4nnak e. lambasalat Gala &#8211; Valerianella locusta L."},"content":{"rendered":"<p>Varajane, kiire kasvugam kergesti kasvatatav jahukastekindel sort. Saagik\u00fcpsus 60 p\u00e4evaga. Taimed on v\u00e4heldased. Lehed rohelised, suured, ovaalsed, mahlakad, mahedad, p\u00e4hklit meenutava maitsega. Ei muutu kollaseks. K\u00fclvatakse suve jooksul mitu korda. Varajaseks kevadiseks saagiks k\u00fclvatakse s\u00fcgisel. Kasvatatakse kasvuhoones ja avamaal. Tarvitatakse kui salatit.<\/p>\n","protected":false},"excerpt":{"rendered":"<p>Varajane, kiire kasvugam kergesti kasvatatav jahukastekindel sort. Saagik\u00fcpsus 60 p\u00e4evaga. Taimed on v\u00e4heldased. Lehed rohelised, suured, ovaalsed, mahlakad, mahedad, p\u00e4hklit meenutava maitsega. Ei muutu kollaseks. K\u00fclvatakse suve jooksul mitu korda. Varajaseks kevadiseks saagiks k\u00fclvatakse s\u00fcgisel. Kasvatatakse kasvuhoones ja avamaal. Tarvitatakse kui salatit.<\/p>\n","protected":false},"featured_media":170504,"comment_status":"closed","ping_status":"closed","template":"","meta":{"_themeisle_gutenberg_block_has_review":false},"product_cat":[13484],"product_tag":[],"class_list":{"0":"post-153259","1":"product","2":"type-product","3":"status-publish","4":"has-post-thumbnail","6":"product_cat-salat-spinat-ruccola","8":"first","9":"instock","10":"shipping-taxable","11":"purchasable","12":"product-type-simple"},"yoast_head":"<!-- This site is optimized with the Yoast SEO plugin v24.0 - https:\/\/yoast.com\/wordpress\/plugins\/seo\/ -->\n<title>P\u00f5ldk\u00e4nnak e. lambasalat Gala - Valerianella locusta L.<\/title>\n<meta name=\"description\" content=\"Varajane lehtsalat \u2013 kiire kasvuga, maheda p\u00e4hklimaitsega rohelised lehed. Sobib kasvuhoonesse ja avamaale. Jahukastekindel.\" \/>\n<meta name=\"robots\" content=\"index, follow, max-snippet:-1, max-image-preview:large, max-video-preview:-1\" \/>\n<link rel=\"canonical\" href=\"https:\/\/horticom.ee\/e-pood\/toode\/poldkannak-e-lambasalat-gala-valerianella-locusta-l-c\/\" \/>\n<meta property=\"og:locale\" content=\"et_EE\" \/>\n<meta property=\"og:type\" content=\"article\" \/>\n<meta property=\"og:title\" content=\"P\u00f5ldk\u00e4nnak e. lambasalat Gala - Valerianella locusta L.\" \/>\n<meta property=\"og:description\" content=\"Varajane lehtsalat \u2013 kiire kasvuga, maheda p\u00e4hklimaitsega rohelised lehed. Sobib kasvuhoonesse ja avamaale. Jahukastekindel.\" \/>\n<meta property=\"og:url\" content=\"https:\/\/horticom.ee\/e-pood\/toode\/poldkannak-e-lambasalat-gala-valerianella-locusta-l-c\/\" \/>\n<meta property=\"og:site_name\" content=\"Horticom.ee\" \/>\n<meta property=\"article:publisher\" content=\"https:\/\/www.facebook.com\/horticom.ee\/e-pood\" \/>\n<meta property=\"article:modified_time\" content=\"2026-04-08T12:47:30+00:00\" \/>\n<meta property=\"og:image\" content=\"https:\/\/horticom.ee\/e-pood\/wp-content\/uploads\/importedmedia\/product-153259_0-L14800.jpg\" \/>\n\t<meta property=\"og:image:width\" content=\"1000\" \/>\n\t<meta property=\"og:image:height\" content=\"1742\" \/>\n\t<meta property=\"og:image:type\" content=\"image\/jpeg\" \/>\n<meta name=\"twitter:card\" content=\"summary_large_image\" \/>\n<script type=\"application\/ld+json\" class=\"yoast-schema-graph\">{\"@context\":\"https:\/\/schema.org\",\"@graph\":[{\"@type\":\"WebPage\",\"@id\":\"https:\/\/horticom.ee\/e-pood\/toode\/poldkannak-e-lambasalat-gala-valerianella-locusta-l-c\/\",\"url\":\"https:\/\/horticom.ee\/e-pood\/toode\/poldkannak-e-lambasalat-gala-valerianella-locusta-l-c\/\",\"name\":\"P\u00f5ldk\u00e4nnak e. lambasalat Gala - Valerianella locusta L.\",\"isPartOf\":{\"@id\":\"https:\/\/horticom.ee\/e-pood\/#website\"},\"primaryImageOfPage\":{\"@id\":\"https:\/\/horticom.ee\/e-pood\/toode\/poldkannak-e-lambasalat-gala-valerianella-locusta-l-c\/#primaryimage\"},\"image\":{\"@id\":\"https:\/\/horticom.ee\/e-pood\/toode\/poldkannak-e-lambasalat-gala-valerianella-locusta-l-c\/#primaryimage\"},\"thumbnailUrl\":\"https:\/\/horticom.ee\/e-pood\/wp-content\/uploads\/importedmedia\/product-153259_0-L14800.jpg\",\"datePublished\":\"2022-01-17T14:04:20+00:00\",\"dateModified\":\"2026-04-08T12:47:30+00:00\",\"description\":\"Varajane lehtsalat \u2013 kiire kasvuga, maheda p\u00e4hklimaitsega rohelised lehed. Sobib kasvuhoonesse ja avamaale. Jahukastekindel.\",\"breadcrumb\":{\"@id\":\"https:\/\/horticom.ee\/e-pood\/toode\/poldkannak-e-lambasalat-gala-valerianella-locusta-l-c\/#breadcrumb\"},\"inLanguage\":\"et\",\"potentialAction\":[{\"@type\":\"ReadAction\",\"target\":[\"https:\/\/horticom.ee\/e-pood\/toode\/poldkannak-e-lambasalat-gala-valerianella-locusta-l-c\/\"]}]},{\"@type\":\"ImageObject\",\"inLanguage\":\"et\",\"@id\":\"https:\/\/horticom.ee\/e-pood\/toode\/poldkannak-e-lambasalat-gala-valerianella-locusta-l-c\/#primaryimage\",\"url\":\"https:\/\/horticom.ee\/e-pood\/wp-content\/uploads\/importedmedia\/product-153259_0-L14800.jpg\",\"contentUrl\":\"https:\/\/horticom.ee\/e-pood\/wp-content\/uploads\/importedmedia\/product-153259_0-L14800.jpg\",\"width\":1000,\"height\":1742,\"caption\":\"P\u00f5ldk\u00e4nnak e. lambasalat Gala - Valerianella locusta L.\"},{\"@type\":\"BreadcrumbList\",\"@id\":\"https:\/\/horticom.ee\/e-pood\/toode\/poldkannak-e-lambasalat-gala-valerianella-locusta-l-c\/#breadcrumb\",\"itemListElement\":[{\"@type\":\"ListItem\",\"position\":1,\"name\":\"Home\",\"item\":\"https:\/\/horticom.ee\/e-pood\/\"},{\"@type\":\"ListItem\",\"position\":2,\"name\":\"Pood\",\"item\":\"https:\/\/horticom.ee\/e-pood\/pood\/\"},{\"@type\":\"ListItem\",\"position\":3,\"name\":\"P\u00f5ldk\u00e4nnak e. lambasalat Gala &#8211; Valerianella locusta L.\"}]},{\"@type\":\"WebSite\",\"@id\":\"https:\/\/horticom.ee\/e-pood\/#website\",\"url\":\"https:\/\/horticom.ee\/e-pood\/\",\"name\":\"Horticom.ee\",\"description\":\"Aianduskaubad ja kodukaubad nii harrastajatele kui professionaalidele\",\"potentialAction\":[{\"@type\":\"SearchAction\",\"target\":{\"@type\":\"EntryPoint\",\"urlTemplate\":\"https:\/\/horticom.ee\/e-pood\/?s={search_term_string}\"},\"query-input\":{\"@type\":\"PropertyValueSpecification\",\"valueRequired\":true,\"valueName\":\"search_term_string\"}}],\"inLanguage\":\"et\"}]}<\/script>\n<!-- \/ Yoast SEO plugin. -->","yoast_head_json":{"title":"P\u00f5ldk\u00e4nnak e. lambasalat Gala - Valerianella locusta L.","description":"Varajane lehtsalat \u2013 kiire kasvuga, maheda p\u00e4hklimaitsega rohelised lehed. Sobib kasvuhoonesse ja avamaale. Jahukastekindel.","robots":{"index":"index","follow":"follow","max-snippet":"max-snippet:-1","max-image-preview":"max-image-preview:large","max-video-preview":"max-video-preview:-1"},"canonical":"https:\/\/horticom.ee\/e-pood\/toode\/poldkannak-e-lambasalat-gala-valerianella-locusta-l-c\/","og_locale":"et_EE","og_type":"article","og_title":"P\u00f5ldk\u00e4nnak e. lambasalat Gala - Valerianella locusta L.","og_description":"Varajane lehtsalat \u2013 kiire kasvuga, maheda p\u00e4hklimaitsega rohelised lehed. Sobib kasvuhoonesse ja avamaale. Jahukastekindel.","og_url":"https:\/\/horticom.ee\/e-pood\/toode\/poldkannak-e-lambasalat-gala-valerianella-locusta-l-c\/","og_site_name":"Horticom.ee","article_publisher":"https:\/\/www.facebook.com\/horticom.ee\/e-pood","article_modified_time":"2026-04-08T12:47:30+00:00","og_image":[{"width":1000,"height":1742,"url":"https:\/\/horticom.ee\/e-pood\/wp-content\/uploads\/importedmedia\/product-153259_0-L14800.jpg","type":"image\/jpeg"}],"twitter_card":"summary_large_image","schema":{"@context":"https:\/\/schema.org","@graph":[{"@type":"WebPage","@id":"https:\/\/horticom.ee\/e-pood\/toode\/poldkannak-e-lambasalat-gala-valerianella-locusta-l-c\/","url":"https:\/\/horticom.ee\/e-pood\/toode\/poldkannak-e-lambasalat-gala-valerianella-locusta-l-c\/","name":"P\u00f5ldk\u00e4nnak e. lambasalat Gala - Valerianella locusta L.","isPartOf":{"@id":"https:\/\/horticom.ee\/e-pood\/#website"},"primaryImageOfPage":{"@id":"https:\/\/horticom.ee\/e-pood\/toode\/poldkannak-e-lambasalat-gala-valerianella-locusta-l-c\/#primaryimage"},"image":{"@id":"https:\/\/horticom.ee\/e-pood\/toode\/poldkannak-e-lambasalat-gala-valerianella-locusta-l-c\/#primaryimage"},"thumbnailUrl":"https:\/\/horticom.ee\/e-pood\/wp-content\/uploads\/importedmedia\/product-153259_0-L14800.jpg","datePublished":"2022-01-17T14:04:20+00:00","dateModified":"2026-04-08T12:47:30+00:00","description":"Varajane lehtsalat \u2013 kiire kasvuga, maheda p\u00e4hklimaitsega rohelised lehed. Sobib kasvuhoonesse ja avamaale. Jahukastekindel.","breadcrumb":{"@id":"https:\/\/horticom.ee\/e-pood\/toode\/poldkannak-e-lambasalat-gala-valerianella-locusta-l-c\/#breadcrumb"},"inLanguage":"et","potentialAction":[{"@type":"ReadAction","target":["https:\/\/horticom.ee\/e-pood\/toode\/poldkannak-e-lambasalat-gala-valerianella-locusta-l-c\/"]}]},{"@type":"ImageObject","inLanguage":"et","@id":"https:\/\/horticom.ee\/e-pood\/toode\/poldkannak-e-lambasalat-gala-valerianella-locusta-l-c\/#primaryimage","url":"https:\/\/horticom.ee\/e-pood\/wp-content\/uploads\/importedmedia\/product-153259_0-L14800.jpg","contentUrl":"https:\/\/horticom.ee\/e-pood\/wp-content\/uploads\/importedmedia\/product-153259_0-L14800.jpg","width":1000,"height":1742,"caption":"P\u00f5ldk\u00e4nnak e. lambasalat Gala - Valerianella locusta L."},{"@type":"BreadcrumbList","@id":"https:\/\/horticom.ee\/e-pood\/toode\/poldkannak-e-lambasalat-gala-valerianella-locusta-l-c\/#breadcrumb","itemListElement":[{"@type":"ListItem","position":1,"name":"Home","item":"https:\/\/horticom.ee\/e-pood\/"},{"@type":"ListItem","position":2,"name":"Pood","item":"https:\/\/horticom.ee\/e-pood\/pood\/"},{"@type":"ListItem","position":3,"name":"P\u00f5ldk\u00e4nnak e. lambasalat Gala &#8211; Valerianella locusta L."}]},{"@type":"WebSite","@id":"https:\/\/horticom.ee\/e-pood\/#website","url":"https:\/\/horticom.ee\/e-pood\/","name":"Horticom.ee","description":"Aianduskaubad ja kodukaubad nii harrastajatele kui professionaalidele","potentialAction":[{"@type":"SearchAction","target":{"@type":"EntryPoint","urlTemplate":"https:\/\/horticom.ee\/e-pood\/?s={search_term_string}"},"query-input":{"@type":"PropertyValueSpecification","valueRequired":true,"valueName":"search_term_string"}}],"inLanguage":"et"}]}},"_links":{"self":[{"href":"https:\/\/horticom.ee\/e-pood\/wp-json\/wp\/v2\/product\/153259","targetHints":{"allow":["GET"]}}],"collection":[{"href":"https:\/\/horticom.ee\/e-pood\/wp-json\/wp\/v2\/product"}],"about":[{"href":"https:\/\/horticom.ee\/e-pood\/wp-json\/wp\/v2\/types\/product"}],"replies":[{"embeddable":true,"href":"https:\/\/horticom.ee\/e-pood\/wp-json\/wp\/v2\/comments?post=153259"}],"wp:featuredmedia":[{"embeddable":true,"href":"https:\/\/horticom.ee\/e-pood\/wp-json\/wp\/v2\/media\/170504"}],"wp:attachment":[{"href":"https:\/\/horticom.ee\/e-pood\/wp-json\/wp\/v2\/media?parent=153259"}],"wp:term":[{"taxonomy":"product_cat","embeddable":true,"href":"https:\/\/horticom.ee\/e-pood\/wp-json\/wp\/v2\/product_cat?post=153259"},{"taxonomy":"product_tag","embeddable":true,"href":"https:\/\/horticom.ee\/e-pood\/wp-json\/wp\/v2\/product_tag?post=153259"}],"curies":[{"name":"wp","href":"https:\/\/api.w.org\/{rel}","templated":true}]}}