{"id":153287,"date":"2022-01-17T16:04:38","date_gmt":"2022-01-17T14:04:38","guid":{"rendered":"https:\/\/aednik24.ee\/toode\/rand-kivikilbik-snowcloth-lobularia-maritima-l-desv\/"},"modified":"2026-04-24T03:08:11","modified_gmt":"2026-04-24T00:08:11","slug":"rand-kivikilbik-snowcloth-lobularia-maritima-l-desv","status":"publish","type":"product","link":"https:\/\/horticom.ee\/e-pood\/toode\/rand-kivikilbik-snowcloth-lobularia-maritima-l-desv\/","title":{"rendered":"Rand-Kivikilbik Snowcloth"},"content":{"rendered":"<p>Rand-kivikilbik Snowcloth on \u00fcheaastane, kuni 12cm k\u00f5rgune pinnakattetaim. \u00d5ied v\u00e4ikesed, valged, meeldiva l\u00f5hnaga. Kasvab ja \u00f5itseb h\u00e4sti p\u00e4ikesepaistelises kohas ning ka osalises varjus. Mullastiku suhtes v\u00e4hen\u00f5udlik. Kasvatatakse haljasaladel, lillepeenardes, r\u00f5dudel. Meerikas taim.<\/p>\n","protected":false},"excerpt":{"rendered":"<p>Rand-kivikilbik Snowcloth on \u00fcheaastane, kuni 12cm k\u00f5rgune pinnakattetaim. \u00d5ied v\u00e4ikesed, valged, meeldiva l\u00f5hnaga. Kasvab ja \u00f5itseb h\u00e4sti p\u00e4ikesepaistelises kohas ning ka osalises varjus. Mullastiku suhtes v\u00e4hen\u00f5udlik. Kasvatatakse haljasaladel, lillepeenardes, r\u00f5dudel. Meerikas taim.<\/p>\n","protected":false},"featured_media":170448,"comment_status":"closed","ping_status":"closed","template":"","meta":{"_themeisle_gutenberg_block_has_review":false},"product_cat":[13527],"product_tag":[],"class_list":{"0":"post-153287","1":"product","2":"type-product","3":"status-publish","4":"has-post-thumbnail","6":"product_cat-kivikilbik-pasmaslill-keskpaevalill-portulak","8":"first","9":"instock","10":"shipping-taxable","11":"purchasable","12":"product-type-simple"},"yoast_head":"<!-- This site is optimized with the Yoast SEO plugin v24.0 - https:\/\/yoast.com\/wordpress\/plugins\/seo\/ -->\n<title>Rand-Kivikilbik Snowcloth - Horticom.ee\/e-pood<\/title>\n<meta name=\"description\" content=\"Rand-kivikilbik Snowcloth \u2013 12cm k\u00f5rgune l\u00f5hnavate \u00f5itega vaiptaim. Sobib peenardesse ja r\u00f5dudele, kasvab h\u00e4sti p\u00e4ikesepaistelises kohas.\" \/>\n<meta name=\"robots\" content=\"index, follow, max-snippet:-1, max-image-preview:large, max-video-preview:-1\" \/>\n<link rel=\"canonical\" href=\"https:\/\/horticom.ee\/e-pood\/toode\/rand-kivikilbik-snowcloth-lobularia-maritima-l-desv\/\" \/>\n<meta property=\"og:locale\" content=\"et_EE\" \/>\n<meta property=\"og:type\" content=\"article\" \/>\n<meta property=\"og:title\" content=\"Rand-Kivikilbik Snowcloth - Horticom.ee\/e-pood\" \/>\n<meta property=\"og:description\" content=\"Rand-kivikilbik Snowcloth \u2013 12cm k\u00f5rgune l\u00f5hnavate \u00f5itega vaiptaim. Sobib peenardesse ja r\u00f5dudele, kasvab h\u00e4sti p\u00e4ikesepaistelises kohas.\" \/>\n<meta property=\"og:url\" content=\"https:\/\/horticom.ee\/e-pood\/toode\/rand-kivikilbik-snowcloth-lobularia-maritima-l-desv\/\" \/>\n<meta property=\"og:site_name\" content=\"Horticom.ee\" \/>\n<meta property=\"article:publisher\" content=\"https:\/\/www.facebook.com\/horticom.ee\/e-pood\" \/>\n<meta property=\"article:modified_time\" content=\"2026-04-24T00:08:11+00:00\" \/>\n<meta property=\"og:image\" content=\"https:\/\/horticom.ee\/e-pood\/wp-content\/uploads\/importedmedia\/product-153287_0-PL0401-585x1024.jpg\" \/>\n\t<meta property=\"og:image:width\" content=\"585\" \/>\n\t<meta property=\"og:image:height\" content=\"1024\" \/>\n\t<meta property=\"og:image:type\" content=\"image\/jpeg\" \/>\n<meta name=\"twitter:card\" content=\"summary_large_image\" \/>\n<script type=\"application\/ld+json\" class=\"yoast-schema-graph\">{\"@context\":\"https:\/\/schema.org\",\"@graph\":[{\"@type\":\"WebPage\",\"@id\":\"https:\/\/horticom.ee\/e-pood\/toode\/rand-kivikilbik-snowcloth-lobularia-maritima-l-desv\/\",\"url\":\"https:\/\/horticom.ee\/e-pood\/toode\/rand-kivikilbik-snowcloth-lobularia-maritima-l-desv\/\",\"name\":\"Rand-Kivikilbik Snowcloth - Horticom.ee\/e-pood\",\"isPartOf\":{\"@id\":\"https:\/\/horticom.ee\/e-pood\/#website\"},\"primaryImageOfPage\":{\"@id\":\"https:\/\/horticom.ee\/e-pood\/toode\/rand-kivikilbik-snowcloth-lobularia-maritima-l-desv\/#primaryimage\"},\"image\":{\"@id\":\"https:\/\/horticom.ee\/e-pood\/toode\/rand-kivikilbik-snowcloth-lobularia-maritima-l-desv\/#primaryimage\"},\"thumbnailUrl\":\"https:\/\/horticom.ee\/e-pood\/wp-content\/uploads\/importedmedia\/product-153287_0-PL0401.jpg\",\"datePublished\":\"2022-01-17T14:04:38+00:00\",\"dateModified\":\"2026-04-24T00:08:11+00:00\",\"description\":\"Rand-kivikilbik Snowcloth \u2013 12cm k\u00f5rgune l\u00f5hnavate \u00f5itega vaiptaim. Sobib peenardesse ja r\u00f5dudele, kasvab h\u00e4sti p\u00e4ikesepaistelises kohas.\",\"breadcrumb\":{\"@id\":\"https:\/\/horticom.ee\/e-pood\/toode\/rand-kivikilbik-snowcloth-lobularia-maritima-l-desv\/#breadcrumb\"},\"inLanguage\":\"et\",\"potentialAction\":[{\"@type\":\"ReadAction\",\"target\":[\"https:\/\/horticom.ee\/e-pood\/toode\/rand-kivikilbik-snowcloth-lobularia-maritima-l-desv\/\"]}]},{\"@type\":\"ImageObject\",\"inLanguage\":\"et\",\"@id\":\"https:\/\/horticom.ee\/e-pood\/toode\/rand-kivikilbik-snowcloth-lobularia-maritima-l-desv\/#primaryimage\",\"url\":\"https:\/\/horticom.ee\/e-pood\/wp-content\/uploads\/importedmedia\/product-153287_0-PL0401.jpg\",\"contentUrl\":\"https:\/\/horticom.ee\/e-pood\/wp-content\/uploads\/importedmedia\/product-153287_0-PL0401.jpg\",\"width\":1000,\"height\":1750,\"caption\":\"Rand-Kivikilbik Snowcloth\"},{\"@type\":\"BreadcrumbList\",\"@id\":\"https:\/\/horticom.ee\/e-pood\/toode\/rand-kivikilbik-snowcloth-lobularia-maritima-l-desv\/#breadcrumb\",\"itemListElement\":[{\"@type\":\"ListItem\",\"position\":1,\"name\":\"Home\",\"item\":\"https:\/\/horticom.ee\/e-pood\/\"},{\"@type\":\"ListItem\",\"position\":2,\"name\":\"Pood\",\"item\":\"https:\/\/horticom.ee\/e-pood\/pood\/\"},{\"@type\":\"ListItem\",\"position\":3,\"name\":\"Rand-Kivikilbik Snowcloth\"}]},{\"@type\":\"WebSite\",\"@id\":\"https:\/\/horticom.ee\/e-pood\/#website\",\"url\":\"https:\/\/horticom.ee\/e-pood\/\",\"name\":\"Horticom.ee\",\"description\":\"Aianduskaubad ja kodukaubad nii harrastajatele kui professionaalidele\",\"potentialAction\":[{\"@type\":\"SearchAction\",\"target\":{\"@type\":\"EntryPoint\",\"urlTemplate\":\"https:\/\/horticom.ee\/e-pood\/?s={search_term_string}\"},\"query-input\":{\"@type\":\"PropertyValueSpecification\",\"valueRequired\":true,\"valueName\":\"search_term_string\"}}],\"inLanguage\":\"et\"}]}<\/script>\n<!-- \/ Yoast SEO plugin. -->","yoast_head_json":{"title":"Rand-Kivikilbik Snowcloth - Horticom.ee\/e-pood","description":"Rand-kivikilbik Snowcloth \u2013 12cm k\u00f5rgune l\u00f5hnavate \u00f5itega vaiptaim. Sobib peenardesse ja r\u00f5dudele, kasvab h\u00e4sti p\u00e4ikesepaistelises kohas.","robots":{"index":"index","follow":"follow","max-snippet":"max-snippet:-1","max-image-preview":"max-image-preview:large","max-video-preview":"max-video-preview:-1"},"canonical":"https:\/\/horticom.ee\/e-pood\/toode\/rand-kivikilbik-snowcloth-lobularia-maritima-l-desv\/","og_locale":"et_EE","og_type":"article","og_title":"Rand-Kivikilbik Snowcloth - Horticom.ee\/e-pood","og_description":"Rand-kivikilbik Snowcloth \u2013 12cm k\u00f5rgune l\u00f5hnavate \u00f5itega vaiptaim. Sobib peenardesse ja r\u00f5dudele, kasvab h\u00e4sti p\u00e4ikesepaistelises kohas.","og_url":"https:\/\/horticom.ee\/e-pood\/toode\/rand-kivikilbik-snowcloth-lobularia-maritima-l-desv\/","og_site_name":"Horticom.ee","article_publisher":"https:\/\/www.facebook.com\/horticom.ee\/e-pood","article_modified_time":"2026-04-24T00:08:11+00:00","og_image":[{"width":585,"height":1024,"url":"https:\/\/horticom.ee\/e-pood\/wp-content\/uploads\/importedmedia\/product-153287_0-PL0401-585x1024.jpg","type":"image\/jpeg"}],"twitter_card":"summary_large_image","schema":{"@context":"https:\/\/schema.org","@graph":[{"@type":"WebPage","@id":"https:\/\/horticom.ee\/e-pood\/toode\/rand-kivikilbik-snowcloth-lobularia-maritima-l-desv\/","url":"https:\/\/horticom.ee\/e-pood\/toode\/rand-kivikilbik-snowcloth-lobularia-maritima-l-desv\/","name":"Rand-Kivikilbik Snowcloth - Horticom.ee\/e-pood","isPartOf":{"@id":"https:\/\/horticom.ee\/e-pood\/#website"},"primaryImageOfPage":{"@id":"https:\/\/horticom.ee\/e-pood\/toode\/rand-kivikilbik-snowcloth-lobularia-maritima-l-desv\/#primaryimage"},"image":{"@id":"https:\/\/horticom.ee\/e-pood\/toode\/rand-kivikilbik-snowcloth-lobularia-maritima-l-desv\/#primaryimage"},"thumbnailUrl":"https:\/\/horticom.ee\/e-pood\/wp-content\/uploads\/importedmedia\/product-153287_0-PL0401.jpg","datePublished":"2022-01-17T14:04:38+00:00","dateModified":"2026-04-24T00:08:11+00:00","description":"Rand-kivikilbik Snowcloth \u2013 12cm k\u00f5rgune l\u00f5hnavate \u00f5itega vaiptaim. Sobib peenardesse ja r\u00f5dudele, kasvab h\u00e4sti p\u00e4ikesepaistelises kohas.","breadcrumb":{"@id":"https:\/\/horticom.ee\/e-pood\/toode\/rand-kivikilbik-snowcloth-lobularia-maritima-l-desv\/#breadcrumb"},"inLanguage":"et","potentialAction":[{"@type":"ReadAction","target":["https:\/\/horticom.ee\/e-pood\/toode\/rand-kivikilbik-snowcloth-lobularia-maritima-l-desv\/"]}]},{"@type":"ImageObject","inLanguage":"et","@id":"https:\/\/horticom.ee\/e-pood\/toode\/rand-kivikilbik-snowcloth-lobularia-maritima-l-desv\/#primaryimage","url":"https:\/\/horticom.ee\/e-pood\/wp-content\/uploads\/importedmedia\/product-153287_0-PL0401.jpg","contentUrl":"https:\/\/horticom.ee\/e-pood\/wp-content\/uploads\/importedmedia\/product-153287_0-PL0401.jpg","width":1000,"height":1750,"caption":"Rand-Kivikilbik Snowcloth"},{"@type":"BreadcrumbList","@id":"https:\/\/horticom.ee\/e-pood\/toode\/rand-kivikilbik-snowcloth-lobularia-maritima-l-desv\/#breadcrumb","itemListElement":[{"@type":"ListItem","position":1,"name":"Home","item":"https:\/\/horticom.ee\/e-pood\/"},{"@type":"ListItem","position":2,"name":"Pood","item":"https:\/\/horticom.ee\/e-pood\/pood\/"},{"@type":"ListItem","position":3,"name":"Rand-Kivikilbik Snowcloth"}]},{"@type":"WebSite","@id":"https:\/\/horticom.ee\/e-pood\/#website","url":"https:\/\/horticom.ee\/e-pood\/","name":"Horticom.ee","description":"Aianduskaubad ja kodukaubad nii harrastajatele kui professionaalidele","potentialAction":[{"@type":"SearchAction","target":{"@type":"EntryPoint","urlTemplate":"https:\/\/horticom.ee\/e-pood\/?s={search_term_string}"},"query-input":{"@type":"PropertyValueSpecification","valueRequired":true,"valueName":"search_term_string"}}],"inLanguage":"et"}]}},"_links":{"self":[{"href":"https:\/\/horticom.ee\/e-pood\/wp-json\/wp\/v2\/product\/153287","targetHints":{"allow":["GET"]}}],"collection":[{"href":"https:\/\/horticom.ee\/e-pood\/wp-json\/wp\/v2\/product"}],"about":[{"href":"https:\/\/horticom.ee\/e-pood\/wp-json\/wp\/v2\/types\/product"}],"replies":[{"embeddable":true,"href":"https:\/\/horticom.ee\/e-pood\/wp-json\/wp\/v2\/comments?post=153287"}],"wp:featuredmedia":[{"embeddable":true,"href":"https:\/\/horticom.ee\/e-pood\/wp-json\/wp\/v2\/media\/170448"}],"wp:attachment":[{"href":"https:\/\/horticom.ee\/e-pood\/wp-json\/wp\/v2\/media?parent=153287"}],"wp:term":[{"taxonomy":"product_cat","embeddable":true,"href":"https:\/\/horticom.ee\/e-pood\/wp-json\/wp\/v2\/product_cat?post=153287"},{"taxonomy":"product_tag","embeddable":true,"href":"https:\/\/horticom.ee\/e-pood\/wp-json\/wp\/v2\/product_tag?post=153287"}],"curies":[{"name":"wp","href":"https:\/\/api.w.org\/{rel}","templated":true}]}}