{"id":153290,"date":"2022-01-17T16:04:40","date_gmt":"2022-01-17T14:04:40","guid":{"rendered":"https:\/\/aednik24.ee\/toode\/aedaster-harz-segu-callistephus-chinensis-l-ness\/"},"modified":"2026-05-08T03:06:04","modified_gmt":"2026-05-08T00:06:04","slug":"aedaster-harz-segu-callistephus-chinensis-l-ness","status":"publish","type":"product","link":"https:\/\/horticom.ee\/e-pood\/toode\/aedaster-harz-segu-callistephus-chinensis-l-ness\/","title":{"rendered":"Aedaster Harz"},"content":{"rendered":"<p>Aedaster Harz segu on \u00fcheaastane, 60cm k\u00f5rgune taim. 1g umbes 450 seemet. \u00d5ied on suured ja erksad. Taim on haruline. Istutatakse \u00fcheaastaste taimede peenardesse, \u00f5isi nopitakse kimpude jaoks. K\u00f5ige paremini kasvab viljakas, vett ja \u00f5hku l\u00e4bilaskvas pinnases. K\u00fclmakindel.<\/p>\n","protected":false},"excerpt":{"rendered":"<p>Aedaster Harz segu on \u00fcheaastane, 60cm k\u00f5rgune taim. 1g umbes 450 seemet. \u00d5ied on suured ja erksad. Taim on haruline. Istutatakse \u00fcheaastaste taimede peenardesse, \u00f5isi nopitakse kimpude jaoks. K\u00f5ige paremini kasvab viljakas, vett ja \u00f5hku l\u00e4bilaskvas pinnases. K\u00fclmakindel.<\/p>\n","protected":false},"featured_media":170440,"comment_status":"closed","ping_status":"closed","template":"","meta":{"_themeisle_gutenberg_block_has_review":false},"product_cat":[13535],"product_tag":[],"class_list":{"0":"post-153290","1":"product","2":"type-product","3":"status-publish","4":"has-post-thumbnail","6":"product_cat-aster","8":"first","9":"outofstock","10":"shipping-taxable","11":"purchasable","12":"product-type-simple"},"yoast_head":"<!-- This site is optimized with the Yoast SEO plugin v24.0 - https:\/\/yoast.com\/wordpress\/plugins\/seo\/ -->\n<title>Aedaster Harz - Horticom.ee\/e-pood<\/title>\n<meta name=\"description\" content=\"Aedaster Harz: 60 cm k\u00f5rge, suurte ja erksate \u00f5itega taim. Sobib kimpudesse, k\u00fclmakindel ja kasvab h\u00e4sti viljakas mullas.\" \/>\n<meta name=\"robots\" content=\"index, follow, max-snippet:-1, max-image-preview:large, max-video-preview:-1\" \/>\n<link rel=\"canonical\" href=\"https:\/\/horticom.ee\/e-pood\/toode\/aedaster-harz-segu-callistephus-chinensis-l-ness\/\" \/>\n<meta property=\"og:locale\" content=\"et_EE\" \/>\n<meta property=\"og:type\" content=\"article\" \/>\n<meta property=\"og:title\" content=\"Aedaster Harz - Horticom.ee\/e-pood\" \/>\n<meta property=\"og:description\" content=\"Aedaster Harz: 60 cm k\u00f5rge, suurte ja erksate \u00f5itega taim. Sobib kimpudesse, k\u00fclmakindel ja kasvab h\u00e4sti viljakas mullas.\" \/>\n<meta property=\"og:url\" content=\"https:\/\/horticom.ee\/e-pood\/toode\/aedaster-harz-segu-callistephus-chinensis-l-ness\/\" \/>\n<meta property=\"og:site_name\" content=\"Horticom.ee\" \/>\n<meta property=\"article:publisher\" content=\"https:\/\/www.facebook.com\/horticom.ee\/e-pood\" \/>\n<meta property=\"article:modified_time\" content=\"2026-05-08T00:06:04+00:00\" \/>\n<meta property=\"og:image\" content=\"https:\/\/horticom.ee\/e-pood\/wp-content\/uploads\/importedmedia\/product-153290_0-PL0404-585x1024.jpg\" \/>\n\t<meta property=\"og:image:width\" content=\"585\" \/>\n\t<meta property=\"og:image:height\" content=\"1024\" \/>\n\t<meta property=\"og:image:type\" content=\"image\/jpeg\" \/>\n<meta name=\"twitter:card\" content=\"summary_large_image\" \/>\n<script type=\"application\/ld+json\" class=\"yoast-schema-graph\">{\"@context\":\"https:\/\/schema.org\",\"@graph\":[{\"@type\":\"WebPage\",\"@id\":\"https:\/\/horticom.ee\/e-pood\/toode\/aedaster-harz-segu-callistephus-chinensis-l-ness\/\",\"url\":\"https:\/\/horticom.ee\/e-pood\/toode\/aedaster-harz-segu-callistephus-chinensis-l-ness\/\",\"name\":\"Aedaster Harz - Horticom.ee\/e-pood\",\"isPartOf\":{\"@id\":\"https:\/\/horticom.ee\/e-pood\/#website\"},\"primaryImageOfPage\":{\"@id\":\"https:\/\/horticom.ee\/e-pood\/toode\/aedaster-harz-segu-callistephus-chinensis-l-ness\/#primaryimage\"},\"image\":{\"@id\":\"https:\/\/horticom.ee\/e-pood\/toode\/aedaster-harz-segu-callistephus-chinensis-l-ness\/#primaryimage\"},\"thumbnailUrl\":\"https:\/\/horticom.ee\/e-pood\/wp-content\/uploads\/importedmedia\/product-153290_0-PL0404.jpg\",\"datePublished\":\"2022-01-17T14:04:40+00:00\",\"dateModified\":\"2026-05-08T00:06:04+00:00\",\"description\":\"Aedaster Harz: 60 cm k\u00f5rge, suurte ja erksate \u00f5itega taim. Sobib kimpudesse, k\u00fclmakindel ja kasvab h\u00e4sti viljakas mullas.\",\"breadcrumb\":{\"@id\":\"https:\/\/horticom.ee\/e-pood\/toode\/aedaster-harz-segu-callistephus-chinensis-l-ness\/#breadcrumb\"},\"inLanguage\":\"et\",\"potentialAction\":[{\"@type\":\"ReadAction\",\"target\":[\"https:\/\/horticom.ee\/e-pood\/toode\/aedaster-harz-segu-callistephus-chinensis-l-ness\/\"]}]},{\"@type\":\"ImageObject\",\"inLanguage\":\"et\",\"@id\":\"https:\/\/horticom.ee\/e-pood\/toode\/aedaster-harz-segu-callistephus-chinensis-l-ness\/#primaryimage\",\"url\":\"https:\/\/horticom.ee\/e-pood\/wp-content\/uploads\/importedmedia\/product-153290_0-PL0404.jpg\",\"contentUrl\":\"https:\/\/horticom.ee\/e-pood\/wp-content\/uploads\/importedmedia\/product-153290_0-PL0404.jpg\",\"width\":1000,\"height\":1750,\"caption\":\"Aedaster Harz\"},{\"@type\":\"BreadcrumbList\",\"@id\":\"https:\/\/horticom.ee\/e-pood\/toode\/aedaster-harz-segu-callistephus-chinensis-l-ness\/#breadcrumb\",\"itemListElement\":[{\"@type\":\"ListItem\",\"position\":1,\"name\":\"Home\",\"item\":\"https:\/\/horticom.ee\/e-pood\/\"},{\"@type\":\"ListItem\",\"position\":2,\"name\":\"Pood\",\"item\":\"https:\/\/horticom.ee\/e-pood\/pood\/\"},{\"@type\":\"ListItem\",\"position\":3,\"name\":\"Aedaster Harz\"}]},{\"@type\":\"WebSite\",\"@id\":\"https:\/\/horticom.ee\/e-pood\/#website\",\"url\":\"https:\/\/horticom.ee\/e-pood\/\",\"name\":\"Horticom.ee\",\"description\":\"Aianduskaubad ja kodukaubad nii harrastajatele kui professionaalidele\",\"potentialAction\":[{\"@type\":\"SearchAction\",\"target\":{\"@type\":\"EntryPoint\",\"urlTemplate\":\"https:\/\/horticom.ee\/e-pood\/?s={search_term_string}\"},\"query-input\":{\"@type\":\"PropertyValueSpecification\",\"valueRequired\":true,\"valueName\":\"search_term_string\"}}],\"inLanguage\":\"et\"}]}<\/script>\n<!-- \/ Yoast SEO plugin. -->","yoast_head_json":{"title":"Aedaster Harz - Horticom.ee\/e-pood","description":"Aedaster Harz: 60 cm k\u00f5rge, suurte ja erksate \u00f5itega taim. Sobib kimpudesse, k\u00fclmakindel ja kasvab h\u00e4sti viljakas mullas.","robots":{"index":"index","follow":"follow","max-snippet":"max-snippet:-1","max-image-preview":"max-image-preview:large","max-video-preview":"max-video-preview:-1"},"canonical":"https:\/\/horticom.ee\/e-pood\/toode\/aedaster-harz-segu-callistephus-chinensis-l-ness\/","og_locale":"et_EE","og_type":"article","og_title":"Aedaster Harz - Horticom.ee\/e-pood","og_description":"Aedaster Harz: 60 cm k\u00f5rge, suurte ja erksate \u00f5itega taim. Sobib kimpudesse, k\u00fclmakindel ja kasvab h\u00e4sti viljakas mullas.","og_url":"https:\/\/horticom.ee\/e-pood\/toode\/aedaster-harz-segu-callistephus-chinensis-l-ness\/","og_site_name":"Horticom.ee","article_publisher":"https:\/\/www.facebook.com\/horticom.ee\/e-pood","article_modified_time":"2026-05-08T00:06:04+00:00","og_image":[{"width":585,"height":1024,"url":"https:\/\/horticom.ee\/e-pood\/wp-content\/uploads\/importedmedia\/product-153290_0-PL0404-585x1024.jpg","type":"image\/jpeg"}],"twitter_card":"summary_large_image","schema":{"@context":"https:\/\/schema.org","@graph":[{"@type":"WebPage","@id":"https:\/\/horticom.ee\/e-pood\/toode\/aedaster-harz-segu-callistephus-chinensis-l-ness\/","url":"https:\/\/horticom.ee\/e-pood\/toode\/aedaster-harz-segu-callistephus-chinensis-l-ness\/","name":"Aedaster Harz - Horticom.ee\/e-pood","isPartOf":{"@id":"https:\/\/horticom.ee\/e-pood\/#website"},"primaryImageOfPage":{"@id":"https:\/\/horticom.ee\/e-pood\/toode\/aedaster-harz-segu-callistephus-chinensis-l-ness\/#primaryimage"},"image":{"@id":"https:\/\/horticom.ee\/e-pood\/toode\/aedaster-harz-segu-callistephus-chinensis-l-ness\/#primaryimage"},"thumbnailUrl":"https:\/\/horticom.ee\/e-pood\/wp-content\/uploads\/importedmedia\/product-153290_0-PL0404.jpg","datePublished":"2022-01-17T14:04:40+00:00","dateModified":"2026-05-08T00:06:04+00:00","description":"Aedaster Harz: 60 cm k\u00f5rge, suurte ja erksate \u00f5itega taim. Sobib kimpudesse, k\u00fclmakindel ja kasvab h\u00e4sti viljakas mullas.","breadcrumb":{"@id":"https:\/\/horticom.ee\/e-pood\/toode\/aedaster-harz-segu-callistephus-chinensis-l-ness\/#breadcrumb"},"inLanguage":"et","potentialAction":[{"@type":"ReadAction","target":["https:\/\/horticom.ee\/e-pood\/toode\/aedaster-harz-segu-callistephus-chinensis-l-ness\/"]}]},{"@type":"ImageObject","inLanguage":"et","@id":"https:\/\/horticom.ee\/e-pood\/toode\/aedaster-harz-segu-callistephus-chinensis-l-ness\/#primaryimage","url":"https:\/\/horticom.ee\/e-pood\/wp-content\/uploads\/importedmedia\/product-153290_0-PL0404.jpg","contentUrl":"https:\/\/horticom.ee\/e-pood\/wp-content\/uploads\/importedmedia\/product-153290_0-PL0404.jpg","width":1000,"height":1750,"caption":"Aedaster Harz"},{"@type":"BreadcrumbList","@id":"https:\/\/horticom.ee\/e-pood\/toode\/aedaster-harz-segu-callistephus-chinensis-l-ness\/#breadcrumb","itemListElement":[{"@type":"ListItem","position":1,"name":"Home","item":"https:\/\/horticom.ee\/e-pood\/"},{"@type":"ListItem","position":2,"name":"Pood","item":"https:\/\/horticom.ee\/e-pood\/pood\/"},{"@type":"ListItem","position":3,"name":"Aedaster Harz"}]},{"@type":"WebSite","@id":"https:\/\/horticom.ee\/e-pood\/#website","url":"https:\/\/horticom.ee\/e-pood\/","name":"Horticom.ee","description":"Aianduskaubad ja kodukaubad nii harrastajatele kui professionaalidele","potentialAction":[{"@type":"SearchAction","target":{"@type":"EntryPoint","urlTemplate":"https:\/\/horticom.ee\/e-pood\/?s={search_term_string}"},"query-input":{"@type":"PropertyValueSpecification","valueRequired":true,"valueName":"search_term_string"}}],"inLanguage":"et"}]}},"_links":{"self":[{"href":"https:\/\/horticom.ee\/e-pood\/wp-json\/wp\/v2\/product\/153290","targetHints":{"allow":["GET"]}}],"collection":[{"href":"https:\/\/horticom.ee\/e-pood\/wp-json\/wp\/v2\/product"}],"about":[{"href":"https:\/\/horticom.ee\/e-pood\/wp-json\/wp\/v2\/types\/product"}],"replies":[{"embeddable":true,"href":"https:\/\/horticom.ee\/e-pood\/wp-json\/wp\/v2\/comments?post=153290"}],"wp:featuredmedia":[{"embeddable":true,"href":"https:\/\/horticom.ee\/e-pood\/wp-json\/wp\/v2\/media\/170440"}],"wp:attachment":[{"href":"https:\/\/horticom.ee\/e-pood\/wp-json\/wp\/v2\/media?parent=153290"}],"wp:term":[{"taxonomy":"product_cat","embeddable":true,"href":"https:\/\/horticom.ee\/e-pood\/wp-json\/wp\/v2\/product_cat?post=153290"},{"taxonomy":"product_tag","embeddable":true,"href":"https:\/\/horticom.ee\/e-pood\/wp-json\/wp\/v2\/product_tag?post=153290"}],"curies":[{"name":"wp","href":"https:\/\/api.w.org\/{rel}","templated":true}]}}