{"id":153303,"date":"2022-01-17T16:04:47","date_gmt":"2022-01-17T14:04:47","guid":{"rendered":"https:\/\/aednik24.ee\/toode\/suur-mungalill-scarlet-gleam-tropaeolum-majus-l\/"},"modified":"2026-05-03T03:07:48","modified_gmt":"2026-05-03T00:07:48","slug":"suur-mungalill-scarlet-gleam-tropaeolum-majus-l","status":"publish","type":"product","link":"https:\/\/horticom.ee\/e-pood\/toode\/suur-mungalill-scarlet-gleam-tropaeolum-majus-l\/","title":{"rendered":"Suur Mungalill Scarlet Gleam"},"content":{"rendered":"<p>Suur mungalill Scarlet Gleam on \u00fcheaastane, kuni 200cm k\u00f5rgune taim. Erepunased \u00f5ied, \u00f5itseb juunist k\u00fclmadeni. Kasvab ja \u00f5itseb h\u00e4sti p\u00e4ikesepaistelistes ja piisava valgusega varjulistes kohtades, pinnase suhtes v\u00e4hen\u00f5udlik. Istutatakse haljasaladele, r\u00f5dudele.<\/p>\n","protected":false},"excerpt":{"rendered":"<p>Suur mungalill Scarlet Gleam on \u00fcheaastane, kuni 200cm k\u00f5rgune taim. Erepunased \u00f5ied, \u00f5itseb juunist k\u00fclmadeni. Kasvab ja \u00f5itseb h\u00e4sti p\u00e4ikesepaistelistes ja piisava valgusega varjulistes kohtades, pinnase suhtes v\u00e4hen\u00f5udlik. Istutatakse haljasaladele, r\u00f5dudele.<\/p>\n","protected":false},"featured_media":169592,"comment_status":"closed","ping_status":"closed","template":"","meta":{"_themeisle_gutenberg_block_has_review":false},"product_cat":[13514],"product_tag":[],"class_list":{"0":"post-153303","1":"product","2":"type-product","3":"status-publish","4":"has-post-thumbnail","6":"product_cat-mungalill","8":"first","9":"outofstock","10":"shipping-taxable","11":"purchasable","12":"product-type-simple"},"yoast_head":"<!-- This site is optimized with the Yoast SEO plugin v24.0 - https:\/\/yoast.com\/wordpress\/plugins\/seo\/ -->\n<title>Suur Mungalill Scarlet Gleam - Horticom.ee\/e-pood<\/title>\n<meta name=\"description\" content=\"Mungalill Scarlet Gleam on \u00fcheaastane erkpunaste \u00f5itega taim. Kasvab kuni 200 cm ja sobib p\u00e4ikesepaistelistele aladele ja r\u00f5dudele.\" \/>\n<meta name=\"robots\" content=\"index, follow, max-snippet:-1, max-image-preview:large, max-video-preview:-1\" \/>\n<link rel=\"canonical\" href=\"https:\/\/horticom.ee\/e-pood\/toode\/suur-mungalill-scarlet-gleam-tropaeolum-majus-l\/\" \/>\n<meta property=\"og:locale\" content=\"et_EE\" \/>\n<meta property=\"og:type\" content=\"article\" \/>\n<meta property=\"og:title\" content=\"Suur Mungalill Scarlet Gleam - Horticom.ee\/e-pood\" \/>\n<meta property=\"og:description\" content=\"Mungalill Scarlet Gleam on \u00fcheaastane erkpunaste \u00f5itega taim. Kasvab kuni 200 cm ja sobib p\u00e4ikesepaistelistele aladele ja r\u00f5dudele.\" \/>\n<meta property=\"og:url\" content=\"https:\/\/horticom.ee\/e-pood\/toode\/suur-mungalill-scarlet-gleam-tropaeolum-majus-l\/\" \/>\n<meta property=\"og:site_name\" content=\"Horticom.ee\" \/>\n<meta property=\"article:publisher\" content=\"https:\/\/www.facebook.com\/horticom.ee\/e-pood\" \/>\n<meta property=\"article:modified_time\" content=\"2026-05-03T00:07:48+00:00\" \/>\n<meta property=\"og:image\" content=\"https:\/\/horticom.ee\/e-pood\/wp-content\/uploads\/importedmedia\/product-153303_0-PL0420.jpg\" \/>\n\t<meta property=\"og:image:width\" content=\"1000\" \/>\n\t<meta property=\"og:image:height\" content=\"1750\" \/>\n\t<meta property=\"og:image:type\" content=\"image\/jpeg\" \/>\n<meta name=\"twitter:card\" content=\"summary_large_image\" \/>\n<script type=\"application\/ld+json\" class=\"yoast-schema-graph\">{\"@context\":\"https:\/\/schema.org\",\"@graph\":[{\"@type\":\"WebPage\",\"@id\":\"https:\/\/horticom.ee\/e-pood\/toode\/suur-mungalill-scarlet-gleam-tropaeolum-majus-l\/\",\"url\":\"https:\/\/horticom.ee\/e-pood\/toode\/suur-mungalill-scarlet-gleam-tropaeolum-majus-l\/\",\"name\":\"Suur Mungalill Scarlet Gleam - Horticom.ee\/e-pood\",\"isPartOf\":{\"@id\":\"https:\/\/horticom.ee\/e-pood\/#website\"},\"primaryImageOfPage\":{\"@id\":\"https:\/\/horticom.ee\/e-pood\/toode\/suur-mungalill-scarlet-gleam-tropaeolum-majus-l\/#primaryimage\"},\"image\":{\"@id\":\"https:\/\/horticom.ee\/e-pood\/toode\/suur-mungalill-scarlet-gleam-tropaeolum-majus-l\/#primaryimage\"},\"thumbnailUrl\":\"https:\/\/horticom.ee\/e-pood\/wp-content\/uploads\/importedmedia\/product-153303_0-PL0420.jpg\",\"datePublished\":\"2022-01-17T14:04:47+00:00\",\"dateModified\":\"2026-05-03T00:07:48+00:00\",\"description\":\"Mungalill Scarlet Gleam on \u00fcheaastane erkpunaste \u00f5itega taim. Kasvab kuni 200 cm ja sobib p\u00e4ikesepaistelistele aladele ja r\u00f5dudele.\",\"breadcrumb\":{\"@id\":\"https:\/\/horticom.ee\/e-pood\/toode\/suur-mungalill-scarlet-gleam-tropaeolum-majus-l\/#breadcrumb\"},\"inLanguage\":\"et\",\"potentialAction\":[{\"@type\":\"ReadAction\",\"target\":[\"https:\/\/horticom.ee\/e-pood\/toode\/suur-mungalill-scarlet-gleam-tropaeolum-majus-l\/\"]}]},{\"@type\":\"ImageObject\",\"inLanguage\":\"et\",\"@id\":\"https:\/\/horticom.ee\/e-pood\/toode\/suur-mungalill-scarlet-gleam-tropaeolum-majus-l\/#primaryimage\",\"url\":\"https:\/\/horticom.ee\/e-pood\/wp-content\/uploads\/importedmedia\/product-153303_0-PL0420.jpg\",\"contentUrl\":\"https:\/\/horticom.ee\/e-pood\/wp-content\/uploads\/importedmedia\/product-153303_0-PL0420.jpg\",\"width\":1000,\"height\":1750,\"caption\":\"Suur Mungalill Scarlet Gleam\"},{\"@type\":\"BreadcrumbList\",\"@id\":\"https:\/\/horticom.ee\/e-pood\/toode\/suur-mungalill-scarlet-gleam-tropaeolum-majus-l\/#breadcrumb\",\"itemListElement\":[{\"@type\":\"ListItem\",\"position\":1,\"name\":\"Home\",\"item\":\"https:\/\/horticom.ee\/e-pood\/\"},{\"@type\":\"ListItem\",\"position\":2,\"name\":\"Pood\",\"item\":\"https:\/\/horticom.ee\/e-pood\/pood\/\"},{\"@type\":\"ListItem\",\"position\":3,\"name\":\"Suur Mungalill Scarlet Gleam\"}]},{\"@type\":\"WebSite\",\"@id\":\"https:\/\/horticom.ee\/e-pood\/#website\",\"url\":\"https:\/\/horticom.ee\/e-pood\/\",\"name\":\"Horticom.ee\",\"description\":\"Aianduskaubad ja kodukaubad nii harrastajatele kui professionaalidele\",\"potentialAction\":[{\"@type\":\"SearchAction\",\"target\":{\"@type\":\"EntryPoint\",\"urlTemplate\":\"https:\/\/horticom.ee\/e-pood\/?s={search_term_string}\"},\"query-input\":{\"@type\":\"PropertyValueSpecification\",\"valueRequired\":true,\"valueName\":\"search_term_string\"}}],\"inLanguage\":\"et\"}]}<\/script>\n<!-- \/ Yoast SEO plugin. -->","yoast_head_json":{"title":"Suur Mungalill Scarlet Gleam - Horticom.ee\/e-pood","description":"Mungalill Scarlet Gleam on \u00fcheaastane erkpunaste \u00f5itega taim. Kasvab kuni 200 cm ja sobib p\u00e4ikesepaistelistele aladele ja r\u00f5dudele.","robots":{"index":"index","follow":"follow","max-snippet":"max-snippet:-1","max-image-preview":"max-image-preview:large","max-video-preview":"max-video-preview:-1"},"canonical":"https:\/\/horticom.ee\/e-pood\/toode\/suur-mungalill-scarlet-gleam-tropaeolum-majus-l\/","og_locale":"et_EE","og_type":"article","og_title":"Suur Mungalill Scarlet Gleam - Horticom.ee\/e-pood","og_description":"Mungalill Scarlet Gleam on \u00fcheaastane erkpunaste \u00f5itega taim. Kasvab kuni 200 cm ja sobib p\u00e4ikesepaistelistele aladele ja r\u00f5dudele.","og_url":"https:\/\/horticom.ee\/e-pood\/toode\/suur-mungalill-scarlet-gleam-tropaeolum-majus-l\/","og_site_name":"Horticom.ee","article_publisher":"https:\/\/www.facebook.com\/horticom.ee\/e-pood","article_modified_time":"2026-05-03T00:07:48+00:00","og_image":[{"width":1000,"height":1750,"url":"https:\/\/horticom.ee\/e-pood\/wp-content\/uploads\/importedmedia\/product-153303_0-PL0420.jpg","type":"image\/jpeg"}],"twitter_card":"summary_large_image","schema":{"@context":"https:\/\/schema.org","@graph":[{"@type":"WebPage","@id":"https:\/\/horticom.ee\/e-pood\/toode\/suur-mungalill-scarlet-gleam-tropaeolum-majus-l\/","url":"https:\/\/horticom.ee\/e-pood\/toode\/suur-mungalill-scarlet-gleam-tropaeolum-majus-l\/","name":"Suur Mungalill Scarlet Gleam - Horticom.ee\/e-pood","isPartOf":{"@id":"https:\/\/horticom.ee\/e-pood\/#website"},"primaryImageOfPage":{"@id":"https:\/\/horticom.ee\/e-pood\/toode\/suur-mungalill-scarlet-gleam-tropaeolum-majus-l\/#primaryimage"},"image":{"@id":"https:\/\/horticom.ee\/e-pood\/toode\/suur-mungalill-scarlet-gleam-tropaeolum-majus-l\/#primaryimage"},"thumbnailUrl":"https:\/\/horticom.ee\/e-pood\/wp-content\/uploads\/importedmedia\/product-153303_0-PL0420.jpg","datePublished":"2022-01-17T14:04:47+00:00","dateModified":"2026-05-03T00:07:48+00:00","description":"Mungalill Scarlet Gleam on \u00fcheaastane erkpunaste \u00f5itega taim. Kasvab kuni 200 cm ja sobib p\u00e4ikesepaistelistele aladele ja r\u00f5dudele.","breadcrumb":{"@id":"https:\/\/horticom.ee\/e-pood\/toode\/suur-mungalill-scarlet-gleam-tropaeolum-majus-l\/#breadcrumb"},"inLanguage":"et","potentialAction":[{"@type":"ReadAction","target":["https:\/\/horticom.ee\/e-pood\/toode\/suur-mungalill-scarlet-gleam-tropaeolum-majus-l\/"]}]},{"@type":"ImageObject","inLanguage":"et","@id":"https:\/\/horticom.ee\/e-pood\/toode\/suur-mungalill-scarlet-gleam-tropaeolum-majus-l\/#primaryimage","url":"https:\/\/horticom.ee\/e-pood\/wp-content\/uploads\/importedmedia\/product-153303_0-PL0420.jpg","contentUrl":"https:\/\/horticom.ee\/e-pood\/wp-content\/uploads\/importedmedia\/product-153303_0-PL0420.jpg","width":1000,"height":1750,"caption":"Suur Mungalill Scarlet Gleam"},{"@type":"BreadcrumbList","@id":"https:\/\/horticom.ee\/e-pood\/toode\/suur-mungalill-scarlet-gleam-tropaeolum-majus-l\/#breadcrumb","itemListElement":[{"@type":"ListItem","position":1,"name":"Home","item":"https:\/\/horticom.ee\/e-pood\/"},{"@type":"ListItem","position":2,"name":"Pood","item":"https:\/\/horticom.ee\/e-pood\/pood\/"},{"@type":"ListItem","position":3,"name":"Suur Mungalill Scarlet Gleam"}]},{"@type":"WebSite","@id":"https:\/\/horticom.ee\/e-pood\/#website","url":"https:\/\/horticom.ee\/e-pood\/","name":"Horticom.ee","description":"Aianduskaubad ja kodukaubad nii harrastajatele kui professionaalidele","potentialAction":[{"@type":"SearchAction","target":{"@type":"EntryPoint","urlTemplate":"https:\/\/horticom.ee\/e-pood\/?s={search_term_string}"},"query-input":{"@type":"PropertyValueSpecification","valueRequired":true,"valueName":"search_term_string"}}],"inLanguage":"et"}]}},"_links":{"self":[{"href":"https:\/\/horticom.ee\/e-pood\/wp-json\/wp\/v2\/product\/153303","targetHints":{"allow":["GET"]}}],"collection":[{"href":"https:\/\/horticom.ee\/e-pood\/wp-json\/wp\/v2\/product"}],"about":[{"href":"https:\/\/horticom.ee\/e-pood\/wp-json\/wp\/v2\/types\/product"}],"replies":[{"embeddable":true,"href":"https:\/\/horticom.ee\/e-pood\/wp-json\/wp\/v2\/comments?post=153303"}],"wp:featuredmedia":[{"embeddable":true,"href":"https:\/\/horticom.ee\/e-pood\/wp-json\/wp\/v2\/media\/169592"}],"wp:attachment":[{"href":"https:\/\/horticom.ee\/e-pood\/wp-json\/wp\/v2\/media?parent=153303"}],"wp:term":[{"taxonomy":"product_cat","embeddable":true,"href":"https:\/\/horticom.ee\/e-pood\/wp-json\/wp\/v2\/product_cat?post=153303"},{"taxonomy":"product_tag","embeddable":true,"href":"https:\/\/horticom.ee\/e-pood\/wp-json\/wp\/v2\/product_tag?post=153303"}],"curies":[{"name":"wp","href":"https:\/\/api.w.org\/{rel}","templated":true}]}}