{"id":153316,"date":"2022-01-17T16:04:55","date_gmt":"2022-01-17T14:04:55","guid":{"rendered":"https:\/\/aednik24.ee\/toode\/pold-voorkapsas-rucola-eruca-sativa-mill\/"},"modified":"2026-05-04T03:05:35","modified_gmt":"2026-05-04T00:05:35","slug":"pold-voorkapsas-rucola-eruca-sativa-mill","status":"publish","type":"product","link":"https:\/\/horticom.ee\/e-pood\/toode\/pold-voorkapsas-rucola-eruca-sativa-mill\/","title":{"rendered":"P\u00f5ld &#8211; V\u00f5\u00f5rkapsas Rucola"},"content":{"rendered":"<p>P\u00f5ld-v\u00f5\u00f5rkapsas Rucola on lehtk\u00f6\u00f6givili, kasvatatakse nagu salatit. Toiduks tarvitatakse v\u00e4rskeid aromaatseid p\u00e4hklimaitselisi lehti. Kiirekasvuline. Soovitatakse k\u00fclvata mitu korda, et aromaatseid lehti j\u00e4tkuks kogu suve jooksul. Sobib suurep\u00e4raselt juustude juurde, salatitesse, lehtedega kaunistatakse roogasid.<\/p>\n","protected":false},"excerpt":{"rendered":"<p>P\u00f5ld-v\u00f5\u00f5rkapsas Rucola on lehtk\u00f6\u00f6givili, kasvatatakse nagu salatit. Toiduks tarvitatakse v\u00e4rskeid aromaatseid p\u00e4hklimaitselisi lehti. Kiirekasvuline. Soovitatakse k\u00fclvata mitu korda, et aromaatseid lehti j\u00e4tkuks kogu suve jooksul. Sobib suurep\u00e4raselt juustude juurde, salatitesse, lehtedega kaunistatakse roogasid.<\/p>\n","protected":false},"featured_media":169566,"comment_status":"closed","ping_status":"closed","template":"","meta":{"_themeisle_gutenberg_block_has_review":false},"product_cat":[13484],"product_tag":[],"class_list":{"0":"post-153316","1":"product","2":"type-product","3":"status-publish","4":"has-post-thumbnail","6":"product_cat-salat-spinat-ruccola","8":"first","9":"outofstock","10":"shipping-taxable","11":"purchasable","12":"product-type-simple"},"yoast_head":"<!-- This site is optimized with the Yoast SEO plugin v24.0 - https:\/\/yoast.com\/wordpress\/plugins\/seo\/ -->\n<title>P\u00f5ld - V\u00f5\u00f5rkapsas Rucola - Horticom.ee\/e-pood<\/title>\n<meta name=\"description\" content=\"P\u00f5ld-v\u00f5\u00f5rkapsas Rucola on aromaatsete, p\u00e4hklimaitseliste lehtedega k\u00f6\u00f6givili. Kiirekasvuline ja sobib salatitesse ning roogade kaunistamiseks.\" \/>\n<meta name=\"robots\" content=\"index, follow, max-snippet:-1, max-image-preview:large, max-video-preview:-1\" \/>\n<link rel=\"canonical\" href=\"https:\/\/horticom.ee\/e-pood\/toode\/pold-voorkapsas-rucola-eruca-sativa-mill\/\" \/>\n<meta property=\"og:locale\" content=\"et_EE\" \/>\n<meta property=\"og:type\" content=\"article\" \/>\n<meta property=\"og:title\" content=\"P\u00f5ld - V\u00f5\u00f5rkapsas Rucola - Horticom.ee\/e-pood\" \/>\n<meta property=\"og:description\" content=\"P\u00f5ld-v\u00f5\u00f5rkapsas Rucola on aromaatsete, p\u00e4hklimaitseliste lehtedega k\u00f6\u00f6givili. Kiirekasvuline ja sobib salatitesse ning roogade kaunistamiseks.\" \/>\n<meta property=\"og:url\" content=\"https:\/\/horticom.ee\/e-pood\/toode\/pold-voorkapsas-rucola-eruca-sativa-mill\/\" \/>\n<meta property=\"og:site_name\" content=\"Horticom.ee\" \/>\n<meta property=\"article:publisher\" content=\"https:\/\/www.facebook.com\/horticom.ee\/e-pood\" \/>\n<meta property=\"article:modified_time\" content=\"2026-05-04T00:05:35+00:00\" \/>\n<meta property=\"og:image\" content=\"https:\/\/horticom.ee\/e-pood\/wp-content\/uploads\/importedmedia\/product-153316_0-PL0438.jpg\" \/>\n\t<meta property=\"og:image:width\" content=\"1000\" \/>\n\t<meta property=\"og:image:height\" content=\"1750\" \/>\n\t<meta property=\"og:image:type\" content=\"image\/jpeg\" \/>\n<meta name=\"twitter:card\" content=\"summary_large_image\" \/>\n<script type=\"application\/ld+json\" class=\"yoast-schema-graph\">{\"@context\":\"https:\/\/schema.org\",\"@graph\":[{\"@type\":\"WebPage\",\"@id\":\"https:\/\/horticom.ee\/e-pood\/toode\/pold-voorkapsas-rucola-eruca-sativa-mill\/\",\"url\":\"https:\/\/horticom.ee\/e-pood\/toode\/pold-voorkapsas-rucola-eruca-sativa-mill\/\",\"name\":\"P\u00f5ld - V\u00f5\u00f5rkapsas Rucola - Horticom.ee\/e-pood\",\"isPartOf\":{\"@id\":\"https:\/\/horticom.ee\/e-pood\/#website\"},\"primaryImageOfPage\":{\"@id\":\"https:\/\/horticom.ee\/e-pood\/toode\/pold-voorkapsas-rucola-eruca-sativa-mill\/#primaryimage\"},\"image\":{\"@id\":\"https:\/\/horticom.ee\/e-pood\/toode\/pold-voorkapsas-rucola-eruca-sativa-mill\/#primaryimage\"},\"thumbnailUrl\":\"https:\/\/horticom.ee\/e-pood\/wp-content\/uploads\/importedmedia\/product-153316_0-PL0438.jpg\",\"datePublished\":\"2022-01-17T14:04:55+00:00\",\"dateModified\":\"2026-05-04T00:05:35+00:00\",\"description\":\"P\u00f5ld-v\u00f5\u00f5rkapsas Rucola on aromaatsete, p\u00e4hklimaitseliste lehtedega k\u00f6\u00f6givili. Kiirekasvuline ja sobib salatitesse ning roogade kaunistamiseks.\",\"breadcrumb\":{\"@id\":\"https:\/\/horticom.ee\/e-pood\/toode\/pold-voorkapsas-rucola-eruca-sativa-mill\/#breadcrumb\"},\"inLanguage\":\"et\",\"potentialAction\":[{\"@type\":\"ReadAction\",\"target\":[\"https:\/\/horticom.ee\/e-pood\/toode\/pold-voorkapsas-rucola-eruca-sativa-mill\/\"]}]},{\"@type\":\"ImageObject\",\"inLanguage\":\"et\",\"@id\":\"https:\/\/horticom.ee\/e-pood\/toode\/pold-voorkapsas-rucola-eruca-sativa-mill\/#primaryimage\",\"url\":\"https:\/\/horticom.ee\/e-pood\/wp-content\/uploads\/importedmedia\/product-153316_0-PL0438.jpg\",\"contentUrl\":\"https:\/\/horticom.ee\/e-pood\/wp-content\/uploads\/importedmedia\/product-153316_0-PL0438.jpg\",\"width\":1000,\"height\":1750,\"caption\":\"P\u00f5ld - V\u00f5\u00f5rkapsas Rucola\"},{\"@type\":\"BreadcrumbList\",\"@id\":\"https:\/\/horticom.ee\/e-pood\/toode\/pold-voorkapsas-rucola-eruca-sativa-mill\/#breadcrumb\",\"itemListElement\":[{\"@type\":\"ListItem\",\"position\":1,\"name\":\"Home\",\"item\":\"https:\/\/horticom.ee\/e-pood\/\"},{\"@type\":\"ListItem\",\"position\":2,\"name\":\"Pood\",\"item\":\"https:\/\/horticom.ee\/e-pood\/pood\/\"},{\"@type\":\"ListItem\",\"position\":3,\"name\":\"P\u00f5ld &#8211; V\u00f5\u00f5rkapsas Rucola\"}]},{\"@type\":\"WebSite\",\"@id\":\"https:\/\/horticom.ee\/e-pood\/#website\",\"url\":\"https:\/\/horticom.ee\/e-pood\/\",\"name\":\"Horticom.ee\",\"description\":\"Aianduskaubad ja kodukaubad nii harrastajatele kui professionaalidele\",\"potentialAction\":[{\"@type\":\"SearchAction\",\"target\":{\"@type\":\"EntryPoint\",\"urlTemplate\":\"https:\/\/horticom.ee\/e-pood\/?s={search_term_string}\"},\"query-input\":{\"@type\":\"PropertyValueSpecification\",\"valueRequired\":true,\"valueName\":\"search_term_string\"}}],\"inLanguage\":\"et\"}]}<\/script>\n<!-- \/ Yoast SEO plugin. -->","yoast_head_json":{"title":"P\u00f5ld - V\u00f5\u00f5rkapsas Rucola - Horticom.ee\/e-pood","description":"P\u00f5ld-v\u00f5\u00f5rkapsas Rucola on aromaatsete, p\u00e4hklimaitseliste lehtedega k\u00f6\u00f6givili. Kiirekasvuline ja sobib salatitesse ning roogade kaunistamiseks.","robots":{"index":"index","follow":"follow","max-snippet":"max-snippet:-1","max-image-preview":"max-image-preview:large","max-video-preview":"max-video-preview:-1"},"canonical":"https:\/\/horticom.ee\/e-pood\/toode\/pold-voorkapsas-rucola-eruca-sativa-mill\/","og_locale":"et_EE","og_type":"article","og_title":"P\u00f5ld - V\u00f5\u00f5rkapsas Rucola - Horticom.ee\/e-pood","og_description":"P\u00f5ld-v\u00f5\u00f5rkapsas Rucola on aromaatsete, p\u00e4hklimaitseliste lehtedega k\u00f6\u00f6givili. Kiirekasvuline ja sobib salatitesse ning roogade kaunistamiseks.","og_url":"https:\/\/horticom.ee\/e-pood\/toode\/pold-voorkapsas-rucola-eruca-sativa-mill\/","og_site_name":"Horticom.ee","article_publisher":"https:\/\/www.facebook.com\/horticom.ee\/e-pood","article_modified_time":"2026-05-04T00:05:35+00:00","og_image":[{"width":1000,"height":1750,"url":"https:\/\/horticom.ee\/e-pood\/wp-content\/uploads\/importedmedia\/product-153316_0-PL0438.jpg","type":"image\/jpeg"}],"twitter_card":"summary_large_image","schema":{"@context":"https:\/\/schema.org","@graph":[{"@type":"WebPage","@id":"https:\/\/horticom.ee\/e-pood\/toode\/pold-voorkapsas-rucola-eruca-sativa-mill\/","url":"https:\/\/horticom.ee\/e-pood\/toode\/pold-voorkapsas-rucola-eruca-sativa-mill\/","name":"P\u00f5ld - V\u00f5\u00f5rkapsas Rucola - Horticom.ee\/e-pood","isPartOf":{"@id":"https:\/\/horticom.ee\/e-pood\/#website"},"primaryImageOfPage":{"@id":"https:\/\/horticom.ee\/e-pood\/toode\/pold-voorkapsas-rucola-eruca-sativa-mill\/#primaryimage"},"image":{"@id":"https:\/\/horticom.ee\/e-pood\/toode\/pold-voorkapsas-rucola-eruca-sativa-mill\/#primaryimage"},"thumbnailUrl":"https:\/\/horticom.ee\/e-pood\/wp-content\/uploads\/importedmedia\/product-153316_0-PL0438.jpg","datePublished":"2022-01-17T14:04:55+00:00","dateModified":"2026-05-04T00:05:35+00:00","description":"P\u00f5ld-v\u00f5\u00f5rkapsas Rucola on aromaatsete, p\u00e4hklimaitseliste lehtedega k\u00f6\u00f6givili. Kiirekasvuline ja sobib salatitesse ning roogade kaunistamiseks.","breadcrumb":{"@id":"https:\/\/horticom.ee\/e-pood\/toode\/pold-voorkapsas-rucola-eruca-sativa-mill\/#breadcrumb"},"inLanguage":"et","potentialAction":[{"@type":"ReadAction","target":["https:\/\/horticom.ee\/e-pood\/toode\/pold-voorkapsas-rucola-eruca-sativa-mill\/"]}]},{"@type":"ImageObject","inLanguage":"et","@id":"https:\/\/horticom.ee\/e-pood\/toode\/pold-voorkapsas-rucola-eruca-sativa-mill\/#primaryimage","url":"https:\/\/horticom.ee\/e-pood\/wp-content\/uploads\/importedmedia\/product-153316_0-PL0438.jpg","contentUrl":"https:\/\/horticom.ee\/e-pood\/wp-content\/uploads\/importedmedia\/product-153316_0-PL0438.jpg","width":1000,"height":1750,"caption":"P\u00f5ld - V\u00f5\u00f5rkapsas Rucola"},{"@type":"BreadcrumbList","@id":"https:\/\/horticom.ee\/e-pood\/toode\/pold-voorkapsas-rucola-eruca-sativa-mill\/#breadcrumb","itemListElement":[{"@type":"ListItem","position":1,"name":"Home","item":"https:\/\/horticom.ee\/e-pood\/"},{"@type":"ListItem","position":2,"name":"Pood","item":"https:\/\/horticom.ee\/e-pood\/pood\/"},{"@type":"ListItem","position":3,"name":"P\u00f5ld &#8211; V\u00f5\u00f5rkapsas Rucola"}]},{"@type":"WebSite","@id":"https:\/\/horticom.ee\/e-pood\/#website","url":"https:\/\/horticom.ee\/e-pood\/","name":"Horticom.ee","description":"Aianduskaubad ja kodukaubad nii harrastajatele kui professionaalidele","potentialAction":[{"@type":"SearchAction","target":{"@type":"EntryPoint","urlTemplate":"https:\/\/horticom.ee\/e-pood\/?s={search_term_string}"},"query-input":{"@type":"PropertyValueSpecification","valueRequired":true,"valueName":"search_term_string"}}],"inLanguage":"et"}]}},"_links":{"self":[{"href":"https:\/\/horticom.ee\/e-pood\/wp-json\/wp\/v2\/product\/153316","targetHints":{"allow":["GET"]}}],"collection":[{"href":"https:\/\/horticom.ee\/e-pood\/wp-json\/wp\/v2\/product"}],"about":[{"href":"https:\/\/horticom.ee\/e-pood\/wp-json\/wp\/v2\/types\/product"}],"replies":[{"embeddable":true,"href":"https:\/\/horticom.ee\/e-pood\/wp-json\/wp\/v2\/comments?post=153316"}],"wp:featuredmedia":[{"embeddable":true,"href":"https:\/\/horticom.ee\/e-pood\/wp-json\/wp\/v2\/media\/169566"}],"wp:attachment":[{"href":"https:\/\/horticom.ee\/e-pood\/wp-json\/wp\/v2\/media?parent=153316"}],"wp:term":[{"taxonomy":"product_cat","embeddable":true,"href":"https:\/\/horticom.ee\/e-pood\/wp-json\/wp\/v2\/product_cat?post=153316"},{"taxonomy":"product_tag","embeddable":true,"href":"https:\/\/horticom.ee\/e-pood\/wp-json\/wp\/v2\/product_tag?post=153316"}],"curies":[{"name":"wp","href":"https:\/\/api.w.org\/{rel}","templated":true}]}}