{"id":153319,"date":"2022-01-17T16:04:57","date_gmt":"2022-01-17T14:04:57","guid":{"rendered":"https:\/\/aednik24.ee\/toode\/kurk-rufus-h-cucumis-sativus-l\/"},"modified":"2026-05-03T03:07:49","modified_gmt":"2026-05-03T00:07:49","slug":"kurk-rufus-h-cucumis-sativus-l","status":"publish","type":"product","link":"https:\/\/horticom.ee\/e-pood\/toode\/kurk-rufus-h-cucumis-sativus-l\/","title":{"rendered":"Kurk Rufus H"},"content":{"rendered":"<p>Kurk Rufus H on keskvarajane kornisoni t\u00fc\u00fcpi h\u00fcbriid. Viljad korrap\u00e4rase kujuga, n\u00e4salised. Sobivad v\u00e4rskelt tarvitamiseks ja konserveerimiseks. Sobilik kasvatamiseks avamaal ja kasvuhoones. Soovitatakse kasvatada soojas, tuulte eest kaitstud kohas. Viljade \u00fclekasvamise v\u00e4ltimiseks korjata iga p\u00e4ev.<\/p>\n","protected":false},"excerpt":{"rendered":"<p>Kurk Rufus H on keskvarajane kornisoni t\u00fc\u00fcpi h\u00fcbriid. Viljad korrap\u00e4rase kujuga, n\u00e4salised. Sobivad v\u00e4rskelt tarvitamiseks ja konserveerimiseks. Sobilik kasvatamiseks avamaal ja kasvuhoones. Soovitatakse kasvatada soojas, tuulte eest kaitstud kohas. Viljade \u00fclekasvamise v\u00e4ltimiseks korjata iga p\u00e4ev.<\/p>\n","protected":false},"featured_media":169556,"comment_status":"closed","ping_status":"closed","template":"","meta":{"_themeisle_gutenberg_block_has_review":false},"product_cat":[13493],"product_tag":[],"class_list":{"0":"post-153319","1":"product","2":"type-product","3":"status-publish","4":"has-post-thumbnail","6":"product_cat-kurk","8":"first","9":"outofstock","10":"shipping-taxable","11":"purchasable","12":"product-type-simple"},"yoast_head":"<!-- This site is optimized with the Yoast SEO plugin v24.0 - https:\/\/yoast.com\/wordpress\/plugins\/seo\/ -->\n<title>Kurk Rufus H - Horticom.ee\/e-pood<\/title>\n<meta name=\"description\" content=\"Kurk Rufus H on keskvarajane kornisoni t\u00fc\u00fcpi h\u00fcbriid, sobib v\u00e4rskelt tarbimiseks ja konserveerimiseks. Kasvatamiseks avamaal ja kasvuhoones.\" \/>\n<meta name=\"robots\" content=\"index, follow, max-snippet:-1, max-image-preview:large, max-video-preview:-1\" \/>\n<link rel=\"canonical\" href=\"https:\/\/horticom.ee\/e-pood\/toode\/kurk-rufus-h-cucumis-sativus-l\/\" \/>\n<meta property=\"og:locale\" content=\"et_EE\" \/>\n<meta property=\"og:type\" content=\"article\" \/>\n<meta property=\"og:title\" content=\"Kurk Rufus H - Horticom.ee\/e-pood\" \/>\n<meta property=\"og:description\" content=\"Kurk Rufus H on keskvarajane kornisoni t\u00fc\u00fcpi h\u00fcbriid, sobib v\u00e4rskelt tarbimiseks ja konserveerimiseks. Kasvatamiseks avamaal ja kasvuhoones.\" \/>\n<meta property=\"og:url\" content=\"https:\/\/horticom.ee\/e-pood\/toode\/kurk-rufus-h-cucumis-sativus-l\/\" \/>\n<meta property=\"og:site_name\" content=\"Horticom.ee\" \/>\n<meta property=\"article:publisher\" content=\"https:\/\/www.facebook.com\/horticom.ee\/e-pood\" \/>\n<meta property=\"article:modified_time\" content=\"2026-05-03T00:07:49+00:00\" \/>\n<meta property=\"og:image\" content=\"https:\/\/horticom.ee\/e-pood\/wp-content\/uploads\/importedmedia\/product-153319_0-PL0459-585x1024.jpg\" \/>\n\t<meta property=\"og:image:width\" content=\"585\" \/>\n\t<meta property=\"og:image:height\" content=\"1024\" \/>\n\t<meta property=\"og:image:type\" content=\"image\/jpeg\" \/>\n<meta name=\"twitter:card\" content=\"summary_large_image\" \/>\n<script type=\"application\/ld+json\" class=\"yoast-schema-graph\">{\"@context\":\"https:\/\/schema.org\",\"@graph\":[{\"@type\":\"WebPage\",\"@id\":\"https:\/\/horticom.ee\/e-pood\/toode\/kurk-rufus-h-cucumis-sativus-l\/\",\"url\":\"https:\/\/horticom.ee\/e-pood\/toode\/kurk-rufus-h-cucumis-sativus-l\/\",\"name\":\"Kurk Rufus H - Horticom.ee\/e-pood\",\"isPartOf\":{\"@id\":\"https:\/\/horticom.ee\/e-pood\/#website\"},\"primaryImageOfPage\":{\"@id\":\"https:\/\/horticom.ee\/e-pood\/toode\/kurk-rufus-h-cucumis-sativus-l\/#primaryimage\"},\"image\":{\"@id\":\"https:\/\/horticom.ee\/e-pood\/toode\/kurk-rufus-h-cucumis-sativus-l\/#primaryimage\"},\"thumbnailUrl\":\"https:\/\/horticom.ee\/e-pood\/wp-content\/uploads\/importedmedia\/product-153319_0-PL0459.jpg\",\"datePublished\":\"2022-01-17T14:04:57+00:00\",\"dateModified\":\"2026-05-03T00:07:49+00:00\",\"description\":\"Kurk Rufus H on keskvarajane kornisoni t\u00fc\u00fcpi h\u00fcbriid, sobib v\u00e4rskelt tarbimiseks ja konserveerimiseks. Kasvatamiseks avamaal ja kasvuhoones.\",\"breadcrumb\":{\"@id\":\"https:\/\/horticom.ee\/e-pood\/toode\/kurk-rufus-h-cucumis-sativus-l\/#breadcrumb\"},\"inLanguage\":\"et\",\"potentialAction\":[{\"@type\":\"ReadAction\",\"target\":[\"https:\/\/horticom.ee\/e-pood\/toode\/kurk-rufus-h-cucumis-sativus-l\/\"]}]},{\"@type\":\"ImageObject\",\"inLanguage\":\"et\",\"@id\":\"https:\/\/horticom.ee\/e-pood\/toode\/kurk-rufus-h-cucumis-sativus-l\/#primaryimage\",\"url\":\"https:\/\/horticom.ee\/e-pood\/wp-content\/uploads\/importedmedia\/product-153319_0-PL0459.jpg\",\"contentUrl\":\"https:\/\/horticom.ee\/e-pood\/wp-content\/uploads\/importedmedia\/product-153319_0-PL0459.jpg\",\"width\":1000,\"height\":1750,\"caption\":\"Kurk Rufus H\"},{\"@type\":\"BreadcrumbList\",\"@id\":\"https:\/\/horticom.ee\/e-pood\/toode\/kurk-rufus-h-cucumis-sativus-l\/#breadcrumb\",\"itemListElement\":[{\"@type\":\"ListItem\",\"position\":1,\"name\":\"Home\",\"item\":\"https:\/\/horticom.ee\/e-pood\/\"},{\"@type\":\"ListItem\",\"position\":2,\"name\":\"Pood\",\"item\":\"https:\/\/horticom.ee\/e-pood\/pood\/\"},{\"@type\":\"ListItem\",\"position\":3,\"name\":\"Kurk Rufus H\"}]},{\"@type\":\"WebSite\",\"@id\":\"https:\/\/horticom.ee\/e-pood\/#website\",\"url\":\"https:\/\/horticom.ee\/e-pood\/\",\"name\":\"Horticom.ee\",\"description\":\"Aianduskaubad ja kodukaubad nii harrastajatele kui professionaalidele\",\"potentialAction\":[{\"@type\":\"SearchAction\",\"target\":{\"@type\":\"EntryPoint\",\"urlTemplate\":\"https:\/\/horticom.ee\/e-pood\/?s={search_term_string}\"},\"query-input\":{\"@type\":\"PropertyValueSpecification\",\"valueRequired\":true,\"valueName\":\"search_term_string\"}}],\"inLanguage\":\"et\"}]}<\/script>\n<!-- \/ Yoast SEO plugin. -->","yoast_head_json":{"title":"Kurk Rufus H - Horticom.ee\/e-pood","description":"Kurk Rufus H on keskvarajane kornisoni t\u00fc\u00fcpi h\u00fcbriid, sobib v\u00e4rskelt tarbimiseks ja konserveerimiseks. Kasvatamiseks avamaal ja kasvuhoones.","robots":{"index":"index","follow":"follow","max-snippet":"max-snippet:-1","max-image-preview":"max-image-preview:large","max-video-preview":"max-video-preview:-1"},"canonical":"https:\/\/horticom.ee\/e-pood\/toode\/kurk-rufus-h-cucumis-sativus-l\/","og_locale":"et_EE","og_type":"article","og_title":"Kurk Rufus H - Horticom.ee\/e-pood","og_description":"Kurk Rufus H on keskvarajane kornisoni t\u00fc\u00fcpi h\u00fcbriid, sobib v\u00e4rskelt tarbimiseks ja konserveerimiseks. Kasvatamiseks avamaal ja kasvuhoones.","og_url":"https:\/\/horticom.ee\/e-pood\/toode\/kurk-rufus-h-cucumis-sativus-l\/","og_site_name":"Horticom.ee","article_publisher":"https:\/\/www.facebook.com\/horticom.ee\/e-pood","article_modified_time":"2026-05-03T00:07:49+00:00","og_image":[{"width":585,"height":1024,"url":"https:\/\/horticom.ee\/e-pood\/wp-content\/uploads\/importedmedia\/product-153319_0-PL0459-585x1024.jpg","type":"image\/jpeg"}],"twitter_card":"summary_large_image","schema":{"@context":"https:\/\/schema.org","@graph":[{"@type":"WebPage","@id":"https:\/\/horticom.ee\/e-pood\/toode\/kurk-rufus-h-cucumis-sativus-l\/","url":"https:\/\/horticom.ee\/e-pood\/toode\/kurk-rufus-h-cucumis-sativus-l\/","name":"Kurk Rufus H - Horticom.ee\/e-pood","isPartOf":{"@id":"https:\/\/horticom.ee\/e-pood\/#website"},"primaryImageOfPage":{"@id":"https:\/\/horticom.ee\/e-pood\/toode\/kurk-rufus-h-cucumis-sativus-l\/#primaryimage"},"image":{"@id":"https:\/\/horticom.ee\/e-pood\/toode\/kurk-rufus-h-cucumis-sativus-l\/#primaryimage"},"thumbnailUrl":"https:\/\/horticom.ee\/e-pood\/wp-content\/uploads\/importedmedia\/product-153319_0-PL0459.jpg","datePublished":"2022-01-17T14:04:57+00:00","dateModified":"2026-05-03T00:07:49+00:00","description":"Kurk Rufus H on keskvarajane kornisoni t\u00fc\u00fcpi h\u00fcbriid, sobib v\u00e4rskelt tarbimiseks ja konserveerimiseks. Kasvatamiseks avamaal ja kasvuhoones.","breadcrumb":{"@id":"https:\/\/horticom.ee\/e-pood\/toode\/kurk-rufus-h-cucumis-sativus-l\/#breadcrumb"},"inLanguage":"et","potentialAction":[{"@type":"ReadAction","target":["https:\/\/horticom.ee\/e-pood\/toode\/kurk-rufus-h-cucumis-sativus-l\/"]}]},{"@type":"ImageObject","inLanguage":"et","@id":"https:\/\/horticom.ee\/e-pood\/toode\/kurk-rufus-h-cucumis-sativus-l\/#primaryimage","url":"https:\/\/horticom.ee\/e-pood\/wp-content\/uploads\/importedmedia\/product-153319_0-PL0459.jpg","contentUrl":"https:\/\/horticom.ee\/e-pood\/wp-content\/uploads\/importedmedia\/product-153319_0-PL0459.jpg","width":1000,"height":1750,"caption":"Kurk Rufus H"},{"@type":"BreadcrumbList","@id":"https:\/\/horticom.ee\/e-pood\/toode\/kurk-rufus-h-cucumis-sativus-l\/#breadcrumb","itemListElement":[{"@type":"ListItem","position":1,"name":"Home","item":"https:\/\/horticom.ee\/e-pood\/"},{"@type":"ListItem","position":2,"name":"Pood","item":"https:\/\/horticom.ee\/e-pood\/pood\/"},{"@type":"ListItem","position":3,"name":"Kurk Rufus H"}]},{"@type":"WebSite","@id":"https:\/\/horticom.ee\/e-pood\/#website","url":"https:\/\/horticom.ee\/e-pood\/","name":"Horticom.ee","description":"Aianduskaubad ja kodukaubad nii harrastajatele kui professionaalidele","potentialAction":[{"@type":"SearchAction","target":{"@type":"EntryPoint","urlTemplate":"https:\/\/horticom.ee\/e-pood\/?s={search_term_string}"},"query-input":{"@type":"PropertyValueSpecification","valueRequired":true,"valueName":"search_term_string"}}],"inLanguage":"et"}]}},"_links":{"self":[{"href":"https:\/\/horticom.ee\/e-pood\/wp-json\/wp\/v2\/product\/153319","targetHints":{"allow":["GET"]}}],"collection":[{"href":"https:\/\/horticom.ee\/e-pood\/wp-json\/wp\/v2\/product"}],"about":[{"href":"https:\/\/horticom.ee\/e-pood\/wp-json\/wp\/v2\/types\/product"}],"replies":[{"embeddable":true,"href":"https:\/\/horticom.ee\/e-pood\/wp-json\/wp\/v2\/comments?post=153319"}],"wp:featuredmedia":[{"embeddable":true,"href":"https:\/\/horticom.ee\/e-pood\/wp-json\/wp\/v2\/media\/169556"}],"wp:attachment":[{"href":"https:\/\/horticom.ee\/e-pood\/wp-json\/wp\/v2\/media?parent=153319"}],"wp:term":[{"taxonomy":"product_cat","embeddable":true,"href":"https:\/\/horticom.ee\/e-pood\/wp-json\/wp\/v2\/product_cat?post=153319"},{"taxonomy":"product_tag","embeddable":true,"href":"https:\/\/horticom.ee\/e-pood\/wp-json\/wp\/v2\/product_tag?post=153319"}],"curies":[{"name":"wp","href":"https:\/\/api.w.org\/{rel}","templated":true}]}}