{"id":153321,"date":"2022-01-17T16:04:58","date_gmt":"2022-01-17T14:04:58","guid":{"rendered":"https:\/\/aednik24.ee\/toode\/lehtkapsas-scarlet-brassica-oleracea-l\/"},"modified":"2026-04-18T03:13:31","modified_gmt":"2026-04-18T00:13:31","slug":"lehtkapsas-scarlet-brassica-oleracea-l","status":"publish","type":"product","link":"https:\/\/horticom.ee\/e-pood\/toode\/lehtkapsas-scarlet-brassica-oleracea-l\/","title":{"rendered":"Lehtkapsas Scarlet"},"content":{"rendered":"<p>Lehtkapsas Scarlet on keskhiline sort. K\u00e4hara kapsa puhul tarvitatakse toiduks lehti \u2013 see kapsas ei moodusta pead. Tumelillade lehtedega taim kasvab kuni 60cm k\u00f5rguseks. Taimed kannatavad ka suuremaid k\u00fclmi, seet\u00f5ttu v\u00f5ite talveks \u00f5ue j\u00e4ttes korjata v\u00e4rskeid lehti kuni detsembrikuuni.<\/p>\n","protected":false},"excerpt":{"rendered":"<p>Lehtkapsas Scarlet on keskhiline sort. K\u00e4hara kapsa puhul tarvitatakse toiduks lehti \u2013 see kapsas ei moodusta pead. Tumelillade lehtedega taim kasvab kuni 60cm k\u00f5rguseks. Taimed kannatavad ka suuremaid k\u00fclmi, seet\u00f5ttu v\u00f5ite talveks \u00f5ue j\u00e4ttes korjata v\u00e4rskeid lehti kuni detsembrikuuni.<\/p>\n","protected":false},"featured_media":169554,"comment_status":"closed","ping_status":"closed","template":"","meta":{"_themeisle_gutenberg_block_has_review":false},"product_cat":[13494],"product_tag":[],"class_list":{"0":"post-153321","1":"product","2":"type-product","3":"status-publish","4":"has-post-thumbnail","6":"product_cat-kapsas","8":"first","9":"instock","10":"shipping-taxable","11":"purchasable","12":"product-type-simple"},"yoast_head":"<!-- This site is optimized with the Yoast SEO plugin v24.0 - https:\/\/yoast.com\/wordpress\/plugins\/seo\/ -->\n<title>Lehtkapsas Scarlet - Horticom.ee\/e-pood<\/title>\n<meta name=\"description\" content=\"Lehtkapsas Scarlet on keskhiline sort, mis talub h\u00e4sti k\u00fclma. Tumelillade lehtedega taim kasvab kuni 60 cm ja sobib ka talvekorjeks.\" \/>\n<meta name=\"robots\" content=\"index, follow, max-snippet:-1, max-image-preview:large, max-video-preview:-1\" \/>\n<link rel=\"canonical\" href=\"https:\/\/horticom.ee\/e-pood\/toode\/lehtkapsas-scarlet-brassica-oleracea-l\/\" \/>\n<meta property=\"og:locale\" content=\"et_EE\" \/>\n<meta property=\"og:type\" content=\"article\" \/>\n<meta property=\"og:title\" content=\"Lehtkapsas Scarlet - Horticom.ee\/e-pood\" \/>\n<meta property=\"og:description\" content=\"Lehtkapsas Scarlet on keskhiline sort, mis talub h\u00e4sti k\u00fclma. Tumelillade lehtedega taim kasvab kuni 60 cm ja sobib ka talvekorjeks.\" \/>\n<meta property=\"og:url\" content=\"https:\/\/horticom.ee\/e-pood\/toode\/lehtkapsas-scarlet-brassica-oleracea-l\/\" \/>\n<meta property=\"og:site_name\" content=\"Horticom.ee\" \/>\n<meta property=\"article:publisher\" content=\"https:\/\/www.facebook.com\/horticom.ee\/e-pood\" \/>\n<meta property=\"article:modified_time\" content=\"2026-04-18T00:13:31+00:00\" \/>\n<meta property=\"og:image\" content=\"https:\/\/horticom.ee\/e-pood\/wp-content\/uploads\/importedmedia\/product-153321_0-PL0461-585x1024.jpg\" \/>\n\t<meta property=\"og:image:width\" content=\"585\" \/>\n\t<meta property=\"og:image:height\" content=\"1024\" \/>\n\t<meta property=\"og:image:type\" content=\"image\/jpeg\" \/>\n<meta name=\"twitter:card\" content=\"summary_large_image\" \/>\n<script type=\"application\/ld+json\" class=\"yoast-schema-graph\">{\"@context\":\"https:\/\/schema.org\",\"@graph\":[{\"@type\":\"WebPage\",\"@id\":\"https:\/\/horticom.ee\/e-pood\/toode\/lehtkapsas-scarlet-brassica-oleracea-l\/\",\"url\":\"https:\/\/horticom.ee\/e-pood\/toode\/lehtkapsas-scarlet-brassica-oleracea-l\/\",\"name\":\"Lehtkapsas Scarlet - Horticom.ee\/e-pood\",\"isPartOf\":{\"@id\":\"https:\/\/horticom.ee\/e-pood\/#website\"},\"primaryImageOfPage\":{\"@id\":\"https:\/\/horticom.ee\/e-pood\/toode\/lehtkapsas-scarlet-brassica-oleracea-l\/#primaryimage\"},\"image\":{\"@id\":\"https:\/\/horticom.ee\/e-pood\/toode\/lehtkapsas-scarlet-brassica-oleracea-l\/#primaryimage\"},\"thumbnailUrl\":\"https:\/\/horticom.ee\/e-pood\/wp-content\/uploads\/importedmedia\/product-153321_0-PL0461.jpg\",\"datePublished\":\"2022-01-17T14:04:58+00:00\",\"dateModified\":\"2026-04-18T00:13:31+00:00\",\"description\":\"Lehtkapsas Scarlet on keskhiline sort, mis talub h\u00e4sti k\u00fclma. Tumelillade lehtedega taim kasvab kuni 60 cm ja sobib ka talvekorjeks.\",\"breadcrumb\":{\"@id\":\"https:\/\/horticom.ee\/e-pood\/toode\/lehtkapsas-scarlet-brassica-oleracea-l\/#breadcrumb\"},\"inLanguage\":\"et\",\"potentialAction\":[{\"@type\":\"ReadAction\",\"target\":[\"https:\/\/horticom.ee\/e-pood\/toode\/lehtkapsas-scarlet-brassica-oleracea-l\/\"]}]},{\"@type\":\"ImageObject\",\"inLanguage\":\"et\",\"@id\":\"https:\/\/horticom.ee\/e-pood\/toode\/lehtkapsas-scarlet-brassica-oleracea-l\/#primaryimage\",\"url\":\"https:\/\/horticom.ee\/e-pood\/wp-content\/uploads\/importedmedia\/product-153321_0-PL0461.jpg\",\"contentUrl\":\"https:\/\/horticom.ee\/e-pood\/wp-content\/uploads\/importedmedia\/product-153321_0-PL0461.jpg\",\"width\":1000,\"height\":1750,\"caption\":\"Lehtkapsas Scarlet\"},{\"@type\":\"BreadcrumbList\",\"@id\":\"https:\/\/horticom.ee\/e-pood\/toode\/lehtkapsas-scarlet-brassica-oleracea-l\/#breadcrumb\",\"itemListElement\":[{\"@type\":\"ListItem\",\"position\":1,\"name\":\"Home\",\"item\":\"https:\/\/horticom.ee\/e-pood\/\"},{\"@type\":\"ListItem\",\"position\":2,\"name\":\"Pood\",\"item\":\"https:\/\/horticom.ee\/e-pood\/pood\/\"},{\"@type\":\"ListItem\",\"position\":3,\"name\":\"Lehtkapsas Scarlet\"}]},{\"@type\":\"WebSite\",\"@id\":\"https:\/\/horticom.ee\/e-pood\/#website\",\"url\":\"https:\/\/horticom.ee\/e-pood\/\",\"name\":\"Horticom.ee\",\"description\":\"Aianduskaubad ja kodukaubad nii harrastajatele kui professionaalidele\",\"potentialAction\":[{\"@type\":\"SearchAction\",\"target\":{\"@type\":\"EntryPoint\",\"urlTemplate\":\"https:\/\/horticom.ee\/e-pood\/?s={search_term_string}\"},\"query-input\":{\"@type\":\"PropertyValueSpecification\",\"valueRequired\":true,\"valueName\":\"search_term_string\"}}],\"inLanguage\":\"et\"}]}<\/script>\n<!-- \/ Yoast SEO plugin. -->","yoast_head_json":{"title":"Lehtkapsas Scarlet - Horticom.ee\/e-pood","description":"Lehtkapsas Scarlet on keskhiline sort, mis talub h\u00e4sti k\u00fclma. Tumelillade lehtedega taim kasvab kuni 60 cm ja sobib ka talvekorjeks.","robots":{"index":"index","follow":"follow","max-snippet":"max-snippet:-1","max-image-preview":"max-image-preview:large","max-video-preview":"max-video-preview:-1"},"canonical":"https:\/\/horticom.ee\/e-pood\/toode\/lehtkapsas-scarlet-brassica-oleracea-l\/","og_locale":"et_EE","og_type":"article","og_title":"Lehtkapsas Scarlet - Horticom.ee\/e-pood","og_description":"Lehtkapsas Scarlet on keskhiline sort, mis talub h\u00e4sti k\u00fclma. Tumelillade lehtedega taim kasvab kuni 60 cm ja sobib ka talvekorjeks.","og_url":"https:\/\/horticom.ee\/e-pood\/toode\/lehtkapsas-scarlet-brassica-oleracea-l\/","og_site_name":"Horticom.ee","article_publisher":"https:\/\/www.facebook.com\/horticom.ee\/e-pood","article_modified_time":"2026-04-18T00:13:31+00:00","og_image":[{"width":585,"height":1024,"url":"https:\/\/horticom.ee\/e-pood\/wp-content\/uploads\/importedmedia\/product-153321_0-PL0461-585x1024.jpg","type":"image\/jpeg"}],"twitter_card":"summary_large_image","schema":{"@context":"https:\/\/schema.org","@graph":[{"@type":"WebPage","@id":"https:\/\/horticom.ee\/e-pood\/toode\/lehtkapsas-scarlet-brassica-oleracea-l\/","url":"https:\/\/horticom.ee\/e-pood\/toode\/lehtkapsas-scarlet-brassica-oleracea-l\/","name":"Lehtkapsas Scarlet - Horticom.ee\/e-pood","isPartOf":{"@id":"https:\/\/horticom.ee\/e-pood\/#website"},"primaryImageOfPage":{"@id":"https:\/\/horticom.ee\/e-pood\/toode\/lehtkapsas-scarlet-brassica-oleracea-l\/#primaryimage"},"image":{"@id":"https:\/\/horticom.ee\/e-pood\/toode\/lehtkapsas-scarlet-brassica-oleracea-l\/#primaryimage"},"thumbnailUrl":"https:\/\/horticom.ee\/e-pood\/wp-content\/uploads\/importedmedia\/product-153321_0-PL0461.jpg","datePublished":"2022-01-17T14:04:58+00:00","dateModified":"2026-04-18T00:13:31+00:00","description":"Lehtkapsas Scarlet on keskhiline sort, mis talub h\u00e4sti k\u00fclma. Tumelillade lehtedega taim kasvab kuni 60 cm ja sobib ka talvekorjeks.","breadcrumb":{"@id":"https:\/\/horticom.ee\/e-pood\/toode\/lehtkapsas-scarlet-brassica-oleracea-l\/#breadcrumb"},"inLanguage":"et","potentialAction":[{"@type":"ReadAction","target":["https:\/\/horticom.ee\/e-pood\/toode\/lehtkapsas-scarlet-brassica-oleracea-l\/"]}]},{"@type":"ImageObject","inLanguage":"et","@id":"https:\/\/horticom.ee\/e-pood\/toode\/lehtkapsas-scarlet-brassica-oleracea-l\/#primaryimage","url":"https:\/\/horticom.ee\/e-pood\/wp-content\/uploads\/importedmedia\/product-153321_0-PL0461.jpg","contentUrl":"https:\/\/horticom.ee\/e-pood\/wp-content\/uploads\/importedmedia\/product-153321_0-PL0461.jpg","width":1000,"height":1750,"caption":"Lehtkapsas Scarlet"},{"@type":"BreadcrumbList","@id":"https:\/\/horticom.ee\/e-pood\/toode\/lehtkapsas-scarlet-brassica-oleracea-l\/#breadcrumb","itemListElement":[{"@type":"ListItem","position":1,"name":"Home","item":"https:\/\/horticom.ee\/e-pood\/"},{"@type":"ListItem","position":2,"name":"Pood","item":"https:\/\/horticom.ee\/e-pood\/pood\/"},{"@type":"ListItem","position":3,"name":"Lehtkapsas Scarlet"}]},{"@type":"WebSite","@id":"https:\/\/horticom.ee\/e-pood\/#website","url":"https:\/\/horticom.ee\/e-pood\/","name":"Horticom.ee","description":"Aianduskaubad ja kodukaubad nii harrastajatele kui professionaalidele","potentialAction":[{"@type":"SearchAction","target":{"@type":"EntryPoint","urlTemplate":"https:\/\/horticom.ee\/e-pood\/?s={search_term_string}"},"query-input":{"@type":"PropertyValueSpecification","valueRequired":true,"valueName":"search_term_string"}}],"inLanguage":"et"}]}},"_links":{"self":[{"href":"https:\/\/horticom.ee\/e-pood\/wp-json\/wp\/v2\/product\/153321","targetHints":{"allow":["GET"]}}],"collection":[{"href":"https:\/\/horticom.ee\/e-pood\/wp-json\/wp\/v2\/product"}],"about":[{"href":"https:\/\/horticom.ee\/e-pood\/wp-json\/wp\/v2\/types\/product"}],"replies":[{"embeddable":true,"href":"https:\/\/horticom.ee\/e-pood\/wp-json\/wp\/v2\/comments?post=153321"}],"wp:featuredmedia":[{"embeddable":true,"href":"https:\/\/horticom.ee\/e-pood\/wp-json\/wp\/v2\/media\/169554"}],"wp:attachment":[{"href":"https:\/\/horticom.ee\/e-pood\/wp-json\/wp\/v2\/media?parent=153321"}],"wp:term":[{"taxonomy":"product_cat","embeddable":true,"href":"https:\/\/horticom.ee\/e-pood\/wp-json\/wp\/v2\/product_cat?post=153321"},{"taxonomy":"product_tag","embeddable":true,"href":"https:\/\/horticom.ee\/e-pood\/wp-json\/wp\/v2\/product_tag?post=153321"}],"curies":[{"name":"wp","href":"https:\/\/api.w.org\/{rel}","templated":true}]}}