{"id":153322,"date":"2022-01-17T16:04:59","date_gmt":"2022-01-17T14:04:59","guid":{"rendered":"https:\/\/aednik24.ee\/toode\/aeduba-saxa-phaseolus-vulgaris-l\/"},"modified":"2026-05-04T03:05:35","modified_gmt":"2026-05-04T00:05:35","slug":"aeduba-saxa-phaseolus-vulgaris-l","status":"publish","type":"product","link":"https:\/\/horticom.ee\/e-pood\/toode\/aeduba-saxa-phaseolus-vulgaris-l\/","title":{"rendered":"Aeduba Saxa"},"content":{"rendered":"<p>Aeduba Saxa on v\u00e4ga varajane sort. Taim on tugev, 40\u201350cm k\u00f5rgune. Kaunad rohelist v\u00e4rvi, \u00fcmmargused, 12\u201313cm pikkused. Kaunad nopitakse iga 3\u20135 p\u00e4eva m\u00f6\u00f6dumisel valikuliselt. Sobivad v\u00e4rsketena kasutamiseks ja \u00fcmbert\u00f6\u00f6tlemiseks. K\u00f5ige paremini kasvab kerges ja keskmise raskusega, tuulevaikses soojas pinnases.<\/p>\n","protected":false},"excerpt":{"rendered":"<p>Aeduba Saxa on v\u00e4ga varajane sort. Taim on tugev, 40\u201350cm k\u00f5rgune. Kaunad rohelist v\u00e4rvi, \u00fcmmargused, 12\u201313cm pikkused. Kaunad nopitakse iga 3\u20135 p\u00e4eva m\u00f6\u00f6dumisel valikuliselt. Sobivad v\u00e4rsketena kasutamiseks ja \u00fcmbert\u00f6\u00f6tlemiseks. K\u00f5ige paremini kasvab kerges ja keskmise raskusega, tuulevaikses soojas pinnases.<\/p>\n","protected":false},"featured_media":169550,"comment_status":"closed","ping_status":"closed","template":"","meta":{"_themeisle_gutenberg_block_has_review":false},"product_cat":[13480],"product_tag":[],"class_list":{"0":"post-153322","1":"product","2":"type-product","3":"status-publish","4":"has-post-thumbnail","6":"product_cat-uba","8":"first","9":"outofstock","10":"shipping-taxable","11":"purchasable","12":"product-type-simple"},"yoast_head":"<!-- This site is optimized with the Yoast SEO plugin v24.0 - https:\/\/yoast.com\/wordpress\/plugins\/seo\/ -->\n<title>Aeduba Saxa \/LK2024\/ - Horticom.ee\/e-pood<\/title>\n<meta name=\"description\" content=\"Aeduba Saxa on varajane sort, mille 12\u201313 cm kaunad nopitakse iga 3\u20135 p\u00e4eva tagant. Sobib v\u00e4rsketena tarbimiseks ja t\u00f6\u00f6tlemiseks.\" \/>\n<meta name=\"robots\" content=\"index, follow, max-snippet:-1, max-image-preview:large, max-video-preview:-1\" \/>\n<link rel=\"canonical\" href=\"https:\/\/horticom.ee\/e-pood\/toode\/aeduba-saxa-phaseolus-vulgaris-l\/\" \/>\n<meta property=\"og:locale\" content=\"et_EE\" \/>\n<meta property=\"og:type\" content=\"article\" \/>\n<meta property=\"og:title\" content=\"Aeduba Saxa \/LK2024\/ - Horticom.ee\/e-pood\" \/>\n<meta property=\"og:description\" content=\"Aeduba Saxa on varajane sort, mille 12\u201313 cm kaunad nopitakse iga 3\u20135 p\u00e4eva tagant. Sobib v\u00e4rsketena tarbimiseks ja t\u00f6\u00f6tlemiseks.\" \/>\n<meta property=\"og:url\" content=\"https:\/\/horticom.ee\/e-pood\/toode\/aeduba-saxa-phaseolus-vulgaris-l\/\" \/>\n<meta property=\"og:site_name\" content=\"Horticom.ee\" \/>\n<meta property=\"article:publisher\" content=\"https:\/\/www.facebook.com\/horticom.ee\/e-pood\" \/>\n<meta property=\"article:modified_time\" content=\"2026-05-04T00:05:35+00:00\" \/>\n<meta property=\"og:image\" content=\"https:\/\/horticom.ee\/e-pood\/wp-content\/uploads\/importedmedia\/product-153322_0-PL0465-585x1024.jpg\" \/>\n\t<meta property=\"og:image:width\" content=\"585\" \/>\n\t<meta property=\"og:image:height\" content=\"1024\" \/>\n\t<meta property=\"og:image:type\" content=\"image\/jpeg\" \/>\n<meta name=\"twitter:card\" content=\"summary_large_image\" \/>\n<script type=\"application\/ld+json\" class=\"yoast-schema-graph\">{\"@context\":\"https:\/\/schema.org\",\"@graph\":[{\"@type\":\"WebPage\",\"@id\":\"https:\/\/horticom.ee\/e-pood\/toode\/aeduba-saxa-phaseolus-vulgaris-l\/\",\"url\":\"https:\/\/horticom.ee\/e-pood\/toode\/aeduba-saxa-phaseolus-vulgaris-l\/\",\"name\":\"Aeduba Saxa \/LK2024\/ - Horticom.ee\/e-pood\",\"isPartOf\":{\"@id\":\"https:\/\/horticom.ee\/e-pood\/#website\"},\"primaryImageOfPage\":{\"@id\":\"https:\/\/horticom.ee\/e-pood\/toode\/aeduba-saxa-phaseolus-vulgaris-l\/#primaryimage\"},\"image\":{\"@id\":\"https:\/\/horticom.ee\/e-pood\/toode\/aeduba-saxa-phaseolus-vulgaris-l\/#primaryimage\"},\"thumbnailUrl\":\"https:\/\/horticom.ee\/e-pood\/wp-content\/uploads\/importedmedia\/product-153322_0-PL0465.jpg\",\"datePublished\":\"2022-01-17T14:04:59+00:00\",\"dateModified\":\"2026-05-04T00:05:35+00:00\",\"description\":\"Aeduba Saxa on varajane sort, mille 12\u201313 cm kaunad nopitakse iga 3\u20135 p\u00e4eva tagant. Sobib v\u00e4rsketena tarbimiseks ja t\u00f6\u00f6tlemiseks.\",\"breadcrumb\":{\"@id\":\"https:\/\/horticom.ee\/e-pood\/toode\/aeduba-saxa-phaseolus-vulgaris-l\/#breadcrumb\"},\"inLanguage\":\"et\",\"potentialAction\":[{\"@type\":\"ReadAction\",\"target\":[\"https:\/\/horticom.ee\/e-pood\/toode\/aeduba-saxa-phaseolus-vulgaris-l\/\"]}]},{\"@type\":\"ImageObject\",\"inLanguage\":\"et\",\"@id\":\"https:\/\/horticom.ee\/e-pood\/toode\/aeduba-saxa-phaseolus-vulgaris-l\/#primaryimage\",\"url\":\"https:\/\/horticom.ee\/e-pood\/wp-content\/uploads\/importedmedia\/product-153322_0-PL0465.jpg\",\"contentUrl\":\"https:\/\/horticom.ee\/e-pood\/wp-content\/uploads\/importedmedia\/product-153322_0-PL0465.jpg\",\"width\":1000,\"height\":1750,\"caption\":\"Aeduba Saxa \/LK2024\/\"},{\"@type\":\"BreadcrumbList\",\"@id\":\"https:\/\/horticom.ee\/e-pood\/toode\/aeduba-saxa-phaseolus-vulgaris-l\/#breadcrumb\",\"itemListElement\":[{\"@type\":\"ListItem\",\"position\":1,\"name\":\"Home\",\"item\":\"https:\/\/horticom.ee\/e-pood\/\"},{\"@type\":\"ListItem\",\"position\":2,\"name\":\"Pood\",\"item\":\"https:\/\/horticom.ee\/e-pood\/pood\/\"},{\"@type\":\"ListItem\",\"position\":3,\"name\":\"Aeduba Saxa\"}]},{\"@type\":\"WebSite\",\"@id\":\"https:\/\/horticom.ee\/e-pood\/#website\",\"url\":\"https:\/\/horticom.ee\/e-pood\/\",\"name\":\"Horticom.ee\",\"description\":\"Aianduskaubad ja kodukaubad nii harrastajatele kui professionaalidele\",\"potentialAction\":[{\"@type\":\"SearchAction\",\"target\":{\"@type\":\"EntryPoint\",\"urlTemplate\":\"https:\/\/horticom.ee\/e-pood\/?s={search_term_string}\"},\"query-input\":{\"@type\":\"PropertyValueSpecification\",\"valueRequired\":true,\"valueName\":\"search_term_string\"}}],\"inLanguage\":\"et\"}]}<\/script>\n<!-- \/ Yoast SEO plugin. -->","yoast_head_json":{"title":"Aeduba Saxa \/LK2024\/ - Horticom.ee\/e-pood","description":"Aeduba Saxa on varajane sort, mille 12\u201313 cm kaunad nopitakse iga 3\u20135 p\u00e4eva tagant. Sobib v\u00e4rsketena tarbimiseks ja t\u00f6\u00f6tlemiseks.","robots":{"index":"index","follow":"follow","max-snippet":"max-snippet:-1","max-image-preview":"max-image-preview:large","max-video-preview":"max-video-preview:-1"},"canonical":"https:\/\/horticom.ee\/e-pood\/toode\/aeduba-saxa-phaseolus-vulgaris-l\/","og_locale":"et_EE","og_type":"article","og_title":"Aeduba Saxa \/LK2024\/ - Horticom.ee\/e-pood","og_description":"Aeduba Saxa on varajane sort, mille 12\u201313 cm kaunad nopitakse iga 3\u20135 p\u00e4eva tagant. Sobib v\u00e4rsketena tarbimiseks ja t\u00f6\u00f6tlemiseks.","og_url":"https:\/\/horticom.ee\/e-pood\/toode\/aeduba-saxa-phaseolus-vulgaris-l\/","og_site_name":"Horticom.ee","article_publisher":"https:\/\/www.facebook.com\/horticom.ee\/e-pood","article_modified_time":"2026-05-04T00:05:35+00:00","og_image":[{"width":585,"height":1024,"url":"https:\/\/horticom.ee\/e-pood\/wp-content\/uploads\/importedmedia\/product-153322_0-PL0465-585x1024.jpg","type":"image\/jpeg"}],"twitter_card":"summary_large_image","schema":{"@context":"https:\/\/schema.org","@graph":[{"@type":"WebPage","@id":"https:\/\/horticom.ee\/e-pood\/toode\/aeduba-saxa-phaseolus-vulgaris-l\/","url":"https:\/\/horticom.ee\/e-pood\/toode\/aeduba-saxa-phaseolus-vulgaris-l\/","name":"Aeduba Saxa \/LK2024\/ - Horticom.ee\/e-pood","isPartOf":{"@id":"https:\/\/horticom.ee\/e-pood\/#website"},"primaryImageOfPage":{"@id":"https:\/\/horticom.ee\/e-pood\/toode\/aeduba-saxa-phaseolus-vulgaris-l\/#primaryimage"},"image":{"@id":"https:\/\/horticom.ee\/e-pood\/toode\/aeduba-saxa-phaseolus-vulgaris-l\/#primaryimage"},"thumbnailUrl":"https:\/\/horticom.ee\/e-pood\/wp-content\/uploads\/importedmedia\/product-153322_0-PL0465.jpg","datePublished":"2022-01-17T14:04:59+00:00","dateModified":"2026-05-04T00:05:35+00:00","description":"Aeduba Saxa on varajane sort, mille 12\u201313 cm kaunad nopitakse iga 3\u20135 p\u00e4eva tagant. Sobib v\u00e4rsketena tarbimiseks ja t\u00f6\u00f6tlemiseks.","breadcrumb":{"@id":"https:\/\/horticom.ee\/e-pood\/toode\/aeduba-saxa-phaseolus-vulgaris-l\/#breadcrumb"},"inLanguage":"et","potentialAction":[{"@type":"ReadAction","target":["https:\/\/horticom.ee\/e-pood\/toode\/aeduba-saxa-phaseolus-vulgaris-l\/"]}]},{"@type":"ImageObject","inLanguage":"et","@id":"https:\/\/horticom.ee\/e-pood\/toode\/aeduba-saxa-phaseolus-vulgaris-l\/#primaryimage","url":"https:\/\/horticom.ee\/e-pood\/wp-content\/uploads\/importedmedia\/product-153322_0-PL0465.jpg","contentUrl":"https:\/\/horticom.ee\/e-pood\/wp-content\/uploads\/importedmedia\/product-153322_0-PL0465.jpg","width":1000,"height":1750,"caption":"Aeduba Saxa \/LK2024\/"},{"@type":"BreadcrumbList","@id":"https:\/\/horticom.ee\/e-pood\/toode\/aeduba-saxa-phaseolus-vulgaris-l\/#breadcrumb","itemListElement":[{"@type":"ListItem","position":1,"name":"Home","item":"https:\/\/horticom.ee\/e-pood\/"},{"@type":"ListItem","position":2,"name":"Pood","item":"https:\/\/horticom.ee\/e-pood\/pood\/"},{"@type":"ListItem","position":3,"name":"Aeduba Saxa"}]},{"@type":"WebSite","@id":"https:\/\/horticom.ee\/e-pood\/#website","url":"https:\/\/horticom.ee\/e-pood\/","name":"Horticom.ee","description":"Aianduskaubad ja kodukaubad nii harrastajatele kui professionaalidele","potentialAction":[{"@type":"SearchAction","target":{"@type":"EntryPoint","urlTemplate":"https:\/\/horticom.ee\/e-pood\/?s={search_term_string}"},"query-input":{"@type":"PropertyValueSpecification","valueRequired":true,"valueName":"search_term_string"}}],"inLanguage":"et"}]}},"_links":{"self":[{"href":"https:\/\/horticom.ee\/e-pood\/wp-json\/wp\/v2\/product\/153322","targetHints":{"allow":["GET"]}}],"collection":[{"href":"https:\/\/horticom.ee\/e-pood\/wp-json\/wp\/v2\/product"}],"about":[{"href":"https:\/\/horticom.ee\/e-pood\/wp-json\/wp\/v2\/types\/product"}],"replies":[{"embeddable":true,"href":"https:\/\/horticom.ee\/e-pood\/wp-json\/wp\/v2\/comments?post=153322"}],"wp:featuredmedia":[{"embeddable":true,"href":"https:\/\/horticom.ee\/e-pood\/wp-json\/wp\/v2\/media\/169550"}],"wp:attachment":[{"href":"https:\/\/horticom.ee\/e-pood\/wp-json\/wp\/v2\/media?parent=153322"}],"wp:term":[{"taxonomy":"product_cat","embeddable":true,"href":"https:\/\/horticom.ee\/e-pood\/wp-json\/wp\/v2\/product_cat?post=153322"},{"taxonomy":"product_tag","embeddable":true,"href":"https:\/\/horticom.ee\/e-pood\/wp-json\/wp\/v2\/product_tag?post=153322"}],"curies":[{"name":"wp","href":"https:\/\/api.w.org\/{rel}","templated":true}]}}