{"id":153324,"date":"2022-01-17T16:05:00","date_gmt":"2022-01-17T14:05:00","guid":{"rendered":"https:\/\/aednik24.ee\/toode\/porrulauk-elefant-allium-porrum-l\/"},"modified":"2026-05-12T03:06:15","modified_gmt":"2026-05-12T00:06:15","slug":"porrulauk-elefant-allium-porrum-l","status":"publish","type":"product","link":"https:\/\/horticom.ee\/e-pood\/toode\/porrulauk-elefant-allium-porrum-l\/","title":{"rendered":"Porrulauk Elefant"},"content":{"rendered":"<p>Porrulauk Elefant on keskvarajane sort, kasvatatakse s\u00fcgiseseks saagiks. Vegetatsiooniperiood 100\u2013120 p\u00e4eva. Lehed on p\u00fcstised, valge osa j\u00e4me ja pikk. Tarvitatakse v\u00e4rskelt, sobib s\u00e4ilitamiseks. Paremini kasvab viljakas, mittehappelises, saviliivmullas. Talub kuni \u20137 \u00b0C temperatuuri. Pakk 1g. \u00dches grammis on 200 &#8211; 320 seemet.<\/p>\n","protected":false},"excerpt":{"rendered":"<p>Porrulauk Elefant on keskvarajane sort, kasvatatakse s\u00fcgiseseks saagiks. Vegetatsiooniperiood 100\u2013120 p\u00e4eva. Lehed on p\u00fcstised, valge osa j\u00e4me ja pikk. Tarvitatakse v\u00e4rskelt, sobib s\u00e4ilitamiseks. Paremini kasvab viljakas, mittehappelises, saviliivmullas. Talub kuni \u20137 \u00b0C temperatuuri. Pakk 1g. \u00dches grammis on 200 &#8211; 320 seemet.<\/p>\n","protected":false},"featured_media":169546,"comment_status":"closed","ping_status":"closed","template":"","meta":{"_themeisle_gutenberg_block_has_review":false},"product_cat":[13483],"product_tag":[],"class_list":{"0":"post-153324","1":"product","2":"type-product","3":"status-publish","4":"has-post-thumbnail","6":"product_cat-sibul-porru-murulauk","8":"first","9":"outofstock","10":"shipping-taxable","11":"purchasable","12":"product-type-simple"},"yoast_head":"<!-- This site is optimized with the Yoast SEO plugin v24.0 - https:\/\/yoast.com\/wordpress\/plugins\/seo\/ -->\n<title>Porrulauk Elefant - Horticom.ee\/e-pood<\/title>\n<meta name=\"description\" content=\"Porrulauk Elefant on keskvarajane sort, kasvatatakse s\u00fcgiseseks saagiks. Talub kuni -7\u00b0C ja sobib v\u00e4rskelt tarbimiseks v\u00f5i s\u00e4ilitamiseks.\" \/>\n<meta name=\"robots\" content=\"index, follow, max-snippet:-1, max-image-preview:large, max-video-preview:-1\" \/>\n<link rel=\"canonical\" href=\"https:\/\/horticom.ee\/e-pood\/toode\/porrulauk-elefant-allium-porrum-l\/\" \/>\n<meta property=\"og:locale\" content=\"et_EE\" \/>\n<meta property=\"og:type\" content=\"article\" \/>\n<meta property=\"og:title\" content=\"Porrulauk Elefant - Horticom.ee\/e-pood\" \/>\n<meta property=\"og:description\" content=\"Porrulauk Elefant on keskvarajane sort, kasvatatakse s\u00fcgiseseks saagiks. Talub kuni -7\u00b0C ja sobib v\u00e4rskelt tarbimiseks v\u00f5i s\u00e4ilitamiseks.\" \/>\n<meta property=\"og:url\" content=\"https:\/\/horticom.ee\/e-pood\/toode\/porrulauk-elefant-allium-porrum-l\/\" \/>\n<meta property=\"og:site_name\" content=\"Horticom.ee\" \/>\n<meta property=\"article:publisher\" content=\"https:\/\/www.facebook.com\/horticom.ee\/e-pood\" \/>\n<meta property=\"article:modified_time\" content=\"2026-05-12T00:06:15+00:00\" \/>\n<meta property=\"og:image\" content=\"https:\/\/horticom.ee\/e-pood\/wp-content\/uploads\/importedmedia\/product-153324_0-PL0467.jpg\" \/>\n\t<meta property=\"og:image:width\" content=\"1000\" \/>\n\t<meta property=\"og:image:height\" content=\"1750\" \/>\n\t<meta property=\"og:image:type\" content=\"image\/jpeg\" \/>\n<meta name=\"twitter:card\" content=\"summary_large_image\" \/>\n<script type=\"application\/ld+json\" class=\"yoast-schema-graph\">{\"@context\":\"https:\/\/schema.org\",\"@graph\":[{\"@type\":\"WebPage\",\"@id\":\"https:\/\/horticom.ee\/e-pood\/toode\/porrulauk-elefant-allium-porrum-l\/\",\"url\":\"https:\/\/horticom.ee\/e-pood\/toode\/porrulauk-elefant-allium-porrum-l\/\",\"name\":\"Porrulauk Elefant - Horticom.ee\/e-pood\",\"isPartOf\":{\"@id\":\"https:\/\/horticom.ee\/e-pood\/#website\"},\"primaryImageOfPage\":{\"@id\":\"https:\/\/horticom.ee\/e-pood\/toode\/porrulauk-elefant-allium-porrum-l\/#primaryimage\"},\"image\":{\"@id\":\"https:\/\/horticom.ee\/e-pood\/toode\/porrulauk-elefant-allium-porrum-l\/#primaryimage\"},\"thumbnailUrl\":\"https:\/\/horticom.ee\/e-pood\/wp-content\/uploads\/importedmedia\/product-153324_0-PL0467.jpg\",\"datePublished\":\"2022-01-17T14:05:00+00:00\",\"dateModified\":\"2026-05-12T00:06:15+00:00\",\"description\":\"Porrulauk Elefant on keskvarajane sort, kasvatatakse s\u00fcgiseseks saagiks. Talub kuni -7\u00b0C ja sobib v\u00e4rskelt tarbimiseks v\u00f5i s\u00e4ilitamiseks.\",\"breadcrumb\":{\"@id\":\"https:\/\/horticom.ee\/e-pood\/toode\/porrulauk-elefant-allium-porrum-l\/#breadcrumb\"},\"inLanguage\":\"et\",\"potentialAction\":[{\"@type\":\"ReadAction\",\"target\":[\"https:\/\/horticom.ee\/e-pood\/toode\/porrulauk-elefant-allium-porrum-l\/\"]}]},{\"@type\":\"ImageObject\",\"inLanguage\":\"et\",\"@id\":\"https:\/\/horticom.ee\/e-pood\/toode\/porrulauk-elefant-allium-porrum-l\/#primaryimage\",\"url\":\"https:\/\/horticom.ee\/e-pood\/wp-content\/uploads\/importedmedia\/product-153324_0-PL0467.jpg\",\"contentUrl\":\"https:\/\/horticom.ee\/e-pood\/wp-content\/uploads\/importedmedia\/product-153324_0-PL0467.jpg\",\"width\":1000,\"height\":1750,\"caption\":\"Porrulauk Elefant\"},{\"@type\":\"BreadcrumbList\",\"@id\":\"https:\/\/horticom.ee\/e-pood\/toode\/porrulauk-elefant-allium-porrum-l\/#breadcrumb\",\"itemListElement\":[{\"@type\":\"ListItem\",\"position\":1,\"name\":\"Home\",\"item\":\"https:\/\/horticom.ee\/e-pood\/\"},{\"@type\":\"ListItem\",\"position\":2,\"name\":\"Pood\",\"item\":\"https:\/\/horticom.ee\/e-pood\/pood\/\"},{\"@type\":\"ListItem\",\"position\":3,\"name\":\"Porrulauk Elefant\"}]},{\"@type\":\"WebSite\",\"@id\":\"https:\/\/horticom.ee\/e-pood\/#website\",\"url\":\"https:\/\/horticom.ee\/e-pood\/\",\"name\":\"Horticom.ee\",\"description\":\"Aianduskaubad ja kodukaubad nii harrastajatele kui professionaalidele\",\"potentialAction\":[{\"@type\":\"SearchAction\",\"target\":{\"@type\":\"EntryPoint\",\"urlTemplate\":\"https:\/\/horticom.ee\/e-pood\/?s={search_term_string}\"},\"query-input\":{\"@type\":\"PropertyValueSpecification\",\"valueRequired\":true,\"valueName\":\"search_term_string\"}}],\"inLanguage\":\"et\"}]}<\/script>\n<!-- \/ Yoast SEO plugin. -->","yoast_head_json":{"title":"Porrulauk Elefant - Horticom.ee\/e-pood","description":"Porrulauk Elefant on keskvarajane sort, kasvatatakse s\u00fcgiseseks saagiks. Talub kuni -7\u00b0C ja sobib v\u00e4rskelt tarbimiseks v\u00f5i s\u00e4ilitamiseks.","robots":{"index":"index","follow":"follow","max-snippet":"max-snippet:-1","max-image-preview":"max-image-preview:large","max-video-preview":"max-video-preview:-1"},"canonical":"https:\/\/horticom.ee\/e-pood\/toode\/porrulauk-elefant-allium-porrum-l\/","og_locale":"et_EE","og_type":"article","og_title":"Porrulauk Elefant - Horticom.ee\/e-pood","og_description":"Porrulauk Elefant on keskvarajane sort, kasvatatakse s\u00fcgiseseks saagiks. Talub kuni -7\u00b0C ja sobib v\u00e4rskelt tarbimiseks v\u00f5i s\u00e4ilitamiseks.","og_url":"https:\/\/horticom.ee\/e-pood\/toode\/porrulauk-elefant-allium-porrum-l\/","og_site_name":"Horticom.ee","article_publisher":"https:\/\/www.facebook.com\/horticom.ee\/e-pood","article_modified_time":"2026-05-12T00:06:15+00:00","og_image":[{"width":1000,"height":1750,"url":"https:\/\/horticom.ee\/e-pood\/wp-content\/uploads\/importedmedia\/product-153324_0-PL0467.jpg","type":"image\/jpeg"}],"twitter_card":"summary_large_image","schema":{"@context":"https:\/\/schema.org","@graph":[{"@type":"WebPage","@id":"https:\/\/horticom.ee\/e-pood\/toode\/porrulauk-elefant-allium-porrum-l\/","url":"https:\/\/horticom.ee\/e-pood\/toode\/porrulauk-elefant-allium-porrum-l\/","name":"Porrulauk Elefant - Horticom.ee\/e-pood","isPartOf":{"@id":"https:\/\/horticom.ee\/e-pood\/#website"},"primaryImageOfPage":{"@id":"https:\/\/horticom.ee\/e-pood\/toode\/porrulauk-elefant-allium-porrum-l\/#primaryimage"},"image":{"@id":"https:\/\/horticom.ee\/e-pood\/toode\/porrulauk-elefant-allium-porrum-l\/#primaryimage"},"thumbnailUrl":"https:\/\/horticom.ee\/e-pood\/wp-content\/uploads\/importedmedia\/product-153324_0-PL0467.jpg","datePublished":"2022-01-17T14:05:00+00:00","dateModified":"2026-05-12T00:06:15+00:00","description":"Porrulauk Elefant on keskvarajane sort, kasvatatakse s\u00fcgiseseks saagiks. Talub kuni -7\u00b0C ja sobib v\u00e4rskelt tarbimiseks v\u00f5i s\u00e4ilitamiseks.","breadcrumb":{"@id":"https:\/\/horticom.ee\/e-pood\/toode\/porrulauk-elefant-allium-porrum-l\/#breadcrumb"},"inLanguage":"et","potentialAction":[{"@type":"ReadAction","target":["https:\/\/horticom.ee\/e-pood\/toode\/porrulauk-elefant-allium-porrum-l\/"]}]},{"@type":"ImageObject","inLanguage":"et","@id":"https:\/\/horticom.ee\/e-pood\/toode\/porrulauk-elefant-allium-porrum-l\/#primaryimage","url":"https:\/\/horticom.ee\/e-pood\/wp-content\/uploads\/importedmedia\/product-153324_0-PL0467.jpg","contentUrl":"https:\/\/horticom.ee\/e-pood\/wp-content\/uploads\/importedmedia\/product-153324_0-PL0467.jpg","width":1000,"height":1750,"caption":"Porrulauk Elefant"},{"@type":"BreadcrumbList","@id":"https:\/\/horticom.ee\/e-pood\/toode\/porrulauk-elefant-allium-porrum-l\/#breadcrumb","itemListElement":[{"@type":"ListItem","position":1,"name":"Home","item":"https:\/\/horticom.ee\/e-pood\/"},{"@type":"ListItem","position":2,"name":"Pood","item":"https:\/\/horticom.ee\/e-pood\/pood\/"},{"@type":"ListItem","position":3,"name":"Porrulauk Elefant"}]},{"@type":"WebSite","@id":"https:\/\/horticom.ee\/e-pood\/#website","url":"https:\/\/horticom.ee\/e-pood\/","name":"Horticom.ee","description":"Aianduskaubad ja kodukaubad nii harrastajatele kui professionaalidele","potentialAction":[{"@type":"SearchAction","target":{"@type":"EntryPoint","urlTemplate":"https:\/\/horticom.ee\/e-pood\/?s={search_term_string}"},"query-input":{"@type":"PropertyValueSpecification","valueRequired":true,"valueName":"search_term_string"}}],"inLanguage":"et"}]}},"_links":{"self":[{"href":"https:\/\/horticom.ee\/e-pood\/wp-json\/wp\/v2\/product\/153324","targetHints":{"allow":["GET"]}}],"collection":[{"href":"https:\/\/horticom.ee\/e-pood\/wp-json\/wp\/v2\/product"}],"about":[{"href":"https:\/\/horticom.ee\/e-pood\/wp-json\/wp\/v2\/types\/product"}],"replies":[{"embeddable":true,"href":"https:\/\/horticom.ee\/e-pood\/wp-json\/wp\/v2\/comments?post=153324"}],"wp:featuredmedia":[{"embeddable":true,"href":"https:\/\/horticom.ee\/e-pood\/wp-json\/wp\/v2\/media\/169546"}],"wp:attachment":[{"href":"https:\/\/horticom.ee\/e-pood\/wp-json\/wp\/v2\/media?parent=153324"}],"wp:term":[{"taxonomy":"product_cat","embeddable":true,"href":"https:\/\/horticom.ee\/e-pood\/wp-json\/wp\/v2\/product_cat?post=153324"},{"taxonomy":"product_tag","embeddable":true,"href":"https:\/\/horticom.ee\/e-pood\/wp-json\/wp\/v2\/product_tag?post=153324"}],"curies":[{"name":"wp","href":"https:\/\/api.w.org\/{rel}","templated":true}]}}