{"id":153327,"date":"2022-01-17T16:05:01","date_gmt":"2022-01-17T14:05:01","guid":{"rendered":"https:\/\/aednik24.ee\/toode\/lehtsalat-grand-rapids-lactuca-sativa-l\/"},"modified":"2026-04-19T11:00:50","modified_gmt":"2026-04-19T08:00:50","slug":"lehtsalat-grand-rapids-lactuca-sativa-l","status":"publish","type":"product","link":"https:\/\/horticom.ee\/e-pood\/toode\/lehtsalat-grand-rapids-lactuca-sativa-l\/","title":{"rendered":"Lehtsalat Grand Rapids"},"content":{"rendered":"<p>Lehtsalat Grand Rapids on varajane lehtsalati sort. Suured helerohelised k\u00e4harad lehed. Ei ole m\u00f5rkjas. Kasvatatakse kevadiseks, suviseks, s\u00fcgiseseks saagiks. V\u00f5ib k\u00fclvata kasvuhoonesse v\u00f5i avamaale. Valmib 35\u201350 p\u00e4eva jooksul. K\u00f5ige paremini kasvab saviliivas v\u00f5i kerges liivsavimullas, h\u00e4sti haritud pinnases.<\/p>\n","protected":false},"excerpt":{"rendered":"<p>Lehtsalat Grand Rapids on varajane lehtsalati sort. Suured helerohelised k\u00e4harad lehed. Ei ole m\u00f5rkjas. Kasvatatakse kevadiseks, suviseks, s\u00fcgiseseks saagiks. V\u00f5ib k\u00fclvata kasvuhoonesse v\u00f5i avamaale. Valmib 35\u201350 p\u00e4eva jooksul. K\u00f5ige paremini kasvab saviliivas v\u00f5i kerges liivsavimullas, h\u00e4sti haritud pinnases.<\/p>\n","protected":false},"featured_media":169544,"comment_status":"closed","ping_status":"closed","template":"","meta":{"_themeisle_gutenberg_block_has_review":false},"product_cat":[13484],"product_tag":[],"class_list":{"0":"post-153327","1":"product","2":"type-product","3":"status-publish","4":"has-post-thumbnail","6":"product_cat-salat-spinat-ruccola","8":"first","9":"instock","10":"shipping-taxable","11":"purchasable","12":"product-type-simple"},"yoast_head":"<!-- This site is optimized with the Yoast SEO plugin v24.0 - https:\/\/yoast.com\/wordpress\/plugins\/seo\/ -->\n<title>Lehtsalat Grand Rapids - Horticom.ee\/e-pood<\/title>\n<meta name=\"description\" content=\"Lehtsalat Grand Rapids on varajane sort suurte k\u00e4harate lehtedega. Sobib kevadiseks, suviseks ja s\u00fcgiseseks saagiks.\" \/>\n<meta name=\"robots\" content=\"index, follow, max-snippet:-1, max-image-preview:large, max-video-preview:-1\" \/>\n<link rel=\"canonical\" href=\"https:\/\/horticom.ee\/e-pood\/toode\/lehtsalat-grand-rapids-lactuca-sativa-l\/\" \/>\n<meta property=\"og:locale\" content=\"et_EE\" \/>\n<meta property=\"og:type\" content=\"article\" \/>\n<meta property=\"og:title\" content=\"Lehtsalat Grand Rapids - Horticom.ee\/e-pood\" \/>\n<meta property=\"og:description\" content=\"Lehtsalat Grand Rapids on varajane sort suurte k\u00e4harate lehtedega. Sobib kevadiseks, suviseks ja s\u00fcgiseseks saagiks.\" \/>\n<meta property=\"og:url\" content=\"https:\/\/horticom.ee\/e-pood\/toode\/lehtsalat-grand-rapids-lactuca-sativa-l\/\" \/>\n<meta property=\"og:site_name\" content=\"Horticom.ee\" \/>\n<meta property=\"article:publisher\" content=\"https:\/\/www.facebook.com\/horticom.ee\/e-pood\" \/>\n<meta property=\"article:modified_time\" content=\"2026-04-19T08:00:50+00:00\" \/>\n<meta property=\"og:image\" content=\"https:\/\/horticom.ee\/e-pood\/wp-content\/uploads\/importedmedia\/product-153327_0-PL0470-585x1024.jpg\" \/>\n\t<meta property=\"og:image:width\" content=\"585\" \/>\n\t<meta property=\"og:image:height\" content=\"1024\" \/>\n\t<meta property=\"og:image:type\" content=\"image\/jpeg\" \/>\n<meta name=\"twitter:card\" content=\"summary_large_image\" \/>\n<script type=\"application\/ld+json\" class=\"yoast-schema-graph\">{\"@context\":\"https:\/\/schema.org\",\"@graph\":[{\"@type\":\"WebPage\",\"@id\":\"https:\/\/horticom.ee\/e-pood\/toode\/lehtsalat-grand-rapids-lactuca-sativa-l\/\",\"url\":\"https:\/\/horticom.ee\/e-pood\/toode\/lehtsalat-grand-rapids-lactuca-sativa-l\/\",\"name\":\"Lehtsalat Grand Rapids - Horticom.ee\/e-pood\",\"isPartOf\":{\"@id\":\"https:\/\/horticom.ee\/e-pood\/#website\"},\"primaryImageOfPage\":{\"@id\":\"https:\/\/horticom.ee\/e-pood\/toode\/lehtsalat-grand-rapids-lactuca-sativa-l\/#primaryimage\"},\"image\":{\"@id\":\"https:\/\/horticom.ee\/e-pood\/toode\/lehtsalat-grand-rapids-lactuca-sativa-l\/#primaryimage\"},\"thumbnailUrl\":\"https:\/\/horticom.ee\/e-pood\/wp-content\/uploads\/importedmedia\/product-153327_0-PL0470.jpg\",\"datePublished\":\"2022-01-17T14:05:01+00:00\",\"dateModified\":\"2026-04-19T08:00:50+00:00\",\"description\":\"Lehtsalat Grand Rapids on varajane sort suurte k\u00e4harate lehtedega. Sobib kevadiseks, suviseks ja s\u00fcgiseseks saagiks.\",\"breadcrumb\":{\"@id\":\"https:\/\/horticom.ee\/e-pood\/toode\/lehtsalat-grand-rapids-lactuca-sativa-l\/#breadcrumb\"},\"inLanguage\":\"et\",\"potentialAction\":[{\"@type\":\"ReadAction\",\"target\":[\"https:\/\/horticom.ee\/e-pood\/toode\/lehtsalat-grand-rapids-lactuca-sativa-l\/\"]}]},{\"@type\":\"ImageObject\",\"inLanguage\":\"et\",\"@id\":\"https:\/\/horticom.ee\/e-pood\/toode\/lehtsalat-grand-rapids-lactuca-sativa-l\/#primaryimage\",\"url\":\"https:\/\/horticom.ee\/e-pood\/wp-content\/uploads\/importedmedia\/product-153327_0-PL0470.jpg\",\"contentUrl\":\"https:\/\/horticom.ee\/e-pood\/wp-content\/uploads\/importedmedia\/product-153327_0-PL0470.jpg\",\"width\":1000,\"height\":1750,\"caption\":\"Lehtsalat Grand Rapids\"},{\"@type\":\"BreadcrumbList\",\"@id\":\"https:\/\/horticom.ee\/e-pood\/toode\/lehtsalat-grand-rapids-lactuca-sativa-l\/#breadcrumb\",\"itemListElement\":[{\"@type\":\"ListItem\",\"position\":1,\"name\":\"Home\",\"item\":\"https:\/\/horticom.ee\/e-pood\/\"},{\"@type\":\"ListItem\",\"position\":2,\"name\":\"Pood\",\"item\":\"https:\/\/horticom.ee\/e-pood\/pood\/\"},{\"@type\":\"ListItem\",\"position\":3,\"name\":\"Lehtsalat Grand Rapids\"}]},{\"@type\":\"WebSite\",\"@id\":\"https:\/\/horticom.ee\/e-pood\/#website\",\"url\":\"https:\/\/horticom.ee\/e-pood\/\",\"name\":\"Horticom.ee\",\"description\":\"Aianduskaubad ja kodukaubad nii harrastajatele kui professionaalidele\",\"potentialAction\":[{\"@type\":\"SearchAction\",\"target\":{\"@type\":\"EntryPoint\",\"urlTemplate\":\"https:\/\/horticom.ee\/e-pood\/?s={search_term_string}\"},\"query-input\":{\"@type\":\"PropertyValueSpecification\",\"valueRequired\":true,\"valueName\":\"search_term_string\"}}],\"inLanguage\":\"et\"}]}<\/script>\n<!-- \/ Yoast SEO plugin. -->","yoast_head_json":{"title":"Lehtsalat Grand Rapids - Horticom.ee\/e-pood","description":"Lehtsalat Grand Rapids on varajane sort suurte k\u00e4harate lehtedega. Sobib kevadiseks, suviseks ja s\u00fcgiseseks saagiks.","robots":{"index":"index","follow":"follow","max-snippet":"max-snippet:-1","max-image-preview":"max-image-preview:large","max-video-preview":"max-video-preview:-1"},"canonical":"https:\/\/horticom.ee\/e-pood\/toode\/lehtsalat-grand-rapids-lactuca-sativa-l\/","og_locale":"et_EE","og_type":"article","og_title":"Lehtsalat Grand Rapids - Horticom.ee\/e-pood","og_description":"Lehtsalat Grand Rapids on varajane sort suurte k\u00e4harate lehtedega. Sobib kevadiseks, suviseks ja s\u00fcgiseseks saagiks.","og_url":"https:\/\/horticom.ee\/e-pood\/toode\/lehtsalat-grand-rapids-lactuca-sativa-l\/","og_site_name":"Horticom.ee","article_publisher":"https:\/\/www.facebook.com\/horticom.ee\/e-pood","article_modified_time":"2026-04-19T08:00:50+00:00","og_image":[{"width":585,"height":1024,"url":"https:\/\/horticom.ee\/e-pood\/wp-content\/uploads\/importedmedia\/product-153327_0-PL0470-585x1024.jpg","type":"image\/jpeg"}],"twitter_card":"summary_large_image","schema":{"@context":"https:\/\/schema.org","@graph":[{"@type":"WebPage","@id":"https:\/\/horticom.ee\/e-pood\/toode\/lehtsalat-grand-rapids-lactuca-sativa-l\/","url":"https:\/\/horticom.ee\/e-pood\/toode\/lehtsalat-grand-rapids-lactuca-sativa-l\/","name":"Lehtsalat Grand Rapids - Horticom.ee\/e-pood","isPartOf":{"@id":"https:\/\/horticom.ee\/e-pood\/#website"},"primaryImageOfPage":{"@id":"https:\/\/horticom.ee\/e-pood\/toode\/lehtsalat-grand-rapids-lactuca-sativa-l\/#primaryimage"},"image":{"@id":"https:\/\/horticom.ee\/e-pood\/toode\/lehtsalat-grand-rapids-lactuca-sativa-l\/#primaryimage"},"thumbnailUrl":"https:\/\/horticom.ee\/e-pood\/wp-content\/uploads\/importedmedia\/product-153327_0-PL0470.jpg","datePublished":"2022-01-17T14:05:01+00:00","dateModified":"2026-04-19T08:00:50+00:00","description":"Lehtsalat Grand Rapids on varajane sort suurte k\u00e4harate lehtedega. Sobib kevadiseks, suviseks ja s\u00fcgiseseks saagiks.","breadcrumb":{"@id":"https:\/\/horticom.ee\/e-pood\/toode\/lehtsalat-grand-rapids-lactuca-sativa-l\/#breadcrumb"},"inLanguage":"et","potentialAction":[{"@type":"ReadAction","target":["https:\/\/horticom.ee\/e-pood\/toode\/lehtsalat-grand-rapids-lactuca-sativa-l\/"]}]},{"@type":"ImageObject","inLanguage":"et","@id":"https:\/\/horticom.ee\/e-pood\/toode\/lehtsalat-grand-rapids-lactuca-sativa-l\/#primaryimage","url":"https:\/\/horticom.ee\/e-pood\/wp-content\/uploads\/importedmedia\/product-153327_0-PL0470.jpg","contentUrl":"https:\/\/horticom.ee\/e-pood\/wp-content\/uploads\/importedmedia\/product-153327_0-PL0470.jpg","width":1000,"height":1750,"caption":"Lehtsalat Grand Rapids"},{"@type":"BreadcrumbList","@id":"https:\/\/horticom.ee\/e-pood\/toode\/lehtsalat-grand-rapids-lactuca-sativa-l\/#breadcrumb","itemListElement":[{"@type":"ListItem","position":1,"name":"Home","item":"https:\/\/horticom.ee\/e-pood\/"},{"@type":"ListItem","position":2,"name":"Pood","item":"https:\/\/horticom.ee\/e-pood\/pood\/"},{"@type":"ListItem","position":3,"name":"Lehtsalat Grand Rapids"}]},{"@type":"WebSite","@id":"https:\/\/horticom.ee\/e-pood\/#website","url":"https:\/\/horticom.ee\/e-pood\/","name":"Horticom.ee","description":"Aianduskaubad ja kodukaubad nii harrastajatele kui professionaalidele","potentialAction":[{"@type":"SearchAction","target":{"@type":"EntryPoint","urlTemplate":"https:\/\/horticom.ee\/e-pood\/?s={search_term_string}"},"query-input":{"@type":"PropertyValueSpecification","valueRequired":true,"valueName":"search_term_string"}}],"inLanguage":"et"}]}},"_links":{"self":[{"href":"https:\/\/horticom.ee\/e-pood\/wp-json\/wp\/v2\/product\/153327","targetHints":{"allow":["GET"]}}],"collection":[{"href":"https:\/\/horticom.ee\/e-pood\/wp-json\/wp\/v2\/product"}],"about":[{"href":"https:\/\/horticom.ee\/e-pood\/wp-json\/wp\/v2\/types\/product"}],"replies":[{"embeddable":true,"href":"https:\/\/horticom.ee\/e-pood\/wp-json\/wp\/v2\/comments?post=153327"}],"wp:featuredmedia":[{"embeddable":true,"href":"https:\/\/horticom.ee\/e-pood\/wp-json\/wp\/v2\/media\/169544"}],"wp:attachment":[{"href":"https:\/\/horticom.ee\/e-pood\/wp-json\/wp\/v2\/media?parent=153327"}],"wp:term":[{"taxonomy":"product_cat","embeddable":true,"href":"https:\/\/horticom.ee\/e-pood\/wp-json\/wp\/v2\/product_cat?post=153327"},{"taxonomy":"product_tag","embeddable":true,"href":"https:\/\/horticom.ee\/e-pood\/wp-json\/wp\/v2\/product_tag?post=153327"}],"curies":[{"name":"wp","href":"https:\/\/api.w.org\/{rel}","templated":true}]}}