{"id":153333,"date":"2022-01-17T16:05:06","date_gmt":"2022-01-17T14:05:06","guid":{"rendered":"https:\/\/aednik24.ee\/toode\/juurpetersell-alba-petroselinum-crispum\/"},"modified":"2026-05-04T03:05:36","modified_gmt":"2026-05-04T00:05:36","slug":"juurpetersell-alba-petroselinum-crispum","status":"publish","type":"product","link":"https:\/\/horticom.ee\/e-pood\/toode\/juurpetersell-alba-petroselinum-crispum\/","title":{"rendered":"Juurpetersell Alba"},"content":{"rendered":"<p>Juurpetersell Alba on keskmiselt hiline juurpeterselli sort. Vegetatsiooniperiood 175-195 p\u00e4eva. Juurvili 15-18cm pikkune, selle koor on valge, viljaliha kreemjas, meeldiva l\u00f5hnaga. S\u00fc\u00fcakse v\u00e4rskena, sobib \u00fcmbert\u00f6\u00f6tlemiseks ning hoidmiseks l\u00e4bi talve. Toiduks kasutatakse ka lehti. Varajaseks kevadiseks saagiks v\u00f5ib k\u00fclvata s\u00fcgisest, kinnikaetuna v\u00f5ib talvituda avamaal. 1 g umbes 500-1000 seemet.<\/p>\n","protected":false},"excerpt":{"rendered":"<p>Juurpetersell Alba on keskmiselt hiline juurpeterselli sort. Vegetatsiooniperiood 175-195 p\u00e4eva. Juurvili 15-18cm pikkune, selle koor on valge, viljaliha kreemjas, meeldiva l\u00f5hnaga. S\u00fc\u00fcakse v\u00e4rskena, sobib \u00fcmbert\u00f6\u00f6tlemiseks ning hoidmiseks l\u00e4bi talve. Toiduks kasutatakse ka lehti. Varajaseks kevadiseks saagiks v\u00f5ib k\u00fclvata s\u00fcgisest, kinnikaetuna v\u00f5ib talvituda avamaal. 1 g umbes 500-1000 seemet.<\/p>\n","protected":false},"featured_media":169528,"comment_status":"closed","ping_status":"closed","template":"","meta":{"_themeisle_gutenberg_block_has_review":false},"product_cat":[13490],"product_tag":[],"class_list":{"0":"post-153333","1":"product","2":"type-product","3":"status-publish","4":"has-post-thumbnail","6":"product_cat-maitsetaimede-seemned","8":"first","9":"instock","10":"shipping-taxable","11":"purchasable","12":"product-type-simple"},"yoast_head":"<!-- This site is optimized with the Yoast SEO plugin v24.0 - https:\/\/yoast.com\/wordpress\/plugins\/seo\/ -->\n<title>Juurpetersell Alba - Horticom.ee\/e-pood<\/title>\n<meta name=\"description\" content=\"Juurpetersell Alba on keskmiselt hiline sort, mille juurvili on 15\u201318 cm pikk. Sobib v\u00e4rskeks tarbimiseks ja s\u00e4ilitamiseks l\u00e4bi talve.\" \/>\n<meta name=\"robots\" content=\"index, follow, max-snippet:-1, max-image-preview:large, max-video-preview:-1\" \/>\n<link rel=\"canonical\" href=\"https:\/\/horticom.ee\/e-pood\/toode\/juurpetersell-alba-petroselinum-crispum\/\" \/>\n<meta property=\"og:locale\" content=\"et_EE\" \/>\n<meta property=\"og:type\" content=\"article\" \/>\n<meta property=\"og:title\" content=\"Juurpetersell Alba - Horticom.ee\/e-pood\" \/>\n<meta property=\"og:description\" content=\"Juurpetersell Alba on keskmiselt hiline sort, mille juurvili on 15\u201318 cm pikk. Sobib v\u00e4rskeks tarbimiseks ja s\u00e4ilitamiseks l\u00e4bi talve.\" \/>\n<meta property=\"og:url\" content=\"https:\/\/horticom.ee\/e-pood\/toode\/juurpetersell-alba-petroselinum-crispum\/\" \/>\n<meta property=\"og:site_name\" content=\"Horticom.ee\" \/>\n<meta property=\"article:publisher\" content=\"https:\/\/www.facebook.com\/horticom.ee\/e-pood\" \/>\n<meta property=\"article:modified_time\" content=\"2026-05-04T00:05:36+00:00\" \/>\n<meta property=\"og:image\" content=\"https:\/\/horticom.ee\/e-pood\/wp-content\/uploads\/importedmedia\/product-153333_0-PL0477-585x1024.jpg\" \/>\n\t<meta property=\"og:image:width\" content=\"585\" \/>\n\t<meta property=\"og:image:height\" content=\"1024\" \/>\n\t<meta property=\"og:image:type\" content=\"image\/jpeg\" \/>\n<meta name=\"twitter:card\" content=\"summary_large_image\" \/>\n<script type=\"application\/ld+json\" class=\"yoast-schema-graph\">{\"@context\":\"https:\/\/schema.org\",\"@graph\":[{\"@type\":\"WebPage\",\"@id\":\"https:\/\/horticom.ee\/e-pood\/toode\/juurpetersell-alba-petroselinum-crispum\/\",\"url\":\"https:\/\/horticom.ee\/e-pood\/toode\/juurpetersell-alba-petroselinum-crispum\/\",\"name\":\"Juurpetersell Alba - Horticom.ee\/e-pood\",\"isPartOf\":{\"@id\":\"https:\/\/horticom.ee\/e-pood\/#website\"},\"primaryImageOfPage\":{\"@id\":\"https:\/\/horticom.ee\/e-pood\/toode\/juurpetersell-alba-petroselinum-crispum\/#primaryimage\"},\"image\":{\"@id\":\"https:\/\/horticom.ee\/e-pood\/toode\/juurpetersell-alba-petroselinum-crispum\/#primaryimage\"},\"thumbnailUrl\":\"https:\/\/horticom.ee\/e-pood\/wp-content\/uploads\/importedmedia\/product-153333_0-PL0477.jpg\",\"datePublished\":\"2022-01-17T14:05:06+00:00\",\"dateModified\":\"2026-05-04T00:05:36+00:00\",\"description\":\"Juurpetersell Alba on keskmiselt hiline sort, mille juurvili on 15\u201318 cm pikk. Sobib v\u00e4rskeks tarbimiseks ja s\u00e4ilitamiseks l\u00e4bi talve.\",\"breadcrumb\":{\"@id\":\"https:\/\/horticom.ee\/e-pood\/toode\/juurpetersell-alba-petroselinum-crispum\/#breadcrumb\"},\"inLanguage\":\"et\",\"potentialAction\":[{\"@type\":\"ReadAction\",\"target\":[\"https:\/\/horticom.ee\/e-pood\/toode\/juurpetersell-alba-petroselinum-crispum\/\"]}]},{\"@type\":\"ImageObject\",\"inLanguage\":\"et\",\"@id\":\"https:\/\/horticom.ee\/e-pood\/toode\/juurpetersell-alba-petroselinum-crispum\/#primaryimage\",\"url\":\"https:\/\/horticom.ee\/e-pood\/wp-content\/uploads\/importedmedia\/product-153333_0-PL0477.jpg\",\"contentUrl\":\"https:\/\/horticom.ee\/e-pood\/wp-content\/uploads\/importedmedia\/product-153333_0-PL0477.jpg\",\"width\":1000,\"height\":1750,\"caption\":\"Juurpetersell Alba\"},{\"@type\":\"BreadcrumbList\",\"@id\":\"https:\/\/horticom.ee\/e-pood\/toode\/juurpetersell-alba-petroselinum-crispum\/#breadcrumb\",\"itemListElement\":[{\"@type\":\"ListItem\",\"position\":1,\"name\":\"Home\",\"item\":\"https:\/\/horticom.ee\/e-pood\/\"},{\"@type\":\"ListItem\",\"position\":2,\"name\":\"Pood\",\"item\":\"https:\/\/horticom.ee\/e-pood\/pood\/\"},{\"@type\":\"ListItem\",\"position\":3,\"name\":\"Juurpetersell Alba\"}]},{\"@type\":\"WebSite\",\"@id\":\"https:\/\/horticom.ee\/e-pood\/#website\",\"url\":\"https:\/\/horticom.ee\/e-pood\/\",\"name\":\"Horticom.ee\",\"description\":\"Aianduskaubad ja kodukaubad nii harrastajatele kui professionaalidele\",\"potentialAction\":[{\"@type\":\"SearchAction\",\"target\":{\"@type\":\"EntryPoint\",\"urlTemplate\":\"https:\/\/horticom.ee\/e-pood\/?s={search_term_string}\"},\"query-input\":{\"@type\":\"PropertyValueSpecification\",\"valueRequired\":true,\"valueName\":\"search_term_string\"}}],\"inLanguage\":\"et\"}]}<\/script>\n<!-- \/ Yoast SEO plugin. -->","yoast_head_json":{"title":"Juurpetersell Alba - Horticom.ee\/e-pood","description":"Juurpetersell Alba on keskmiselt hiline sort, mille juurvili on 15\u201318 cm pikk. Sobib v\u00e4rskeks tarbimiseks ja s\u00e4ilitamiseks l\u00e4bi talve.","robots":{"index":"index","follow":"follow","max-snippet":"max-snippet:-1","max-image-preview":"max-image-preview:large","max-video-preview":"max-video-preview:-1"},"canonical":"https:\/\/horticom.ee\/e-pood\/toode\/juurpetersell-alba-petroselinum-crispum\/","og_locale":"et_EE","og_type":"article","og_title":"Juurpetersell Alba - Horticom.ee\/e-pood","og_description":"Juurpetersell Alba on keskmiselt hiline sort, mille juurvili on 15\u201318 cm pikk. Sobib v\u00e4rskeks tarbimiseks ja s\u00e4ilitamiseks l\u00e4bi talve.","og_url":"https:\/\/horticom.ee\/e-pood\/toode\/juurpetersell-alba-petroselinum-crispum\/","og_site_name":"Horticom.ee","article_publisher":"https:\/\/www.facebook.com\/horticom.ee\/e-pood","article_modified_time":"2026-05-04T00:05:36+00:00","og_image":[{"width":585,"height":1024,"url":"https:\/\/horticom.ee\/e-pood\/wp-content\/uploads\/importedmedia\/product-153333_0-PL0477-585x1024.jpg","type":"image\/jpeg"}],"twitter_card":"summary_large_image","schema":{"@context":"https:\/\/schema.org","@graph":[{"@type":"WebPage","@id":"https:\/\/horticom.ee\/e-pood\/toode\/juurpetersell-alba-petroselinum-crispum\/","url":"https:\/\/horticom.ee\/e-pood\/toode\/juurpetersell-alba-petroselinum-crispum\/","name":"Juurpetersell Alba - Horticom.ee\/e-pood","isPartOf":{"@id":"https:\/\/horticom.ee\/e-pood\/#website"},"primaryImageOfPage":{"@id":"https:\/\/horticom.ee\/e-pood\/toode\/juurpetersell-alba-petroselinum-crispum\/#primaryimage"},"image":{"@id":"https:\/\/horticom.ee\/e-pood\/toode\/juurpetersell-alba-petroselinum-crispum\/#primaryimage"},"thumbnailUrl":"https:\/\/horticom.ee\/e-pood\/wp-content\/uploads\/importedmedia\/product-153333_0-PL0477.jpg","datePublished":"2022-01-17T14:05:06+00:00","dateModified":"2026-05-04T00:05:36+00:00","description":"Juurpetersell Alba on keskmiselt hiline sort, mille juurvili on 15\u201318 cm pikk. Sobib v\u00e4rskeks tarbimiseks ja s\u00e4ilitamiseks l\u00e4bi talve.","breadcrumb":{"@id":"https:\/\/horticom.ee\/e-pood\/toode\/juurpetersell-alba-petroselinum-crispum\/#breadcrumb"},"inLanguage":"et","potentialAction":[{"@type":"ReadAction","target":["https:\/\/horticom.ee\/e-pood\/toode\/juurpetersell-alba-petroselinum-crispum\/"]}]},{"@type":"ImageObject","inLanguage":"et","@id":"https:\/\/horticom.ee\/e-pood\/toode\/juurpetersell-alba-petroselinum-crispum\/#primaryimage","url":"https:\/\/horticom.ee\/e-pood\/wp-content\/uploads\/importedmedia\/product-153333_0-PL0477.jpg","contentUrl":"https:\/\/horticom.ee\/e-pood\/wp-content\/uploads\/importedmedia\/product-153333_0-PL0477.jpg","width":1000,"height":1750,"caption":"Juurpetersell Alba"},{"@type":"BreadcrumbList","@id":"https:\/\/horticom.ee\/e-pood\/toode\/juurpetersell-alba-petroselinum-crispum\/#breadcrumb","itemListElement":[{"@type":"ListItem","position":1,"name":"Home","item":"https:\/\/horticom.ee\/e-pood\/"},{"@type":"ListItem","position":2,"name":"Pood","item":"https:\/\/horticom.ee\/e-pood\/pood\/"},{"@type":"ListItem","position":3,"name":"Juurpetersell Alba"}]},{"@type":"WebSite","@id":"https:\/\/horticom.ee\/e-pood\/#website","url":"https:\/\/horticom.ee\/e-pood\/","name":"Horticom.ee","description":"Aianduskaubad ja kodukaubad nii harrastajatele kui professionaalidele","potentialAction":[{"@type":"SearchAction","target":{"@type":"EntryPoint","urlTemplate":"https:\/\/horticom.ee\/e-pood\/?s={search_term_string}"},"query-input":{"@type":"PropertyValueSpecification","valueRequired":true,"valueName":"search_term_string"}}],"inLanguage":"et"}]}},"_links":{"self":[{"href":"https:\/\/horticom.ee\/e-pood\/wp-json\/wp\/v2\/product\/153333","targetHints":{"allow":["GET"]}}],"collection":[{"href":"https:\/\/horticom.ee\/e-pood\/wp-json\/wp\/v2\/product"}],"about":[{"href":"https:\/\/horticom.ee\/e-pood\/wp-json\/wp\/v2\/types\/product"}],"replies":[{"embeddable":true,"href":"https:\/\/horticom.ee\/e-pood\/wp-json\/wp\/v2\/comments?post=153333"}],"wp:featuredmedia":[{"embeddable":true,"href":"https:\/\/horticom.ee\/e-pood\/wp-json\/wp\/v2\/media\/169528"}],"wp:attachment":[{"href":"https:\/\/horticom.ee\/e-pood\/wp-json\/wp\/v2\/media?parent=153333"}],"wp:term":[{"taxonomy":"product_cat","embeddable":true,"href":"https:\/\/horticom.ee\/e-pood\/wp-json\/wp\/v2\/product_cat?post=153333"},{"taxonomy":"product_tag","embeddable":true,"href":"https:\/\/horticom.ee\/e-pood\/wp-json\/wp\/v2\/product_tag?post=153333"}],"curies":[{"name":"wp","href":"https:\/\/api.w.org\/{rel}","templated":true}]}}