{"id":153336,"date":"2022-01-17T16:05:08","date_gmt":"2022-01-17T14:05:08","guid":{"rendered":"https:\/\/aednik24.ee\/toode\/hernes-ambrosia-suhkruhernes-pisum-sativum-l-partim\/"},"modified":"2026-04-06T13:02:50","modified_gmt":"2026-04-06T10:02:50","slug":"hernes-ambrosia-suhkruhernes-pisum-sativum-l-partim","status":"publish","type":"product","link":"https:\/\/horticom.ee\/e-pood\/toode\/hernes-ambrosia-suhkruhernes-pisum-sativum-l-partim\/","title":{"rendered":"Hernes Ambrosia Suhkruhernes"},"content":{"rendered":"<p>Hernes Ambrosia suhkruhernes on keskvarajane, saagikas suhkruhernesort. Taim umbes 60cm k\u00f5rgune, kaunad kiledeta. Valmib 50\u201365 p\u00e4eva jooksul. Noori seemnetega kaunu tarvitatakse v\u00e4rskelt v\u00f5i keedetuna. K\u00f5ige paremini kasvab keskmise raskusega, \u00f5hku ja vett l\u00e4bilaskvas pinnases.<\/p>\n","protected":false},"excerpt":{"rendered":"<p>Hernes Ambrosia suhkruhernes on keskvarajane, saagikas suhkruhernesort. Taim umbes 60cm k\u00f5rgune, kaunad kiledeta. Valmib 50\u201365 p\u00e4eva jooksul. Noori seemnetega kaunu tarvitatakse v\u00e4rskelt v\u00f5i keedetuna. K\u00f5ige paremini kasvab keskmise raskusega, \u00f5hku ja vett l\u00e4bilaskvas pinnases.<\/p>\n","protected":false},"featured_media":169522,"comment_status":"closed","ping_status":"closed","template":"","meta":{"_themeisle_gutenberg_block_has_review":false},"product_cat":[13496],"product_tag":[],"class_list":{"0":"post-153336","1":"product","2":"type-product","3":"status-publish","4":"has-post-thumbnail","6":"product_cat-hernes","8":"first","9":"instock","10":"shipping-taxable","11":"purchasable","12":"product-type-simple"},"yoast_head":"<!-- This site is optimized with the Yoast SEO plugin v24.0 - https:\/\/yoast.com\/wordpress\/plugins\/seo\/ -->\n<title>Hernes Ambrosia Suhkruhernes - Horticom.ee\/e-pood<\/title>\n<meta name=\"description\" content=\"Hernes Ambrosia suhkruhernes on keskvarajane, saagikas suhkruhernesort. Taim umbes 60cm k\u00f5rgune, kaunad kiledeta. Valmib 50\u201365 p\u00e4eva jooksul.\" \/>\n<meta name=\"robots\" content=\"index, follow, max-snippet:-1, max-image-preview:large, max-video-preview:-1\" \/>\n<link rel=\"canonical\" href=\"https:\/\/horticom.ee\/e-pood\/toode\/hernes-ambrosia-suhkruhernes-pisum-sativum-l-partim\/\" \/>\n<meta property=\"og:locale\" content=\"et_EE\" \/>\n<meta property=\"og:type\" content=\"article\" \/>\n<meta property=\"og:title\" content=\"Hernes Ambrosia Suhkruhernes - Horticom.ee\/e-pood\" \/>\n<meta property=\"og:description\" content=\"Hernes Ambrosia suhkruhernes on keskvarajane, saagikas suhkruhernesort. Taim umbes 60cm k\u00f5rgune, kaunad kiledeta. Valmib 50\u201365 p\u00e4eva jooksul.\" \/>\n<meta property=\"og:url\" content=\"https:\/\/horticom.ee\/e-pood\/toode\/hernes-ambrosia-suhkruhernes-pisum-sativum-l-partim\/\" \/>\n<meta property=\"og:site_name\" content=\"Horticom.ee\" \/>\n<meta property=\"article:publisher\" content=\"https:\/\/www.facebook.com\/horticom.ee\/e-pood\" \/>\n<meta property=\"article:modified_time\" content=\"2026-04-06T10:02:50+00:00\" \/>\n<meta property=\"og:image\" content=\"https:\/\/horticom.ee\/e-pood\/wp-content\/uploads\/importedmedia\/product-153336_0-PL0480.jpg\" \/>\n\t<meta property=\"og:image:width\" content=\"1000\" \/>\n\t<meta property=\"og:image:height\" content=\"1750\" \/>\n\t<meta property=\"og:image:type\" content=\"image\/jpeg\" \/>\n<meta name=\"twitter:card\" content=\"summary_large_image\" \/>\n<script type=\"application\/ld+json\" class=\"yoast-schema-graph\">{\"@context\":\"https:\/\/schema.org\",\"@graph\":[{\"@type\":\"WebPage\",\"@id\":\"https:\/\/horticom.ee\/e-pood\/toode\/hernes-ambrosia-suhkruhernes-pisum-sativum-l-partim\/\",\"url\":\"https:\/\/horticom.ee\/e-pood\/toode\/hernes-ambrosia-suhkruhernes-pisum-sativum-l-partim\/\",\"name\":\"Hernes Ambrosia Suhkruhernes - Horticom.ee\/e-pood\",\"isPartOf\":{\"@id\":\"https:\/\/horticom.ee\/e-pood\/#website\"},\"primaryImageOfPage\":{\"@id\":\"https:\/\/horticom.ee\/e-pood\/toode\/hernes-ambrosia-suhkruhernes-pisum-sativum-l-partim\/#primaryimage\"},\"image\":{\"@id\":\"https:\/\/horticom.ee\/e-pood\/toode\/hernes-ambrosia-suhkruhernes-pisum-sativum-l-partim\/#primaryimage\"},\"thumbnailUrl\":\"https:\/\/horticom.ee\/e-pood\/wp-content\/uploads\/importedmedia\/product-153336_0-PL0480.jpg\",\"datePublished\":\"2022-01-17T14:05:08+00:00\",\"dateModified\":\"2026-04-06T10:02:50+00:00\",\"description\":\"Hernes Ambrosia suhkruhernes on keskvarajane, saagikas suhkruhernesort. Taim umbes 60cm k\u00f5rgune, kaunad kiledeta. Valmib 50\u201365 p\u00e4eva jooksul.\",\"breadcrumb\":{\"@id\":\"https:\/\/horticom.ee\/e-pood\/toode\/hernes-ambrosia-suhkruhernes-pisum-sativum-l-partim\/#breadcrumb\"},\"inLanguage\":\"et\",\"potentialAction\":[{\"@type\":\"ReadAction\",\"target\":[\"https:\/\/horticom.ee\/e-pood\/toode\/hernes-ambrosia-suhkruhernes-pisum-sativum-l-partim\/\"]}]},{\"@type\":\"ImageObject\",\"inLanguage\":\"et\",\"@id\":\"https:\/\/horticom.ee\/e-pood\/toode\/hernes-ambrosia-suhkruhernes-pisum-sativum-l-partim\/#primaryimage\",\"url\":\"https:\/\/horticom.ee\/e-pood\/wp-content\/uploads\/importedmedia\/product-153336_0-PL0480.jpg\",\"contentUrl\":\"https:\/\/horticom.ee\/e-pood\/wp-content\/uploads\/importedmedia\/product-153336_0-PL0480.jpg\",\"width\":1000,\"height\":1750,\"caption\":\"Hernes Ambrosia Suhkruhernes\"},{\"@type\":\"BreadcrumbList\",\"@id\":\"https:\/\/horticom.ee\/e-pood\/toode\/hernes-ambrosia-suhkruhernes-pisum-sativum-l-partim\/#breadcrumb\",\"itemListElement\":[{\"@type\":\"ListItem\",\"position\":1,\"name\":\"Home\",\"item\":\"https:\/\/horticom.ee\/e-pood\/\"},{\"@type\":\"ListItem\",\"position\":2,\"name\":\"Pood\",\"item\":\"https:\/\/horticom.ee\/e-pood\/pood\/\"},{\"@type\":\"ListItem\",\"position\":3,\"name\":\"Hernes Ambrosia Suhkruhernes\"}]},{\"@type\":\"WebSite\",\"@id\":\"https:\/\/horticom.ee\/e-pood\/#website\",\"url\":\"https:\/\/horticom.ee\/e-pood\/\",\"name\":\"Horticom.ee\",\"description\":\"Aianduskaubad ja kodukaubad nii harrastajatele kui professionaalidele\",\"potentialAction\":[{\"@type\":\"SearchAction\",\"target\":{\"@type\":\"EntryPoint\",\"urlTemplate\":\"https:\/\/horticom.ee\/e-pood\/?s={search_term_string}\"},\"query-input\":{\"@type\":\"PropertyValueSpecification\",\"valueRequired\":true,\"valueName\":\"search_term_string\"}}],\"inLanguage\":\"et\"}]}<\/script>\n<!-- \/ Yoast SEO plugin. -->","yoast_head_json":{"title":"Hernes Ambrosia Suhkruhernes - Horticom.ee\/e-pood","description":"Hernes Ambrosia suhkruhernes on keskvarajane, saagikas suhkruhernesort. Taim umbes 60cm k\u00f5rgune, kaunad kiledeta. Valmib 50\u201365 p\u00e4eva jooksul.","robots":{"index":"index","follow":"follow","max-snippet":"max-snippet:-1","max-image-preview":"max-image-preview:large","max-video-preview":"max-video-preview:-1"},"canonical":"https:\/\/horticom.ee\/e-pood\/toode\/hernes-ambrosia-suhkruhernes-pisum-sativum-l-partim\/","og_locale":"et_EE","og_type":"article","og_title":"Hernes Ambrosia Suhkruhernes - Horticom.ee\/e-pood","og_description":"Hernes Ambrosia suhkruhernes on keskvarajane, saagikas suhkruhernesort. Taim umbes 60cm k\u00f5rgune, kaunad kiledeta. Valmib 50\u201365 p\u00e4eva jooksul.","og_url":"https:\/\/horticom.ee\/e-pood\/toode\/hernes-ambrosia-suhkruhernes-pisum-sativum-l-partim\/","og_site_name":"Horticom.ee","article_publisher":"https:\/\/www.facebook.com\/horticom.ee\/e-pood","article_modified_time":"2026-04-06T10:02:50+00:00","og_image":[{"width":1000,"height":1750,"url":"https:\/\/horticom.ee\/e-pood\/wp-content\/uploads\/importedmedia\/product-153336_0-PL0480.jpg","type":"image\/jpeg"}],"twitter_card":"summary_large_image","schema":{"@context":"https:\/\/schema.org","@graph":[{"@type":"WebPage","@id":"https:\/\/horticom.ee\/e-pood\/toode\/hernes-ambrosia-suhkruhernes-pisum-sativum-l-partim\/","url":"https:\/\/horticom.ee\/e-pood\/toode\/hernes-ambrosia-suhkruhernes-pisum-sativum-l-partim\/","name":"Hernes Ambrosia Suhkruhernes - Horticom.ee\/e-pood","isPartOf":{"@id":"https:\/\/horticom.ee\/e-pood\/#website"},"primaryImageOfPage":{"@id":"https:\/\/horticom.ee\/e-pood\/toode\/hernes-ambrosia-suhkruhernes-pisum-sativum-l-partim\/#primaryimage"},"image":{"@id":"https:\/\/horticom.ee\/e-pood\/toode\/hernes-ambrosia-suhkruhernes-pisum-sativum-l-partim\/#primaryimage"},"thumbnailUrl":"https:\/\/horticom.ee\/e-pood\/wp-content\/uploads\/importedmedia\/product-153336_0-PL0480.jpg","datePublished":"2022-01-17T14:05:08+00:00","dateModified":"2026-04-06T10:02:50+00:00","description":"Hernes Ambrosia suhkruhernes on keskvarajane, saagikas suhkruhernesort. Taim umbes 60cm k\u00f5rgune, kaunad kiledeta. Valmib 50\u201365 p\u00e4eva jooksul.","breadcrumb":{"@id":"https:\/\/horticom.ee\/e-pood\/toode\/hernes-ambrosia-suhkruhernes-pisum-sativum-l-partim\/#breadcrumb"},"inLanguage":"et","potentialAction":[{"@type":"ReadAction","target":["https:\/\/horticom.ee\/e-pood\/toode\/hernes-ambrosia-suhkruhernes-pisum-sativum-l-partim\/"]}]},{"@type":"ImageObject","inLanguage":"et","@id":"https:\/\/horticom.ee\/e-pood\/toode\/hernes-ambrosia-suhkruhernes-pisum-sativum-l-partim\/#primaryimage","url":"https:\/\/horticom.ee\/e-pood\/wp-content\/uploads\/importedmedia\/product-153336_0-PL0480.jpg","contentUrl":"https:\/\/horticom.ee\/e-pood\/wp-content\/uploads\/importedmedia\/product-153336_0-PL0480.jpg","width":1000,"height":1750,"caption":"Hernes Ambrosia Suhkruhernes"},{"@type":"BreadcrumbList","@id":"https:\/\/horticom.ee\/e-pood\/toode\/hernes-ambrosia-suhkruhernes-pisum-sativum-l-partim\/#breadcrumb","itemListElement":[{"@type":"ListItem","position":1,"name":"Home","item":"https:\/\/horticom.ee\/e-pood\/"},{"@type":"ListItem","position":2,"name":"Pood","item":"https:\/\/horticom.ee\/e-pood\/pood\/"},{"@type":"ListItem","position":3,"name":"Hernes Ambrosia Suhkruhernes"}]},{"@type":"WebSite","@id":"https:\/\/horticom.ee\/e-pood\/#website","url":"https:\/\/horticom.ee\/e-pood\/","name":"Horticom.ee","description":"Aianduskaubad ja kodukaubad nii harrastajatele kui professionaalidele","potentialAction":[{"@type":"SearchAction","target":{"@type":"EntryPoint","urlTemplate":"https:\/\/horticom.ee\/e-pood\/?s={search_term_string}"},"query-input":{"@type":"PropertyValueSpecification","valueRequired":true,"valueName":"search_term_string"}}],"inLanguage":"et"}]}},"_links":{"self":[{"href":"https:\/\/horticom.ee\/e-pood\/wp-json\/wp\/v2\/product\/153336","targetHints":{"allow":["GET"]}}],"collection":[{"href":"https:\/\/horticom.ee\/e-pood\/wp-json\/wp\/v2\/product"}],"about":[{"href":"https:\/\/horticom.ee\/e-pood\/wp-json\/wp\/v2\/types\/product"}],"replies":[{"embeddable":true,"href":"https:\/\/horticom.ee\/e-pood\/wp-json\/wp\/v2\/comments?post=153336"}],"wp:featuredmedia":[{"embeddable":true,"href":"https:\/\/horticom.ee\/e-pood\/wp-json\/wp\/v2\/media\/169522"}],"wp:attachment":[{"href":"https:\/\/horticom.ee\/e-pood\/wp-json\/wp\/v2\/media?parent=153336"}],"wp:term":[{"taxonomy":"product_cat","embeddable":true,"href":"https:\/\/horticom.ee\/e-pood\/wp-json\/wp\/v2\/product_cat?post=153336"},{"taxonomy":"product_tag","embeddable":true,"href":"https:\/\/horticom.ee\/e-pood\/wp-json\/wp\/v2\/product_tag?post=153336"}],"curies":[{"name":"wp","href":"https:\/\/api.w.org\/{rel}","templated":true}]}}