{"id":153343,"date":"2022-01-17T16:05:12","date_gmt":"2022-01-17T14:05:12","guid":{"rendered":"https:\/\/aednik24.ee\/toode\/paprika-trapez-capsicum-annuum-l\/"},"modified":"2026-05-01T03:06:48","modified_gmt":"2026-05-01T00:06:48","slug":"paprika-trapez-capsicum-annuum-l","status":"publish","type":"product","link":"https:\/\/horticom.ee\/e-pood\/toode\/paprika-trapez-capsicum-annuum-l\/","title":{"rendered":"Paprika Trapez"},"content":{"rendered":"<p>Paprika Trapez on varajane sort, m\u00f5eldud kasvatamiseks avamaal ja mitte soojendatavates kasvuhoonetes. Vili on suur, kuubikujuline, punast v\u00e4rvi, 8\u201310mm paksuse viljaseinaga. Suurep\u00e4raselt k\u00fcpseb v\u00e4hese valgusega ja madala temperatuuriga tingimustes. Optimaalne seemnete idanemistemperatuur on +22\u201325 C. 1 g \u2013 umbes 150 seemet<\/p>\n","protected":false},"excerpt":{"rendered":"<p>Paprika Trapez on varajane sort, m\u00f5eldud kasvatamiseks avamaal ja mitte soojendatavates kasvuhoonetes. Vili on suur, kuubikujuline, punast v\u00e4rvi, 8\u201310mm paksuse viljaseinaga. Suurep\u00e4raselt k\u00fcpseb v\u00e4hese valgusega ja madala temperatuuriga tingimustes. Optimaalne seemnete idanemistemperatuur on +22\u201325 C. 1 g \u2013 umbes 150 seemet<\/p>\n","protected":false},"featured_media":169510,"comment_status":"closed","ping_status":"closed","template":"","meta":{"_themeisle_gutenberg_block_has_review":false},"product_cat":[13489],"product_tag":[],"class_list":{"0":"post-153343","1":"product","2":"type-product","3":"status-publish","4":"has-post-thumbnail","6":"product_cat-paprika-kibepipar","8":"first","9":"outofstock","10":"shipping-taxable","11":"purchasable","12":"product-type-simple"},"yoast_head":"<!-- This site is optimized with the Yoast SEO plugin v24.0 - https:\/\/yoast.com\/wordpress\/plugins\/seo\/ -->\n<title>Paprika Trapez - Horticom.ee\/e-pood<\/title>\n<meta name=\"description\" content=\"Paprika Trapez on varajane sort, kasvatamiseks avamaal v\u00f5i kasvuhoones. Viljad on suured ja punased, k\u00fcpsemiseks vajavad optimaalset +22\u201325\u00b0C temperatuuri.\" \/>\n<meta name=\"robots\" content=\"index, follow, max-snippet:-1, max-image-preview:large, max-video-preview:-1\" \/>\n<link rel=\"canonical\" href=\"https:\/\/horticom.ee\/e-pood\/toode\/paprika-trapez-capsicum-annuum-l\/\" \/>\n<meta property=\"og:locale\" content=\"et_EE\" \/>\n<meta property=\"og:type\" content=\"article\" \/>\n<meta property=\"og:title\" content=\"Paprika Trapez - Horticom.ee\/e-pood\" \/>\n<meta property=\"og:description\" content=\"Paprika Trapez on varajane sort, kasvatamiseks avamaal v\u00f5i kasvuhoones. Viljad on suured ja punased, k\u00fcpsemiseks vajavad optimaalset +22\u201325\u00b0C temperatuuri.\" \/>\n<meta property=\"og:url\" content=\"https:\/\/horticom.ee\/e-pood\/toode\/paprika-trapez-capsicum-annuum-l\/\" \/>\n<meta property=\"og:site_name\" content=\"Horticom.ee\" \/>\n<meta property=\"article:publisher\" content=\"https:\/\/www.facebook.com\/horticom.ee\/e-pood\" \/>\n<meta property=\"article:modified_time\" content=\"2026-05-01T00:06:48+00:00\" \/>\n<meta property=\"og:image\" content=\"https:\/\/horticom.ee\/e-pood\/wp-content\/uploads\/importedmedia\/product-153343_0-PL0488.jpg\" \/>\n\t<meta property=\"og:image:width\" content=\"1000\" \/>\n\t<meta property=\"og:image:height\" content=\"1750\" \/>\n\t<meta property=\"og:image:type\" content=\"image\/jpeg\" \/>\n<meta name=\"twitter:card\" content=\"summary_large_image\" \/>\n<script type=\"application\/ld+json\" class=\"yoast-schema-graph\">{\"@context\":\"https:\/\/schema.org\",\"@graph\":[{\"@type\":\"WebPage\",\"@id\":\"https:\/\/horticom.ee\/e-pood\/toode\/paprika-trapez-capsicum-annuum-l\/\",\"url\":\"https:\/\/horticom.ee\/e-pood\/toode\/paprika-trapez-capsicum-annuum-l\/\",\"name\":\"Paprika Trapez - Horticom.ee\/e-pood\",\"isPartOf\":{\"@id\":\"https:\/\/horticom.ee\/e-pood\/#website\"},\"primaryImageOfPage\":{\"@id\":\"https:\/\/horticom.ee\/e-pood\/toode\/paprika-trapez-capsicum-annuum-l\/#primaryimage\"},\"image\":{\"@id\":\"https:\/\/horticom.ee\/e-pood\/toode\/paprika-trapez-capsicum-annuum-l\/#primaryimage\"},\"thumbnailUrl\":\"https:\/\/horticom.ee\/e-pood\/wp-content\/uploads\/importedmedia\/product-153343_0-PL0488.jpg\",\"datePublished\":\"2022-01-17T14:05:12+00:00\",\"dateModified\":\"2026-05-01T00:06:48+00:00\",\"description\":\"Paprika Trapez on varajane sort, kasvatamiseks avamaal v\u00f5i kasvuhoones. Viljad on suured ja punased, k\u00fcpsemiseks vajavad optimaalset +22\u201325\u00b0C temperatuuri.\",\"breadcrumb\":{\"@id\":\"https:\/\/horticom.ee\/e-pood\/toode\/paprika-trapez-capsicum-annuum-l\/#breadcrumb\"},\"inLanguage\":\"et\",\"potentialAction\":[{\"@type\":\"ReadAction\",\"target\":[\"https:\/\/horticom.ee\/e-pood\/toode\/paprika-trapez-capsicum-annuum-l\/\"]}]},{\"@type\":\"ImageObject\",\"inLanguage\":\"et\",\"@id\":\"https:\/\/horticom.ee\/e-pood\/toode\/paprika-trapez-capsicum-annuum-l\/#primaryimage\",\"url\":\"https:\/\/horticom.ee\/e-pood\/wp-content\/uploads\/importedmedia\/product-153343_0-PL0488.jpg\",\"contentUrl\":\"https:\/\/horticom.ee\/e-pood\/wp-content\/uploads\/importedmedia\/product-153343_0-PL0488.jpg\",\"width\":1000,\"height\":1750,\"caption\":\"Paprika Trapez\"},{\"@type\":\"BreadcrumbList\",\"@id\":\"https:\/\/horticom.ee\/e-pood\/toode\/paprika-trapez-capsicum-annuum-l\/#breadcrumb\",\"itemListElement\":[{\"@type\":\"ListItem\",\"position\":1,\"name\":\"Home\",\"item\":\"https:\/\/horticom.ee\/e-pood\/\"},{\"@type\":\"ListItem\",\"position\":2,\"name\":\"Pood\",\"item\":\"https:\/\/horticom.ee\/e-pood\/pood\/\"},{\"@type\":\"ListItem\",\"position\":3,\"name\":\"Paprika Trapez\"}]},{\"@type\":\"WebSite\",\"@id\":\"https:\/\/horticom.ee\/e-pood\/#website\",\"url\":\"https:\/\/horticom.ee\/e-pood\/\",\"name\":\"Horticom.ee\",\"description\":\"Aianduskaubad ja kodukaubad nii harrastajatele kui professionaalidele\",\"potentialAction\":[{\"@type\":\"SearchAction\",\"target\":{\"@type\":\"EntryPoint\",\"urlTemplate\":\"https:\/\/horticom.ee\/e-pood\/?s={search_term_string}\"},\"query-input\":{\"@type\":\"PropertyValueSpecification\",\"valueRequired\":true,\"valueName\":\"search_term_string\"}}],\"inLanguage\":\"et\"}]}<\/script>\n<!-- \/ Yoast SEO plugin. -->","yoast_head_json":{"title":"Paprika Trapez - Horticom.ee\/e-pood","description":"Paprika Trapez on varajane sort, kasvatamiseks avamaal v\u00f5i kasvuhoones. Viljad on suured ja punased, k\u00fcpsemiseks vajavad optimaalset +22\u201325\u00b0C temperatuuri.","robots":{"index":"index","follow":"follow","max-snippet":"max-snippet:-1","max-image-preview":"max-image-preview:large","max-video-preview":"max-video-preview:-1"},"canonical":"https:\/\/horticom.ee\/e-pood\/toode\/paprika-trapez-capsicum-annuum-l\/","og_locale":"et_EE","og_type":"article","og_title":"Paprika Trapez - Horticom.ee\/e-pood","og_description":"Paprika Trapez on varajane sort, kasvatamiseks avamaal v\u00f5i kasvuhoones. Viljad on suured ja punased, k\u00fcpsemiseks vajavad optimaalset +22\u201325\u00b0C temperatuuri.","og_url":"https:\/\/horticom.ee\/e-pood\/toode\/paprika-trapez-capsicum-annuum-l\/","og_site_name":"Horticom.ee","article_publisher":"https:\/\/www.facebook.com\/horticom.ee\/e-pood","article_modified_time":"2026-05-01T00:06:48+00:00","og_image":[{"width":1000,"height":1750,"url":"https:\/\/horticom.ee\/e-pood\/wp-content\/uploads\/importedmedia\/product-153343_0-PL0488.jpg","type":"image\/jpeg"}],"twitter_card":"summary_large_image","schema":{"@context":"https:\/\/schema.org","@graph":[{"@type":"WebPage","@id":"https:\/\/horticom.ee\/e-pood\/toode\/paprika-trapez-capsicum-annuum-l\/","url":"https:\/\/horticom.ee\/e-pood\/toode\/paprika-trapez-capsicum-annuum-l\/","name":"Paprika Trapez - Horticom.ee\/e-pood","isPartOf":{"@id":"https:\/\/horticom.ee\/e-pood\/#website"},"primaryImageOfPage":{"@id":"https:\/\/horticom.ee\/e-pood\/toode\/paprika-trapez-capsicum-annuum-l\/#primaryimage"},"image":{"@id":"https:\/\/horticom.ee\/e-pood\/toode\/paprika-trapez-capsicum-annuum-l\/#primaryimage"},"thumbnailUrl":"https:\/\/horticom.ee\/e-pood\/wp-content\/uploads\/importedmedia\/product-153343_0-PL0488.jpg","datePublished":"2022-01-17T14:05:12+00:00","dateModified":"2026-05-01T00:06:48+00:00","description":"Paprika Trapez on varajane sort, kasvatamiseks avamaal v\u00f5i kasvuhoones. Viljad on suured ja punased, k\u00fcpsemiseks vajavad optimaalset +22\u201325\u00b0C temperatuuri.","breadcrumb":{"@id":"https:\/\/horticom.ee\/e-pood\/toode\/paprika-trapez-capsicum-annuum-l\/#breadcrumb"},"inLanguage":"et","potentialAction":[{"@type":"ReadAction","target":["https:\/\/horticom.ee\/e-pood\/toode\/paprika-trapez-capsicum-annuum-l\/"]}]},{"@type":"ImageObject","inLanguage":"et","@id":"https:\/\/horticom.ee\/e-pood\/toode\/paprika-trapez-capsicum-annuum-l\/#primaryimage","url":"https:\/\/horticom.ee\/e-pood\/wp-content\/uploads\/importedmedia\/product-153343_0-PL0488.jpg","contentUrl":"https:\/\/horticom.ee\/e-pood\/wp-content\/uploads\/importedmedia\/product-153343_0-PL0488.jpg","width":1000,"height":1750,"caption":"Paprika Trapez"},{"@type":"BreadcrumbList","@id":"https:\/\/horticom.ee\/e-pood\/toode\/paprika-trapez-capsicum-annuum-l\/#breadcrumb","itemListElement":[{"@type":"ListItem","position":1,"name":"Home","item":"https:\/\/horticom.ee\/e-pood\/"},{"@type":"ListItem","position":2,"name":"Pood","item":"https:\/\/horticom.ee\/e-pood\/pood\/"},{"@type":"ListItem","position":3,"name":"Paprika Trapez"}]},{"@type":"WebSite","@id":"https:\/\/horticom.ee\/e-pood\/#website","url":"https:\/\/horticom.ee\/e-pood\/","name":"Horticom.ee","description":"Aianduskaubad ja kodukaubad nii harrastajatele kui professionaalidele","potentialAction":[{"@type":"SearchAction","target":{"@type":"EntryPoint","urlTemplate":"https:\/\/horticom.ee\/e-pood\/?s={search_term_string}"},"query-input":{"@type":"PropertyValueSpecification","valueRequired":true,"valueName":"search_term_string"}}],"inLanguage":"et"}]}},"_links":{"self":[{"href":"https:\/\/horticom.ee\/e-pood\/wp-json\/wp\/v2\/product\/153343","targetHints":{"allow":["GET"]}}],"collection":[{"href":"https:\/\/horticom.ee\/e-pood\/wp-json\/wp\/v2\/product"}],"about":[{"href":"https:\/\/horticom.ee\/e-pood\/wp-json\/wp\/v2\/types\/product"}],"replies":[{"embeddable":true,"href":"https:\/\/horticom.ee\/e-pood\/wp-json\/wp\/v2\/comments?post=153343"}],"wp:featuredmedia":[{"embeddable":true,"href":"https:\/\/horticom.ee\/e-pood\/wp-json\/wp\/v2\/media\/169510"}],"wp:attachment":[{"href":"https:\/\/horticom.ee\/e-pood\/wp-json\/wp\/v2\/media?parent=153343"}],"wp:term":[{"taxonomy":"product_cat","embeddable":true,"href":"https:\/\/horticom.ee\/e-pood\/wp-json\/wp\/v2\/product_cat?post=153343"},{"taxonomy":"product_tag","embeddable":true,"href":"https:\/\/horticom.ee\/e-pood\/wp-json\/wp\/v2\/product_tag?post=153343"}],"curies":[{"name":"wp","href":"https:\/\/api.w.org\/{rel}","templated":true}]}}