{"id":153380,"date":"2022-01-17T16:05:35","date_gmt":"2022-01-17T14:05:35","guid":{"rendered":"https:\/\/aednik24.ee\/toode\/suvikorvits-goldena-cucurbita-pepo-l\/"},"modified":"2026-05-02T03:06:19","modified_gmt":"2026-05-02T00:06:19","slug":"suvikorvits-goldena-cucurbita-pepo-l","status":"publish","type":"product","link":"https:\/\/horticom.ee\/e-pood\/toode\/suvikorvits-goldena-cucurbita-pepo-l\/","title":{"rendered":"Suvik\u00f5rvits Goldena"},"content":{"rendered":"<p>Suvik\u00f5rvits Goldena on p\u00f5\u00f5sastaim. Vili silindrikujuline, kuni 20\u201360cm pikkune, kollast v\u00e4rvi. K\u00f5ige paremini kasvab viljakas, orgaanilise v\u00e4etisega v\u00e4etatud p\u00e4ikesepaistelises pinnases. Tsukiin on sooja armastav aedvili, seda k\u00fclvatakse, kui pinnas soojeneb 10cm s\u00fcgavusel kuni +10\u201312 C temperatuurini. Kasutatakse v\u00e4rskena, v\u00f5ib praadida, hautada, konserveerida. 1g umbes 6\u20138 seemet.<\/p>\n","protected":false},"excerpt":{"rendered":"<p>Suvik\u00f5rvits Goldena on p\u00f5\u00f5sastaim. Vili silindrikujuline, kuni 20\u201360cm pikkune, kollast v\u00e4rvi. K\u00f5ige paremini kasvab viljakas, orgaanilise v\u00e4etisega v\u00e4etatud p\u00e4ikesepaistelises pinnases. Tsukiin on sooja armastav aedvili, seda k\u00fclvatakse, kui pinnas soojeneb 10cm s\u00fcgavusel kuni +10\u201312 C temperatuurini. Kasutatakse v\u00e4rskena, v\u00f5ib praadida, hautada, konserveerida. 1g umbes 6\u20138 seemet.<\/p>\n","protected":false},"featured_media":169357,"comment_status":"closed","ping_status":"closed","template":"","meta":{"_themeisle_gutenberg_block_has_review":false},"product_cat":[13482],"product_tag":[],"class_list":{"0":"post-153380","1":"product","2":"type-product","3":"status-publish","4":"has-post-thumbnail","6":"product_cat-suvikorvits-korvits","8":"first","9":"outofstock","10":"shipping-taxable","11":"purchasable","12":"product-type-simple"},"yoast_head":"<!-- This site is optimized with the Yoast SEO plugin v24.0 - https:\/\/yoast.com\/wordpress\/plugins\/seo\/ -->\n<title>Suvik\u00f5rvits Goldena - Horticom.ee\/e-pood<\/title>\n<meta name=\"description\" content=\"Suvik\u00f5rvits Goldena on kollase viljaga p\u00f5\u00f5sastaim. Kasvab h\u00e4sti viljakas ja p\u00e4ikesepaistelises pinnases, sobib v\u00e4rskena tarbimiseks ja konserveerimiseks.\" \/>\n<meta name=\"robots\" content=\"index, follow, max-snippet:-1, max-image-preview:large, max-video-preview:-1\" \/>\n<link rel=\"canonical\" href=\"https:\/\/horticom.ee\/e-pood\/toode\/suvikorvits-goldena-cucurbita-pepo-l\/\" \/>\n<meta property=\"og:locale\" content=\"et_EE\" \/>\n<meta property=\"og:type\" content=\"article\" \/>\n<meta property=\"og:title\" content=\"Suvik\u00f5rvits Goldena - Horticom.ee\/e-pood\" \/>\n<meta property=\"og:description\" content=\"Suvik\u00f5rvits Goldena on kollase viljaga p\u00f5\u00f5sastaim. Kasvab h\u00e4sti viljakas ja p\u00e4ikesepaistelises pinnases, sobib v\u00e4rskena tarbimiseks ja konserveerimiseks.\" \/>\n<meta property=\"og:url\" content=\"https:\/\/horticom.ee\/e-pood\/toode\/suvikorvits-goldena-cucurbita-pepo-l\/\" \/>\n<meta property=\"og:site_name\" content=\"Horticom.ee\" \/>\n<meta property=\"article:publisher\" content=\"https:\/\/www.facebook.com\/horticom.ee\/e-pood\" \/>\n<meta property=\"article:modified_time\" content=\"2026-05-02T00:06:19+00:00\" \/>\n<meta property=\"og:image\" content=\"https:\/\/horticom.ee\/e-pood\/wp-content\/uploads\/importedmedia\/product-153380_0-PL0453.jpg\" \/>\n\t<meta property=\"og:image:width\" content=\"1000\" \/>\n\t<meta property=\"og:image:height\" content=\"1750\" \/>\n\t<meta property=\"og:image:type\" content=\"image\/jpeg\" \/>\n<meta name=\"twitter:card\" content=\"summary_large_image\" \/>\n<script type=\"application\/ld+json\" class=\"yoast-schema-graph\">{\"@context\":\"https:\/\/schema.org\",\"@graph\":[{\"@type\":\"WebPage\",\"@id\":\"https:\/\/horticom.ee\/e-pood\/toode\/suvikorvits-goldena-cucurbita-pepo-l\/\",\"url\":\"https:\/\/horticom.ee\/e-pood\/toode\/suvikorvits-goldena-cucurbita-pepo-l\/\",\"name\":\"Suvik\u00f5rvits Goldena - Horticom.ee\/e-pood\",\"isPartOf\":{\"@id\":\"https:\/\/horticom.ee\/e-pood\/#website\"},\"primaryImageOfPage\":{\"@id\":\"https:\/\/horticom.ee\/e-pood\/toode\/suvikorvits-goldena-cucurbita-pepo-l\/#primaryimage\"},\"image\":{\"@id\":\"https:\/\/horticom.ee\/e-pood\/toode\/suvikorvits-goldena-cucurbita-pepo-l\/#primaryimage\"},\"thumbnailUrl\":\"https:\/\/horticom.ee\/e-pood\/wp-content\/uploads\/importedmedia\/product-153380_0-PL0453.jpg\",\"datePublished\":\"2022-01-17T14:05:35+00:00\",\"dateModified\":\"2026-05-02T00:06:19+00:00\",\"description\":\"Suvik\u00f5rvits Goldena on kollase viljaga p\u00f5\u00f5sastaim. Kasvab h\u00e4sti viljakas ja p\u00e4ikesepaistelises pinnases, sobib v\u00e4rskena tarbimiseks ja konserveerimiseks.\",\"breadcrumb\":{\"@id\":\"https:\/\/horticom.ee\/e-pood\/toode\/suvikorvits-goldena-cucurbita-pepo-l\/#breadcrumb\"},\"inLanguage\":\"et\",\"potentialAction\":[{\"@type\":\"ReadAction\",\"target\":[\"https:\/\/horticom.ee\/e-pood\/toode\/suvikorvits-goldena-cucurbita-pepo-l\/\"]}]},{\"@type\":\"ImageObject\",\"inLanguage\":\"et\",\"@id\":\"https:\/\/horticom.ee\/e-pood\/toode\/suvikorvits-goldena-cucurbita-pepo-l\/#primaryimage\",\"url\":\"https:\/\/horticom.ee\/e-pood\/wp-content\/uploads\/importedmedia\/product-153380_0-PL0453.jpg\",\"contentUrl\":\"https:\/\/horticom.ee\/e-pood\/wp-content\/uploads\/importedmedia\/product-153380_0-PL0453.jpg\",\"width\":1000,\"height\":1750,\"caption\":\"Suvik\u00f5rvits Goldena\"},{\"@type\":\"BreadcrumbList\",\"@id\":\"https:\/\/horticom.ee\/e-pood\/toode\/suvikorvits-goldena-cucurbita-pepo-l\/#breadcrumb\",\"itemListElement\":[{\"@type\":\"ListItem\",\"position\":1,\"name\":\"Home\",\"item\":\"https:\/\/horticom.ee\/e-pood\/\"},{\"@type\":\"ListItem\",\"position\":2,\"name\":\"Pood\",\"item\":\"https:\/\/horticom.ee\/e-pood\/pood\/\"},{\"@type\":\"ListItem\",\"position\":3,\"name\":\"Suvik\u00f5rvits Goldena\"}]},{\"@type\":\"WebSite\",\"@id\":\"https:\/\/horticom.ee\/e-pood\/#website\",\"url\":\"https:\/\/horticom.ee\/e-pood\/\",\"name\":\"Horticom.ee\",\"description\":\"Aianduskaubad ja kodukaubad nii harrastajatele kui professionaalidele\",\"potentialAction\":[{\"@type\":\"SearchAction\",\"target\":{\"@type\":\"EntryPoint\",\"urlTemplate\":\"https:\/\/horticom.ee\/e-pood\/?s={search_term_string}\"},\"query-input\":{\"@type\":\"PropertyValueSpecification\",\"valueRequired\":true,\"valueName\":\"search_term_string\"}}],\"inLanguage\":\"et\"}]}<\/script>\n<!-- \/ Yoast SEO plugin. -->","yoast_head_json":{"title":"Suvik\u00f5rvits Goldena - Horticom.ee\/e-pood","description":"Suvik\u00f5rvits Goldena on kollase viljaga p\u00f5\u00f5sastaim. Kasvab h\u00e4sti viljakas ja p\u00e4ikesepaistelises pinnases, sobib v\u00e4rskena tarbimiseks ja konserveerimiseks.","robots":{"index":"index","follow":"follow","max-snippet":"max-snippet:-1","max-image-preview":"max-image-preview:large","max-video-preview":"max-video-preview:-1"},"canonical":"https:\/\/horticom.ee\/e-pood\/toode\/suvikorvits-goldena-cucurbita-pepo-l\/","og_locale":"et_EE","og_type":"article","og_title":"Suvik\u00f5rvits Goldena - Horticom.ee\/e-pood","og_description":"Suvik\u00f5rvits Goldena on kollase viljaga p\u00f5\u00f5sastaim. Kasvab h\u00e4sti viljakas ja p\u00e4ikesepaistelises pinnases, sobib v\u00e4rskena tarbimiseks ja konserveerimiseks.","og_url":"https:\/\/horticom.ee\/e-pood\/toode\/suvikorvits-goldena-cucurbita-pepo-l\/","og_site_name":"Horticom.ee","article_publisher":"https:\/\/www.facebook.com\/horticom.ee\/e-pood","article_modified_time":"2026-05-02T00:06:19+00:00","og_image":[{"width":1000,"height":1750,"url":"https:\/\/horticom.ee\/e-pood\/wp-content\/uploads\/importedmedia\/product-153380_0-PL0453.jpg","type":"image\/jpeg"}],"twitter_card":"summary_large_image","schema":{"@context":"https:\/\/schema.org","@graph":[{"@type":"WebPage","@id":"https:\/\/horticom.ee\/e-pood\/toode\/suvikorvits-goldena-cucurbita-pepo-l\/","url":"https:\/\/horticom.ee\/e-pood\/toode\/suvikorvits-goldena-cucurbita-pepo-l\/","name":"Suvik\u00f5rvits Goldena - Horticom.ee\/e-pood","isPartOf":{"@id":"https:\/\/horticom.ee\/e-pood\/#website"},"primaryImageOfPage":{"@id":"https:\/\/horticom.ee\/e-pood\/toode\/suvikorvits-goldena-cucurbita-pepo-l\/#primaryimage"},"image":{"@id":"https:\/\/horticom.ee\/e-pood\/toode\/suvikorvits-goldena-cucurbita-pepo-l\/#primaryimage"},"thumbnailUrl":"https:\/\/horticom.ee\/e-pood\/wp-content\/uploads\/importedmedia\/product-153380_0-PL0453.jpg","datePublished":"2022-01-17T14:05:35+00:00","dateModified":"2026-05-02T00:06:19+00:00","description":"Suvik\u00f5rvits Goldena on kollase viljaga p\u00f5\u00f5sastaim. Kasvab h\u00e4sti viljakas ja p\u00e4ikesepaistelises pinnases, sobib v\u00e4rskena tarbimiseks ja konserveerimiseks.","breadcrumb":{"@id":"https:\/\/horticom.ee\/e-pood\/toode\/suvikorvits-goldena-cucurbita-pepo-l\/#breadcrumb"},"inLanguage":"et","potentialAction":[{"@type":"ReadAction","target":["https:\/\/horticom.ee\/e-pood\/toode\/suvikorvits-goldena-cucurbita-pepo-l\/"]}]},{"@type":"ImageObject","inLanguage":"et","@id":"https:\/\/horticom.ee\/e-pood\/toode\/suvikorvits-goldena-cucurbita-pepo-l\/#primaryimage","url":"https:\/\/horticom.ee\/e-pood\/wp-content\/uploads\/importedmedia\/product-153380_0-PL0453.jpg","contentUrl":"https:\/\/horticom.ee\/e-pood\/wp-content\/uploads\/importedmedia\/product-153380_0-PL0453.jpg","width":1000,"height":1750,"caption":"Suvik\u00f5rvits Goldena"},{"@type":"BreadcrumbList","@id":"https:\/\/horticom.ee\/e-pood\/toode\/suvikorvits-goldena-cucurbita-pepo-l\/#breadcrumb","itemListElement":[{"@type":"ListItem","position":1,"name":"Home","item":"https:\/\/horticom.ee\/e-pood\/"},{"@type":"ListItem","position":2,"name":"Pood","item":"https:\/\/horticom.ee\/e-pood\/pood\/"},{"@type":"ListItem","position":3,"name":"Suvik\u00f5rvits Goldena"}]},{"@type":"WebSite","@id":"https:\/\/horticom.ee\/e-pood\/#website","url":"https:\/\/horticom.ee\/e-pood\/","name":"Horticom.ee","description":"Aianduskaubad ja kodukaubad nii harrastajatele kui professionaalidele","potentialAction":[{"@type":"SearchAction","target":{"@type":"EntryPoint","urlTemplate":"https:\/\/horticom.ee\/e-pood\/?s={search_term_string}"},"query-input":{"@type":"PropertyValueSpecification","valueRequired":true,"valueName":"search_term_string"}}],"inLanguage":"et"}]}},"_links":{"self":[{"href":"https:\/\/horticom.ee\/e-pood\/wp-json\/wp\/v2\/product\/153380","targetHints":{"allow":["GET"]}}],"collection":[{"href":"https:\/\/horticom.ee\/e-pood\/wp-json\/wp\/v2\/product"}],"about":[{"href":"https:\/\/horticom.ee\/e-pood\/wp-json\/wp\/v2\/types\/product"}],"replies":[{"embeddable":true,"href":"https:\/\/horticom.ee\/e-pood\/wp-json\/wp\/v2\/comments?post=153380"}],"wp:featuredmedia":[{"embeddable":true,"href":"https:\/\/horticom.ee\/e-pood\/wp-json\/wp\/v2\/media\/169357"}],"wp:attachment":[{"href":"https:\/\/horticom.ee\/e-pood\/wp-json\/wp\/v2\/media?parent=153380"}],"wp:term":[{"taxonomy":"product_cat","embeddable":true,"href":"https:\/\/horticom.ee\/e-pood\/wp-json\/wp\/v2\/product_cat?post=153380"},{"taxonomy":"product_tag","embeddable":true,"href":"https:\/\/horticom.ee\/e-pood\/wp-json\/wp\/v2\/product_tag?post=153380"}],"curies":[{"name":"wp","href":"https:\/\/api.w.org\/{rel}","templated":true}]}}