{"id":153398,"date":"2022-01-17T16:05:45","date_gmt":"2022-01-17T14:05:45","guid":{"rendered":"https:\/\/aednik24.ee\/toode\/klaaskuunlajalg-highlight-avenue-sisuga-24h-punane-sp\/"},"modified":"2026-04-18T03:14:04","modified_gmt":"2026-04-18T00:14:04","slug":"klaaskuunlajalg-highlight-avenue-sisuga-24h-punane-sp","status":"publish","type":"product","link":"https:\/\/horticom.ee\/e-pood\/toode\/klaaskuunlajalg-highlight-avenue-sisuga-24h-punane-sp\/","title":{"rendered":"K\u00fc\u00fcnlal\u00fchter klaasist Highlight sisuga 24h punane"},"content":{"rendered":"<p>Klaask\u00fc\u00fcnlajalg Highlight Avenue sisuga on kaunis k\u00fc\u00fcnal koos klaasist k\u00fc\u00fcnlahoidjaga.<\/p>\n","protected":false},"excerpt":{"rendered":"<p>Klaask\u00fc\u00fcnlajalg Highlight Avenue sisuga on kaunis k\u00fc\u00fcnal koos klaasist k\u00fc\u00fcnlahoidjaga.<\/p>\n","protected":false},"featured_media":169269,"comment_status":"closed","ping_status":"closed","template":"","meta":{"_themeisle_gutenberg_block_has_review":false},"product_cat":[18563,13457],"product_tag":[],"class_list":{"0":"post-153398","1":"product","2":"type-product","3":"status-publish","4":"has-post-thumbnail","6":"product_cat-lopumuugitooted","7":"product_cat-klaaskuunlad","9":"first","10":"instock","11":"sale","12":"shipping-taxable","13":"purchasable","14":"product-type-simple"},"yoast_head":"<!-- This site is optimized with the Yoast SEO plugin v24.0 - https:\/\/yoast.com\/wordpress\/plugins\/seo\/ -->\n<title>K\u00fc\u00fcnlal\u00fchter klaasist Highlight sisuga 24h punane<\/title>\n<meta name=\"description\" content=\"Klaask\u00fc\u00fcnlajalg Highlight Avenue sisuga on kaunis k\u00fc\u00fcnal koos klaasist k\u00fc\u00fcnlahoidjaga.\" \/>\n<meta name=\"robots\" content=\"index, follow, max-snippet:-1, max-image-preview:large, max-video-preview:-1\" \/>\n<link rel=\"canonical\" href=\"https:\/\/horticom.ee\/e-pood\/toode\/klaaskuunlajalg-highlight-avenue-sisuga-24h-punane-sp\/\" \/>\n<meta property=\"og:locale\" content=\"et_EE\" \/>\n<meta property=\"og:type\" content=\"article\" \/>\n<meta property=\"og:title\" content=\"K\u00fc\u00fcnlal\u00fchter klaasist Highlight sisuga 24h punane\" \/>\n<meta property=\"og:description\" content=\"Klaask\u00fc\u00fcnlajalg Highlight Avenue sisuga on kaunis k\u00fc\u00fcnal koos klaasist k\u00fc\u00fcnlahoidjaga.\" \/>\n<meta property=\"og:url\" content=\"https:\/\/horticom.ee\/e-pood\/toode\/klaaskuunlajalg-highlight-avenue-sisuga-24h-punane-sp\/\" \/>\n<meta property=\"og:site_name\" content=\"Horticom.ee\" \/>\n<meta property=\"article:publisher\" content=\"https:\/\/www.facebook.com\/horticom.ee\/e-pood\" \/>\n<meta property=\"article:modified_time\" content=\"2026-04-18T00:14:04+00:00\" \/>\n<meta property=\"og:image\" content=\"https:\/\/horticom.ee\/e-pood\/wp-content\/uploads\/importedmedia\/product-153398_0-690296_150.jpg\" \/>\n\t<meta property=\"og:image:width\" content=\"1000\" \/>\n\t<meta property=\"og:image:height\" content=\"1666\" \/>\n\t<meta property=\"og:image:type\" content=\"image\/jpeg\" \/>\n<meta name=\"twitter:card\" content=\"summary_large_image\" \/>\n<script type=\"application\/ld+json\" class=\"yoast-schema-graph\">{\"@context\":\"https:\/\/schema.org\",\"@graph\":[{\"@type\":\"WebPage\",\"@id\":\"https:\/\/horticom.ee\/e-pood\/toode\/klaaskuunlajalg-highlight-avenue-sisuga-24h-punane-sp\/\",\"url\":\"https:\/\/horticom.ee\/e-pood\/toode\/klaaskuunlajalg-highlight-avenue-sisuga-24h-punane-sp\/\",\"name\":\"K\u00fc\u00fcnlal\u00fchter klaasist Highlight sisuga 24h punane\",\"isPartOf\":{\"@id\":\"https:\/\/horticom.ee\/e-pood\/#website\"},\"primaryImageOfPage\":{\"@id\":\"https:\/\/horticom.ee\/e-pood\/toode\/klaaskuunlajalg-highlight-avenue-sisuga-24h-punane-sp\/#primaryimage\"},\"image\":{\"@id\":\"https:\/\/horticom.ee\/e-pood\/toode\/klaaskuunlajalg-highlight-avenue-sisuga-24h-punane-sp\/#primaryimage\"},\"thumbnailUrl\":\"https:\/\/horticom.ee\/e-pood\/wp-content\/uploads\/importedmedia\/product-153398_0-690296_150.jpg\",\"datePublished\":\"2022-01-17T14:05:45+00:00\",\"dateModified\":\"2026-04-18T00:14:04+00:00\",\"description\":\"Klaask\u00fc\u00fcnlajalg Highlight Avenue sisuga on kaunis k\u00fc\u00fcnal koos klaasist k\u00fc\u00fcnlahoidjaga.\",\"breadcrumb\":{\"@id\":\"https:\/\/horticom.ee\/e-pood\/toode\/klaaskuunlajalg-highlight-avenue-sisuga-24h-punane-sp\/#breadcrumb\"},\"inLanguage\":\"et\",\"potentialAction\":[{\"@type\":\"ReadAction\",\"target\":[\"https:\/\/horticom.ee\/e-pood\/toode\/klaaskuunlajalg-highlight-avenue-sisuga-24h-punane-sp\/\"]}]},{\"@type\":\"ImageObject\",\"inLanguage\":\"et\",\"@id\":\"https:\/\/horticom.ee\/e-pood\/toode\/klaaskuunlajalg-highlight-avenue-sisuga-24h-punane-sp\/#primaryimage\",\"url\":\"https:\/\/horticom.ee\/e-pood\/wp-content\/uploads\/importedmedia\/product-153398_0-690296_150.jpg\",\"contentUrl\":\"https:\/\/horticom.ee\/e-pood\/wp-content\/uploads\/importedmedia\/product-153398_0-690296_150.jpg\",\"width\":1000,\"height\":1666,\"caption\":\"K\u00fc\u00fcnlal\u00fchter klaasist Highlight sisuga 24h punane\"},{\"@type\":\"BreadcrumbList\",\"@id\":\"https:\/\/horticom.ee\/e-pood\/toode\/klaaskuunlajalg-highlight-avenue-sisuga-24h-punane-sp\/#breadcrumb\",\"itemListElement\":[{\"@type\":\"ListItem\",\"position\":1,\"name\":\"Home\",\"item\":\"https:\/\/horticom.ee\/e-pood\/\"},{\"@type\":\"ListItem\",\"position\":2,\"name\":\"Pood\",\"item\":\"https:\/\/horticom.ee\/e-pood\/pood\/\"},{\"@type\":\"ListItem\",\"position\":3,\"name\":\"K\u00fc\u00fcnlal\u00fchter klaasist Highlight sisuga 24h punane\"}]},{\"@type\":\"WebSite\",\"@id\":\"https:\/\/horticom.ee\/e-pood\/#website\",\"url\":\"https:\/\/horticom.ee\/e-pood\/\",\"name\":\"Horticom.ee\",\"description\":\"Aianduskaubad ja kodukaubad nii harrastajatele kui professionaalidele\",\"potentialAction\":[{\"@type\":\"SearchAction\",\"target\":{\"@type\":\"EntryPoint\",\"urlTemplate\":\"https:\/\/horticom.ee\/e-pood\/?s={search_term_string}\"},\"query-input\":{\"@type\":\"PropertyValueSpecification\",\"valueRequired\":true,\"valueName\":\"search_term_string\"}}],\"inLanguage\":\"et\"}]}<\/script>\n<!-- \/ Yoast SEO plugin. -->","yoast_head_json":{"title":"K\u00fc\u00fcnlal\u00fchter klaasist Highlight sisuga 24h punane","description":"Klaask\u00fc\u00fcnlajalg Highlight Avenue sisuga on kaunis k\u00fc\u00fcnal koos klaasist k\u00fc\u00fcnlahoidjaga.","robots":{"index":"index","follow":"follow","max-snippet":"max-snippet:-1","max-image-preview":"max-image-preview:large","max-video-preview":"max-video-preview:-1"},"canonical":"https:\/\/horticom.ee\/e-pood\/toode\/klaaskuunlajalg-highlight-avenue-sisuga-24h-punane-sp\/","og_locale":"et_EE","og_type":"article","og_title":"K\u00fc\u00fcnlal\u00fchter klaasist Highlight sisuga 24h punane","og_description":"Klaask\u00fc\u00fcnlajalg Highlight Avenue sisuga on kaunis k\u00fc\u00fcnal koos klaasist k\u00fc\u00fcnlahoidjaga.","og_url":"https:\/\/horticom.ee\/e-pood\/toode\/klaaskuunlajalg-highlight-avenue-sisuga-24h-punane-sp\/","og_site_name":"Horticom.ee","article_publisher":"https:\/\/www.facebook.com\/horticom.ee\/e-pood","article_modified_time":"2026-04-18T00:14:04+00:00","og_image":[{"width":1000,"height":1666,"url":"https:\/\/horticom.ee\/e-pood\/wp-content\/uploads\/importedmedia\/product-153398_0-690296_150.jpg","type":"image\/jpeg"}],"twitter_card":"summary_large_image","schema":{"@context":"https:\/\/schema.org","@graph":[{"@type":"WebPage","@id":"https:\/\/horticom.ee\/e-pood\/toode\/klaaskuunlajalg-highlight-avenue-sisuga-24h-punane-sp\/","url":"https:\/\/horticom.ee\/e-pood\/toode\/klaaskuunlajalg-highlight-avenue-sisuga-24h-punane-sp\/","name":"K\u00fc\u00fcnlal\u00fchter klaasist Highlight sisuga 24h punane","isPartOf":{"@id":"https:\/\/horticom.ee\/e-pood\/#website"},"primaryImageOfPage":{"@id":"https:\/\/horticom.ee\/e-pood\/toode\/klaaskuunlajalg-highlight-avenue-sisuga-24h-punane-sp\/#primaryimage"},"image":{"@id":"https:\/\/horticom.ee\/e-pood\/toode\/klaaskuunlajalg-highlight-avenue-sisuga-24h-punane-sp\/#primaryimage"},"thumbnailUrl":"https:\/\/horticom.ee\/e-pood\/wp-content\/uploads\/importedmedia\/product-153398_0-690296_150.jpg","datePublished":"2022-01-17T14:05:45+00:00","dateModified":"2026-04-18T00:14:04+00:00","description":"Klaask\u00fc\u00fcnlajalg Highlight Avenue sisuga on kaunis k\u00fc\u00fcnal koos klaasist k\u00fc\u00fcnlahoidjaga.","breadcrumb":{"@id":"https:\/\/horticom.ee\/e-pood\/toode\/klaaskuunlajalg-highlight-avenue-sisuga-24h-punane-sp\/#breadcrumb"},"inLanguage":"et","potentialAction":[{"@type":"ReadAction","target":["https:\/\/horticom.ee\/e-pood\/toode\/klaaskuunlajalg-highlight-avenue-sisuga-24h-punane-sp\/"]}]},{"@type":"ImageObject","inLanguage":"et","@id":"https:\/\/horticom.ee\/e-pood\/toode\/klaaskuunlajalg-highlight-avenue-sisuga-24h-punane-sp\/#primaryimage","url":"https:\/\/horticom.ee\/e-pood\/wp-content\/uploads\/importedmedia\/product-153398_0-690296_150.jpg","contentUrl":"https:\/\/horticom.ee\/e-pood\/wp-content\/uploads\/importedmedia\/product-153398_0-690296_150.jpg","width":1000,"height":1666,"caption":"K\u00fc\u00fcnlal\u00fchter klaasist Highlight sisuga 24h punane"},{"@type":"BreadcrumbList","@id":"https:\/\/horticom.ee\/e-pood\/toode\/klaaskuunlajalg-highlight-avenue-sisuga-24h-punane-sp\/#breadcrumb","itemListElement":[{"@type":"ListItem","position":1,"name":"Home","item":"https:\/\/horticom.ee\/e-pood\/"},{"@type":"ListItem","position":2,"name":"Pood","item":"https:\/\/horticom.ee\/e-pood\/pood\/"},{"@type":"ListItem","position":3,"name":"K\u00fc\u00fcnlal\u00fchter klaasist Highlight sisuga 24h punane"}]},{"@type":"WebSite","@id":"https:\/\/horticom.ee\/e-pood\/#website","url":"https:\/\/horticom.ee\/e-pood\/","name":"Horticom.ee","description":"Aianduskaubad ja kodukaubad nii harrastajatele kui professionaalidele","potentialAction":[{"@type":"SearchAction","target":{"@type":"EntryPoint","urlTemplate":"https:\/\/horticom.ee\/e-pood\/?s={search_term_string}"},"query-input":{"@type":"PropertyValueSpecification","valueRequired":true,"valueName":"search_term_string"}}],"inLanguage":"et"}]}},"_links":{"self":[{"href":"https:\/\/horticom.ee\/e-pood\/wp-json\/wp\/v2\/product\/153398","targetHints":{"allow":["GET"]}}],"collection":[{"href":"https:\/\/horticom.ee\/e-pood\/wp-json\/wp\/v2\/product"}],"about":[{"href":"https:\/\/horticom.ee\/e-pood\/wp-json\/wp\/v2\/types\/product"}],"replies":[{"embeddable":true,"href":"https:\/\/horticom.ee\/e-pood\/wp-json\/wp\/v2\/comments?post=153398"}],"wp:featuredmedia":[{"embeddable":true,"href":"https:\/\/horticom.ee\/e-pood\/wp-json\/wp\/v2\/media\/169269"}],"wp:attachment":[{"href":"https:\/\/horticom.ee\/e-pood\/wp-json\/wp\/v2\/media?parent=153398"}],"wp:term":[{"taxonomy":"product_cat","embeddable":true,"href":"https:\/\/horticom.ee\/e-pood\/wp-json\/wp\/v2\/product_cat?post=153398"},{"taxonomy":"product_tag","embeddable":true,"href":"https:\/\/horticom.ee\/e-pood\/wp-json\/wp\/v2\/product_tag?post=153398"}],"curies":[{"name":"wp","href":"https:\/\/api.w.org\/{rel}","templated":true}]}}