{"id":153534,"date":"2022-01-17T16:07:07","date_gmt":"2022-01-17T14:07:07","guid":{"rendered":"https:\/\/aednik24.ee\/toode\/aeduba-goldmarie-phaseolus-vulgaris-l-d\/"},"modified":"2026-04-30T03:07:08","modified_gmt":"2026-04-30T00:07:08","slug":"aeduba-goldmarie-phaseolus-vulgaris-l-d","status":"publish","type":"product","link":"https:\/\/horticom.ee\/e-pood\/toode\/aeduba-goldmarie-phaseolus-vulgaris-l-d\/","title":{"rendered":"Aeduba Goldmarie &#8211; Phaseolus vulgaris L."},"content":{"rendered":"<p>Aeduba Goldmarie on k\u00f5rgekasvuline sort &#8211; kuni 3m. Kaunad kollased, 20-25cm, 2-3cm paksud, sirged, lamedad. Pikalt annab saaki. Tundlik \u00f6\u00f6k\u00fclmade suhtes.<\/p>\n","protected":false},"excerpt":{"rendered":"<p>Aeduba Goldmarie on k\u00f5rgekasvuline sort &#8211; kuni 3m. Kaunad kollased, 20-25cm, 2-3cm paksud, sirged, lamedad. Pikalt annab saaki. Tundlik \u00f6\u00f6k\u00fclmade suhtes.<\/p>\n","protected":false},"featured_media":154433,"comment_status":"closed","ping_status":"closed","template":"","meta":{"_themeisle_gutenberg_block_has_review":false},"product_cat":[13480],"product_tag":[],"class_list":{"0":"post-153534","1":"product","2":"type-product","3":"status-publish","4":"has-post-thumbnail","6":"product_cat-uba","8":"first","9":"outofstock","10":"shipping-taxable","11":"purchasable","12":"product-type-simple"},"yoast_head":"<!-- This site is optimized with the Yoast SEO plugin v24.0 - https:\/\/yoast.com\/wordpress\/plugins\/seo\/ -->\n<title>Aeduba Goldmarie - Phaseolus vulgaris L. - Horticom.ee<\/title>\n<meta name=\"description\" content=\"Aeduba Goldmarie on k\u00f5rgekasvuline sort - kuni 3m. Kaunad kollased, 20-25cm, 2-3cm paksud, sirged, lamedad. Pikalt annab saaki. Tundlik \u00f6\u00f6k\u00fclmade suhtes.\" \/>\n<meta name=\"robots\" content=\"index, follow, max-snippet:-1, max-image-preview:large, max-video-preview:-1\" \/>\n<link rel=\"canonical\" href=\"https:\/\/horticom.ee\/e-pood\/toode\/aeduba-goldmarie-phaseolus-vulgaris-l-d\/\" \/>\n<meta property=\"og:locale\" content=\"et_EE\" \/>\n<meta property=\"og:type\" content=\"article\" \/>\n<meta property=\"og:title\" content=\"Aeduba Goldmarie - Phaseolus vulgaris L. - Horticom.ee\" \/>\n<meta property=\"og:description\" content=\"Aeduba Goldmarie on k\u00f5rgekasvuline sort - kuni 3m. Kaunad kollased, 20-25cm, 2-3cm paksud, sirged, lamedad. Pikalt annab saaki. Tundlik \u00f6\u00f6k\u00fclmade suhtes.\" \/>\n<meta property=\"og:url\" content=\"https:\/\/horticom.ee\/e-pood\/toode\/aeduba-goldmarie-phaseolus-vulgaris-l-d\/\" \/>\n<meta property=\"og:site_name\" content=\"Horticom.ee\" \/>\n<meta property=\"article:publisher\" content=\"https:\/\/www.facebook.com\/horticom.ee\/e-pood\" \/>\n<meta property=\"article:modified_time\" content=\"2026-04-30T00:07:08+00:00\" \/>\n<meta property=\"og:image\" content=\"https:\/\/horticom.ee\/e-pood\/wp-content\/uploads\/importedmedia\/product-153534_0-L3215.jpg\" \/>\n\t<meta property=\"og:image:width\" content=\"999\" \/>\n\t<meta property=\"og:image:height\" content=\"1456\" \/>\n\t<meta property=\"og:image:type\" content=\"image\/jpeg\" \/>\n<meta name=\"twitter:card\" content=\"summary_large_image\" \/>\n<script type=\"application\/ld+json\" class=\"yoast-schema-graph\">{\"@context\":\"https:\/\/schema.org\",\"@graph\":[{\"@type\":\"WebPage\",\"@id\":\"https:\/\/horticom.ee\/e-pood\/toode\/aeduba-goldmarie-phaseolus-vulgaris-l-d\/\",\"url\":\"https:\/\/horticom.ee\/e-pood\/toode\/aeduba-goldmarie-phaseolus-vulgaris-l-d\/\",\"name\":\"Aeduba Goldmarie - Phaseolus vulgaris L. - Horticom.ee\",\"isPartOf\":{\"@id\":\"https:\/\/horticom.ee\/e-pood\/#website\"},\"primaryImageOfPage\":{\"@id\":\"https:\/\/horticom.ee\/e-pood\/toode\/aeduba-goldmarie-phaseolus-vulgaris-l-d\/#primaryimage\"},\"image\":{\"@id\":\"https:\/\/horticom.ee\/e-pood\/toode\/aeduba-goldmarie-phaseolus-vulgaris-l-d\/#primaryimage\"},\"thumbnailUrl\":\"https:\/\/horticom.ee\/e-pood\/wp-content\/uploads\/importedmedia\/product-153534_0-L3215.jpg\",\"datePublished\":\"2022-01-17T14:07:07+00:00\",\"dateModified\":\"2026-04-30T00:07:08+00:00\",\"description\":\"Aeduba Goldmarie on k\u00f5rgekasvuline sort - kuni 3m. Kaunad kollased, 20-25cm, 2-3cm paksud, sirged, lamedad. Pikalt annab saaki. Tundlik \u00f6\u00f6k\u00fclmade suhtes.\",\"breadcrumb\":{\"@id\":\"https:\/\/horticom.ee\/e-pood\/toode\/aeduba-goldmarie-phaseolus-vulgaris-l-d\/#breadcrumb\"},\"inLanguage\":\"et\",\"potentialAction\":[{\"@type\":\"ReadAction\",\"target\":[\"https:\/\/horticom.ee\/e-pood\/toode\/aeduba-goldmarie-phaseolus-vulgaris-l-d\/\"]}]},{\"@type\":\"ImageObject\",\"inLanguage\":\"et\",\"@id\":\"https:\/\/horticom.ee\/e-pood\/toode\/aeduba-goldmarie-phaseolus-vulgaris-l-d\/#primaryimage\",\"url\":\"https:\/\/horticom.ee\/e-pood\/wp-content\/uploads\/importedmedia\/product-153534_0-L3215.jpg\",\"contentUrl\":\"https:\/\/horticom.ee\/e-pood\/wp-content\/uploads\/importedmedia\/product-153534_0-L3215.jpg\",\"width\":999,\"height\":1456,\"caption\":\"Aeduba Goldmarie - Phaseolus vulgaris L.\"},{\"@type\":\"BreadcrumbList\",\"@id\":\"https:\/\/horticom.ee\/e-pood\/toode\/aeduba-goldmarie-phaseolus-vulgaris-l-d\/#breadcrumb\",\"itemListElement\":[{\"@type\":\"ListItem\",\"position\":1,\"name\":\"Home\",\"item\":\"https:\/\/horticom.ee\/e-pood\/\"},{\"@type\":\"ListItem\",\"position\":2,\"name\":\"Pood\",\"item\":\"https:\/\/horticom.ee\/e-pood\/pood\/\"},{\"@type\":\"ListItem\",\"position\":3,\"name\":\"Aeduba Goldmarie &#8211; Phaseolus vulgaris L.\"}]},{\"@type\":\"WebSite\",\"@id\":\"https:\/\/horticom.ee\/e-pood\/#website\",\"url\":\"https:\/\/horticom.ee\/e-pood\/\",\"name\":\"Horticom.ee\",\"description\":\"Aianduskaubad ja kodukaubad nii harrastajatele kui professionaalidele\",\"potentialAction\":[{\"@type\":\"SearchAction\",\"target\":{\"@type\":\"EntryPoint\",\"urlTemplate\":\"https:\/\/horticom.ee\/e-pood\/?s={search_term_string}\"},\"query-input\":{\"@type\":\"PropertyValueSpecification\",\"valueRequired\":true,\"valueName\":\"search_term_string\"}}],\"inLanguage\":\"et\"}]}<\/script>\n<!-- \/ Yoast SEO plugin. -->","yoast_head_json":{"title":"Aeduba Goldmarie - Phaseolus vulgaris L. - Horticom.ee","description":"Aeduba Goldmarie on k\u00f5rgekasvuline sort - kuni 3m. Kaunad kollased, 20-25cm, 2-3cm paksud, sirged, lamedad. Pikalt annab saaki. Tundlik \u00f6\u00f6k\u00fclmade suhtes.","robots":{"index":"index","follow":"follow","max-snippet":"max-snippet:-1","max-image-preview":"max-image-preview:large","max-video-preview":"max-video-preview:-1"},"canonical":"https:\/\/horticom.ee\/e-pood\/toode\/aeduba-goldmarie-phaseolus-vulgaris-l-d\/","og_locale":"et_EE","og_type":"article","og_title":"Aeduba Goldmarie - Phaseolus vulgaris L. - Horticom.ee","og_description":"Aeduba Goldmarie on k\u00f5rgekasvuline sort - kuni 3m. Kaunad kollased, 20-25cm, 2-3cm paksud, sirged, lamedad. Pikalt annab saaki. Tundlik \u00f6\u00f6k\u00fclmade suhtes.","og_url":"https:\/\/horticom.ee\/e-pood\/toode\/aeduba-goldmarie-phaseolus-vulgaris-l-d\/","og_site_name":"Horticom.ee","article_publisher":"https:\/\/www.facebook.com\/horticom.ee\/e-pood","article_modified_time":"2026-04-30T00:07:08+00:00","og_image":[{"width":999,"height":1456,"url":"https:\/\/horticom.ee\/e-pood\/wp-content\/uploads\/importedmedia\/product-153534_0-L3215.jpg","type":"image\/jpeg"}],"twitter_card":"summary_large_image","schema":{"@context":"https:\/\/schema.org","@graph":[{"@type":"WebPage","@id":"https:\/\/horticom.ee\/e-pood\/toode\/aeduba-goldmarie-phaseolus-vulgaris-l-d\/","url":"https:\/\/horticom.ee\/e-pood\/toode\/aeduba-goldmarie-phaseolus-vulgaris-l-d\/","name":"Aeduba Goldmarie - Phaseolus vulgaris L. - Horticom.ee","isPartOf":{"@id":"https:\/\/horticom.ee\/e-pood\/#website"},"primaryImageOfPage":{"@id":"https:\/\/horticom.ee\/e-pood\/toode\/aeduba-goldmarie-phaseolus-vulgaris-l-d\/#primaryimage"},"image":{"@id":"https:\/\/horticom.ee\/e-pood\/toode\/aeduba-goldmarie-phaseolus-vulgaris-l-d\/#primaryimage"},"thumbnailUrl":"https:\/\/horticom.ee\/e-pood\/wp-content\/uploads\/importedmedia\/product-153534_0-L3215.jpg","datePublished":"2022-01-17T14:07:07+00:00","dateModified":"2026-04-30T00:07:08+00:00","description":"Aeduba Goldmarie on k\u00f5rgekasvuline sort - kuni 3m. Kaunad kollased, 20-25cm, 2-3cm paksud, sirged, lamedad. Pikalt annab saaki. Tundlik \u00f6\u00f6k\u00fclmade suhtes.","breadcrumb":{"@id":"https:\/\/horticom.ee\/e-pood\/toode\/aeduba-goldmarie-phaseolus-vulgaris-l-d\/#breadcrumb"},"inLanguage":"et","potentialAction":[{"@type":"ReadAction","target":["https:\/\/horticom.ee\/e-pood\/toode\/aeduba-goldmarie-phaseolus-vulgaris-l-d\/"]}]},{"@type":"ImageObject","inLanguage":"et","@id":"https:\/\/horticom.ee\/e-pood\/toode\/aeduba-goldmarie-phaseolus-vulgaris-l-d\/#primaryimage","url":"https:\/\/horticom.ee\/e-pood\/wp-content\/uploads\/importedmedia\/product-153534_0-L3215.jpg","contentUrl":"https:\/\/horticom.ee\/e-pood\/wp-content\/uploads\/importedmedia\/product-153534_0-L3215.jpg","width":999,"height":1456,"caption":"Aeduba Goldmarie - Phaseolus vulgaris L."},{"@type":"BreadcrumbList","@id":"https:\/\/horticom.ee\/e-pood\/toode\/aeduba-goldmarie-phaseolus-vulgaris-l-d\/#breadcrumb","itemListElement":[{"@type":"ListItem","position":1,"name":"Home","item":"https:\/\/horticom.ee\/e-pood\/"},{"@type":"ListItem","position":2,"name":"Pood","item":"https:\/\/horticom.ee\/e-pood\/pood\/"},{"@type":"ListItem","position":3,"name":"Aeduba Goldmarie &#8211; Phaseolus vulgaris L."}]},{"@type":"WebSite","@id":"https:\/\/horticom.ee\/e-pood\/#website","url":"https:\/\/horticom.ee\/e-pood\/","name":"Horticom.ee","description":"Aianduskaubad ja kodukaubad nii harrastajatele kui professionaalidele","potentialAction":[{"@type":"SearchAction","target":{"@type":"EntryPoint","urlTemplate":"https:\/\/horticom.ee\/e-pood\/?s={search_term_string}"},"query-input":{"@type":"PropertyValueSpecification","valueRequired":true,"valueName":"search_term_string"}}],"inLanguage":"et"}]}},"_links":{"self":[{"href":"https:\/\/horticom.ee\/e-pood\/wp-json\/wp\/v2\/product\/153534","targetHints":{"allow":["GET"]}}],"collection":[{"href":"https:\/\/horticom.ee\/e-pood\/wp-json\/wp\/v2\/product"}],"about":[{"href":"https:\/\/horticom.ee\/e-pood\/wp-json\/wp\/v2\/types\/product"}],"replies":[{"embeddable":true,"href":"https:\/\/horticom.ee\/e-pood\/wp-json\/wp\/v2\/comments?post=153534"}],"wp:featuredmedia":[{"embeddable":true,"href":"https:\/\/horticom.ee\/e-pood\/wp-json\/wp\/v2\/media\/154433"}],"wp:attachment":[{"href":"https:\/\/horticom.ee\/e-pood\/wp-json\/wp\/v2\/media?parent=153534"}],"wp:term":[{"taxonomy":"product_cat","embeddable":true,"href":"https:\/\/horticom.ee\/e-pood\/wp-json\/wp\/v2\/product_cat?post=153534"},{"taxonomy":"product_tag","embeddable":true,"href":"https:\/\/horticom.ee\/e-pood\/wp-json\/wp\/v2\/product_tag?post=153534"}],"curies":[{"name":"wp","href":"https:\/\/api.w.org\/{rel}","templated":true}]}}