{"id":153591,"date":"2022-01-17T16:07:41","date_gmt":"2022-01-17T14:07:41","guid":{"rendered":"https:\/\/aednik24.ee\/toode\/kosepump-aqua-craft-filtriga-2100l-h-sp\/"},"modified":"2026-04-24T03:10:06","modified_gmt":"2026-04-24T00:10:06","slug":"kosepump-aqua-craft-filtriga-2100l-h-sp","status":"publish","type":"product","link":"https:\/\/horticom.ee\/e-pood\/toode\/kosepump-aqua-craft-filtriga-2100l-h-sp\/","title":{"rendered":"Kosepump Aqua Craft filtriga 2100L\/h"},"content":{"rendered":"<p>Kosepump Aqua Craft filtriga on kvaliteetne pump vee filtreerimiseks ja koskede kujundamiseks. Energias\u00e4\u00e4stlik ja efektiivne! V\u00f5imalik paigutada nii maapinnale kui ka vee alla. Filtreerib veest v\u00e4lja kuni 5mm suuruse pr\u00fcgi ja veesette. Parameetrid: 2100 l\/h, 25W, toitekaabli pikkus 10m. K\u00fclmakindlus kuni -20C. Vett t\u00f5stab kuni 2m, kose laius 20cm ja sobib kuni 5m2-lisele tiigile.<\/p>\n","protected":false},"excerpt":{"rendered":"<p>Kosepump Aqua Craft filtriga on kvaliteetne pump vee filtreerimiseks ja koskede kujundamiseks. Energias\u00e4\u00e4stlik ja efektiivne! V\u00f5imalik paigutada nii maapinnale kui ka vee alla. Filtreerib veest v\u00e4lja kuni 5mm suuruse pr\u00fcgi ja veesette. Parameetrid: 2100 l\/h, 25W, toitekaabli pikkus 10m. K\u00fclmakindlus kuni -20C. Vett t\u00f5stab kuni 2m, kose laius 20cm ja sobib kuni 5m2-lisele tiigile.<\/p>\n","protected":false},"featured_media":2377804,"comment_status":"closed","ping_status":"closed","template":"","meta":{"_themeisle_gutenberg_block_has_review":false},"product_cat":[18563,13364],"product_tag":[],"class_list":{"0":"post-153591","1":"product","2":"type-product","3":"status-publish","4":"has-post-thumbnail","6":"product_cat-lopumuugitooted","7":"product_cat-tiigipumbad","9":"first","10":"instock","11":"sale","12":"shipping-taxable","13":"purchasable","14":"product-type-simple"},"yoast_head":"<!-- This site is optimized with the Yoast SEO plugin v24.0 - https:\/\/yoast.com\/wordpress\/plugins\/seo\/ -->\n<title>Kosepump Aqua Craft filtriga 2100L\/h - Horticom<\/title>\n<meta name=\"robots\" content=\"index, follow, max-snippet:-1, max-image-preview:large, max-video-preview:-1\" \/>\n<link rel=\"canonical\" href=\"https:\/\/horticom.ee\/e-pood\/toode\/kosepump-aqua-craft-filtriga-2100l-h-sp\/\" \/>\n<meta property=\"og:locale\" content=\"et_EE\" \/>\n<meta property=\"og:type\" content=\"article\" \/>\n<meta property=\"og:title\" content=\"Kosepump Aqua Craft filtriga 2100L\/h - Horticom\" \/>\n<meta property=\"og:description\" content=\"Kosepump Aqua Craft filtriga on kvaliteetne pump vee filtreerimiseks ja koskede kujundamiseks. Energias\u00e4\u00e4stlik ja efektiivne! V\u00f5imalik paigutada nii maapinnale kui ka vee alla. Filtreerib veest v\u00e4lja kuni 5mm suuruse pr\u00fcgi ja veesette. Parameetrid: 2100 l\/h, 25W, toitekaabli pikkus 10m. K\u00fclmakindlus kuni -20C. Vett t\u00f5stab kuni 2m, kose laius 20cm ja sobib kuni 5m2-lisele tiigile.\" \/>\n<meta property=\"og:url\" content=\"https:\/\/horticom.ee\/e-pood\/toode\/kosepump-aqua-craft-filtriga-2100l-h-sp\/\" \/>\n<meta property=\"og:site_name\" content=\"Horticom.ee\" \/>\n<meta property=\"article:publisher\" content=\"https:\/\/www.facebook.com\/horticom.ee\/e-pood\" \/>\n<meta property=\"article:modified_time\" content=\"2026-04-24T00:10:06+00:00\" \/>\n<meta property=\"og:image\" content=\"https:\/\/horticom.ee\/e-pood\/wp-content\/uploads\/importedmedia\/product-153591_0-8502100.jpg\" \/>\n\t<meta property=\"og:image:width\" content=\"999\" \/>\n\t<meta property=\"og:image:height\" content=\"860\" \/>\n\t<meta property=\"og:image:type\" content=\"image\/jpeg\" \/>\n<meta name=\"twitter:card\" content=\"summary_large_image\" \/>\n<script type=\"application\/ld+json\" class=\"yoast-schema-graph\">{\"@context\":\"https:\/\/schema.org\",\"@graph\":[{\"@type\":\"WebPage\",\"@id\":\"https:\/\/horticom.ee\/e-pood\/toode\/kosepump-aqua-craft-filtriga-2100l-h-sp\/\",\"url\":\"https:\/\/horticom.ee\/e-pood\/toode\/kosepump-aqua-craft-filtriga-2100l-h-sp\/\",\"name\":\"Kosepump Aqua Craft filtriga 2100L\/h - Horticom\",\"isPartOf\":{\"@id\":\"https:\/\/horticom.ee\/e-pood\/#website\"},\"primaryImageOfPage\":{\"@id\":\"https:\/\/horticom.ee\/e-pood\/toode\/kosepump-aqua-craft-filtriga-2100l-h-sp\/#primaryimage\"},\"image\":{\"@id\":\"https:\/\/horticom.ee\/e-pood\/toode\/kosepump-aqua-craft-filtriga-2100l-h-sp\/#primaryimage\"},\"thumbnailUrl\":\"https:\/\/horticom.ee\/e-pood\/wp-content\/uploads\/importedmedia\/product-153591_0-8502100.jpg\",\"datePublished\":\"2022-01-17T14:07:41+00:00\",\"dateModified\":\"2026-04-24T00:10:06+00:00\",\"breadcrumb\":{\"@id\":\"https:\/\/horticom.ee\/e-pood\/toode\/kosepump-aqua-craft-filtriga-2100l-h-sp\/#breadcrumb\"},\"inLanguage\":\"et\",\"potentialAction\":[{\"@type\":\"ReadAction\",\"target\":[\"https:\/\/horticom.ee\/e-pood\/toode\/kosepump-aqua-craft-filtriga-2100l-h-sp\/\"]}]},{\"@type\":\"ImageObject\",\"inLanguage\":\"et\",\"@id\":\"https:\/\/horticom.ee\/e-pood\/toode\/kosepump-aqua-craft-filtriga-2100l-h-sp\/#primaryimage\",\"url\":\"https:\/\/horticom.ee\/e-pood\/wp-content\/uploads\/importedmedia\/product-153591_0-8502100.jpg\",\"contentUrl\":\"https:\/\/horticom.ee\/e-pood\/wp-content\/uploads\/importedmedia\/product-153591_0-8502100.jpg\",\"width\":999,\"height\":860},{\"@type\":\"BreadcrumbList\",\"@id\":\"https:\/\/horticom.ee\/e-pood\/toode\/kosepump-aqua-craft-filtriga-2100l-h-sp\/#breadcrumb\",\"itemListElement\":[{\"@type\":\"ListItem\",\"position\":1,\"name\":\"Home\",\"item\":\"https:\/\/horticom.ee\/e-pood\/\"},{\"@type\":\"ListItem\",\"position\":2,\"name\":\"Pood\",\"item\":\"https:\/\/horticom.ee\/e-pood\/pood\/\"},{\"@type\":\"ListItem\",\"position\":3,\"name\":\"Kosepump Aqua Craft filtriga 2100L\/h\"}]},{\"@type\":\"WebSite\",\"@id\":\"https:\/\/horticom.ee\/e-pood\/#website\",\"url\":\"https:\/\/horticom.ee\/e-pood\/\",\"name\":\"Horticom.ee\",\"description\":\"Aianduskaubad ja kodukaubad nii harrastajatele kui professionaalidele\",\"potentialAction\":[{\"@type\":\"SearchAction\",\"target\":{\"@type\":\"EntryPoint\",\"urlTemplate\":\"https:\/\/horticom.ee\/e-pood\/?s={search_term_string}\"},\"query-input\":{\"@type\":\"PropertyValueSpecification\",\"valueRequired\":true,\"valueName\":\"search_term_string\"}}],\"inLanguage\":\"et\"}]}<\/script>\n<!-- \/ Yoast SEO plugin. -->","yoast_head_json":{"title":"Kosepump Aqua Craft filtriga 2100L\/h - Horticom","robots":{"index":"index","follow":"follow","max-snippet":"max-snippet:-1","max-image-preview":"max-image-preview:large","max-video-preview":"max-video-preview:-1"},"canonical":"https:\/\/horticom.ee\/e-pood\/toode\/kosepump-aqua-craft-filtriga-2100l-h-sp\/","og_locale":"et_EE","og_type":"article","og_title":"Kosepump Aqua Craft filtriga 2100L\/h - Horticom","og_description":"Kosepump Aqua Craft filtriga on kvaliteetne pump vee filtreerimiseks ja koskede kujundamiseks. Energias\u00e4\u00e4stlik ja efektiivne! V\u00f5imalik paigutada nii maapinnale kui ka vee alla. Filtreerib veest v\u00e4lja kuni 5mm suuruse pr\u00fcgi ja veesette. Parameetrid: 2100 l\/h, 25W, toitekaabli pikkus 10m. K\u00fclmakindlus kuni -20C. Vett t\u00f5stab kuni 2m, kose laius 20cm ja sobib kuni 5m2-lisele tiigile.","og_url":"https:\/\/horticom.ee\/e-pood\/toode\/kosepump-aqua-craft-filtriga-2100l-h-sp\/","og_site_name":"Horticom.ee","article_publisher":"https:\/\/www.facebook.com\/horticom.ee\/e-pood","article_modified_time":"2026-04-24T00:10:06+00:00","og_image":[{"width":999,"height":860,"url":"https:\/\/horticom.ee\/e-pood\/wp-content\/uploads\/importedmedia\/product-153591_0-8502100.jpg","type":"image\/jpeg"}],"twitter_card":"summary_large_image","schema":{"@context":"https:\/\/schema.org","@graph":[{"@type":"WebPage","@id":"https:\/\/horticom.ee\/e-pood\/toode\/kosepump-aqua-craft-filtriga-2100l-h-sp\/","url":"https:\/\/horticom.ee\/e-pood\/toode\/kosepump-aqua-craft-filtriga-2100l-h-sp\/","name":"Kosepump Aqua Craft filtriga 2100L\/h - Horticom","isPartOf":{"@id":"https:\/\/horticom.ee\/e-pood\/#website"},"primaryImageOfPage":{"@id":"https:\/\/horticom.ee\/e-pood\/toode\/kosepump-aqua-craft-filtriga-2100l-h-sp\/#primaryimage"},"image":{"@id":"https:\/\/horticom.ee\/e-pood\/toode\/kosepump-aqua-craft-filtriga-2100l-h-sp\/#primaryimage"},"thumbnailUrl":"https:\/\/horticom.ee\/e-pood\/wp-content\/uploads\/importedmedia\/product-153591_0-8502100.jpg","datePublished":"2022-01-17T14:07:41+00:00","dateModified":"2026-04-24T00:10:06+00:00","breadcrumb":{"@id":"https:\/\/horticom.ee\/e-pood\/toode\/kosepump-aqua-craft-filtriga-2100l-h-sp\/#breadcrumb"},"inLanguage":"et","potentialAction":[{"@type":"ReadAction","target":["https:\/\/horticom.ee\/e-pood\/toode\/kosepump-aqua-craft-filtriga-2100l-h-sp\/"]}]},{"@type":"ImageObject","inLanguage":"et","@id":"https:\/\/horticom.ee\/e-pood\/toode\/kosepump-aqua-craft-filtriga-2100l-h-sp\/#primaryimage","url":"https:\/\/horticom.ee\/e-pood\/wp-content\/uploads\/importedmedia\/product-153591_0-8502100.jpg","contentUrl":"https:\/\/horticom.ee\/e-pood\/wp-content\/uploads\/importedmedia\/product-153591_0-8502100.jpg","width":999,"height":860},{"@type":"BreadcrumbList","@id":"https:\/\/horticom.ee\/e-pood\/toode\/kosepump-aqua-craft-filtriga-2100l-h-sp\/#breadcrumb","itemListElement":[{"@type":"ListItem","position":1,"name":"Home","item":"https:\/\/horticom.ee\/e-pood\/"},{"@type":"ListItem","position":2,"name":"Pood","item":"https:\/\/horticom.ee\/e-pood\/pood\/"},{"@type":"ListItem","position":3,"name":"Kosepump Aqua Craft filtriga 2100L\/h"}]},{"@type":"WebSite","@id":"https:\/\/horticom.ee\/e-pood\/#website","url":"https:\/\/horticom.ee\/e-pood\/","name":"Horticom.ee","description":"Aianduskaubad ja kodukaubad nii harrastajatele kui professionaalidele","potentialAction":[{"@type":"SearchAction","target":{"@type":"EntryPoint","urlTemplate":"https:\/\/horticom.ee\/e-pood\/?s={search_term_string}"},"query-input":{"@type":"PropertyValueSpecification","valueRequired":true,"valueName":"search_term_string"}}],"inLanguage":"et"}]}},"_links":{"self":[{"href":"https:\/\/horticom.ee\/e-pood\/wp-json\/wp\/v2\/product\/153591","targetHints":{"allow":["GET"]}}],"collection":[{"href":"https:\/\/horticom.ee\/e-pood\/wp-json\/wp\/v2\/product"}],"about":[{"href":"https:\/\/horticom.ee\/e-pood\/wp-json\/wp\/v2\/types\/product"}],"replies":[{"embeddable":true,"href":"https:\/\/horticom.ee\/e-pood\/wp-json\/wp\/v2\/comments?post=153591"}],"wp:featuredmedia":[{"embeddable":true,"href":"https:\/\/horticom.ee\/e-pood\/wp-json\/wp\/v2\/media\/2377804"}],"wp:attachment":[{"href":"https:\/\/horticom.ee\/e-pood\/wp-json\/wp\/v2\/media?parent=153591"}],"wp:term":[{"taxonomy":"product_cat","embeddable":true,"href":"https:\/\/horticom.ee\/e-pood\/wp-json\/wp\/v2\/product_cat?post=153591"},{"taxonomy":"product_tag","embeddable":true,"href":"https:\/\/horticom.ee\/e-pood\/wp-json\/wp\/v2\/product_tag?post=153591"}],"curies":[{"name":"wp","href":"https:\/\/api.w.org\/{rel}","templated":true}]}}