{"id":153653,"date":"2022-01-17T16:08:17","date_gmt":"2022-01-17T14:08:17","guid":{"rendered":"https:\/\/aednik24.ee\/toode\/raudurt-rippuv-verbena-hybrida-pendula\/"},"modified":"2026-04-14T03:08:24","modified_gmt":"2026-04-14T00:08:24","slug":"raudurt-rippuv-verbena-hybrida-pendula","status":"publish","type":"product","link":"https:\/\/horticom.ee\/e-pood\/toode\/raudurt-rippuv-verbena-hybrida-pendula\/","title":{"rendered":"Raud\u00fcrt rippuv Verbena hybrida pendula"},"content":{"rendered":"<p>Raud\u00fcrt rippuv on v\u00e4ga rikkalikult \u00f5itsev taim, mis sobib ideaalselt rippuvatesse lillepottidesse ja r\u00f5dukastidesse. Kasvukoht: p\u00e4ikeseline v\u00f5i vari. Kasvab h\u00e4sti igal vett l\u00e4bilaskval aiapinnasel.<\/p>\n","protected":false},"excerpt":{"rendered":"<p>Raud\u00fcrt rippuv on v\u00e4ga rikkalikult \u00f5itsev taim, mis sobib ideaalselt rippuvatesse lillepottidesse ja r\u00f5dukastidesse. Kasvukoht: p\u00e4ikeseline v\u00f5i vari. Kasvab h\u00e4sti igal vett l\u00e4bilaskval aiapinnasel.<\/p>\n","protected":false},"featured_media":154103,"comment_status":"closed","ping_status":"closed","template":"","meta":{"_themeisle_gutenberg_block_has_review":false},"product_cat":[13506],"product_tag":[],"class_list":{"0":"post-153653","1":"product","2":"type-product","3":"status-publish","4":"has-post-thumbnail","6":"product_cat-raudurt","8":"first","9":"instock","10":"shipping-taxable","11":"purchasable","12":"product-type-simple"},"yoast_head":"<!-- This site is optimized with the Yoast SEO plugin v24.0 - https:\/\/yoast.com\/wordpress\/plugins\/seo\/ -->\n<title>Raud\u00fcrt rippuv Verbena hybrida pendula - Horticom.ee<\/title>\n<meta name=\"description\" content=\"Raud\u00fcrt rippuv on v\u00e4ga rikkalikult \u00f5itsev taim, mis sobib ideaalselt rippuvatesse lillepottidesse ja r\u00f5dukastidesse.\" \/>\n<meta name=\"robots\" content=\"index, follow, max-snippet:-1, max-image-preview:large, max-video-preview:-1\" \/>\n<link rel=\"canonical\" href=\"https:\/\/horticom.ee\/e-pood\/toode\/raudurt-rippuv-verbena-hybrida-pendula\/\" \/>\n<meta property=\"og:locale\" content=\"et_EE\" \/>\n<meta property=\"og:type\" content=\"article\" \/>\n<meta property=\"og:title\" content=\"Raud\u00fcrt rippuv Verbena hybrida pendula - Horticom.ee\" \/>\n<meta property=\"og:description\" content=\"Raud\u00fcrt rippuv on v\u00e4ga rikkalikult \u00f5itsev taim, mis sobib ideaalselt rippuvatesse lillepottidesse ja r\u00f5dukastidesse.\" \/>\n<meta property=\"og:url\" content=\"https:\/\/horticom.ee\/e-pood\/toode\/raudurt-rippuv-verbena-hybrida-pendula\/\" \/>\n<meta property=\"og:site_name\" content=\"Horticom.ee\" \/>\n<meta property=\"article:publisher\" content=\"https:\/\/www.facebook.com\/horticom.ee\/e-pood\" \/>\n<meta property=\"article:modified_time\" content=\"2026-04-14T00:08:24+00:00\" \/>\n<meta property=\"og:image\" content=\"https:\/\/horticom.ee\/e-pood\/wp-content\/uploads\/importedmedia\/product-153653_0-VC237-545x1024.jpg\" \/>\n\t<meta property=\"og:image:width\" content=\"545\" \/>\n\t<meta property=\"og:image:height\" content=\"1024\" \/>\n\t<meta property=\"og:image:type\" content=\"image\/jpeg\" \/>\n<meta name=\"twitter:card\" content=\"summary_large_image\" \/>\n<script type=\"application\/ld+json\" class=\"yoast-schema-graph\">{\"@context\":\"https:\/\/schema.org\",\"@graph\":[{\"@type\":\"WebPage\",\"@id\":\"https:\/\/horticom.ee\/e-pood\/toode\/raudurt-rippuv-verbena-hybrida-pendula\/\",\"url\":\"https:\/\/horticom.ee\/e-pood\/toode\/raudurt-rippuv-verbena-hybrida-pendula\/\",\"name\":\"Raud\u00fcrt rippuv Verbena hybrida pendula - Horticom.ee\",\"isPartOf\":{\"@id\":\"https:\/\/horticom.ee\/e-pood\/#website\"},\"primaryImageOfPage\":{\"@id\":\"https:\/\/horticom.ee\/e-pood\/toode\/raudurt-rippuv-verbena-hybrida-pendula\/#primaryimage\"},\"image\":{\"@id\":\"https:\/\/horticom.ee\/e-pood\/toode\/raudurt-rippuv-verbena-hybrida-pendula\/#primaryimage\"},\"thumbnailUrl\":\"https:\/\/horticom.ee\/e-pood\/wp-content\/uploads\/importedmedia\/product-153653_0-VC237.jpg\",\"datePublished\":\"2022-01-17T14:08:17+00:00\",\"dateModified\":\"2026-04-14T00:08:24+00:00\",\"description\":\"Raud\u00fcrt rippuv on v\u00e4ga rikkalikult \u00f5itsev taim, mis sobib ideaalselt rippuvatesse lillepottidesse ja r\u00f5dukastidesse.\",\"breadcrumb\":{\"@id\":\"https:\/\/horticom.ee\/e-pood\/toode\/raudurt-rippuv-verbena-hybrida-pendula\/#breadcrumb\"},\"inLanguage\":\"et\",\"potentialAction\":[{\"@type\":\"ReadAction\",\"target\":[\"https:\/\/horticom.ee\/e-pood\/toode\/raudurt-rippuv-verbena-hybrida-pendula\/\"]}]},{\"@type\":\"ImageObject\",\"inLanguage\":\"et\",\"@id\":\"https:\/\/horticom.ee\/e-pood\/toode\/raudurt-rippuv-verbena-hybrida-pendula\/#primaryimage\",\"url\":\"https:\/\/horticom.ee\/e-pood\/wp-content\/uploads\/importedmedia\/product-153653_0-VC237.jpg\",\"contentUrl\":\"https:\/\/horticom.ee\/e-pood\/wp-content\/uploads\/importedmedia\/product-153653_0-VC237.jpg\",\"width\":1000,\"height\":1878,\"caption\":\"Raud\u00fcrt rippuv Verbena hybrida pendula\"},{\"@type\":\"BreadcrumbList\",\"@id\":\"https:\/\/horticom.ee\/e-pood\/toode\/raudurt-rippuv-verbena-hybrida-pendula\/#breadcrumb\",\"itemListElement\":[{\"@type\":\"ListItem\",\"position\":1,\"name\":\"Home\",\"item\":\"https:\/\/horticom.ee\/e-pood\/\"},{\"@type\":\"ListItem\",\"position\":2,\"name\":\"Pood\",\"item\":\"https:\/\/horticom.ee\/e-pood\/pood\/\"},{\"@type\":\"ListItem\",\"position\":3,\"name\":\"Raud\u00fcrt rippuv Verbena hybrida pendula\"}]},{\"@type\":\"WebSite\",\"@id\":\"https:\/\/horticom.ee\/e-pood\/#website\",\"url\":\"https:\/\/horticom.ee\/e-pood\/\",\"name\":\"Horticom.ee\",\"description\":\"Aianduskaubad ja kodukaubad nii harrastajatele kui professionaalidele\",\"potentialAction\":[{\"@type\":\"SearchAction\",\"target\":{\"@type\":\"EntryPoint\",\"urlTemplate\":\"https:\/\/horticom.ee\/e-pood\/?s={search_term_string}\"},\"query-input\":{\"@type\":\"PropertyValueSpecification\",\"valueRequired\":true,\"valueName\":\"search_term_string\"}}],\"inLanguage\":\"et\"}]}<\/script>\n<!-- \/ Yoast SEO plugin. -->","yoast_head_json":{"title":"Raud\u00fcrt rippuv Verbena hybrida pendula - Horticom.ee","description":"Raud\u00fcrt rippuv on v\u00e4ga rikkalikult \u00f5itsev taim, mis sobib ideaalselt rippuvatesse lillepottidesse ja r\u00f5dukastidesse.","robots":{"index":"index","follow":"follow","max-snippet":"max-snippet:-1","max-image-preview":"max-image-preview:large","max-video-preview":"max-video-preview:-1"},"canonical":"https:\/\/horticom.ee\/e-pood\/toode\/raudurt-rippuv-verbena-hybrida-pendula\/","og_locale":"et_EE","og_type":"article","og_title":"Raud\u00fcrt rippuv Verbena hybrida pendula - Horticom.ee","og_description":"Raud\u00fcrt rippuv on v\u00e4ga rikkalikult \u00f5itsev taim, mis sobib ideaalselt rippuvatesse lillepottidesse ja r\u00f5dukastidesse.","og_url":"https:\/\/horticom.ee\/e-pood\/toode\/raudurt-rippuv-verbena-hybrida-pendula\/","og_site_name":"Horticom.ee","article_publisher":"https:\/\/www.facebook.com\/horticom.ee\/e-pood","article_modified_time":"2026-04-14T00:08:24+00:00","og_image":[{"width":545,"height":1024,"url":"https:\/\/horticom.ee\/e-pood\/wp-content\/uploads\/importedmedia\/product-153653_0-VC237-545x1024.jpg","type":"image\/jpeg"}],"twitter_card":"summary_large_image","schema":{"@context":"https:\/\/schema.org","@graph":[{"@type":"WebPage","@id":"https:\/\/horticom.ee\/e-pood\/toode\/raudurt-rippuv-verbena-hybrida-pendula\/","url":"https:\/\/horticom.ee\/e-pood\/toode\/raudurt-rippuv-verbena-hybrida-pendula\/","name":"Raud\u00fcrt rippuv Verbena hybrida pendula - Horticom.ee","isPartOf":{"@id":"https:\/\/horticom.ee\/e-pood\/#website"},"primaryImageOfPage":{"@id":"https:\/\/horticom.ee\/e-pood\/toode\/raudurt-rippuv-verbena-hybrida-pendula\/#primaryimage"},"image":{"@id":"https:\/\/horticom.ee\/e-pood\/toode\/raudurt-rippuv-verbena-hybrida-pendula\/#primaryimage"},"thumbnailUrl":"https:\/\/horticom.ee\/e-pood\/wp-content\/uploads\/importedmedia\/product-153653_0-VC237.jpg","datePublished":"2022-01-17T14:08:17+00:00","dateModified":"2026-04-14T00:08:24+00:00","description":"Raud\u00fcrt rippuv on v\u00e4ga rikkalikult \u00f5itsev taim, mis sobib ideaalselt rippuvatesse lillepottidesse ja r\u00f5dukastidesse.","breadcrumb":{"@id":"https:\/\/horticom.ee\/e-pood\/toode\/raudurt-rippuv-verbena-hybrida-pendula\/#breadcrumb"},"inLanguage":"et","potentialAction":[{"@type":"ReadAction","target":["https:\/\/horticom.ee\/e-pood\/toode\/raudurt-rippuv-verbena-hybrida-pendula\/"]}]},{"@type":"ImageObject","inLanguage":"et","@id":"https:\/\/horticom.ee\/e-pood\/toode\/raudurt-rippuv-verbena-hybrida-pendula\/#primaryimage","url":"https:\/\/horticom.ee\/e-pood\/wp-content\/uploads\/importedmedia\/product-153653_0-VC237.jpg","contentUrl":"https:\/\/horticom.ee\/e-pood\/wp-content\/uploads\/importedmedia\/product-153653_0-VC237.jpg","width":1000,"height":1878,"caption":"Raud\u00fcrt rippuv Verbena hybrida pendula"},{"@type":"BreadcrumbList","@id":"https:\/\/horticom.ee\/e-pood\/toode\/raudurt-rippuv-verbena-hybrida-pendula\/#breadcrumb","itemListElement":[{"@type":"ListItem","position":1,"name":"Home","item":"https:\/\/horticom.ee\/e-pood\/"},{"@type":"ListItem","position":2,"name":"Pood","item":"https:\/\/horticom.ee\/e-pood\/pood\/"},{"@type":"ListItem","position":3,"name":"Raud\u00fcrt rippuv Verbena hybrida pendula"}]},{"@type":"WebSite","@id":"https:\/\/horticom.ee\/e-pood\/#website","url":"https:\/\/horticom.ee\/e-pood\/","name":"Horticom.ee","description":"Aianduskaubad ja kodukaubad nii harrastajatele kui professionaalidele","potentialAction":[{"@type":"SearchAction","target":{"@type":"EntryPoint","urlTemplate":"https:\/\/horticom.ee\/e-pood\/?s={search_term_string}"},"query-input":{"@type":"PropertyValueSpecification","valueRequired":true,"valueName":"search_term_string"}}],"inLanguage":"et"}]}},"_links":{"self":[{"href":"https:\/\/horticom.ee\/e-pood\/wp-json\/wp\/v2\/product\/153653","targetHints":{"allow":["GET"]}}],"collection":[{"href":"https:\/\/horticom.ee\/e-pood\/wp-json\/wp\/v2\/product"}],"about":[{"href":"https:\/\/horticom.ee\/e-pood\/wp-json\/wp\/v2\/types\/product"}],"replies":[{"embeddable":true,"href":"https:\/\/horticom.ee\/e-pood\/wp-json\/wp\/v2\/comments?post=153653"}],"wp:featuredmedia":[{"embeddable":true,"href":"https:\/\/horticom.ee\/e-pood\/wp-json\/wp\/v2\/media\/154103"}],"wp:attachment":[{"href":"https:\/\/horticom.ee\/e-pood\/wp-json\/wp\/v2\/media?parent=153653"}],"wp:term":[{"taxonomy":"product_cat","embeddable":true,"href":"https:\/\/horticom.ee\/e-pood\/wp-json\/wp\/v2\/product_cat?post=153653"},{"taxonomy":"product_tag","embeddable":true,"href":"https:\/\/horticom.ee\/e-pood\/wp-json\/wp\/v2\/product_tag?post=153653"}],"curies":[{"name":"wp","href":"https:\/\/api.w.org\/{rel}","templated":true}]}}