{"id":153659,"date":"2022-01-17T16:08:21","date_gmt":"2022-01-17T14:08:21","guid":{"rendered":"https:\/\/aednik24.ee\/toode\/porgand-amsterdam-daucus-carota\/"},"modified":"2026-04-28T03:06:36","modified_gmt":"2026-04-28T00:06:36","slug":"porgand-amsterdam-daucus-carota","status":"publish","type":"product","link":"https:\/\/horticom.ee\/e-pood\/toode\/porgand-amsterdam-daucus-carota\/","title":{"rendered":"Porgand Amsterdam Daucus carota"},"content":{"rendered":"<p>Porgand Amsterdam on varajane sort, mis on m\u00f5eldud kasvatamiseks p\u00f5llul v\u00f5i katte all varaseks ja keskvaraseks saagiks. Aastaringseks vahetuks tarbimiseks toorsalatite, salatite, mahladena v\u00f5i supilisandina. Sobib ka kuivatamiseks. Kasvab k\u00f5ige paremini viljakates, huumusrikastes muldades.<\/p>\n","protected":false},"excerpt":{"rendered":"<p>Porgand Amsterdam on varajane sort, mis on m\u00f5eldud kasvatamiseks p\u00f5llul v\u00f5i katte all varaseks ja keskvaraseks saagiks. Aastaringseks vahetuks tarbimiseks toorsalatite, salatite, mahladena v\u00f5i supilisandina. Sobib ka kuivatamiseks. Kasvab k\u00f5ige paremini viljakates, huumusrikastes muldades.<\/p>\n","protected":false},"featured_media":154091,"comment_status":"closed","ping_status":"closed","template":"","meta":{"_themeisle_gutenberg_block_has_review":false},"product_cat":[13487],"product_tag":[],"class_list":{"0":"post-153659","1":"product","2":"type-product","3":"status-publish","4":"has-post-thumbnail","6":"product_cat-porgand-pastinaak","8":"first","9":"instock","10":"shipping-taxable","11":"purchasable","12":"product-type-simple"},"yoast_head":"<!-- This site is optimized with the Yoast SEO plugin v24.0 - https:\/\/yoast.com\/wordpress\/plugins\/seo\/ -->\n<title>Porgand Amsterdam Daucus carota - Horticom.ee\/e-pood<\/title>\n<meta name=\"description\" content=\"Porgand Amsterdam \u2013 varajane sort, sobib aastaringseks toorsalatite, mahlade ja suppide jaoks. Kasvab viljakates huumusrikastes muldades.\" \/>\n<meta name=\"robots\" content=\"index, follow, max-snippet:-1, max-image-preview:large, max-video-preview:-1\" \/>\n<link rel=\"canonical\" href=\"https:\/\/horticom.ee\/e-pood\/toode\/porgand-amsterdam-daucus-carota\/\" \/>\n<meta property=\"og:locale\" content=\"et_EE\" \/>\n<meta property=\"og:type\" content=\"article\" \/>\n<meta property=\"og:title\" content=\"Porgand Amsterdam Daucus carota - Horticom.ee\/e-pood\" \/>\n<meta property=\"og:description\" content=\"Porgand Amsterdam \u2013 varajane sort, sobib aastaringseks toorsalatite, mahlade ja suppide jaoks. Kasvab viljakates huumusrikastes muldades.\" \/>\n<meta property=\"og:url\" content=\"https:\/\/horticom.ee\/e-pood\/toode\/porgand-amsterdam-daucus-carota\/\" \/>\n<meta property=\"og:site_name\" content=\"Horticom.ee\" \/>\n<meta property=\"article:publisher\" content=\"https:\/\/www.facebook.com\/horticom.ee\/e-pood\" \/>\n<meta property=\"article:modified_time\" content=\"2026-04-28T00:06:36+00:00\" \/>\n<meta property=\"og:image\" content=\"https:\/\/horticom.ee\/e-pood\/wp-content\/uploads\/importedmedia\/product-153659_0-VC630.jpg\" \/>\n\t<meta property=\"og:image:width\" content=\"1000\" \/>\n\t<meta property=\"og:image:height\" content=\"1937\" \/>\n\t<meta property=\"og:image:type\" content=\"image\/jpeg\" \/>\n<meta name=\"twitter:card\" content=\"summary_large_image\" \/>\n<script type=\"application\/ld+json\" class=\"yoast-schema-graph\">{\"@context\":\"https:\/\/schema.org\",\"@graph\":[{\"@type\":\"WebPage\",\"@id\":\"https:\/\/horticom.ee\/e-pood\/toode\/porgand-amsterdam-daucus-carota\/\",\"url\":\"https:\/\/horticom.ee\/e-pood\/toode\/porgand-amsterdam-daucus-carota\/\",\"name\":\"Porgand Amsterdam Daucus carota - Horticom.ee\/e-pood\",\"isPartOf\":{\"@id\":\"https:\/\/horticom.ee\/e-pood\/#website\"},\"primaryImageOfPage\":{\"@id\":\"https:\/\/horticom.ee\/e-pood\/toode\/porgand-amsterdam-daucus-carota\/#primaryimage\"},\"image\":{\"@id\":\"https:\/\/horticom.ee\/e-pood\/toode\/porgand-amsterdam-daucus-carota\/#primaryimage\"},\"thumbnailUrl\":\"https:\/\/horticom.ee\/e-pood\/wp-content\/uploads\/importedmedia\/product-153659_0-VC630.jpg\",\"datePublished\":\"2022-01-17T14:08:21+00:00\",\"dateModified\":\"2026-04-28T00:06:36+00:00\",\"description\":\"Porgand Amsterdam \u2013 varajane sort, sobib aastaringseks toorsalatite, mahlade ja suppide jaoks. Kasvab viljakates huumusrikastes muldades.\",\"breadcrumb\":{\"@id\":\"https:\/\/horticom.ee\/e-pood\/toode\/porgand-amsterdam-daucus-carota\/#breadcrumb\"},\"inLanguage\":\"et\",\"potentialAction\":[{\"@type\":\"ReadAction\",\"target\":[\"https:\/\/horticom.ee\/e-pood\/toode\/porgand-amsterdam-daucus-carota\/\"]}]},{\"@type\":\"ImageObject\",\"inLanguage\":\"et\",\"@id\":\"https:\/\/horticom.ee\/e-pood\/toode\/porgand-amsterdam-daucus-carota\/#primaryimage\",\"url\":\"https:\/\/horticom.ee\/e-pood\/wp-content\/uploads\/importedmedia\/product-153659_0-VC630.jpg\",\"contentUrl\":\"https:\/\/horticom.ee\/e-pood\/wp-content\/uploads\/importedmedia\/product-153659_0-VC630.jpg\",\"width\":1000,\"height\":1937,\"caption\":\"Porgand Amsterdam Daucus carota\"},{\"@type\":\"BreadcrumbList\",\"@id\":\"https:\/\/horticom.ee\/e-pood\/toode\/porgand-amsterdam-daucus-carota\/#breadcrumb\",\"itemListElement\":[{\"@type\":\"ListItem\",\"position\":1,\"name\":\"Home\",\"item\":\"https:\/\/horticom.ee\/e-pood\/\"},{\"@type\":\"ListItem\",\"position\":2,\"name\":\"Pood\",\"item\":\"https:\/\/horticom.ee\/e-pood\/pood\/\"},{\"@type\":\"ListItem\",\"position\":3,\"name\":\"Porgand Amsterdam Daucus carota\"}]},{\"@type\":\"WebSite\",\"@id\":\"https:\/\/horticom.ee\/e-pood\/#website\",\"url\":\"https:\/\/horticom.ee\/e-pood\/\",\"name\":\"Horticom.ee\",\"description\":\"Aianduskaubad ja kodukaubad nii harrastajatele kui professionaalidele\",\"potentialAction\":[{\"@type\":\"SearchAction\",\"target\":{\"@type\":\"EntryPoint\",\"urlTemplate\":\"https:\/\/horticom.ee\/e-pood\/?s={search_term_string}\"},\"query-input\":{\"@type\":\"PropertyValueSpecification\",\"valueRequired\":true,\"valueName\":\"search_term_string\"}}],\"inLanguage\":\"et\"}]}<\/script>\n<!-- \/ Yoast SEO plugin. -->","yoast_head_json":{"title":"Porgand Amsterdam Daucus carota - Horticom.ee\/e-pood","description":"Porgand Amsterdam \u2013 varajane sort, sobib aastaringseks toorsalatite, mahlade ja suppide jaoks. Kasvab viljakates huumusrikastes muldades.","robots":{"index":"index","follow":"follow","max-snippet":"max-snippet:-1","max-image-preview":"max-image-preview:large","max-video-preview":"max-video-preview:-1"},"canonical":"https:\/\/horticom.ee\/e-pood\/toode\/porgand-amsterdam-daucus-carota\/","og_locale":"et_EE","og_type":"article","og_title":"Porgand Amsterdam Daucus carota - Horticom.ee\/e-pood","og_description":"Porgand Amsterdam \u2013 varajane sort, sobib aastaringseks toorsalatite, mahlade ja suppide jaoks. Kasvab viljakates huumusrikastes muldades.","og_url":"https:\/\/horticom.ee\/e-pood\/toode\/porgand-amsterdam-daucus-carota\/","og_site_name":"Horticom.ee","article_publisher":"https:\/\/www.facebook.com\/horticom.ee\/e-pood","article_modified_time":"2026-04-28T00:06:36+00:00","og_image":[{"width":1000,"height":1937,"url":"https:\/\/horticom.ee\/e-pood\/wp-content\/uploads\/importedmedia\/product-153659_0-VC630.jpg","type":"image\/jpeg"}],"twitter_card":"summary_large_image","schema":{"@context":"https:\/\/schema.org","@graph":[{"@type":"WebPage","@id":"https:\/\/horticom.ee\/e-pood\/toode\/porgand-amsterdam-daucus-carota\/","url":"https:\/\/horticom.ee\/e-pood\/toode\/porgand-amsterdam-daucus-carota\/","name":"Porgand Amsterdam Daucus carota - Horticom.ee\/e-pood","isPartOf":{"@id":"https:\/\/horticom.ee\/e-pood\/#website"},"primaryImageOfPage":{"@id":"https:\/\/horticom.ee\/e-pood\/toode\/porgand-amsterdam-daucus-carota\/#primaryimage"},"image":{"@id":"https:\/\/horticom.ee\/e-pood\/toode\/porgand-amsterdam-daucus-carota\/#primaryimage"},"thumbnailUrl":"https:\/\/horticom.ee\/e-pood\/wp-content\/uploads\/importedmedia\/product-153659_0-VC630.jpg","datePublished":"2022-01-17T14:08:21+00:00","dateModified":"2026-04-28T00:06:36+00:00","description":"Porgand Amsterdam \u2013 varajane sort, sobib aastaringseks toorsalatite, mahlade ja suppide jaoks. Kasvab viljakates huumusrikastes muldades.","breadcrumb":{"@id":"https:\/\/horticom.ee\/e-pood\/toode\/porgand-amsterdam-daucus-carota\/#breadcrumb"},"inLanguage":"et","potentialAction":[{"@type":"ReadAction","target":["https:\/\/horticom.ee\/e-pood\/toode\/porgand-amsterdam-daucus-carota\/"]}]},{"@type":"ImageObject","inLanguage":"et","@id":"https:\/\/horticom.ee\/e-pood\/toode\/porgand-amsterdam-daucus-carota\/#primaryimage","url":"https:\/\/horticom.ee\/e-pood\/wp-content\/uploads\/importedmedia\/product-153659_0-VC630.jpg","contentUrl":"https:\/\/horticom.ee\/e-pood\/wp-content\/uploads\/importedmedia\/product-153659_0-VC630.jpg","width":1000,"height":1937,"caption":"Porgand Amsterdam Daucus carota"},{"@type":"BreadcrumbList","@id":"https:\/\/horticom.ee\/e-pood\/toode\/porgand-amsterdam-daucus-carota\/#breadcrumb","itemListElement":[{"@type":"ListItem","position":1,"name":"Home","item":"https:\/\/horticom.ee\/e-pood\/"},{"@type":"ListItem","position":2,"name":"Pood","item":"https:\/\/horticom.ee\/e-pood\/pood\/"},{"@type":"ListItem","position":3,"name":"Porgand Amsterdam Daucus carota"}]},{"@type":"WebSite","@id":"https:\/\/horticom.ee\/e-pood\/#website","url":"https:\/\/horticom.ee\/e-pood\/","name":"Horticom.ee","description":"Aianduskaubad ja kodukaubad nii harrastajatele kui professionaalidele","potentialAction":[{"@type":"SearchAction","target":{"@type":"EntryPoint","urlTemplate":"https:\/\/horticom.ee\/e-pood\/?s={search_term_string}"},"query-input":{"@type":"PropertyValueSpecification","valueRequired":true,"valueName":"search_term_string"}}],"inLanguage":"et"}]}},"_links":{"self":[{"href":"https:\/\/horticom.ee\/e-pood\/wp-json\/wp\/v2\/product\/153659","targetHints":{"allow":["GET"]}}],"collection":[{"href":"https:\/\/horticom.ee\/e-pood\/wp-json\/wp\/v2\/product"}],"about":[{"href":"https:\/\/horticom.ee\/e-pood\/wp-json\/wp\/v2\/types\/product"}],"replies":[{"embeddable":true,"href":"https:\/\/horticom.ee\/e-pood\/wp-json\/wp\/v2\/comments?post=153659"}],"wp:featuredmedia":[{"embeddable":true,"href":"https:\/\/horticom.ee\/e-pood\/wp-json\/wp\/v2\/media\/154091"}],"wp:attachment":[{"href":"https:\/\/horticom.ee\/e-pood\/wp-json\/wp\/v2\/media?parent=153659"}],"wp:term":[{"taxonomy":"product_cat","embeddable":true,"href":"https:\/\/horticom.ee\/e-pood\/wp-json\/wp\/v2\/product_cat?post=153659"},{"taxonomy":"product_tag","embeddable":true,"href":"https:\/\/horticom.ee\/e-pood\/wp-json\/wp\/v2\/product_tag?post=153659"}],"curies":[{"name":"wp","href":"https:\/\/api.w.org\/{rel}","templated":true}]}}