{"id":153758,"date":"2022-01-17T16:09:20","date_gmt":"2022-01-17T14:09:20","guid":{"rendered":"https:\/\/aednik24.ee\/toode\/basiilik-punane-occimum-basilicum\/"},"modified":"2026-04-19T03:11:40","modified_gmt":"2026-04-19T00:11:40","slug":"basiilik-punane-occimum-basilicum","status":"publish","type":"product","link":"https:\/\/horticom.ee\/e-pood\/toode\/basiilik-punane-occimum-basilicum\/","title":{"rendered":"Basiilik punane Occimum basilicum"},"content":{"rendered":"<p>Basiilik punane on \u00fcheaastane taim, millel on dekoratiivsed, tumepunased lehed ja roosad \u00f5ied. Kasutatakse maitsetaimena lihade, kalade, salatite, kastmete juurde. Soodustab seedimist, leevendab k\u00f6ha. Taime v\u00f5ib kasvatada potis aknalaual. Eelistab p\u00e4ikesepaistelist ja tuulevarjulist kasvukohta.<\/p>\n","protected":false},"excerpt":{"rendered":"<p>Basiilik punane on \u00fcheaastane taim, millel on dekoratiivsed, tumepunased lehed ja roosad \u00f5ied. Kasutatakse maitsetaimena lihade, kalade, salatite, kastmete juurde. Soodustab seedimist, leevendab k\u00f6ha. Taime v\u00f5ib kasvatada potis aknalaual. Eelistab p\u00e4ikesepaistelist ja tuulevarjulist kasvukohta.<\/p>\n","protected":false},"featured_media":153823,"comment_status":"closed","ping_status":"closed","template":"","meta":{"_themeisle_gutenberg_block_has_review":false},"product_cat":[13490],"product_tag":[],"class_list":{"0":"post-153758","1":"product","2":"type-product","3":"status-publish","4":"has-post-thumbnail","6":"product_cat-maitsetaimede-seemned","8":"first","9":"instock","10":"shipping-taxable","11":"purchasable","12":"product-type-simple"},"yoast_head":"<!-- This site is optimized with the Yoast SEO plugin v24.0 - https:\/\/yoast.com\/wordpress\/plugins\/seo\/ -->\n<title>Basiilik punane Occimum basilicum - Horticom.ee\/e-pood<\/title>\n<meta name=\"description\" content=\"Punane basiilik \u2013 \u00fcheaastane dekoratiivne maitsetaim tumepunaste lehtedega. Sobib liha- ja kalatoitudesse, soodustab seedimist.\" \/>\n<meta name=\"robots\" content=\"index, follow, max-snippet:-1, max-image-preview:large, max-video-preview:-1\" \/>\n<link rel=\"canonical\" href=\"https:\/\/horticom.ee\/e-pood\/toode\/basiilik-punane-occimum-basilicum\/\" \/>\n<meta property=\"og:locale\" content=\"et_EE\" \/>\n<meta property=\"og:type\" content=\"article\" \/>\n<meta property=\"og:title\" content=\"Basiilik punane Occimum basilicum - Horticom.ee\/e-pood\" \/>\n<meta property=\"og:description\" content=\"Punane basiilik \u2013 \u00fcheaastane dekoratiivne maitsetaim tumepunaste lehtedega. Sobib liha- ja kalatoitudesse, soodustab seedimist.\" \/>\n<meta property=\"og:url\" content=\"https:\/\/horticom.ee\/e-pood\/toode\/basiilik-punane-occimum-basilicum\/\" \/>\n<meta property=\"og:site_name\" content=\"Horticom.ee\" \/>\n<meta property=\"article:publisher\" content=\"https:\/\/www.facebook.com\/horticom.ee\/e-pood\" \/>\n<meta property=\"article:modified_time\" content=\"2026-04-19T00:11:40+00:00\" \/>\n<meta property=\"og:image\" content=\"https:\/\/horticom.ee\/e-pood\/wp-content\/uploads\/importedmedia\/product-153758_0-VC501.jpg\" \/>\n\t<meta property=\"og:image:width\" content=\"1000\" \/>\n\t<meta property=\"og:image:height\" content=\"1913\" \/>\n\t<meta property=\"og:image:type\" content=\"image\/jpeg\" \/>\n<meta name=\"twitter:card\" content=\"summary_large_image\" \/>\n<script type=\"application\/ld+json\" class=\"yoast-schema-graph\">{\"@context\":\"https:\/\/schema.org\",\"@graph\":[{\"@type\":\"WebPage\",\"@id\":\"https:\/\/horticom.ee\/e-pood\/toode\/basiilik-punane-occimum-basilicum\/\",\"url\":\"https:\/\/horticom.ee\/e-pood\/toode\/basiilik-punane-occimum-basilicum\/\",\"name\":\"Basiilik punane Occimum basilicum - Horticom.ee\/e-pood\",\"isPartOf\":{\"@id\":\"https:\/\/horticom.ee\/e-pood\/#website\"},\"primaryImageOfPage\":{\"@id\":\"https:\/\/horticom.ee\/e-pood\/toode\/basiilik-punane-occimum-basilicum\/#primaryimage\"},\"image\":{\"@id\":\"https:\/\/horticom.ee\/e-pood\/toode\/basiilik-punane-occimum-basilicum\/#primaryimage\"},\"thumbnailUrl\":\"https:\/\/horticom.ee\/e-pood\/wp-content\/uploads\/importedmedia\/product-153758_0-VC501.jpg\",\"datePublished\":\"2022-01-17T14:09:20+00:00\",\"dateModified\":\"2026-04-19T00:11:40+00:00\",\"description\":\"Punane basiilik \u2013 \u00fcheaastane dekoratiivne maitsetaim tumepunaste lehtedega. Sobib liha- ja kalatoitudesse, soodustab seedimist.\",\"breadcrumb\":{\"@id\":\"https:\/\/horticom.ee\/e-pood\/toode\/basiilik-punane-occimum-basilicum\/#breadcrumb\"},\"inLanguage\":\"et\",\"potentialAction\":[{\"@type\":\"ReadAction\",\"target\":[\"https:\/\/horticom.ee\/e-pood\/toode\/basiilik-punane-occimum-basilicum\/\"]}]},{\"@type\":\"ImageObject\",\"inLanguage\":\"et\",\"@id\":\"https:\/\/horticom.ee\/e-pood\/toode\/basiilik-punane-occimum-basilicum\/#primaryimage\",\"url\":\"https:\/\/horticom.ee\/e-pood\/wp-content\/uploads\/importedmedia\/product-153758_0-VC501.jpg\",\"contentUrl\":\"https:\/\/horticom.ee\/e-pood\/wp-content\/uploads\/importedmedia\/product-153758_0-VC501.jpg\",\"width\":1000,\"height\":1913,\"caption\":\"Basiilik punane Occimum basilicum\"},{\"@type\":\"BreadcrumbList\",\"@id\":\"https:\/\/horticom.ee\/e-pood\/toode\/basiilik-punane-occimum-basilicum\/#breadcrumb\",\"itemListElement\":[{\"@type\":\"ListItem\",\"position\":1,\"name\":\"Home\",\"item\":\"https:\/\/horticom.ee\/e-pood\/\"},{\"@type\":\"ListItem\",\"position\":2,\"name\":\"Pood\",\"item\":\"https:\/\/horticom.ee\/e-pood\/pood\/\"},{\"@type\":\"ListItem\",\"position\":3,\"name\":\"Basiilik punane Occimum basilicum\"}]},{\"@type\":\"WebSite\",\"@id\":\"https:\/\/horticom.ee\/e-pood\/#website\",\"url\":\"https:\/\/horticom.ee\/e-pood\/\",\"name\":\"Horticom.ee\",\"description\":\"Aianduskaubad ja kodukaubad nii harrastajatele kui professionaalidele\",\"potentialAction\":[{\"@type\":\"SearchAction\",\"target\":{\"@type\":\"EntryPoint\",\"urlTemplate\":\"https:\/\/horticom.ee\/e-pood\/?s={search_term_string}\"},\"query-input\":{\"@type\":\"PropertyValueSpecification\",\"valueRequired\":true,\"valueName\":\"search_term_string\"}}],\"inLanguage\":\"et\"}]}<\/script>\n<!-- \/ Yoast SEO plugin. -->","yoast_head_json":{"title":"Basiilik punane Occimum basilicum - Horticom.ee\/e-pood","description":"Punane basiilik \u2013 \u00fcheaastane dekoratiivne maitsetaim tumepunaste lehtedega. Sobib liha- ja kalatoitudesse, soodustab seedimist.","robots":{"index":"index","follow":"follow","max-snippet":"max-snippet:-1","max-image-preview":"max-image-preview:large","max-video-preview":"max-video-preview:-1"},"canonical":"https:\/\/horticom.ee\/e-pood\/toode\/basiilik-punane-occimum-basilicum\/","og_locale":"et_EE","og_type":"article","og_title":"Basiilik punane Occimum basilicum - Horticom.ee\/e-pood","og_description":"Punane basiilik \u2013 \u00fcheaastane dekoratiivne maitsetaim tumepunaste lehtedega. Sobib liha- ja kalatoitudesse, soodustab seedimist.","og_url":"https:\/\/horticom.ee\/e-pood\/toode\/basiilik-punane-occimum-basilicum\/","og_site_name":"Horticom.ee","article_publisher":"https:\/\/www.facebook.com\/horticom.ee\/e-pood","article_modified_time":"2026-04-19T00:11:40+00:00","og_image":[{"width":1000,"height":1913,"url":"https:\/\/horticom.ee\/e-pood\/wp-content\/uploads\/importedmedia\/product-153758_0-VC501.jpg","type":"image\/jpeg"}],"twitter_card":"summary_large_image","schema":{"@context":"https:\/\/schema.org","@graph":[{"@type":"WebPage","@id":"https:\/\/horticom.ee\/e-pood\/toode\/basiilik-punane-occimum-basilicum\/","url":"https:\/\/horticom.ee\/e-pood\/toode\/basiilik-punane-occimum-basilicum\/","name":"Basiilik punane Occimum basilicum - Horticom.ee\/e-pood","isPartOf":{"@id":"https:\/\/horticom.ee\/e-pood\/#website"},"primaryImageOfPage":{"@id":"https:\/\/horticom.ee\/e-pood\/toode\/basiilik-punane-occimum-basilicum\/#primaryimage"},"image":{"@id":"https:\/\/horticom.ee\/e-pood\/toode\/basiilik-punane-occimum-basilicum\/#primaryimage"},"thumbnailUrl":"https:\/\/horticom.ee\/e-pood\/wp-content\/uploads\/importedmedia\/product-153758_0-VC501.jpg","datePublished":"2022-01-17T14:09:20+00:00","dateModified":"2026-04-19T00:11:40+00:00","description":"Punane basiilik \u2013 \u00fcheaastane dekoratiivne maitsetaim tumepunaste lehtedega. Sobib liha- ja kalatoitudesse, soodustab seedimist.","breadcrumb":{"@id":"https:\/\/horticom.ee\/e-pood\/toode\/basiilik-punane-occimum-basilicum\/#breadcrumb"},"inLanguage":"et","potentialAction":[{"@type":"ReadAction","target":["https:\/\/horticom.ee\/e-pood\/toode\/basiilik-punane-occimum-basilicum\/"]}]},{"@type":"ImageObject","inLanguage":"et","@id":"https:\/\/horticom.ee\/e-pood\/toode\/basiilik-punane-occimum-basilicum\/#primaryimage","url":"https:\/\/horticom.ee\/e-pood\/wp-content\/uploads\/importedmedia\/product-153758_0-VC501.jpg","contentUrl":"https:\/\/horticom.ee\/e-pood\/wp-content\/uploads\/importedmedia\/product-153758_0-VC501.jpg","width":1000,"height":1913,"caption":"Basiilik punane Occimum basilicum"},{"@type":"BreadcrumbList","@id":"https:\/\/horticom.ee\/e-pood\/toode\/basiilik-punane-occimum-basilicum\/#breadcrumb","itemListElement":[{"@type":"ListItem","position":1,"name":"Home","item":"https:\/\/horticom.ee\/e-pood\/"},{"@type":"ListItem","position":2,"name":"Pood","item":"https:\/\/horticom.ee\/e-pood\/pood\/"},{"@type":"ListItem","position":3,"name":"Basiilik punane Occimum basilicum"}]},{"@type":"WebSite","@id":"https:\/\/horticom.ee\/e-pood\/#website","url":"https:\/\/horticom.ee\/e-pood\/","name":"Horticom.ee","description":"Aianduskaubad ja kodukaubad nii harrastajatele kui professionaalidele","potentialAction":[{"@type":"SearchAction","target":{"@type":"EntryPoint","urlTemplate":"https:\/\/horticom.ee\/e-pood\/?s={search_term_string}"},"query-input":{"@type":"PropertyValueSpecification","valueRequired":true,"valueName":"search_term_string"}}],"inLanguage":"et"}]}},"_links":{"self":[{"href":"https:\/\/horticom.ee\/e-pood\/wp-json\/wp\/v2\/product\/153758","targetHints":{"allow":["GET"]}}],"collection":[{"href":"https:\/\/horticom.ee\/e-pood\/wp-json\/wp\/v2\/product"}],"about":[{"href":"https:\/\/horticom.ee\/e-pood\/wp-json\/wp\/v2\/types\/product"}],"replies":[{"embeddable":true,"href":"https:\/\/horticom.ee\/e-pood\/wp-json\/wp\/v2\/comments?post=153758"}],"wp:featuredmedia":[{"embeddable":true,"href":"https:\/\/horticom.ee\/e-pood\/wp-json\/wp\/v2\/media\/153823"}],"wp:attachment":[{"href":"https:\/\/horticom.ee\/e-pood\/wp-json\/wp\/v2\/media?parent=153758"}],"wp:term":[{"taxonomy":"product_cat","embeddable":true,"href":"https:\/\/horticom.ee\/e-pood\/wp-json\/wp\/v2\/product_cat?post=153758"},{"taxonomy":"product_tag","embeddable":true,"href":"https:\/\/horticom.ee\/e-pood\/wp-json\/wp\/v2\/product_tag?post=153758"}],"curies":[{"name":"wp","href":"https:\/\/api.w.org\/{rel}","templated":true}]}}