{"id":154452,"date":"2022-01-18T00:05:18","date_gmt":"2022-01-17T22:05:18","guid":{"rendered":"https:\/\/aednik24.ee\/toode\/tomat-bajaja-lycopersicon-esculent\/"},"modified":"2026-04-22T03:10:42","modified_gmt":"2026-04-22T00:10:42","slug":"tomat-bajaja-lycopersicon-esculent","status":"publish","type":"product","link":"https:\/\/horticom.ee\/e-pood\/toode\/tomat-bajaja-lycopersicon-esculent\/","title":{"rendered":"Tomat Bajaja Lycopersicon esculent"},"content":{"rendered":"<p>Tomat Bajaja on madalakasvuline, cherry t\u00fc\u00fcpi sort. Pideva kasvuga, l\u00f5dva varrega, vaba vormiga sort. Moodustuvad v\u00e4ga pikad, kompaktsed kobarad. V\u00e4ikesed, punased, v\u00e4ga lihakad viljad. Soovitatav on taimede toestamine. Ideaalne vahetult toiduks tarbimiseks ja kaunistamiseks. Seemnete k\u00fclvamine sooja ruumi, taimed tuleb pikeerida vahemaadega 10 x 10cm. Istutada p\u00e4rast maik\u00fclmade m\u00f6\u00f6dumist. Tomat armastab toitaineterikast, h\u00e4sti kultiveeritud ja mitte eriti rasket mulda.<\/p>\n","protected":false},"excerpt":{"rendered":"<p>Tomat Bajaja on madalakasvuline, cherry t\u00fc\u00fcpi sort. Pideva kasvuga, l\u00f5dva varrega, vaba vormiga sort. Moodustuvad v\u00e4ga pikad, kompaktsed kobarad. V\u00e4ikesed, punased, v\u00e4ga lihakad viljad. Soovitatav on taimede toestamine. Ideaalne vahetult toiduks tarbimiseks ja kaunistamiseks. Seemnete k\u00fclvamine sooja ruumi, taimed tuleb pikeerida vahemaadega 10 x 10cm. Istutada p\u00e4rast maik\u00fclmade m\u00f6\u00f6dumist. Tomat armastab toitaineterikast, h\u00e4sti kultiveeritud ja [&hellip;]<\/p>\n","protected":false},"featured_media":166783,"comment_status":"closed","ping_status":"closed","template":"","meta":{"_themeisle_gutenberg_block_has_review":false},"product_cat":[13481],"product_tag":[],"class_list":{"0":"post-154452","1":"product","2":"type-product","3":"status-publish","4":"has-post-thumbnail","6":"product_cat-tomat","8":"first","9":"outofstock","10":"shipping-taxable","11":"purchasable","12":"product-type-simple"},"yoast_head":"<!-- This site is optimized with the Yoast SEO plugin v24.0 - https:\/\/yoast.com\/wordpress\/plugins\/seo\/ -->\n<title>Tomat Bajaja Lycopersicon esculent - Horticom.ee\/e-pood<\/title>\n<meta name=\"description\" content=\"Tomat Bajaja on madalakasvuline, cherry t\u00fc\u00fcpi tomat. V\u00e4ikesed, punased viljad, sobivad v\u00e4rskelt tarbimiseks ja kaunistamiseks.\" \/>\n<meta name=\"robots\" content=\"index, follow, max-snippet:-1, max-image-preview:large, max-video-preview:-1\" \/>\n<link rel=\"canonical\" href=\"https:\/\/horticom.ee\/e-pood\/toode\/tomat-bajaja-lycopersicon-esculent\/\" \/>\n<meta property=\"og:locale\" content=\"et_EE\" \/>\n<meta property=\"og:type\" content=\"article\" \/>\n<meta property=\"og:title\" content=\"Tomat Bajaja Lycopersicon esculent - Horticom.ee\/e-pood\" \/>\n<meta property=\"og:description\" content=\"Tomat Bajaja on madalakasvuline, cherry t\u00fc\u00fcpi tomat. V\u00e4ikesed, punased viljad, sobivad v\u00e4rskelt tarbimiseks ja kaunistamiseks.\" \/>\n<meta property=\"og:url\" content=\"https:\/\/horticom.ee\/e-pood\/toode\/tomat-bajaja-lycopersicon-esculent\/\" \/>\n<meta property=\"og:site_name\" content=\"Horticom.ee\" \/>\n<meta property=\"article:publisher\" content=\"https:\/\/www.facebook.com\/horticom.ee\/e-pood\" \/>\n<meta property=\"article:modified_time\" content=\"2026-04-22T00:10:42+00:00\" \/>\n<meta property=\"og:image\" content=\"https:\/\/horticom.ee\/e-pood\/wp-content\/uploads\/importedmedia\/product-154452_0-VC7767.jpg\" \/>\n\t<meta property=\"og:image:width\" content=\"1000\" \/>\n\t<meta property=\"og:image:height\" content=\"1498\" \/>\n\t<meta property=\"og:image:type\" content=\"image\/jpeg\" \/>\n<meta name=\"twitter:card\" content=\"summary_large_image\" \/>\n<script type=\"application\/ld+json\" class=\"yoast-schema-graph\">{\"@context\":\"https:\/\/schema.org\",\"@graph\":[{\"@type\":\"WebPage\",\"@id\":\"https:\/\/horticom.ee\/e-pood\/toode\/tomat-bajaja-lycopersicon-esculent\/\",\"url\":\"https:\/\/horticom.ee\/e-pood\/toode\/tomat-bajaja-lycopersicon-esculent\/\",\"name\":\"Tomat Bajaja Lycopersicon esculent - Horticom.ee\/e-pood\",\"isPartOf\":{\"@id\":\"https:\/\/horticom.ee\/e-pood\/#website\"},\"primaryImageOfPage\":{\"@id\":\"https:\/\/horticom.ee\/e-pood\/toode\/tomat-bajaja-lycopersicon-esculent\/#primaryimage\"},\"image\":{\"@id\":\"https:\/\/horticom.ee\/e-pood\/toode\/tomat-bajaja-lycopersicon-esculent\/#primaryimage\"},\"thumbnailUrl\":\"https:\/\/horticom.ee\/e-pood\/wp-content\/uploads\/importedmedia\/product-154452_0-VC7767.jpg\",\"datePublished\":\"2022-01-17T22:05:18+00:00\",\"dateModified\":\"2026-04-22T00:10:42+00:00\",\"description\":\"Tomat Bajaja on madalakasvuline, cherry t\u00fc\u00fcpi tomat. V\u00e4ikesed, punased viljad, sobivad v\u00e4rskelt tarbimiseks ja kaunistamiseks.\",\"breadcrumb\":{\"@id\":\"https:\/\/horticom.ee\/e-pood\/toode\/tomat-bajaja-lycopersicon-esculent\/#breadcrumb\"},\"inLanguage\":\"et\",\"potentialAction\":[{\"@type\":\"ReadAction\",\"target\":[\"https:\/\/horticom.ee\/e-pood\/toode\/tomat-bajaja-lycopersicon-esculent\/\"]}]},{\"@type\":\"ImageObject\",\"inLanguage\":\"et\",\"@id\":\"https:\/\/horticom.ee\/e-pood\/toode\/tomat-bajaja-lycopersicon-esculent\/#primaryimage\",\"url\":\"https:\/\/horticom.ee\/e-pood\/wp-content\/uploads\/importedmedia\/product-154452_0-VC7767.jpg\",\"contentUrl\":\"https:\/\/horticom.ee\/e-pood\/wp-content\/uploads\/importedmedia\/product-154452_0-VC7767.jpg\",\"width\":1000,\"height\":1498,\"caption\":\"Tomat Bajaja Lycopersicon esculent\"},{\"@type\":\"BreadcrumbList\",\"@id\":\"https:\/\/horticom.ee\/e-pood\/toode\/tomat-bajaja-lycopersicon-esculent\/#breadcrumb\",\"itemListElement\":[{\"@type\":\"ListItem\",\"position\":1,\"name\":\"Home\",\"item\":\"https:\/\/horticom.ee\/e-pood\/\"},{\"@type\":\"ListItem\",\"position\":2,\"name\":\"Pood\",\"item\":\"https:\/\/horticom.ee\/e-pood\/pood\/\"},{\"@type\":\"ListItem\",\"position\":3,\"name\":\"Tomat Bajaja Lycopersicon esculent\"}]},{\"@type\":\"WebSite\",\"@id\":\"https:\/\/horticom.ee\/e-pood\/#website\",\"url\":\"https:\/\/horticom.ee\/e-pood\/\",\"name\":\"Horticom.ee\",\"description\":\"Aianduskaubad ja kodukaubad nii harrastajatele kui professionaalidele\",\"potentialAction\":[{\"@type\":\"SearchAction\",\"target\":{\"@type\":\"EntryPoint\",\"urlTemplate\":\"https:\/\/horticom.ee\/e-pood\/?s={search_term_string}\"},\"query-input\":{\"@type\":\"PropertyValueSpecification\",\"valueRequired\":true,\"valueName\":\"search_term_string\"}}],\"inLanguage\":\"et\"}]}<\/script>\n<!-- \/ Yoast SEO plugin. -->","yoast_head_json":{"title":"Tomat Bajaja Lycopersicon esculent - Horticom.ee\/e-pood","description":"Tomat Bajaja on madalakasvuline, cherry t\u00fc\u00fcpi tomat. V\u00e4ikesed, punased viljad, sobivad v\u00e4rskelt tarbimiseks ja kaunistamiseks.","robots":{"index":"index","follow":"follow","max-snippet":"max-snippet:-1","max-image-preview":"max-image-preview:large","max-video-preview":"max-video-preview:-1"},"canonical":"https:\/\/horticom.ee\/e-pood\/toode\/tomat-bajaja-lycopersicon-esculent\/","og_locale":"et_EE","og_type":"article","og_title":"Tomat Bajaja Lycopersicon esculent - Horticom.ee\/e-pood","og_description":"Tomat Bajaja on madalakasvuline, cherry t\u00fc\u00fcpi tomat. V\u00e4ikesed, punased viljad, sobivad v\u00e4rskelt tarbimiseks ja kaunistamiseks.","og_url":"https:\/\/horticom.ee\/e-pood\/toode\/tomat-bajaja-lycopersicon-esculent\/","og_site_name":"Horticom.ee","article_publisher":"https:\/\/www.facebook.com\/horticom.ee\/e-pood","article_modified_time":"2026-04-22T00:10:42+00:00","og_image":[{"width":1000,"height":1498,"url":"https:\/\/horticom.ee\/e-pood\/wp-content\/uploads\/importedmedia\/product-154452_0-VC7767.jpg","type":"image\/jpeg"}],"twitter_card":"summary_large_image","schema":{"@context":"https:\/\/schema.org","@graph":[{"@type":"WebPage","@id":"https:\/\/horticom.ee\/e-pood\/toode\/tomat-bajaja-lycopersicon-esculent\/","url":"https:\/\/horticom.ee\/e-pood\/toode\/tomat-bajaja-lycopersicon-esculent\/","name":"Tomat Bajaja Lycopersicon esculent - Horticom.ee\/e-pood","isPartOf":{"@id":"https:\/\/horticom.ee\/e-pood\/#website"},"primaryImageOfPage":{"@id":"https:\/\/horticom.ee\/e-pood\/toode\/tomat-bajaja-lycopersicon-esculent\/#primaryimage"},"image":{"@id":"https:\/\/horticom.ee\/e-pood\/toode\/tomat-bajaja-lycopersicon-esculent\/#primaryimage"},"thumbnailUrl":"https:\/\/horticom.ee\/e-pood\/wp-content\/uploads\/importedmedia\/product-154452_0-VC7767.jpg","datePublished":"2022-01-17T22:05:18+00:00","dateModified":"2026-04-22T00:10:42+00:00","description":"Tomat Bajaja on madalakasvuline, cherry t\u00fc\u00fcpi tomat. V\u00e4ikesed, punased viljad, sobivad v\u00e4rskelt tarbimiseks ja kaunistamiseks.","breadcrumb":{"@id":"https:\/\/horticom.ee\/e-pood\/toode\/tomat-bajaja-lycopersicon-esculent\/#breadcrumb"},"inLanguage":"et","potentialAction":[{"@type":"ReadAction","target":["https:\/\/horticom.ee\/e-pood\/toode\/tomat-bajaja-lycopersicon-esculent\/"]}]},{"@type":"ImageObject","inLanguage":"et","@id":"https:\/\/horticom.ee\/e-pood\/toode\/tomat-bajaja-lycopersicon-esculent\/#primaryimage","url":"https:\/\/horticom.ee\/e-pood\/wp-content\/uploads\/importedmedia\/product-154452_0-VC7767.jpg","contentUrl":"https:\/\/horticom.ee\/e-pood\/wp-content\/uploads\/importedmedia\/product-154452_0-VC7767.jpg","width":1000,"height":1498,"caption":"Tomat Bajaja Lycopersicon esculent"},{"@type":"BreadcrumbList","@id":"https:\/\/horticom.ee\/e-pood\/toode\/tomat-bajaja-lycopersicon-esculent\/#breadcrumb","itemListElement":[{"@type":"ListItem","position":1,"name":"Home","item":"https:\/\/horticom.ee\/e-pood\/"},{"@type":"ListItem","position":2,"name":"Pood","item":"https:\/\/horticom.ee\/e-pood\/pood\/"},{"@type":"ListItem","position":3,"name":"Tomat Bajaja Lycopersicon esculent"}]},{"@type":"WebSite","@id":"https:\/\/horticom.ee\/e-pood\/#website","url":"https:\/\/horticom.ee\/e-pood\/","name":"Horticom.ee","description":"Aianduskaubad ja kodukaubad nii harrastajatele kui professionaalidele","potentialAction":[{"@type":"SearchAction","target":{"@type":"EntryPoint","urlTemplate":"https:\/\/horticom.ee\/e-pood\/?s={search_term_string}"},"query-input":{"@type":"PropertyValueSpecification","valueRequired":true,"valueName":"search_term_string"}}],"inLanguage":"et"}]}},"_links":{"self":[{"href":"https:\/\/horticom.ee\/e-pood\/wp-json\/wp\/v2\/product\/154452","targetHints":{"allow":["GET"]}}],"collection":[{"href":"https:\/\/horticom.ee\/e-pood\/wp-json\/wp\/v2\/product"}],"about":[{"href":"https:\/\/horticom.ee\/e-pood\/wp-json\/wp\/v2\/types\/product"}],"replies":[{"embeddable":true,"href":"https:\/\/horticom.ee\/e-pood\/wp-json\/wp\/v2\/comments?post=154452"}],"wp:featuredmedia":[{"embeddable":true,"href":"https:\/\/horticom.ee\/e-pood\/wp-json\/wp\/v2\/media\/166783"}],"wp:attachment":[{"href":"https:\/\/horticom.ee\/e-pood\/wp-json\/wp\/v2\/media?parent=154452"}],"wp:term":[{"taxonomy":"product_cat","embeddable":true,"href":"https:\/\/horticom.ee\/e-pood\/wp-json\/wp\/v2\/product_cat?post=154452"},{"taxonomy":"product_tag","embeddable":true,"href":"https:\/\/horticom.ee\/e-pood\/wp-json\/wp\/v2\/product_tag?post=154452"}],"curies":[{"name":"wp","href":"https:\/\/api.w.org\/{rel}","templated":true}]}}