{"id":154455,"date":"2022-01-18T00:05:20","date_gmt":"2022-01-17T22:05:20","guid":{"rendered":"https:\/\/aednik24.ee\/toode\/porgand-neptun-f1-daucus-carota\/"},"modified":"2026-05-01T03:07:48","modified_gmt":"2026-05-01T00:07:48","slug":"porgand-neptun-f1-daucus-carota","status":"publish","type":"product","link":"https:\/\/horticom.ee\/e-pood\/toode\/porgand-neptun-f1-daucus-carota\/","title":{"rendered":"Porgand Neptun F1  Daucus carota"},"content":{"rendered":"<p>Porgand Neptun F1 on keskvarajane Flakkee t\u00fc\u00fcpi sort. Parim saagikus viljakatel, huumusrikastel pinnastel, teisel aastal p\u00e4rast s\u00f5nniku panekut. Ei kogu nitraate ega muutu roheliseks. \u00dchtne v\u00e4rvus nii juure sees ja v\u00e4ljas. Pikkus 20-30 cm. Sobib s\u00e4ilitamiseks ja hoidistesse, samuti suppide ja toorsalatite lisandina.<\/p>\n","protected":false},"excerpt":{"rendered":"<p>Porgand Neptun F1 on keskvarajane Flakkee t\u00fc\u00fcpi sort. Parim saagikus viljakatel, huumusrikastel pinnastel, teisel aastal p\u00e4rast s\u00f5nniku panekut. Ei kogu nitraate ega muutu roheliseks. \u00dchtne v\u00e4rvus nii juure sees ja v\u00e4ljas. Pikkus 20-30 cm. Sobib s\u00e4ilitamiseks ja hoidistesse, samuti suppide ja toorsalatite lisandina.<\/p>\n","protected":false},"featured_media":166777,"comment_status":"closed","ping_status":"closed","template":"","meta":{"_themeisle_gutenberg_block_has_review":false},"product_cat":[13487],"product_tag":[],"class_list":{"0":"post-154455","1":"product","2":"type-product","3":"status-publish","4":"has-post-thumbnail","6":"product_cat-porgand-pastinaak","8":"first","9":"instock","10":"shipping-taxable","11":"purchasable","12":"product-type-simple"},"yoast_head":"<!-- This site is optimized with the Yoast SEO plugin v24.0 - https:\/\/yoast.com\/wordpress\/plugins\/seo\/ -->\n<title>Porgand Neptun F1 Daucus carota - Horticom.ee\/e-pood<\/title>\n<meta name=\"description\" content=\"Porgand Neptun F1 on keskvarajane Flakkee t\u00fc\u00fcpi sort, pikkade ja \u00fchtlase v\u00e4rvusega viljadega. Sobib hoidistamiseks ja toorsalatiteks.\" \/>\n<meta name=\"robots\" content=\"index, follow, max-snippet:-1, max-image-preview:large, max-video-preview:-1\" \/>\n<link rel=\"canonical\" href=\"https:\/\/horticom.ee\/e-pood\/toode\/porgand-neptun-f1-daucus-carota\/\" \/>\n<meta property=\"og:locale\" content=\"et_EE\" \/>\n<meta property=\"og:type\" content=\"article\" \/>\n<meta property=\"og:title\" content=\"Porgand Neptun F1 Daucus carota - Horticom.ee\/e-pood\" \/>\n<meta property=\"og:description\" content=\"Porgand Neptun F1 on keskvarajane Flakkee t\u00fc\u00fcpi sort, pikkade ja \u00fchtlase v\u00e4rvusega viljadega. Sobib hoidistamiseks ja toorsalatiteks.\" \/>\n<meta property=\"og:url\" content=\"https:\/\/horticom.ee\/e-pood\/toode\/porgand-neptun-f1-daucus-carota\/\" \/>\n<meta property=\"og:site_name\" content=\"Horticom.ee\" \/>\n<meta property=\"article:publisher\" content=\"https:\/\/www.facebook.com\/horticom.ee\/e-pood\" \/>\n<meta property=\"article:modified_time\" content=\"2026-05-01T00:07:48+00:00\" \/>\n<meta property=\"og:image\" content=\"https:\/\/horticom.ee\/e-pood\/wp-content\/uploads\/importedmedia\/product-154455_0-VC6403.jpg\" \/>\n\t<meta property=\"og:image:width\" content=\"999\" \/>\n\t<meta property=\"og:image:height\" content=\"1467\" \/>\n\t<meta property=\"og:image:type\" content=\"image\/jpeg\" \/>\n<meta name=\"twitter:card\" content=\"summary_large_image\" \/>\n<script type=\"application\/ld+json\" class=\"yoast-schema-graph\">{\"@context\":\"https:\/\/schema.org\",\"@graph\":[{\"@type\":\"WebPage\",\"@id\":\"https:\/\/horticom.ee\/e-pood\/toode\/porgand-neptun-f1-daucus-carota\/\",\"url\":\"https:\/\/horticom.ee\/e-pood\/toode\/porgand-neptun-f1-daucus-carota\/\",\"name\":\"Porgand Neptun F1 Daucus carota - Horticom.ee\/e-pood\",\"isPartOf\":{\"@id\":\"https:\/\/horticom.ee\/e-pood\/#website\"},\"primaryImageOfPage\":{\"@id\":\"https:\/\/horticom.ee\/e-pood\/toode\/porgand-neptun-f1-daucus-carota\/#primaryimage\"},\"image\":{\"@id\":\"https:\/\/horticom.ee\/e-pood\/toode\/porgand-neptun-f1-daucus-carota\/#primaryimage\"},\"thumbnailUrl\":\"https:\/\/horticom.ee\/e-pood\/wp-content\/uploads\/importedmedia\/product-154455_0-VC6403.jpg\",\"datePublished\":\"2022-01-17T22:05:20+00:00\",\"dateModified\":\"2026-05-01T00:07:48+00:00\",\"description\":\"Porgand Neptun F1 on keskvarajane Flakkee t\u00fc\u00fcpi sort, pikkade ja \u00fchtlase v\u00e4rvusega viljadega. Sobib hoidistamiseks ja toorsalatiteks.\",\"breadcrumb\":{\"@id\":\"https:\/\/horticom.ee\/e-pood\/toode\/porgand-neptun-f1-daucus-carota\/#breadcrumb\"},\"inLanguage\":\"et\",\"potentialAction\":[{\"@type\":\"ReadAction\",\"target\":[\"https:\/\/horticom.ee\/e-pood\/toode\/porgand-neptun-f1-daucus-carota\/\"]}]},{\"@type\":\"ImageObject\",\"inLanguage\":\"et\",\"@id\":\"https:\/\/horticom.ee\/e-pood\/toode\/porgand-neptun-f1-daucus-carota\/#primaryimage\",\"url\":\"https:\/\/horticom.ee\/e-pood\/wp-content\/uploads\/importedmedia\/product-154455_0-VC6403.jpg\",\"contentUrl\":\"https:\/\/horticom.ee\/e-pood\/wp-content\/uploads\/importedmedia\/product-154455_0-VC6403.jpg\",\"width\":999,\"height\":1467,\"caption\":\"Porgand Neptun F1 Daucus carota\"},{\"@type\":\"BreadcrumbList\",\"@id\":\"https:\/\/horticom.ee\/e-pood\/toode\/porgand-neptun-f1-daucus-carota\/#breadcrumb\",\"itemListElement\":[{\"@type\":\"ListItem\",\"position\":1,\"name\":\"Home\",\"item\":\"https:\/\/horticom.ee\/e-pood\/\"},{\"@type\":\"ListItem\",\"position\":2,\"name\":\"Pood\",\"item\":\"https:\/\/horticom.ee\/e-pood\/pood\/\"},{\"@type\":\"ListItem\",\"position\":3,\"name\":\"Porgand Neptun F1 Daucus carota\"}]},{\"@type\":\"WebSite\",\"@id\":\"https:\/\/horticom.ee\/e-pood\/#website\",\"url\":\"https:\/\/horticom.ee\/e-pood\/\",\"name\":\"Horticom.ee\",\"description\":\"Aianduskaubad ja kodukaubad nii harrastajatele kui professionaalidele\",\"potentialAction\":[{\"@type\":\"SearchAction\",\"target\":{\"@type\":\"EntryPoint\",\"urlTemplate\":\"https:\/\/horticom.ee\/e-pood\/?s={search_term_string}\"},\"query-input\":{\"@type\":\"PropertyValueSpecification\",\"valueRequired\":true,\"valueName\":\"search_term_string\"}}],\"inLanguage\":\"et\"}]}<\/script>\n<!-- \/ Yoast SEO plugin. -->","yoast_head_json":{"title":"Porgand Neptun F1 Daucus carota - Horticom.ee\/e-pood","description":"Porgand Neptun F1 on keskvarajane Flakkee t\u00fc\u00fcpi sort, pikkade ja \u00fchtlase v\u00e4rvusega viljadega. Sobib hoidistamiseks ja toorsalatiteks.","robots":{"index":"index","follow":"follow","max-snippet":"max-snippet:-1","max-image-preview":"max-image-preview:large","max-video-preview":"max-video-preview:-1"},"canonical":"https:\/\/horticom.ee\/e-pood\/toode\/porgand-neptun-f1-daucus-carota\/","og_locale":"et_EE","og_type":"article","og_title":"Porgand Neptun F1 Daucus carota - Horticom.ee\/e-pood","og_description":"Porgand Neptun F1 on keskvarajane Flakkee t\u00fc\u00fcpi sort, pikkade ja \u00fchtlase v\u00e4rvusega viljadega. Sobib hoidistamiseks ja toorsalatiteks.","og_url":"https:\/\/horticom.ee\/e-pood\/toode\/porgand-neptun-f1-daucus-carota\/","og_site_name":"Horticom.ee","article_publisher":"https:\/\/www.facebook.com\/horticom.ee\/e-pood","article_modified_time":"2026-05-01T00:07:48+00:00","og_image":[{"width":999,"height":1467,"url":"https:\/\/horticom.ee\/e-pood\/wp-content\/uploads\/importedmedia\/product-154455_0-VC6403.jpg","type":"image\/jpeg"}],"twitter_card":"summary_large_image","schema":{"@context":"https:\/\/schema.org","@graph":[{"@type":"WebPage","@id":"https:\/\/horticom.ee\/e-pood\/toode\/porgand-neptun-f1-daucus-carota\/","url":"https:\/\/horticom.ee\/e-pood\/toode\/porgand-neptun-f1-daucus-carota\/","name":"Porgand Neptun F1 Daucus carota - Horticom.ee\/e-pood","isPartOf":{"@id":"https:\/\/horticom.ee\/e-pood\/#website"},"primaryImageOfPage":{"@id":"https:\/\/horticom.ee\/e-pood\/toode\/porgand-neptun-f1-daucus-carota\/#primaryimage"},"image":{"@id":"https:\/\/horticom.ee\/e-pood\/toode\/porgand-neptun-f1-daucus-carota\/#primaryimage"},"thumbnailUrl":"https:\/\/horticom.ee\/e-pood\/wp-content\/uploads\/importedmedia\/product-154455_0-VC6403.jpg","datePublished":"2022-01-17T22:05:20+00:00","dateModified":"2026-05-01T00:07:48+00:00","description":"Porgand Neptun F1 on keskvarajane Flakkee t\u00fc\u00fcpi sort, pikkade ja \u00fchtlase v\u00e4rvusega viljadega. Sobib hoidistamiseks ja toorsalatiteks.","breadcrumb":{"@id":"https:\/\/horticom.ee\/e-pood\/toode\/porgand-neptun-f1-daucus-carota\/#breadcrumb"},"inLanguage":"et","potentialAction":[{"@type":"ReadAction","target":["https:\/\/horticom.ee\/e-pood\/toode\/porgand-neptun-f1-daucus-carota\/"]}]},{"@type":"ImageObject","inLanguage":"et","@id":"https:\/\/horticom.ee\/e-pood\/toode\/porgand-neptun-f1-daucus-carota\/#primaryimage","url":"https:\/\/horticom.ee\/e-pood\/wp-content\/uploads\/importedmedia\/product-154455_0-VC6403.jpg","contentUrl":"https:\/\/horticom.ee\/e-pood\/wp-content\/uploads\/importedmedia\/product-154455_0-VC6403.jpg","width":999,"height":1467,"caption":"Porgand Neptun F1 Daucus carota"},{"@type":"BreadcrumbList","@id":"https:\/\/horticom.ee\/e-pood\/toode\/porgand-neptun-f1-daucus-carota\/#breadcrumb","itemListElement":[{"@type":"ListItem","position":1,"name":"Home","item":"https:\/\/horticom.ee\/e-pood\/"},{"@type":"ListItem","position":2,"name":"Pood","item":"https:\/\/horticom.ee\/e-pood\/pood\/"},{"@type":"ListItem","position":3,"name":"Porgand Neptun F1 Daucus carota"}]},{"@type":"WebSite","@id":"https:\/\/horticom.ee\/e-pood\/#website","url":"https:\/\/horticom.ee\/e-pood\/","name":"Horticom.ee","description":"Aianduskaubad ja kodukaubad nii harrastajatele kui professionaalidele","potentialAction":[{"@type":"SearchAction","target":{"@type":"EntryPoint","urlTemplate":"https:\/\/horticom.ee\/e-pood\/?s={search_term_string}"},"query-input":{"@type":"PropertyValueSpecification","valueRequired":true,"valueName":"search_term_string"}}],"inLanguage":"et"}]}},"_links":{"self":[{"href":"https:\/\/horticom.ee\/e-pood\/wp-json\/wp\/v2\/product\/154455","targetHints":{"allow":["GET"]}}],"collection":[{"href":"https:\/\/horticom.ee\/e-pood\/wp-json\/wp\/v2\/product"}],"about":[{"href":"https:\/\/horticom.ee\/e-pood\/wp-json\/wp\/v2\/types\/product"}],"replies":[{"embeddable":true,"href":"https:\/\/horticom.ee\/e-pood\/wp-json\/wp\/v2\/comments?post=154455"}],"wp:featuredmedia":[{"embeddable":true,"href":"https:\/\/horticom.ee\/e-pood\/wp-json\/wp\/v2\/media\/166777"}],"wp:attachment":[{"href":"https:\/\/horticom.ee\/e-pood\/wp-json\/wp\/v2\/media?parent=154455"}],"wp:term":[{"taxonomy":"product_cat","embeddable":true,"href":"https:\/\/horticom.ee\/e-pood\/wp-json\/wp\/v2\/product_cat?post=154455"},{"taxonomy":"product_tag","embeddable":true,"href":"https:\/\/horticom.ee\/e-pood\/wp-json\/wp\/v2\/product_tag?post=154455"}],"curies":[{"name":"wp","href":"https:\/\/api.w.org\/{rel}","templated":true}]}}