{"id":154476,"date":"2022-01-18T00:05:32","date_gmt":"2022-01-17T22:05:32","guid":{"rendered":"https:\/\/aednik24.ee\/toode\/suvedaalia-mignon-dahlia-variablis\/"},"modified":"2026-05-03T03:09:30","modified_gmt":"2026-05-03T00:09:30","slug":"suvedaalia-mignon-dahlia-variablis","status":"publish","type":"product","link":"https:\/\/horticom.ee\/e-pood\/toode\/suvedaalia-mignon-dahlia-variablis\/","title":{"rendered":"Suvedaalia Mignon &#8211; Dahlia variablis"},"content":{"rendered":"<p>Suvedaalia Mignon on \u00fcheaastane, 35\u201345cm k\u00f5rgune taim.<br \/>\nSobiv haljasaladel, lillepeenardes, vaasides kasvatamiseks. \u00d5ied 5\u20137cm l\u00e4bim\u00f5\u00f5duga, erksad, v\u00e4rvilised. Kasvab ja \u00f5itseb h\u00e4sti p\u00e4ikesepaistelistes, soojades kohtades, kerges pinnases. 1g umbes 120 seemet.<\/p>\n","protected":false},"excerpt":{"rendered":"<p>Suvedaalia Mignon on \u00fcheaastane, 35\u201345cm k\u00f5rgune taim. Sobiv haljasaladel, lillepeenardes, vaasides kasvatamiseks. \u00d5ied 5\u20137cm l\u00e4bim\u00f5\u00f5duga, erksad, v\u00e4rvilised. Kasvab ja \u00f5itseb h\u00e4sti p\u00e4ikesepaistelistes, soojades kohtades, kerges pinnases. 1g umbes 120 seemet.<\/p>\n","protected":false},"featured_media":166717,"comment_status":"closed","ping_status":"closed","template":"","meta":{"_themeisle_gutenberg_block_has_review":false},"product_cat":[13533],"product_tag":[],"class_list":{"0":"post-154476","1":"product","2":"type-product","3":"status-publish","4":"has-post-thumbnail","6":"product_cat-daalia","8":"first","9":"instock","10":"shipping-taxable","11":"purchasable","12":"product-type-simple"},"yoast_head":"<!-- This site is optimized with the Yoast SEO plugin v24.0 - https:\/\/yoast.com\/wordpress\/plugins\/seo\/ -->\n<title>Suvedaalia Mignon - Dahlia variablis - Horticom.ee\/e-pood<\/title>\n<meta name=\"description\" content=\"Suvedaalia Mignon \u2013 \u00dcheaastane taim, k\u00f5rgus 35\u201345cm. Sobib peenardesse ja vaasidesse, erksav\u00e4rvilised \u00f5ied, sobib h\u00e4sti p\u00e4ikeselisse kohta.\" \/>\n<meta name=\"robots\" content=\"index, follow, max-snippet:-1, max-image-preview:large, max-video-preview:-1\" \/>\n<link rel=\"canonical\" href=\"https:\/\/horticom.ee\/e-pood\/toode\/suvedaalia-mignon-dahlia-variablis\/\" \/>\n<meta property=\"og:locale\" content=\"et_EE\" \/>\n<meta property=\"og:type\" content=\"article\" \/>\n<meta property=\"og:title\" content=\"Suvedaalia Mignon - Dahlia variablis - Horticom.ee\/e-pood\" \/>\n<meta property=\"og:description\" content=\"Suvedaalia Mignon \u2013 \u00dcheaastane taim, k\u00f5rgus 35\u201345cm. Sobib peenardesse ja vaasidesse, erksav\u00e4rvilised \u00f5ied, sobib h\u00e4sti p\u00e4ikeselisse kohta.\" \/>\n<meta property=\"og:url\" content=\"https:\/\/horticom.ee\/e-pood\/toode\/suvedaalia-mignon-dahlia-variablis\/\" \/>\n<meta property=\"og:site_name\" content=\"Horticom.ee\" \/>\n<meta property=\"article:publisher\" content=\"https:\/\/www.facebook.com\/horticom.ee\/e-pood\" \/>\n<meta property=\"article:modified_time\" content=\"2026-05-03T00:09:30+00:00\" \/>\n<meta property=\"og:image\" content=\"https:\/\/horticom.ee\/e-pood\/wp-content\/uploads\/importedmedia\/product-154476_0-LB2009.jpg\" \/>\n\t<meta property=\"og:image:width\" content=\"1000\" \/>\n\t<meta property=\"og:image:height\" content=\"1755\" \/>\n\t<meta property=\"og:image:type\" content=\"image\/jpeg\" \/>\n<meta name=\"twitter:card\" content=\"summary_large_image\" \/>\n<script type=\"application\/ld+json\" class=\"yoast-schema-graph\">{\"@context\":\"https:\/\/schema.org\",\"@graph\":[{\"@type\":\"WebPage\",\"@id\":\"https:\/\/horticom.ee\/e-pood\/toode\/suvedaalia-mignon-dahlia-variablis\/\",\"url\":\"https:\/\/horticom.ee\/e-pood\/toode\/suvedaalia-mignon-dahlia-variablis\/\",\"name\":\"Suvedaalia Mignon - Dahlia variablis - Horticom.ee\/e-pood\",\"isPartOf\":{\"@id\":\"https:\/\/horticom.ee\/e-pood\/#website\"},\"primaryImageOfPage\":{\"@id\":\"https:\/\/horticom.ee\/e-pood\/toode\/suvedaalia-mignon-dahlia-variablis\/#primaryimage\"},\"image\":{\"@id\":\"https:\/\/horticom.ee\/e-pood\/toode\/suvedaalia-mignon-dahlia-variablis\/#primaryimage\"},\"thumbnailUrl\":\"https:\/\/horticom.ee\/e-pood\/wp-content\/uploads\/importedmedia\/product-154476_0-LB2009.jpg\",\"datePublished\":\"2022-01-17T22:05:32+00:00\",\"dateModified\":\"2026-05-03T00:09:30+00:00\",\"description\":\"Suvedaalia Mignon \u2013 \u00dcheaastane taim, k\u00f5rgus 35\u201345cm. Sobib peenardesse ja vaasidesse, erksav\u00e4rvilised \u00f5ied, sobib h\u00e4sti p\u00e4ikeselisse kohta.\",\"breadcrumb\":{\"@id\":\"https:\/\/horticom.ee\/e-pood\/toode\/suvedaalia-mignon-dahlia-variablis\/#breadcrumb\"},\"inLanguage\":\"et\",\"potentialAction\":[{\"@type\":\"ReadAction\",\"target\":[\"https:\/\/horticom.ee\/e-pood\/toode\/suvedaalia-mignon-dahlia-variablis\/\"]}]},{\"@type\":\"ImageObject\",\"inLanguage\":\"et\",\"@id\":\"https:\/\/horticom.ee\/e-pood\/toode\/suvedaalia-mignon-dahlia-variablis\/#primaryimage\",\"url\":\"https:\/\/horticom.ee\/e-pood\/wp-content\/uploads\/importedmedia\/product-154476_0-LB2009.jpg\",\"contentUrl\":\"https:\/\/horticom.ee\/e-pood\/wp-content\/uploads\/importedmedia\/product-154476_0-LB2009.jpg\",\"width\":1000,\"height\":1755,\"caption\":\"Suvedaalia Mignon - Dahlia variablis\"},{\"@type\":\"BreadcrumbList\",\"@id\":\"https:\/\/horticom.ee\/e-pood\/toode\/suvedaalia-mignon-dahlia-variablis\/#breadcrumb\",\"itemListElement\":[{\"@type\":\"ListItem\",\"position\":1,\"name\":\"Home\",\"item\":\"https:\/\/horticom.ee\/e-pood\/\"},{\"@type\":\"ListItem\",\"position\":2,\"name\":\"Pood\",\"item\":\"https:\/\/horticom.ee\/e-pood\/pood\/\"},{\"@type\":\"ListItem\",\"position\":3,\"name\":\"Suvedaalia Mignon &#8211; Dahlia variablis\"}]},{\"@type\":\"WebSite\",\"@id\":\"https:\/\/horticom.ee\/e-pood\/#website\",\"url\":\"https:\/\/horticom.ee\/e-pood\/\",\"name\":\"Horticom.ee\",\"description\":\"Aianduskaubad ja kodukaubad nii harrastajatele kui professionaalidele\",\"potentialAction\":[{\"@type\":\"SearchAction\",\"target\":{\"@type\":\"EntryPoint\",\"urlTemplate\":\"https:\/\/horticom.ee\/e-pood\/?s={search_term_string}\"},\"query-input\":{\"@type\":\"PropertyValueSpecification\",\"valueRequired\":true,\"valueName\":\"search_term_string\"}}],\"inLanguage\":\"et\"}]}<\/script>\n<!-- \/ Yoast SEO plugin. -->","yoast_head_json":{"title":"Suvedaalia Mignon - Dahlia variablis - Horticom.ee\/e-pood","description":"Suvedaalia Mignon \u2013 \u00dcheaastane taim, k\u00f5rgus 35\u201345cm. Sobib peenardesse ja vaasidesse, erksav\u00e4rvilised \u00f5ied, sobib h\u00e4sti p\u00e4ikeselisse kohta.","robots":{"index":"index","follow":"follow","max-snippet":"max-snippet:-1","max-image-preview":"max-image-preview:large","max-video-preview":"max-video-preview:-1"},"canonical":"https:\/\/horticom.ee\/e-pood\/toode\/suvedaalia-mignon-dahlia-variablis\/","og_locale":"et_EE","og_type":"article","og_title":"Suvedaalia Mignon - Dahlia variablis - Horticom.ee\/e-pood","og_description":"Suvedaalia Mignon \u2013 \u00dcheaastane taim, k\u00f5rgus 35\u201345cm. Sobib peenardesse ja vaasidesse, erksav\u00e4rvilised \u00f5ied, sobib h\u00e4sti p\u00e4ikeselisse kohta.","og_url":"https:\/\/horticom.ee\/e-pood\/toode\/suvedaalia-mignon-dahlia-variablis\/","og_site_name":"Horticom.ee","article_publisher":"https:\/\/www.facebook.com\/horticom.ee\/e-pood","article_modified_time":"2026-05-03T00:09:30+00:00","og_image":[{"width":1000,"height":1755,"url":"https:\/\/horticom.ee\/e-pood\/wp-content\/uploads\/importedmedia\/product-154476_0-LB2009.jpg","type":"image\/jpeg"}],"twitter_card":"summary_large_image","schema":{"@context":"https:\/\/schema.org","@graph":[{"@type":"WebPage","@id":"https:\/\/horticom.ee\/e-pood\/toode\/suvedaalia-mignon-dahlia-variablis\/","url":"https:\/\/horticom.ee\/e-pood\/toode\/suvedaalia-mignon-dahlia-variablis\/","name":"Suvedaalia Mignon - Dahlia variablis - Horticom.ee\/e-pood","isPartOf":{"@id":"https:\/\/horticom.ee\/e-pood\/#website"},"primaryImageOfPage":{"@id":"https:\/\/horticom.ee\/e-pood\/toode\/suvedaalia-mignon-dahlia-variablis\/#primaryimage"},"image":{"@id":"https:\/\/horticom.ee\/e-pood\/toode\/suvedaalia-mignon-dahlia-variablis\/#primaryimage"},"thumbnailUrl":"https:\/\/horticom.ee\/e-pood\/wp-content\/uploads\/importedmedia\/product-154476_0-LB2009.jpg","datePublished":"2022-01-17T22:05:32+00:00","dateModified":"2026-05-03T00:09:30+00:00","description":"Suvedaalia Mignon \u2013 \u00dcheaastane taim, k\u00f5rgus 35\u201345cm. Sobib peenardesse ja vaasidesse, erksav\u00e4rvilised \u00f5ied, sobib h\u00e4sti p\u00e4ikeselisse kohta.","breadcrumb":{"@id":"https:\/\/horticom.ee\/e-pood\/toode\/suvedaalia-mignon-dahlia-variablis\/#breadcrumb"},"inLanguage":"et","potentialAction":[{"@type":"ReadAction","target":["https:\/\/horticom.ee\/e-pood\/toode\/suvedaalia-mignon-dahlia-variablis\/"]}]},{"@type":"ImageObject","inLanguage":"et","@id":"https:\/\/horticom.ee\/e-pood\/toode\/suvedaalia-mignon-dahlia-variablis\/#primaryimage","url":"https:\/\/horticom.ee\/e-pood\/wp-content\/uploads\/importedmedia\/product-154476_0-LB2009.jpg","contentUrl":"https:\/\/horticom.ee\/e-pood\/wp-content\/uploads\/importedmedia\/product-154476_0-LB2009.jpg","width":1000,"height":1755,"caption":"Suvedaalia Mignon - Dahlia variablis"},{"@type":"BreadcrumbList","@id":"https:\/\/horticom.ee\/e-pood\/toode\/suvedaalia-mignon-dahlia-variablis\/#breadcrumb","itemListElement":[{"@type":"ListItem","position":1,"name":"Home","item":"https:\/\/horticom.ee\/e-pood\/"},{"@type":"ListItem","position":2,"name":"Pood","item":"https:\/\/horticom.ee\/e-pood\/pood\/"},{"@type":"ListItem","position":3,"name":"Suvedaalia Mignon &#8211; Dahlia variablis"}]},{"@type":"WebSite","@id":"https:\/\/horticom.ee\/e-pood\/#website","url":"https:\/\/horticom.ee\/e-pood\/","name":"Horticom.ee","description":"Aianduskaubad ja kodukaubad nii harrastajatele kui professionaalidele","potentialAction":[{"@type":"SearchAction","target":{"@type":"EntryPoint","urlTemplate":"https:\/\/horticom.ee\/e-pood\/?s={search_term_string}"},"query-input":{"@type":"PropertyValueSpecification","valueRequired":true,"valueName":"search_term_string"}}],"inLanguage":"et"}]}},"_links":{"self":[{"href":"https:\/\/horticom.ee\/e-pood\/wp-json\/wp\/v2\/product\/154476","targetHints":{"allow":["GET"]}}],"collection":[{"href":"https:\/\/horticom.ee\/e-pood\/wp-json\/wp\/v2\/product"}],"about":[{"href":"https:\/\/horticom.ee\/e-pood\/wp-json\/wp\/v2\/types\/product"}],"replies":[{"embeddable":true,"href":"https:\/\/horticom.ee\/e-pood\/wp-json\/wp\/v2\/comments?post=154476"}],"wp:featuredmedia":[{"embeddable":true,"href":"https:\/\/horticom.ee\/e-pood\/wp-json\/wp\/v2\/media\/166717"}],"wp:attachment":[{"href":"https:\/\/horticom.ee\/e-pood\/wp-json\/wp\/v2\/media?parent=154476"}],"wp:term":[{"taxonomy":"product_cat","embeddable":true,"href":"https:\/\/horticom.ee\/e-pood\/wp-json\/wp\/v2\/product_cat?post=154476"},{"taxonomy":"product_tag","embeddable":true,"href":"https:\/\/horticom.ee\/e-pood\/wp-json\/wp\/v2\/product_tag?post=154476"}],"curies":[{"name":"wp","href":"https:\/\/api.w.org\/{rel}","templated":true}]}}