{"id":154507,"date":"2022-01-18T00:05:51","date_gmt":"2022-01-17T22:05:51","guid":{"rendered":"https:\/\/aednik24.ee\/toode\/redis-zlata-raphanus-sativus-l-2\/"},"modified":"2026-04-18T03:15:26","modified_gmt":"2026-04-18T00:15:26","slug":"redis-zlata-raphanus-sativus-l-2","status":"publish","type":"product","link":"https:\/\/horticom.ee\/e-pood\/toode\/redis-zlata-raphanus-sativus-l-2\/","title":{"rendered":"Redis Zlata &#8211; Raphanus sativus L."},"content":{"rendered":"<p>Redis Zlata on keskmiselt varajane sort, saaki korjatakse 36\u201338 p\u00e4eva m\u00f6\u00f6dumisel peale idanemist. Juurviljad on \u00fcmmargused, kollakat v\u00e4rvi, suured, ei kasva kaua \u00fcle. Viljaliha on valge, mahlakas. K\u00f5ige paremini kasvab kerges ja keskmise raskusega, muredas, huumuselises, umbrohuta ja mittehappelises pinnases. 1 g umbes 70\u2013130 seemet.<\/p>\n","protected":false},"excerpt":{"rendered":"<p>Redis Zlata on keskmiselt varajane sort, saaki korjatakse 36\u201338 p\u00e4eva m\u00f6\u00f6dumisel peale idanemist. Juurviljad on \u00fcmmargused, kollakat v\u00e4rvi, suured, ei kasva kaua \u00fcle. Viljaliha on valge, mahlakas. K\u00f5ige paremini kasvab kerges ja keskmise raskusega, muredas, huumuselises, umbrohuta ja mittehappelises pinnases. 1 g umbes 70\u2013130 seemet.<\/p>\n","protected":false},"featured_media":165893,"comment_status":"closed","ping_status":"closed","template":"","meta":{"_themeisle_gutenberg_block_has_review":false},"product_cat":[13485],"product_tag":[],"class_list":{"0":"post-154507","1":"product","2":"type-product","3":"status-publish","4":"has-post-thumbnail","6":"product_cat-redis-roigas","8":"first","9":"instock","10":"shipping-taxable","11":"purchasable","12":"product-type-simple"},"yoast_head":"<!-- This site is optimized with the Yoast SEO plugin v24.0 - https:\/\/yoast.com\/wordpress\/plugins\/seo\/ -->\n<title>Redis Zlata - Raphanus sativus L. - Horticom.ee\/e-pood<\/title>\n<meta name=\"description\" content=\"Redis Zlata \u2013 keskmiselt varajane sort, kollakad \u00fcmmargused viljad, valge mahlaka viljalihaga. Sobib kasvuks huumusrikkas ja muredas pinnases.\" \/>\n<meta name=\"robots\" content=\"index, follow, max-snippet:-1, max-image-preview:large, max-video-preview:-1\" \/>\n<link rel=\"canonical\" href=\"https:\/\/horticom.ee\/e-pood\/toode\/redis-zlata-raphanus-sativus-l-2\/\" \/>\n<meta property=\"og:locale\" content=\"et_EE\" \/>\n<meta property=\"og:type\" content=\"article\" \/>\n<meta property=\"og:title\" content=\"Redis Zlata - Raphanus sativus L. - Horticom.ee\/e-pood\" \/>\n<meta property=\"og:description\" content=\"Redis Zlata \u2013 keskmiselt varajane sort, kollakad \u00fcmmargused viljad, valge mahlaka viljalihaga. Sobib kasvuks huumusrikkas ja muredas pinnases.\" \/>\n<meta property=\"og:url\" content=\"https:\/\/horticom.ee\/e-pood\/toode\/redis-zlata-raphanus-sativus-l-2\/\" \/>\n<meta property=\"og:site_name\" content=\"Horticom.ee\" \/>\n<meta property=\"article:publisher\" content=\"https:\/\/www.facebook.com\/horticom.ee\/e-pood\" \/>\n<meta property=\"article:modified_time\" content=\"2026-04-18T00:15:26+00:00\" \/>\n<meta property=\"og:image\" content=\"https:\/\/horticom.ee\/e-pood\/wp-content\/uploads\/importedmedia\/product-154507_0-LA1110.jpg\" \/>\n\t<meta property=\"og:image:width\" content=\"1000\" \/>\n\t<meta property=\"og:image:height\" content=\"1623\" \/>\n\t<meta property=\"og:image:type\" content=\"image\/jpeg\" \/>\n<meta name=\"twitter:card\" content=\"summary_large_image\" \/>\n<script type=\"application\/ld+json\" class=\"yoast-schema-graph\">{\"@context\":\"https:\/\/schema.org\",\"@graph\":[{\"@type\":\"WebPage\",\"@id\":\"https:\/\/horticom.ee\/e-pood\/toode\/redis-zlata-raphanus-sativus-l-2\/\",\"url\":\"https:\/\/horticom.ee\/e-pood\/toode\/redis-zlata-raphanus-sativus-l-2\/\",\"name\":\"Redis Zlata - Raphanus sativus L. - Horticom.ee\/e-pood\",\"isPartOf\":{\"@id\":\"https:\/\/horticom.ee\/e-pood\/#website\"},\"primaryImageOfPage\":{\"@id\":\"https:\/\/horticom.ee\/e-pood\/toode\/redis-zlata-raphanus-sativus-l-2\/#primaryimage\"},\"image\":{\"@id\":\"https:\/\/horticom.ee\/e-pood\/toode\/redis-zlata-raphanus-sativus-l-2\/#primaryimage\"},\"thumbnailUrl\":\"https:\/\/horticom.ee\/e-pood\/wp-content\/uploads\/importedmedia\/product-154507_0-LA1110.jpg\",\"datePublished\":\"2022-01-17T22:05:51+00:00\",\"dateModified\":\"2026-04-18T00:15:26+00:00\",\"description\":\"Redis Zlata \u2013 keskmiselt varajane sort, kollakad \u00fcmmargused viljad, valge mahlaka viljalihaga. Sobib kasvuks huumusrikkas ja muredas pinnases.\",\"breadcrumb\":{\"@id\":\"https:\/\/horticom.ee\/e-pood\/toode\/redis-zlata-raphanus-sativus-l-2\/#breadcrumb\"},\"inLanguage\":\"et\",\"potentialAction\":[{\"@type\":\"ReadAction\",\"target\":[\"https:\/\/horticom.ee\/e-pood\/toode\/redis-zlata-raphanus-sativus-l-2\/\"]}]},{\"@type\":\"ImageObject\",\"inLanguage\":\"et\",\"@id\":\"https:\/\/horticom.ee\/e-pood\/toode\/redis-zlata-raphanus-sativus-l-2\/#primaryimage\",\"url\":\"https:\/\/horticom.ee\/e-pood\/wp-content\/uploads\/importedmedia\/product-154507_0-LA1110.jpg\",\"contentUrl\":\"https:\/\/horticom.ee\/e-pood\/wp-content\/uploads\/importedmedia\/product-154507_0-LA1110.jpg\",\"width\":1000,\"height\":1623,\"caption\":\"Redis Zlata - Raphanus sativus L.\"},{\"@type\":\"BreadcrumbList\",\"@id\":\"https:\/\/horticom.ee\/e-pood\/toode\/redis-zlata-raphanus-sativus-l-2\/#breadcrumb\",\"itemListElement\":[{\"@type\":\"ListItem\",\"position\":1,\"name\":\"Home\",\"item\":\"https:\/\/horticom.ee\/e-pood\/\"},{\"@type\":\"ListItem\",\"position\":2,\"name\":\"Pood\",\"item\":\"https:\/\/horticom.ee\/e-pood\/pood\/\"},{\"@type\":\"ListItem\",\"position\":3,\"name\":\"Redis Zlata &#8211; Raphanus sativus L.\"}]},{\"@type\":\"WebSite\",\"@id\":\"https:\/\/horticom.ee\/e-pood\/#website\",\"url\":\"https:\/\/horticom.ee\/e-pood\/\",\"name\":\"Horticom.ee\",\"description\":\"Aianduskaubad ja kodukaubad nii harrastajatele kui professionaalidele\",\"potentialAction\":[{\"@type\":\"SearchAction\",\"target\":{\"@type\":\"EntryPoint\",\"urlTemplate\":\"https:\/\/horticom.ee\/e-pood\/?s={search_term_string}\"},\"query-input\":{\"@type\":\"PropertyValueSpecification\",\"valueRequired\":true,\"valueName\":\"search_term_string\"}}],\"inLanguage\":\"et\"}]}<\/script>\n<!-- \/ Yoast SEO plugin. -->","yoast_head_json":{"title":"Redis Zlata - Raphanus sativus L. - Horticom.ee\/e-pood","description":"Redis Zlata \u2013 keskmiselt varajane sort, kollakad \u00fcmmargused viljad, valge mahlaka viljalihaga. Sobib kasvuks huumusrikkas ja muredas pinnases.","robots":{"index":"index","follow":"follow","max-snippet":"max-snippet:-1","max-image-preview":"max-image-preview:large","max-video-preview":"max-video-preview:-1"},"canonical":"https:\/\/horticom.ee\/e-pood\/toode\/redis-zlata-raphanus-sativus-l-2\/","og_locale":"et_EE","og_type":"article","og_title":"Redis Zlata - Raphanus sativus L. - Horticom.ee\/e-pood","og_description":"Redis Zlata \u2013 keskmiselt varajane sort, kollakad \u00fcmmargused viljad, valge mahlaka viljalihaga. Sobib kasvuks huumusrikkas ja muredas pinnases.","og_url":"https:\/\/horticom.ee\/e-pood\/toode\/redis-zlata-raphanus-sativus-l-2\/","og_site_name":"Horticom.ee","article_publisher":"https:\/\/www.facebook.com\/horticom.ee\/e-pood","article_modified_time":"2026-04-18T00:15:26+00:00","og_image":[{"width":1000,"height":1623,"url":"https:\/\/horticom.ee\/e-pood\/wp-content\/uploads\/importedmedia\/product-154507_0-LA1110.jpg","type":"image\/jpeg"}],"twitter_card":"summary_large_image","schema":{"@context":"https:\/\/schema.org","@graph":[{"@type":"WebPage","@id":"https:\/\/horticom.ee\/e-pood\/toode\/redis-zlata-raphanus-sativus-l-2\/","url":"https:\/\/horticom.ee\/e-pood\/toode\/redis-zlata-raphanus-sativus-l-2\/","name":"Redis Zlata - Raphanus sativus L. - Horticom.ee\/e-pood","isPartOf":{"@id":"https:\/\/horticom.ee\/e-pood\/#website"},"primaryImageOfPage":{"@id":"https:\/\/horticom.ee\/e-pood\/toode\/redis-zlata-raphanus-sativus-l-2\/#primaryimage"},"image":{"@id":"https:\/\/horticom.ee\/e-pood\/toode\/redis-zlata-raphanus-sativus-l-2\/#primaryimage"},"thumbnailUrl":"https:\/\/horticom.ee\/e-pood\/wp-content\/uploads\/importedmedia\/product-154507_0-LA1110.jpg","datePublished":"2022-01-17T22:05:51+00:00","dateModified":"2026-04-18T00:15:26+00:00","description":"Redis Zlata \u2013 keskmiselt varajane sort, kollakad \u00fcmmargused viljad, valge mahlaka viljalihaga. Sobib kasvuks huumusrikkas ja muredas pinnases.","breadcrumb":{"@id":"https:\/\/horticom.ee\/e-pood\/toode\/redis-zlata-raphanus-sativus-l-2\/#breadcrumb"},"inLanguage":"et","potentialAction":[{"@type":"ReadAction","target":["https:\/\/horticom.ee\/e-pood\/toode\/redis-zlata-raphanus-sativus-l-2\/"]}]},{"@type":"ImageObject","inLanguage":"et","@id":"https:\/\/horticom.ee\/e-pood\/toode\/redis-zlata-raphanus-sativus-l-2\/#primaryimage","url":"https:\/\/horticom.ee\/e-pood\/wp-content\/uploads\/importedmedia\/product-154507_0-LA1110.jpg","contentUrl":"https:\/\/horticom.ee\/e-pood\/wp-content\/uploads\/importedmedia\/product-154507_0-LA1110.jpg","width":1000,"height":1623,"caption":"Redis Zlata - Raphanus sativus L."},{"@type":"BreadcrumbList","@id":"https:\/\/horticom.ee\/e-pood\/toode\/redis-zlata-raphanus-sativus-l-2\/#breadcrumb","itemListElement":[{"@type":"ListItem","position":1,"name":"Home","item":"https:\/\/horticom.ee\/e-pood\/"},{"@type":"ListItem","position":2,"name":"Pood","item":"https:\/\/horticom.ee\/e-pood\/pood\/"},{"@type":"ListItem","position":3,"name":"Redis Zlata &#8211; Raphanus sativus L."}]},{"@type":"WebSite","@id":"https:\/\/horticom.ee\/e-pood\/#website","url":"https:\/\/horticom.ee\/e-pood\/","name":"Horticom.ee","description":"Aianduskaubad ja kodukaubad nii harrastajatele kui professionaalidele","potentialAction":[{"@type":"SearchAction","target":{"@type":"EntryPoint","urlTemplate":"https:\/\/horticom.ee\/e-pood\/?s={search_term_string}"},"query-input":{"@type":"PropertyValueSpecification","valueRequired":true,"valueName":"search_term_string"}}],"inLanguage":"et"}]}},"_links":{"self":[{"href":"https:\/\/horticom.ee\/e-pood\/wp-json\/wp\/v2\/product\/154507","targetHints":{"allow":["GET"]}}],"collection":[{"href":"https:\/\/horticom.ee\/e-pood\/wp-json\/wp\/v2\/product"}],"about":[{"href":"https:\/\/horticom.ee\/e-pood\/wp-json\/wp\/v2\/types\/product"}],"replies":[{"embeddable":true,"href":"https:\/\/horticom.ee\/e-pood\/wp-json\/wp\/v2\/comments?post=154507"}],"wp:featuredmedia":[{"embeddable":true,"href":"https:\/\/horticom.ee\/e-pood\/wp-json\/wp\/v2\/media\/165893"}],"wp:attachment":[{"href":"https:\/\/horticom.ee\/e-pood\/wp-json\/wp\/v2\/media?parent=154507"}],"wp:term":[{"taxonomy":"product_cat","embeddable":true,"href":"https:\/\/horticom.ee\/e-pood\/wp-json\/wp\/v2\/product_cat?post=154507"},{"taxonomy":"product_tag","embeddable":true,"href":"https:\/\/horticom.ee\/e-pood\/wp-json\/wp\/v2\/product_tag?post=154507"}],"curies":[{"name":"wp","href":"https:\/\/api.w.org\/{rel}","templated":true}]}}