{"id":154512,"date":"2022-01-18T00:05:53","date_gmt":"2022-01-17T22:05:53","guid":{"rendered":"https:\/\/aednik24.ee\/toode\/vaetis-magneesiumnitraat-n-105-mgo-155-25kg\/"},"modified":"2026-05-03T03:09:43","modified_gmt":"2026-05-03T00:09:43","slug":"vaetis-magneesiumnitraat-n-105-mgo-155-25kg","status":"publish","type":"product","link":"https:\/\/horticom.ee\/e-pood\/toode\/vaetis-magneesiumnitraat-n-105-mgo-155-25kg\/","title":{"rendered":"V\u00e4etis Magneesiumnitraat N 10,5% ( MgO 15,5%) 25kg"},"content":{"rendered":"<p>Vees v\u00e4ga h\u00e4sti lahustuv magneesiumi ja nitraatl\u00e4mmastikku sisaldav v\u00e4etis. Magneesiumnitraati kasutatakse taimekasvatuses nii nitraatl\u00e4mmastiku lihtv\u00e4etisena kui ka kontsentreeritult ja kiiresti omastatavat magneesiumit sisaldava nitraatl\u00e4mmastikuna  NPK \u2013 v\u00e4etus-programmides. Magneesiummnitraat varustab kasvavat taime nitraatl\u00e4mmastiku ja veeslahustuva magneesiumiga. M\u00f5lemad toiteelemendid on olulised tegurid taime kasvuks ja kvaliteetse saagi saamiseks. Pulbriline vees lahustuv kristalliline v\u00e4etis, mida kasutatakse kasvuhoone- ja avamaataimede lehtede kaudu v\u00e4etamiseks kastmise teel.<\/p>\n","protected":false},"excerpt":{"rendered":"<p>Vees v\u00e4ga h\u00e4sti lahustuv magneesiumi ja nitraatl\u00e4mmastikku sisaldav v\u00e4etis. Magneesiumnitraati kasutatakse taimekasvatuses nii nitraatl\u00e4mmastiku lihtv\u00e4etisena kui ka kontsentreeritult ja kiiresti omastatavat magneesiumit sisaldava nitraatl\u00e4mmastikuna NPK \u2013 v\u00e4etus-programmides. Magneesiummnitraat varustab kasvavat taime nitraatl\u00e4mmastiku ja veeslahustuva magneesiumiga. M\u00f5lemad toiteelemendid on olulised tegurid taime kasvuks ja kvaliteetse saagi saamiseks. Pulbriline vees lahustuv kristalliline v\u00e4etis, mida kasutatakse kasvuhoone- ja [&hellip;]<\/p>\n","protected":false},"featured_media":2411127,"comment_status":"closed","ping_status":"closed","template":"","meta":{"_themeisle_gutenberg_block_has_review":false},"product_cat":[16965],"product_tag":[],"class_list":{"0":"post-154512","1":"product","2":"type-product","3":"status-publish","4":"has-post-thumbnail","6":"product_cat-koogiviljadele-ja-maitsetaimedele","8":"first","9":"instock","10":"shipping-taxable","11":"purchasable","12":"product-type-simple"},"yoast_head":"<!-- This site is optimized with the Yoast SEO plugin v24.0 - https:\/\/yoast.com\/wordpress\/plugins\/seo\/ -->\n<title>V\u00e4etis Magneesiumnitraat N 10,5% ( MgO 15,5%) 25kg - Horticom<\/title>\n<meta name=\"robots\" content=\"index, follow, max-snippet:-1, max-image-preview:large, max-video-preview:-1\" \/>\n<link rel=\"canonical\" href=\"https:\/\/horticom.ee\/e-pood\/toode\/vaetis-magneesiumnitraat-n-105-mgo-155-25kg\/\" \/>\n<meta property=\"og:locale\" content=\"et_EE\" \/>\n<meta property=\"og:type\" content=\"article\" \/>\n<meta property=\"og:title\" content=\"V\u00e4etis Magneesiumnitraat N 10,5% ( MgO 15,5%) 25kg - Horticom\" \/>\n<meta property=\"og:description\" content=\"Vees v\u00e4ga h\u00e4sti lahustuv magneesiumi ja nitraatl\u00e4mmastikku sisaldav v\u00e4etis. Magneesiumnitraati kasutatakse taimekasvatuses nii nitraatl\u00e4mmastiku lihtv\u00e4etisena kui ka kontsentreeritult ja kiiresti omastatavat magneesiumit sisaldava nitraatl\u00e4mmastikuna NPK \u2013 v\u00e4etus-programmides. Magneesiummnitraat varustab kasvavat taime nitraatl\u00e4mmastiku ja veeslahustuva magneesiumiga. M\u00f5lemad toiteelemendid on olulised tegurid taime kasvuks ja kvaliteetse saagi saamiseks. Pulbriline vees lahustuv kristalliline v\u00e4etis, mida kasutatakse kasvuhoone- ja [&hellip;]\" \/>\n<meta property=\"og:url\" content=\"https:\/\/horticom.ee\/e-pood\/toode\/vaetis-magneesiumnitraat-n-105-mgo-155-25kg\/\" \/>\n<meta property=\"og:site_name\" content=\"Horticom.ee\" \/>\n<meta property=\"article:publisher\" content=\"https:\/\/www.facebook.com\/horticom.ee\/e-pood\" \/>\n<meta property=\"article:modified_time\" content=\"2026-05-03T00:09:43+00:00\" \/>\n<meta property=\"og:image\" content=\"https:\/\/horticom.ee\/e-pood\/wp-content\/uploads\/2022\/01\/9157.jpg\" \/>\n\t<meta property=\"og:image:width\" content=\"500\" \/>\n\t<meta property=\"og:image:height\" content=\"500\" \/>\n\t<meta property=\"og:image:type\" content=\"image\/jpeg\" \/>\n<meta name=\"twitter:card\" content=\"summary_large_image\" \/>\n<meta name=\"twitter:label1\" content=\"Est. reading time\" \/>\n\t<meta name=\"twitter:data1\" content=\"1 minut\" \/>\n<script type=\"application\/ld+json\" class=\"yoast-schema-graph\">{\"@context\":\"https:\/\/schema.org\",\"@graph\":[{\"@type\":\"WebPage\",\"@id\":\"https:\/\/horticom.ee\/e-pood\/toode\/vaetis-magneesiumnitraat-n-105-mgo-155-25kg\/\",\"url\":\"https:\/\/horticom.ee\/e-pood\/toode\/vaetis-magneesiumnitraat-n-105-mgo-155-25kg\/\",\"name\":\"V\u00e4etis Magneesiumnitraat N 10,5% ( MgO 15,5%) 25kg - Horticom\",\"isPartOf\":{\"@id\":\"https:\/\/horticom.ee\/e-pood\/#website\"},\"primaryImageOfPage\":{\"@id\":\"https:\/\/horticom.ee\/e-pood\/toode\/vaetis-magneesiumnitraat-n-105-mgo-155-25kg\/#primaryimage\"},\"image\":{\"@id\":\"https:\/\/horticom.ee\/e-pood\/toode\/vaetis-magneesiumnitraat-n-105-mgo-155-25kg\/#primaryimage\"},\"thumbnailUrl\":\"https:\/\/horticom.ee\/e-pood\/wp-content\/uploads\/2022\/01\/9157.jpg\",\"datePublished\":\"2022-01-17T22:05:53+00:00\",\"dateModified\":\"2026-05-03T00:09:43+00:00\",\"breadcrumb\":{\"@id\":\"https:\/\/horticom.ee\/e-pood\/toode\/vaetis-magneesiumnitraat-n-105-mgo-155-25kg\/#breadcrumb\"},\"inLanguage\":\"et\",\"potentialAction\":[{\"@type\":\"ReadAction\",\"target\":[\"https:\/\/horticom.ee\/e-pood\/toode\/vaetis-magneesiumnitraat-n-105-mgo-155-25kg\/\"]}]},{\"@type\":\"ImageObject\",\"inLanguage\":\"et\",\"@id\":\"https:\/\/horticom.ee\/e-pood\/toode\/vaetis-magneesiumnitraat-n-105-mgo-155-25kg\/#primaryimage\",\"url\":\"https:\/\/horticom.ee\/e-pood\/wp-content\/uploads\/2022\/01\/9157.jpg\",\"contentUrl\":\"https:\/\/horticom.ee\/e-pood\/wp-content\/uploads\/2022\/01\/9157.jpg\",\"width\":500,\"height\":500},{\"@type\":\"BreadcrumbList\",\"@id\":\"https:\/\/horticom.ee\/e-pood\/toode\/vaetis-magneesiumnitraat-n-105-mgo-155-25kg\/#breadcrumb\",\"itemListElement\":[{\"@type\":\"ListItem\",\"position\":1,\"name\":\"Home\",\"item\":\"https:\/\/horticom.ee\/e-pood\/\"},{\"@type\":\"ListItem\",\"position\":2,\"name\":\"Pood\",\"item\":\"https:\/\/horticom.ee\/e-pood\/pood\/\"},{\"@type\":\"ListItem\",\"position\":3,\"name\":\"V\u00e4etis Magneesiumnitraat N 10,5% ( MgO 15,5%) 25kg\"}]},{\"@type\":\"WebSite\",\"@id\":\"https:\/\/horticom.ee\/e-pood\/#website\",\"url\":\"https:\/\/horticom.ee\/e-pood\/\",\"name\":\"Horticom.ee\",\"description\":\"Aianduskaubad ja kodukaubad nii harrastajatele kui professionaalidele\",\"potentialAction\":[{\"@type\":\"SearchAction\",\"target\":{\"@type\":\"EntryPoint\",\"urlTemplate\":\"https:\/\/horticom.ee\/e-pood\/?s={search_term_string}\"},\"query-input\":{\"@type\":\"PropertyValueSpecification\",\"valueRequired\":true,\"valueName\":\"search_term_string\"}}],\"inLanguage\":\"et\"}]}<\/script>\n<!-- \/ Yoast SEO plugin. -->","yoast_head_json":{"title":"V\u00e4etis Magneesiumnitraat N 10,5% ( MgO 15,5%) 25kg - Horticom","robots":{"index":"index","follow":"follow","max-snippet":"max-snippet:-1","max-image-preview":"max-image-preview:large","max-video-preview":"max-video-preview:-1"},"canonical":"https:\/\/horticom.ee\/e-pood\/toode\/vaetis-magneesiumnitraat-n-105-mgo-155-25kg\/","og_locale":"et_EE","og_type":"article","og_title":"V\u00e4etis Magneesiumnitraat N 10,5% ( MgO 15,5%) 25kg - Horticom","og_description":"Vees v\u00e4ga h\u00e4sti lahustuv magneesiumi ja nitraatl\u00e4mmastikku sisaldav v\u00e4etis. Magneesiumnitraati kasutatakse taimekasvatuses nii nitraatl\u00e4mmastiku lihtv\u00e4etisena kui ka kontsentreeritult ja kiiresti omastatavat magneesiumit sisaldava nitraatl\u00e4mmastikuna NPK \u2013 v\u00e4etus-programmides. Magneesiummnitraat varustab kasvavat taime nitraatl\u00e4mmastiku ja veeslahustuva magneesiumiga. M\u00f5lemad toiteelemendid on olulised tegurid taime kasvuks ja kvaliteetse saagi saamiseks. Pulbriline vees lahustuv kristalliline v\u00e4etis, mida kasutatakse kasvuhoone- ja [&hellip;]","og_url":"https:\/\/horticom.ee\/e-pood\/toode\/vaetis-magneesiumnitraat-n-105-mgo-155-25kg\/","og_site_name":"Horticom.ee","article_publisher":"https:\/\/www.facebook.com\/horticom.ee\/e-pood","article_modified_time":"2026-05-03T00:09:43+00:00","og_image":[{"width":500,"height":500,"url":"https:\/\/horticom.ee\/e-pood\/wp-content\/uploads\/2022\/01\/9157.jpg","type":"image\/jpeg"}],"twitter_card":"summary_large_image","twitter_misc":{"Est. reading time":"1 minut"},"schema":{"@context":"https:\/\/schema.org","@graph":[{"@type":"WebPage","@id":"https:\/\/horticom.ee\/e-pood\/toode\/vaetis-magneesiumnitraat-n-105-mgo-155-25kg\/","url":"https:\/\/horticom.ee\/e-pood\/toode\/vaetis-magneesiumnitraat-n-105-mgo-155-25kg\/","name":"V\u00e4etis Magneesiumnitraat N 10,5% ( MgO 15,5%) 25kg - Horticom","isPartOf":{"@id":"https:\/\/horticom.ee\/e-pood\/#website"},"primaryImageOfPage":{"@id":"https:\/\/horticom.ee\/e-pood\/toode\/vaetis-magneesiumnitraat-n-105-mgo-155-25kg\/#primaryimage"},"image":{"@id":"https:\/\/horticom.ee\/e-pood\/toode\/vaetis-magneesiumnitraat-n-105-mgo-155-25kg\/#primaryimage"},"thumbnailUrl":"https:\/\/horticom.ee\/e-pood\/wp-content\/uploads\/2022\/01\/9157.jpg","datePublished":"2022-01-17T22:05:53+00:00","dateModified":"2026-05-03T00:09:43+00:00","breadcrumb":{"@id":"https:\/\/horticom.ee\/e-pood\/toode\/vaetis-magneesiumnitraat-n-105-mgo-155-25kg\/#breadcrumb"},"inLanguage":"et","potentialAction":[{"@type":"ReadAction","target":["https:\/\/horticom.ee\/e-pood\/toode\/vaetis-magneesiumnitraat-n-105-mgo-155-25kg\/"]}]},{"@type":"ImageObject","inLanguage":"et","@id":"https:\/\/horticom.ee\/e-pood\/toode\/vaetis-magneesiumnitraat-n-105-mgo-155-25kg\/#primaryimage","url":"https:\/\/horticom.ee\/e-pood\/wp-content\/uploads\/2022\/01\/9157.jpg","contentUrl":"https:\/\/horticom.ee\/e-pood\/wp-content\/uploads\/2022\/01\/9157.jpg","width":500,"height":500},{"@type":"BreadcrumbList","@id":"https:\/\/horticom.ee\/e-pood\/toode\/vaetis-magneesiumnitraat-n-105-mgo-155-25kg\/#breadcrumb","itemListElement":[{"@type":"ListItem","position":1,"name":"Home","item":"https:\/\/horticom.ee\/e-pood\/"},{"@type":"ListItem","position":2,"name":"Pood","item":"https:\/\/horticom.ee\/e-pood\/pood\/"},{"@type":"ListItem","position":3,"name":"V\u00e4etis Magneesiumnitraat N 10,5% ( MgO 15,5%) 25kg"}]},{"@type":"WebSite","@id":"https:\/\/horticom.ee\/e-pood\/#website","url":"https:\/\/horticom.ee\/e-pood\/","name":"Horticom.ee","description":"Aianduskaubad ja kodukaubad nii harrastajatele kui professionaalidele","potentialAction":[{"@type":"SearchAction","target":{"@type":"EntryPoint","urlTemplate":"https:\/\/horticom.ee\/e-pood\/?s={search_term_string}"},"query-input":{"@type":"PropertyValueSpecification","valueRequired":true,"valueName":"search_term_string"}}],"inLanguage":"et"}]}},"_links":{"self":[{"href":"https:\/\/horticom.ee\/e-pood\/wp-json\/wp\/v2\/product\/154512","targetHints":{"allow":["GET"]}}],"collection":[{"href":"https:\/\/horticom.ee\/e-pood\/wp-json\/wp\/v2\/product"}],"about":[{"href":"https:\/\/horticom.ee\/e-pood\/wp-json\/wp\/v2\/types\/product"}],"replies":[{"embeddable":true,"href":"https:\/\/horticom.ee\/e-pood\/wp-json\/wp\/v2\/comments?post=154512"}],"wp:featuredmedia":[{"embeddable":true,"href":"https:\/\/horticom.ee\/e-pood\/wp-json\/wp\/v2\/media\/2411127"}],"wp:attachment":[{"href":"https:\/\/horticom.ee\/e-pood\/wp-json\/wp\/v2\/media?parent=154512"}],"wp:term":[{"taxonomy":"product_cat","embeddable":true,"href":"https:\/\/horticom.ee\/e-pood\/wp-json\/wp\/v2\/product_cat?post=154512"},{"taxonomy":"product_tag","embeddable":true,"href":"https:\/\/horticom.ee\/e-pood\/wp-json\/wp\/v2\/product_tag?post=154512"}],"curies":[{"name":"wp","href":"https:\/\/api.w.org\/{rel}","templated":true}]}}