{"id":154514,"date":"2022-01-18T00:05:55","date_gmt":"2022-01-17T22:05:55","guid":{"rendered":"https:\/\/aednik24.ee\/toode\/aeduba-sonesta-phaseolus-vulgaris-l-2\/"},"modified":"2026-05-03T03:09:45","modified_gmt":"2026-05-03T00:09:45","slug":"aeduba-sonesta-phaseolus-vulgaris-l-2","status":"publish","type":"product","link":"https:\/\/horticom.ee\/e-pood\/toode\/aeduba-sonesta-phaseolus-vulgaris-l-2\/","title":{"rendered":"Aeduba Sonesta &#8211; Phaseolus vulgaris L."},"content":{"rendered":"<p>Aeduba Sonesta on varajane, viljakas spargelubade sort. Vegetatsiooniperiood 70\u201380 p\u00e4eva. P\u00f5\u00f5sas on 30\u201340 cm k\u00f5rgune. Kaunad 11\u201313 cm pikkused, kollased. Kasutatakse v\u00e4rsketena, konserveeritakse, k\u00fclmutatakse. K\u00f5ige paremini kasvab kerges ja keskmise raskusega, tuulevaikses soojas pinnases.<\/p>\n","protected":false},"excerpt":{"rendered":"<p>Aeduba Sonesta on varajane, viljakas spargelubade sort. Vegetatsiooniperiood 70\u201380 p\u00e4eva. P\u00f5\u00f5sas on 30\u201340 cm k\u00f5rgune. Kaunad 11\u201313 cm pikkused, kollased. Kasutatakse v\u00e4rsketena, konserveeritakse, k\u00fclmutatakse. K\u00f5ige paremini kasvab kerges ja keskmise raskusega, tuulevaikses soojas pinnases.<\/p>\n","protected":false},"featured_media":165879,"comment_status":"closed","ping_status":"closed","template":"","meta":{"_themeisle_gutenberg_block_has_review":false},"product_cat":[13480],"product_tag":[],"class_list":{"0":"post-154514","1":"product","2":"type-product","3":"status-publish","4":"has-post-thumbnail","6":"product_cat-uba","8":"first","9":"instock","10":"shipping-taxable","11":"purchasable","12":"product-type-simple"},"yoast_head":"<!-- This site is optimized with the Yoast SEO plugin v24.0 - https:\/\/yoast.com\/wordpress\/plugins\/seo\/ -->\n<title>Aeduba Sonesta - Phaseolus vulgaris L. - Horticom.ee<\/title>\n<meta name=\"description\" content=\"Aeduba Sonesta \u2013 varajane ja viljakas spargelubade sort. Kollased kaunad 11\u201313 cm. Sobib v\u00e4rskelt, konserveerimiseks ja k\u00fclmutamiseks.\" \/>\n<meta name=\"robots\" content=\"index, follow, max-snippet:-1, max-image-preview:large, max-video-preview:-1\" \/>\n<link rel=\"canonical\" href=\"https:\/\/horticom.ee\/e-pood\/toode\/aeduba-sonesta-phaseolus-vulgaris-l-2\/\" \/>\n<meta property=\"og:locale\" content=\"et_EE\" \/>\n<meta property=\"og:type\" content=\"article\" \/>\n<meta property=\"og:title\" content=\"Aeduba Sonesta - Phaseolus vulgaris L. - Horticom.ee\" \/>\n<meta property=\"og:description\" content=\"Aeduba Sonesta \u2013 varajane ja viljakas spargelubade sort. Kollased kaunad 11\u201313 cm. Sobib v\u00e4rskelt, konserveerimiseks ja k\u00fclmutamiseks.\" \/>\n<meta property=\"og:url\" content=\"https:\/\/horticom.ee\/e-pood\/toode\/aeduba-sonesta-phaseolus-vulgaris-l-2\/\" \/>\n<meta property=\"og:site_name\" content=\"Horticom.ee\" \/>\n<meta property=\"article:publisher\" content=\"https:\/\/www.facebook.com\/horticom.ee\/e-pood\" \/>\n<meta property=\"article:modified_time\" content=\"2026-05-03T00:09:45+00:00\" \/>\n<meta property=\"og:image\" content=\"https:\/\/horticom.ee\/e-pood\/wp-content\/uploads\/importedmedia\/product-154514_0-LA1095.jpg\" \/>\n\t<meta property=\"og:image:width\" content=\"1000\" \/>\n\t<meta property=\"og:image:height\" content=\"1802\" \/>\n\t<meta property=\"og:image:type\" content=\"image\/jpeg\" \/>\n<meta name=\"twitter:card\" content=\"summary_large_image\" \/>\n<script type=\"application\/ld+json\" class=\"yoast-schema-graph\">{\"@context\":\"https:\/\/schema.org\",\"@graph\":[{\"@type\":\"WebPage\",\"@id\":\"https:\/\/horticom.ee\/e-pood\/toode\/aeduba-sonesta-phaseolus-vulgaris-l-2\/\",\"url\":\"https:\/\/horticom.ee\/e-pood\/toode\/aeduba-sonesta-phaseolus-vulgaris-l-2\/\",\"name\":\"Aeduba Sonesta - Phaseolus vulgaris L. - Horticom.ee\",\"isPartOf\":{\"@id\":\"https:\/\/horticom.ee\/e-pood\/#website\"},\"primaryImageOfPage\":{\"@id\":\"https:\/\/horticom.ee\/e-pood\/toode\/aeduba-sonesta-phaseolus-vulgaris-l-2\/#primaryimage\"},\"image\":{\"@id\":\"https:\/\/horticom.ee\/e-pood\/toode\/aeduba-sonesta-phaseolus-vulgaris-l-2\/#primaryimage\"},\"thumbnailUrl\":\"https:\/\/horticom.ee\/e-pood\/wp-content\/uploads\/importedmedia\/product-154514_0-LA1095.jpg\",\"datePublished\":\"2022-01-17T22:05:55+00:00\",\"dateModified\":\"2026-05-03T00:09:45+00:00\",\"description\":\"Aeduba Sonesta \u2013 varajane ja viljakas spargelubade sort. Kollased kaunad 11\u201313 cm. Sobib v\u00e4rskelt, konserveerimiseks ja k\u00fclmutamiseks.\",\"breadcrumb\":{\"@id\":\"https:\/\/horticom.ee\/e-pood\/toode\/aeduba-sonesta-phaseolus-vulgaris-l-2\/#breadcrumb\"},\"inLanguage\":\"et\",\"potentialAction\":[{\"@type\":\"ReadAction\",\"target\":[\"https:\/\/horticom.ee\/e-pood\/toode\/aeduba-sonesta-phaseolus-vulgaris-l-2\/\"]}]},{\"@type\":\"ImageObject\",\"inLanguage\":\"et\",\"@id\":\"https:\/\/horticom.ee\/e-pood\/toode\/aeduba-sonesta-phaseolus-vulgaris-l-2\/#primaryimage\",\"url\":\"https:\/\/horticom.ee\/e-pood\/wp-content\/uploads\/importedmedia\/product-154514_0-LA1095.jpg\",\"contentUrl\":\"https:\/\/horticom.ee\/e-pood\/wp-content\/uploads\/importedmedia\/product-154514_0-LA1095.jpg\",\"width\":1000,\"height\":1802,\"caption\":\"Aeduba Sonesta - Phaseolus vulgaris L.\"},{\"@type\":\"BreadcrumbList\",\"@id\":\"https:\/\/horticom.ee\/e-pood\/toode\/aeduba-sonesta-phaseolus-vulgaris-l-2\/#breadcrumb\",\"itemListElement\":[{\"@type\":\"ListItem\",\"position\":1,\"name\":\"Home\",\"item\":\"https:\/\/horticom.ee\/e-pood\/\"},{\"@type\":\"ListItem\",\"position\":2,\"name\":\"Pood\",\"item\":\"https:\/\/horticom.ee\/e-pood\/pood\/\"},{\"@type\":\"ListItem\",\"position\":3,\"name\":\"Aeduba Sonesta &#8211; Phaseolus vulgaris L.\"}]},{\"@type\":\"WebSite\",\"@id\":\"https:\/\/horticom.ee\/e-pood\/#website\",\"url\":\"https:\/\/horticom.ee\/e-pood\/\",\"name\":\"Horticom.ee\",\"description\":\"Aianduskaubad ja kodukaubad nii harrastajatele kui professionaalidele\",\"potentialAction\":[{\"@type\":\"SearchAction\",\"target\":{\"@type\":\"EntryPoint\",\"urlTemplate\":\"https:\/\/horticom.ee\/e-pood\/?s={search_term_string}\"},\"query-input\":{\"@type\":\"PropertyValueSpecification\",\"valueRequired\":true,\"valueName\":\"search_term_string\"}}],\"inLanguage\":\"et\"}]}<\/script>\n<!-- \/ Yoast SEO plugin. -->","yoast_head_json":{"title":"Aeduba Sonesta - Phaseolus vulgaris L. - Horticom.ee","description":"Aeduba Sonesta \u2013 varajane ja viljakas spargelubade sort. Kollased kaunad 11\u201313 cm. Sobib v\u00e4rskelt, konserveerimiseks ja k\u00fclmutamiseks.","robots":{"index":"index","follow":"follow","max-snippet":"max-snippet:-1","max-image-preview":"max-image-preview:large","max-video-preview":"max-video-preview:-1"},"canonical":"https:\/\/horticom.ee\/e-pood\/toode\/aeduba-sonesta-phaseolus-vulgaris-l-2\/","og_locale":"et_EE","og_type":"article","og_title":"Aeduba Sonesta - Phaseolus vulgaris L. - Horticom.ee","og_description":"Aeduba Sonesta \u2013 varajane ja viljakas spargelubade sort. Kollased kaunad 11\u201313 cm. Sobib v\u00e4rskelt, konserveerimiseks ja k\u00fclmutamiseks.","og_url":"https:\/\/horticom.ee\/e-pood\/toode\/aeduba-sonesta-phaseolus-vulgaris-l-2\/","og_site_name":"Horticom.ee","article_publisher":"https:\/\/www.facebook.com\/horticom.ee\/e-pood","article_modified_time":"2026-05-03T00:09:45+00:00","og_image":[{"width":1000,"height":1802,"url":"https:\/\/horticom.ee\/e-pood\/wp-content\/uploads\/importedmedia\/product-154514_0-LA1095.jpg","type":"image\/jpeg"}],"twitter_card":"summary_large_image","schema":{"@context":"https:\/\/schema.org","@graph":[{"@type":"WebPage","@id":"https:\/\/horticom.ee\/e-pood\/toode\/aeduba-sonesta-phaseolus-vulgaris-l-2\/","url":"https:\/\/horticom.ee\/e-pood\/toode\/aeduba-sonesta-phaseolus-vulgaris-l-2\/","name":"Aeduba Sonesta - Phaseolus vulgaris L. - Horticom.ee","isPartOf":{"@id":"https:\/\/horticom.ee\/e-pood\/#website"},"primaryImageOfPage":{"@id":"https:\/\/horticom.ee\/e-pood\/toode\/aeduba-sonesta-phaseolus-vulgaris-l-2\/#primaryimage"},"image":{"@id":"https:\/\/horticom.ee\/e-pood\/toode\/aeduba-sonesta-phaseolus-vulgaris-l-2\/#primaryimage"},"thumbnailUrl":"https:\/\/horticom.ee\/e-pood\/wp-content\/uploads\/importedmedia\/product-154514_0-LA1095.jpg","datePublished":"2022-01-17T22:05:55+00:00","dateModified":"2026-05-03T00:09:45+00:00","description":"Aeduba Sonesta \u2013 varajane ja viljakas spargelubade sort. Kollased kaunad 11\u201313 cm. Sobib v\u00e4rskelt, konserveerimiseks ja k\u00fclmutamiseks.","breadcrumb":{"@id":"https:\/\/horticom.ee\/e-pood\/toode\/aeduba-sonesta-phaseolus-vulgaris-l-2\/#breadcrumb"},"inLanguage":"et","potentialAction":[{"@type":"ReadAction","target":["https:\/\/horticom.ee\/e-pood\/toode\/aeduba-sonesta-phaseolus-vulgaris-l-2\/"]}]},{"@type":"ImageObject","inLanguage":"et","@id":"https:\/\/horticom.ee\/e-pood\/toode\/aeduba-sonesta-phaseolus-vulgaris-l-2\/#primaryimage","url":"https:\/\/horticom.ee\/e-pood\/wp-content\/uploads\/importedmedia\/product-154514_0-LA1095.jpg","contentUrl":"https:\/\/horticom.ee\/e-pood\/wp-content\/uploads\/importedmedia\/product-154514_0-LA1095.jpg","width":1000,"height":1802,"caption":"Aeduba Sonesta - Phaseolus vulgaris L."},{"@type":"BreadcrumbList","@id":"https:\/\/horticom.ee\/e-pood\/toode\/aeduba-sonesta-phaseolus-vulgaris-l-2\/#breadcrumb","itemListElement":[{"@type":"ListItem","position":1,"name":"Home","item":"https:\/\/horticom.ee\/e-pood\/"},{"@type":"ListItem","position":2,"name":"Pood","item":"https:\/\/horticom.ee\/e-pood\/pood\/"},{"@type":"ListItem","position":3,"name":"Aeduba Sonesta &#8211; Phaseolus vulgaris L."}]},{"@type":"WebSite","@id":"https:\/\/horticom.ee\/e-pood\/#website","url":"https:\/\/horticom.ee\/e-pood\/","name":"Horticom.ee","description":"Aianduskaubad ja kodukaubad nii harrastajatele kui professionaalidele","potentialAction":[{"@type":"SearchAction","target":{"@type":"EntryPoint","urlTemplate":"https:\/\/horticom.ee\/e-pood\/?s={search_term_string}"},"query-input":{"@type":"PropertyValueSpecification","valueRequired":true,"valueName":"search_term_string"}}],"inLanguage":"et"}]}},"_links":{"self":[{"href":"https:\/\/horticom.ee\/e-pood\/wp-json\/wp\/v2\/product\/154514","targetHints":{"allow":["GET"]}}],"collection":[{"href":"https:\/\/horticom.ee\/e-pood\/wp-json\/wp\/v2\/product"}],"about":[{"href":"https:\/\/horticom.ee\/e-pood\/wp-json\/wp\/v2\/types\/product"}],"replies":[{"embeddable":true,"href":"https:\/\/horticom.ee\/e-pood\/wp-json\/wp\/v2\/comments?post=154514"}],"wp:featuredmedia":[{"embeddable":true,"href":"https:\/\/horticom.ee\/e-pood\/wp-json\/wp\/v2\/media\/165879"}],"wp:attachment":[{"href":"https:\/\/horticom.ee\/e-pood\/wp-json\/wp\/v2\/media?parent=154514"}],"wp:term":[{"taxonomy":"product_cat","embeddable":true,"href":"https:\/\/horticom.ee\/e-pood\/wp-json\/wp\/v2\/product_cat?post=154514"},{"taxonomy":"product_tag","embeddable":true,"href":"https:\/\/horticom.ee\/e-pood\/wp-json\/wp\/v2\/product_tag?post=154514"}],"curies":[{"name":"wp","href":"https:\/\/api.w.org\/{rel}","templated":true}]}}