{"id":154533,"date":"2022-01-18T00:06:06","date_gmt":"2022-01-17T22:06:06","guid":{"rendered":"https:\/\/aednik24.ee\/toode\/aedaster-pompon-segu-callistephus-chinensis-l-ness-2\/"},"modified":"2026-04-19T03:11:43","modified_gmt":"2026-04-19T00:11:43","slug":"aedaster-pompon-segu-callistephus-chinensis-l-ness-2","status":"publish","type":"product","link":"https:\/\/horticom.ee\/e-pood\/toode\/aedaster-pompon-segu-callistephus-chinensis-l-ness-2\/","title":{"rendered":"Aedaster Pompon segu &#8211; Callistephus chinensis (L.) Ness"},"content":{"rendered":"<p>Aedaster Pompon on \u00fcheaastane, 50cm k\u00f5rgune taim. \u00d5ied on suured ja erksad. Istutatakse \u00fcheaastaste taimede peenardesse, \u00f5isi nopitakse kimpude jaoks.<br \/>\nK\u00f5ige paremini kasvab viljakas, vett ja \u00f5hku l\u00e4bilaskvas pinnases. K\u00fclmakindel. 1g umbes 450 seemet.<\/p>\n","protected":false},"excerpt":{"rendered":"<p>Aedaster Pompon on \u00fcheaastane, 50cm k\u00f5rgune taim. \u00d5ied on suured ja erksad. Istutatakse \u00fcheaastaste taimede peenardesse, \u00f5isi nopitakse kimpude jaoks. K\u00f5ige paremini kasvab viljakas, vett ja \u00f5hku l\u00e4bilaskvas pinnases. K\u00fclmakindel. 1g umbes 450 seemet.<\/p>\n","protected":false},"featured_media":165826,"comment_status":"closed","ping_status":"closed","template":"","meta":{"_themeisle_gutenberg_block_has_review":false},"product_cat":[13535],"product_tag":[],"class_list":{"0":"post-154533","1":"product","2":"type-product","3":"status-publish","4":"has-post-thumbnail","6":"product_cat-aster","8":"first","9":"instock","10":"shipping-taxable","11":"purchasable","12":"product-type-simple"},"yoast_head":"<!-- This site is optimized with the Yoast SEO plugin v24.0 - https:\/\/yoast.com\/wordpress\/plugins\/seo\/ -->\n<title>Aedaster Pompon segu - Callistephus chinensis (L.) Ness<\/title>\n<meta name=\"description\" content=\"Aedaster Pompon: 50 cm k\u00f5rge, suurte erksate \u00f5itega taim. Sobib kimpudesse ja peenardesse, k\u00fclmakindel ja viljakas mullas.\" \/>\n<meta name=\"robots\" content=\"index, follow, max-snippet:-1, max-image-preview:large, max-video-preview:-1\" \/>\n<link rel=\"canonical\" href=\"https:\/\/horticom.ee\/e-pood\/toode\/aedaster-pompon-segu-callistephus-chinensis-l-ness-2\/\" \/>\n<meta property=\"og:locale\" content=\"et_EE\" \/>\n<meta property=\"og:type\" content=\"article\" \/>\n<meta property=\"og:title\" content=\"Aedaster Pompon segu - Callistephus chinensis (L.) Ness\" \/>\n<meta property=\"og:description\" content=\"Aedaster Pompon: 50 cm k\u00f5rge, suurte erksate \u00f5itega taim. Sobib kimpudesse ja peenardesse, k\u00fclmakindel ja viljakas mullas.\" \/>\n<meta property=\"og:url\" content=\"https:\/\/horticom.ee\/e-pood\/toode\/aedaster-pompon-segu-callistephus-chinensis-l-ness-2\/\" \/>\n<meta property=\"og:site_name\" content=\"Horticom.ee\" \/>\n<meta property=\"article:publisher\" content=\"https:\/\/www.facebook.com\/horticom.ee\/e-pood\" \/>\n<meta property=\"article:modified_time\" content=\"2026-04-19T00:11:43+00:00\" \/>\n<meta property=\"og:image\" content=\"https:\/\/horticom.ee\/e-pood\/wp-content\/uploads\/importedmedia\/product-154533_0-LB2015.jpg\" \/>\n\t<meta property=\"og:image:width\" content=\"1000\" \/>\n\t<meta property=\"og:image:height\" content=\"1760\" \/>\n\t<meta property=\"og:image:type\" content=\"image\/jpeg\" \/>\n<meta name=\"twitter:card\" content=\"summary_large_image\" \/>\n<script type=\"application\/ld+json\" class=\"yoast-schema-graph\">{\"@context\":\"https:\/\/schema.org\",\"@graph\":[{\"@type\":\"WebPage\",\"@id\":\"https:\/\/horticom.ee\/e-pood\/toode\/aedaster-pompon-segu-callistephus-chinensis-l-ness-2\/\",\"url\":\"https:\/\/horticom.ee\/e-pood\/toode\/aedaster-pompon-segu-callistephus-chinensis-l-ness-2\/\",\"name\":\"Aedaster Pompon segu - Callistephus chinensis (L.) Ness\",\"isPartOf\":{\"@id\":\"https:\/\/horticom.ee\/e-pood\/#website\"},\"primaryImageOfPage\":{\"@id\":\"https:\/\/horticom.ee\/e-pood\/toode\/aedaster-pompon-segu-callistephus-chinensis-l-ness-2\/#primaryimage\"},\"image\":{\"@id\":\"https:\/\/horticom.ee\/e-pood\/toode\/aedaster-pompon-segu-callistephus-chinensis-l-ness-2\/#primaryimage\"},\"thumbnailUrl\":\"https:\/\/horticom.ee\/e-pood\/wp-content\/uploads\/importedmedia\/product-154533_0-LB2015.jpg\",\"datePublished\":\"2022-01-17T22:06:06+00:00\",\"dateModified\":\"2026-04-19T00:11:43+00:00\",\"description\":\"Aedaster Pompon: 50 cm k\u00f5rge, suurte erksate \u00f5itega taim. Sobib kimpudesse ja peenardesse, k\u00fclmakindel ja viljakas mullas.\",\"breadcrumb\":{\"@id\":\"https:\/\/horticom.ee\/e-pood\/toode\/aedaster-pompon-segu-callistephus-chinensis-l-ness-2\/#breadcrumb\"},\"inLanguage\":\"et\",\"potentialAction\":[{\"@type\":\"ReadAction\",\"target\":[\"https:\/\/horticom.ee\/e-pood\/toode\/aedaster-pompon-segu-callistephus-chinensis-l-ness-2\/\"]}]},{\"@type\":\"ImageObject\",\"inLanguage\":\"et\",\"@id\":\"https:\/\/horticom.ee\/e-pood\/toode\/aedaster-pompon-segu-callistephus-chinensis-l-ness-2\/#primaryimage\",\"url\":\"https:\/\/horticom.ee\/e-pood\/wp-content\/uploads\/importedmedia\/product-154533_0-LB2015.jpg\",\"contentUrl\":\"https:\/\/horticom.ee\/e-pood\/wp-content\/uploads\/importedmedia\/product-154533_0-LB2015.jpg\",\"width\":1000,\"height\":1760,\"caption\":\"Aedaster Pompon segu - Callistephus chinensis (L.) Ness\"},{\"@type\":\"BreadcrumbList\",\"@id\":\"https:\/\/horticom.ee\/e-pood\/toode\/aedaster-pompon-segu-callistephus-chinensis-l-ness-2\/#breadcrumb\",\"itemListElement\":[{\"@type\":\"ListItem\",\"position\":1,\"name\":\"Home\",\"item\":\"https:\/\/horticom.ee\/e-pood\/\"},{\"@type\":\"ListItem\",\"position\":2,\"name\":\"Pood\",\"item\":\"https:\/\/horticom.ee\/e-pood\/pood\/\"},{\"@type\":\"ListItem\",\"position\":3,\"name\":\"Aedaster Pompon segu &#8211; Callistephus chinensis (L.) Ness\"}]},{\"@type\":\"WebSite\",\"@id\":\"https:\/\/horticom.ee\/e-pood\/#website\",\"url\":\"https:\/\/horticom.ee\/e-pood\/\",\"name\":\"Horticom.ee\",\"description\":\"Aianduskaubad ja kodukaubad nii harrastajatele kui professionaalidele\",\"potentialAction\":[{\"@type\":\"SearchAction\",\"target\":{\"@type\":\"EntryPoint\",\"urlTemplate\":\"https:\/\/horticom.ee\/e-pood\/?s={search_term_string}\"},\"query-input\":{\"@type\":\"PropertyValueSpecification\",\"valueRequired\":true,\"valueName\":\"search_term_string\"}}],\"inLanguage\":\"et\"}]}<\/script>\n<!-- \/ Yoast SEO plugin. -->","yoast_head_json":{"title":"Aedaster Pompon segu - Callistephus chinensis (L.) Ness","description":"Aedaster Pompon: 50 cm k\u00f5rge, suurte erksate \u00f5itega taim. Sobib kimpudesse ja peenardesse, k\u00fclmakindel ja viljakas mullas.","robots":{"index":"index","follow":"follow","max-snippet":"max-snippet:-1","max-image-preview":"max-image-preview:large","max-video-preview":"max-video-preview:-1"},"canonical":"https:\/\/horticom.ee\/e-pood\/toode\/aedaster-pompon-segu-callistephus-chinensis-l-ness-2\/","og_locale":"et_EE","og_type":"article","og_title":"Aedaster Pompon segu - Callistephus chinensis (L.) Ness","og_description":"Aedaster Pompon: 50 cm k\u00f5rge, suurte erksate \u00f5itega taim. Sobib kimpudesse ja peenardesse, k\u00fclmakindel ja viljakas mullas.","og_url":"https:\/\/horticom.ee\/e-pood\/toode\/aedaster-pompon-segu-callistephus-chinensis-l-ness-2\/","og_site_name":"Horticom.ee","article_publisher":"https:\/\/www.facebook.com\/horticom.ee\/e-pood","article_modified_time":"2026-04-19T00:11:43+00:00","og_image":[{"width":1000,"height":1760,"url":"https:\/\/horticom.ee\/e-pood\/wp-content\/uploads\/importedmedia\/product-154533_0-LB2015.jpg","type":"image\/jpeg"}],"twitter_card":"summary_large_image","schema":{"@context":"https:\/\/schema.org","@graph":[{"@type":"WebPage","@id":"https:\/\/horticom.ee\/e-pood\/toode\/aedaster-pompon-segu-callistephus-chinensis-l-ness-2\/","url":"https:\/\/horticom.ee\/e-pood\/toode\/aedaster-pompon-segu-callistephus-chinensis-l-ness-2\/","name":"Aedaster Pompon segu - Callistephus chinensis (L.) Ness","isPartOf":{"@id":"https:\/\/horticom.ee\/e-pood\/#website"},"primaryImageOfPage":{"@id":"https:\/\/horticom.ee\/e-pood\/toode\/aedaster-pompon-segu-callistephus-chinensis-l-ness-2\/#primaryimage"},"image":{"@id":"https:\/\/horticom.ee\/e-pood\/toode\/aedaster-pompon-segu-callistephus-chinensis-l-ness-2\/#primaryimage"},"thumbnailUrl":"https:\/\/horticom.ee\/e-pood\/wp-content\/uploads\/importedmedia\/product-154533_0-LB2015.jpg","datePublished":"2022-01-17T22:06:06+00:00","dateModified":"2026-04-19T00:11:43+00:00","description":"Aedaster Pompon: 50 cm k\u00f5rge, suurte erksate \u00f5itega taim. Sobib kimpudesse ja peenardesse, k\u00fclmakindel ja viljakas mullas.","breadcrumb":{"@id":"https:\/\/horticom.ee\/e-pood\/toode\/aedaster-pompon-segu-callistephus-chinensis-l-ness-2\/#breadcrumb"},"inLanguage":"et","potentialAction":[{"@type":"ReadAction","target":["https:\/\/horticom.ee\/e-pood\/toode\/aedaster-pompon-segu-callistephus-chinensis-l-ness-2\/"]}]},{"@type":"ImageObject","inLanguage":"et","@id":"https:\/\/horticom.ee\/e-pood\/toode\/aedaster-pompon-segu-callistephus-chinensis-l-ness-2\/#primaryimage","url":"https:\/\/horticom.ee\/e-pood\/wp-content\/uploads\/importedmedia\/product-154533_0-LB2015.jpg","contentUrl":"https:\/\/horticom.ee\/e-pood\/wp-content\/uploads\/importedmedia\/product-154533_0-LB2015.jpg","width":1000,"height":1760,"caption":"Aedaster Pompon segu - Callistephus chinensis (L.) Ness"},{"@type":"BreadcrumbList","@id":"https:\/\/horticom.ee\/e-pood\/toode\/aedaster-pompon-segu-callistephus-chinensis-l-ness-2\/#breadcrumb","itemListElement":[{"@type":"ListItem","position":1,"name":"Home","item":"https:\/\/horticom.ee\/e-pood\/"},{"@type":"ListItem","position":2,"name":"Pood","item":"https:\/\/horticom.ee\/e-pood\/pood\/"},{"@type":"ListItem","position":3,"name":"Aedaster Pompon segu &#8211; Callistephus chinensis (L.) Ness"}]},{"@type":"WebSite","@id":"https:\/\/horticom.ee\/e-pood\/#website","url":"https:\/\/horticom.ee\/e-pood\/","name":"Horticom.ee","description":"Aianduskaubad ja kodukaubad nii harrastajatele kui professionaalidele","potentialAction":[{"@type":"SearchAction","target":{"@type":"EntryPoint","urlTemplate":"https:\/\/horticom.ee\/e-pood\/?s={search_term_string}"},"query-input":{"@type":"PropertyValueSpecification","valueRequired":true,"valueName":"search_term_string"}}],"inLanguage":"et"}]}},"_links":{"self":[{"href":"https:\/\/horticom.ee\/e-pood\/wp-json\/wp\/v2\/product\/154533","targetHints":{"allow":["GET"]}}],"collection":[{"href":"https:\/\/horticom.ee\/e-pood\/wp-json\/wp\/v2\/product"}],"about":[{"href":"https:\/\/horticom.ee\/e-pood\/wp-json\/wp\/v2\/types\/product"}],"replies":[{"embeddable":true,"href":"https:\/\/horticom.ee\/e-pood\/wp-json\/wp\/v2\/comments?post=154533"}],"wp:featuredmedia":[{"embeddable":true,"href":"https:\/\/horticom.ee\/e-pood\/wp-json\/wp\/v2\/media\/165826"}],"wp:attachment":[{"href":"https:\/\/horticom.ee\/e-pood\/wp-json\/wp\/v2\/media?parent=154533"}],"wp:term":[{"taxonomy":"product_cat","embeddable":true,"href":"https:\/\/horticom.ee\/e-pood\/wp-json\/wp\/v2\/product_cat?post=154533"},{"taxonomy":"product_tag","embeddable":true,"href":"https:\/\/horticom.ee\/e-pood\/wp-json\/wp\/v2\/product_tag?post=154533"}],"curies":[{"name":"wp","href":"https:\/\/api.w.org\/{rel}","templated":true}]}}