{"id":154540,"date":"2022-01-18T00:06:10","date_gmt":"2022-01-17T22:06:10","guid":{"rendered":"https:\/\/aednik24.ee\/toode\/petersell-moss-curled-2-petroselinum-crispum-miller-nyman-ex-a-w-hill\/"},"modified":"2026-04-29T03:08:31","modified_gmt":"2026-04-29T00:08:31","slug":"petersell-moss-curled-2-petroselinum-crispum-miller-nyman-ex-a-w-hill","status":"publish","type":"product","link":"https:\/\/horticom.ee\/e-pood\/toode\/petersell-moss-curled-2-petroselinum-crispum-miller-nyman-ex-a-w-hill\/","title":{"rendered":"Petersell Moss Curled 2 &#8211; Petroselinum crispum Miller Nyman ex A. W. Hill"},"content":{"rendered":"<p>Petersell Moss Curled 2 on lehtpetersell. Vegetatsiooniperiood 80\u201390 p\u00e4eva (kevadiseks\/suviseks saagiks) ning 150\u2013180 p\u00e4eva (s\u00fcgiseseks saagiks). Lehed tumerohelised, k\u00e4harad. Lehti v\u00f5ib k\u00fclmutada, kuivatada, neis on k\u00fclluslikult vitamiine ning mineraalaineid. K\u00f5ige paremini kasvab saviliiva pinnases. 1g umbes 500\u20131000 seemet.<\/p>\n","protected":false},"excerpt":{"rendered":"<p>Petersell Moss Curled 2 on lehtpetersell. Vegetatsiooniperiood 80\u201390 p\u00e4eva (kevadiseks\/suviseks saagiks) ning 150\u2013180 p\u00e4eva (s\u00fcgiseseks saagiks). Lehed tumerohelised, k\u00e4harad. Lehti v\u00f5ib k\u00fclmutada, kuivatada, neis on k\u00fclluslikult vitamiine ning mineraalaineid. K\u00f5ige paremini kasvab saviliiva pinnases. 1g umbes 500\u20131000 seemet.<\/p>\n","protected":false},"featured_media":165816,"comment_status":"closed","ping_status":"closed","template":"","meta":{"_themeisle_gutenberg_block_has_review":false},"product_cat":[13490],"product_tag":[],"class_list":{"0":"post-154540","1":"product","2":"type-product","3":"status-publish","4":"has-post-thumbnail","6":"product_cat-maitsetaimede-seemned","8":"first","9":"instock","10":"shipping-taxable","11":"purchasable","12":"product-type-simple"},"yoast_head":"<!-- This site is optimized with the Yoast SEO plugin v24.0 - https:\/\/yoast.com\/wordpress\/plugins\/seo\/ -->\n<title>Petersell Moss Curled 2<\/title>\n<meta name=\"description\" content=\"Petersell Moss Curled 2 \u2013 K\u00e4haraleheline petersell, kasvuaeg 80-90 p\u00e4eva. Lehed sobivad kuivatamiseks ja k\u00fclmutamiseks, sisaldavad palju vitamiine.\" \/>\n<meta name=\"robots\" content=\"index, follow, max-snippet:-1, max-image-preview:large, max-video-preview:-1\" \/>\n<link rel=\"canonical\" href=\"https:\/\/horticom.ee\/e-pood\/toode\/petersell-moss-curled-2-petroselinum-crispum-miller-nyman-ex-a-w-hill\/\" \/>\n<meta property=\"og:locale\" content=\"et_EE\" \/>\n<meta property=\"og:type\" content=\"article\" \/>\n<meta property=\"og:title\" content=\"Petersell Moss Curled 2\" \/>\n<meta property=\"og:description\" content=\"Petersell Moss Curled 2 \u2013 K\u00e4haraleheline petersell, kasvuaeg 80-90 p\u00e4eva. Lehed sobivad kuivatamiseks ja k\u00fclmutamiseks, sisaldavad palju vitamiine.\" \/>\n<meta property=\"og:url\" content=\"https:\/\/horticom.ee\/e-pood\/toode\/petersell-moss-curled-2-petroselinum-crispum-miller-nyman-ex-a-w-hill\/\" \/>\n<meta property=\"og:site_name\" content=\"Horticom.ee\" \/>\n<meta property=\"article:publisher\" content=\"https:\/\/www.facebook.com\/horticom.ee\/e-pood\" \/>\n<meta property=\"article:modified_time\" content=\"2026-04-29T00:08:31+00:00\" \/>\n<meta property=\"og:image\" content=\"https:\/\/horticom.ee\/e-pood\/wp-content\/uploads\/importedmedia\/product-154540_0-LA1073.jpg\" \/>\n\t<meta property=\"og:image:width\" content=\"1000\" \/>\n\t<meta property=\"og:image:height\" content=\"1802\" \/>\n\t<meta property=\"og:image:type\" content=\"image\/jpeg\" \/>\n<meta name=\"twitter:card\" content=\"summary_large_image\" \/>\n<script type=\"application\/ld+json\" class=\"yoast-schema-graph\">{\"@context\":\"https:\/\/schema.org\",\"@graph\":[{\"@type\":\"WebPage\",\"@id\":\"https:\/\/horticom.ee\/e-pood\/toode\/petersell-moss-curled-2-petroselinum-crispum-miller-nyman-ex-a-w-hill\/\",\"url\":\"https:\/\/horticom.ee\/e-pood\/toode\/petersell-moss-curled-2-petroselinum-crispum-miller-nyman-ex-a-w-hill\/\",\"name\":\"Petersell Moss Curled 2\",\"isPartOf\":{\"@id\":\"https:\/\/horticom.ee\/e-pood\/#website\"},\"primaryImageOfPage\":{\"@id\":\"https:\/\/horticom.ee\/e-pood\/toode\/petersell-moss-curled-2-petroselinum-crispum-miller-nyman-ex-a-w-hill\/#primaryimage\"},\"image\":{\"@id\":\"https:\/\/horticom.ee\/e-pood\/toode\/petersell-moss-curled-2-petroselinum-crispum-miller-nyman-ex-a-w-hill\/#primaryimage\"},\"thumbnailUrl\":\"https:\/\/horticom.ee\/e-pood\/wp-content\/uploads\/importedmedia\/product-154540_0-LA1073.jpg\",\"datePublished\":\"2022-01-17T22:06:10+00:00\",\"dateModified\":\"2026-04-29T00:08:31+00:00\",\"description\":\"Petersell Moss Curled 2 \u2013 K\u00e4haraleheline petersell, kasvuaeg 80-90 p\u00e4eva. Lehed sobivad kuivatamiseks ja k\u00fclmutamiseks, sisaldavad palju vitamiine.\",\"breadcrumb\":{\"@id\":\"https:\/\/horticom.ee\/e-pood\/toode\/petersell-moss-curled-2-petroselinum-crispum-miller-nyman-ex-a-w-hill\/#breadcrumb\"},\"inLanguage\":\"et\",\"potentialAction\":[{\"@type\":\"ReadAction\",\"target\":[\"https:\/\/horticom.ee\/e-pood\/toode\/petersell-moss-curled-2-petroselinum-crispum-miller-nyman-ex-a-w-hill\/\"]}]},{\"@type\":\"ImageObject\",\"inLanguage\":\"et\",\"@id\":\"https:\/\/horticom.ee\/e-pood\/toode\/petersell-moss-curled-2-petroselinum-crispum-miller-nyman-ex-a-w-hill\/#primaryimage\",\"url\":\"https:\/\/horticom.ee\/e-pood\/wp-content\/uploads\/importedmedia\/product-154540_0-LA1073.jpg\",\"contentUrl\":\"https:\/\/horticom.ee\/e-pood\/wp-content\/uploads\/importedmedia\/product-154540_0-LA1073.jpg\",\"width\":1000,\"height\":1802,\"caption\":\"Petersell Moss Curled 2 - Petroselinum crispum Miller Nyman ex A. W. Hill\"},{\"@type\":\"BreadcrumbList\",\"@id\":\"https:\/\/horticom.ee\/e-pood\/toode\/petersell-moss-curled-2-petroselinum-crispum-miller-nyman-ex-a-w-hill\/#breadcrumb\",\"itemListElement\":[{\"@type\":\"ListItem\",\"position\":1,\"name\":\"Home\",\"item\":\"https:\/\/horticom.ee\/e-pood\/\"},{\"@type\":\"ListItem\",\"position\":2,\"name\":\"Pood\",\"item\":\"https:\/\/horticom.ee\/e-pood\/pood\/\"},{\"@type\":\"ListItem\",\"position\":3,\"name\":\"Petersell Moss Curled 2 &#8211; Petroselinum crispum Miller Nyman ex A. W. Hill\"}]},{\"@type\":\"WebSite\",\"@id\":\"https:\/\/horticom.ee\/e-pood\/#website\",\"url\":\"https:\/\/horticom.ee\/e-pood\/\",\"name\":\"Horticom.ee\",\"description\":\"Aianduskaubad ja kodukaubad nii harrastajatele kui professionaalidele\",\"potentialAction\":[{\"@type\":\"SearchAction\",\"target\":{\"@type\":\"EntryPoint\",\"urlTemplate\":\"https:\/\/horticom.ee\/e-pood\/?s={search_term_string}\"},\"query-input\":{\"@type\":\"PropertyValueSpecification\",\"valueRequired\":true,\"valueName\":\"search_term_string\"}}],\"inLanguage\":\"et\"}]}<\/script>\n<!-- \/ Yoast SEO plugin. -->","yoast_head_json":{"title":"Petersell Moss Curled 2","description":"Petersell Moss Curled 2 \u2013 K\u00e4haraleheline petersell, kasvuaeg 80-90 p\u00e4eva. Lehed sobivad kuivatamiseks ja k\u00fclmutamiseks, sisaldavad palju vitamiine.","robots":{"index":"index","follow":"follow","max-snippet":"max-snippet:-1","max-image-preview":"max-image-preview:large","max-video-preview":"max-video-preview:-1"},"canonical":"https:\/\/horticom.ee\/e-pood\/toode\/petersell-moss-curled-2-petroselinum-crispum-miller-nyman-ex-a-w-hill\/","og_locale":"et_EE","og_type":"article","og_title":"Petersell Moss Curled 2","og_description":"Petersell Moss Curled 2 \u2013 K\u00e4haraleheline petersell, kasvuaeg 80-90 p\u00e4eva. Lehed sobivad kuivatamiseks ja k\u00fclmutamiseks, sisaldavad palju vitamiine.","og_url":"https:\/\/horticom.ee\/e-pood\/toode\/petersell-moss-curled-2-petroselinum-crispum-miller-nyman-ex-a-w-hill\/","og_site_name":"Horticom.ee","article_publisher":"https:\/\/www.facebook.com\/horticom.ee\/e-pood","article_modified_time":"2026-04-29T00:08:31+00:00","og_image":[{"width":1000,"height":1802,"url":"https:\/\/horticom.ee\/e-pood\/wp-content\/uploads\/importedmedia\/product-154540_0-LA1073.jpg","type":"image\/jpeg"}],"twitter_card":"summary_large_image","schema":{"@context":"https:\/\/schema.org","@graph":[{"@type":"WebPage","@id":"https:\/\/horticom.ee\/e-pood\/toode\/petersell-moss-curled-2-petroselinum-crispum-miller-nyman-ex-a-w-hill\/","url":"https:\/\/horticom.ee\/e-pood\/toode\/petersell-moss-curled-2-petroselinum-crispum-miller-nyman-ex-a-w-hill\/","name":"Petersell Moss Curled 2","isPartOf":{"@id":"https:\/\/horticom.ee\/e-pood\/#website"},"primaryImageOfPage":{"@id":"https:\/\/horticom.ee\/e-pood\/toode\/petersell-moss-curled-2-petroselinum-crispum-miller-nyman-ex-a-w-hill\/#primaryimage"},"image":{"@id":"https:\/\/horticom.ee\/e-pood\/toode\/petersell-moss-curled-2-petroselinum-crispum-miller-nyman-ex-a-w-hill\/#primaryimage"},"thumbnailUrl":"https:\/\/horticom.ee\/e-pood\/wp-content\/uploads\/importedmedia\/product-154540_0-LA1073.jpg","datePublished":"2022-01-17T22:06:10+00:00","dateModified":"2026-04-29T00:08:31+00:00","description":"Petersell Moss Curled 2 \u2013 K\u00e4haraleheline petersell, kasvuaeg 80-90 p\u00e4eva. Lehed sobivad kuivatamiseks ja k\u00fclmutamiseks, sisaldavad palju vitamiine.","breadcrumb":{"@id":"https:\/\/horticom.ee\/e-pood\/toode\/petersell-moss-curled-2-petroselinum-crispum-miller-nyman-ex-a-w-hill\/#breadcrumb"},"inLanguage":"et","potentialAction":[{"@type":"ReadAction","target":["https:\/\/horticom.ee\/e-pood\/toode\/petersell-moss-curled-2-petroselinum-crispum-miller-nyman-ex-a-w-hill\/"]}]},{"@type":"ImageObject","inLanguage":"et","@id":"https:\/\/horticom.ee\/e-pood\/toode\/petersell-moss-curled-2-petroselinum-crispum-miller-nyman-ex-a-w-hill\/#primaryimage","url":"https:\/\/horticom.ee\/e-pood\/wp-content\/uploads\/importedmedia\/product-154540_0-LA1073.jpg","contentUrl":"https:\/\/horticom.ee\/e-pood\/wp-content\/uploads\/importedmedia\/product-154540_0-LA1073.jpg","width":1000,"height":1802,"caption":"Petersell Moss Curled 2 - Petroselinum crispum Miller Nyman ex A. W. Hill"},{"@type":"BreadcrumbList","@id":"https:\/\/horticom.ee\/e-pood\/toode\/petersell-moss-curled-2-petroselinum-crispum-miller-nyman-ex-a-w-hill\/#breadcrumb","itemListElement":[{"@type":"ListItem","position":1,"name":"Home","item":"https:\/\/horticom.ee\/e-pood\/"},{"@type":"ListItem","position":2,"name":"Pood","item":"https:\/\/horticom.ee\/e-pood\/pood\/"},{"@type":"ListItem","position":3,"name":"Petersell Moss Curled 2 &#8211; Petroselinum crispum Miller Nyman ex A. W. Hill"}]},{"@type":"WebSite","@id":"https:\/\/horticom.ee\/e-pood\/#website","url":"https:\/\/horticom.ee\/e-pood\/","name":"Horticom.ee","description":"Aianduskaubad ja kodukaubad nii harrastajatele kui professionaalidele","potentialAction":[{"@type":"SearchAction","target":{"@type":"EntryPoint","urlTemplate":"https:\/\/horticom.ee\/e-pood\/?s={search_term_string}"},"query-input":{"@type":"PropertyValueSpecification","valueRequired":true,"valueName":"search_term_string"}}],"inLanguage":"et"}]}},"_links":{"self":[{"href":"https:\/\/horticom.ee\/e-pood\/wp-json\/wp\/v2\/product\/154540","targetHints":{"allow":["GET"]}}],"collection":[{"href":"https:\/\/horticom.ee\/e-pood\/wp-json\/wp\/v2\/product"}],"about":[{"href":"https:\/\/horticom.ee\/e-pood\/wp-json\/wp\/v2\/types\/product"}],"replies":[{"embeddable":true,"href":"https:\/\/horticom.ee\/e-pood\/wp-json\/wp\/v2\/comments?post=154540"}],"wp:featuredmedia":[{"embeddable":true,"href":"https:\/\/horticom.ee\/e-pood\/wp-json\/wp\/v2\/media\/165816"}],"wp:attachment":[{"href":"https:\/\/horticom.ee\/e-pood\/wp-json\/wp\/v2\/media?parent=154540"}],"wp:term":[{"taxonomy":"product_cat","embeddable":true,"href":"https:\/\/horticom.ee\/e-pood\/wp-json\/wp\/v2\/product_cat?post=154540"},{"taxonomy":"product_tag","embeddable":true,"href":"https:\/\/horticom.ee\/e-pood\/wp-json\/wp\/v2\/product_tag?post=154540"}],"curies":[{"name":"wp","href":"https:\/\/api.w.org\/{rel}","templated":true}]}}