{"id":154562,"date":"2022-01-18T00:06:24","date_gmt":"2022-01-17T22:06:24","guid":{"rendered":"https:\/\/aednik24.ee\/toode\/universaalne-vetikatevastane-vahend-250ml\/"},"modified":"2026-04-24T03:11:41","modified_gmt":"2026-04-24T00:11:41","slug":"universaalne-vetikatevastane-vahend-250ml","status":"publish","type":"product","link":"https:\/\/horticom.ee\/e-pood\/toode\/universaalne-vetikatevastane-vahend-250ml\/","title":{"rendered":"Universaalne vetikatevastane vahend 250ml"},"content":{"rendered":"<p>Universaalne vetikavastane vahend, mille vedeliku kontsentraat on suurep\u00e4rase katvusega. Komplektis on kaasas vee pH testimise ribad. Testida vett alati enne, kui kasutada universaalset vetikah\u00e4vitajat. Tohib kasutada ka tiigis,  kus on kalad. Toode minimeerib vetikate edasikasvamist. Uus kasutamine ei tohi toimuda enne 21 p\u00e4eva m\u00f6\u00f6dumist.<\/p>\n","protected":false},"excerpt":{"rendered":"<p>Universaalne vetikavastane vahend, mille vedeliku kontsentraat on suurep\u00e4rase katvusega. Komplektis on kaasas vee pH testimise ribad. Testida vett alati enne, kui kasutada universaalset vetikah\u00e4vitajat. Tohib kasutada ka tiigis, kus on kalad. Toode minimeerib vetikate edasikasvamist. Uus kasutamine ei tohi toimuda enne 21 p\u00e4eva m\u00f6\u00f6dumist.<\/p>\n","protected":false},"featured_media":2377816,"comment_status":"closed","ping_status":"closed","template":"","meta":{"_themeisle_gutenberg_block_has_review":false},"product_cat":[13362],"product_tag":[],"class_list":{"0":"post-154562","1":"product","2":"type-product","3":"status-publish","4":"has-post-thumbnail","6":"product_cat-tiigi-ja-basseinipuhastajad","8":"first","9":"outofstock","10":"sale","11":"shipping-taxable","12":"purchasable","13":"product-type-simple"},"yoast_head":"<!-- This site is optimized with the Yoast SEO plugin v24.0 - https:\/\/yoast.com\/wordpress\/plugins\/seo\/ -->\n<title>Universaalne vetikatevastane vahend 250ml - Horticom<\/title>\n<meta name=\"robots\" content=\"index, follow, max-snippet:-1, max-image-preview:large, max-video-preview:-1\" \/>\n<link rel=\"canonical\" href=\"https:\/\/horticom.ee\/e-pood\/toode\/universaalne-vetikatevastane-vahend-250ml\/\" \/>\n<meta property=\"og:locale\" content=\"et_EE\" \/>\n<meta property=\"og:type\" content=\"article\" \/>\n<meta property=\"og:title\" content=\"Universaalne vetikatevastane vahend 250ml - Horticom\" \/>\n<meta property=\"og:description\" content=\"Universaalne vetikavastane vahend, mille vedeliku kontsentraat on suurep\u00e4rase katvusega. Komplektis on kaasas vee pH testimise ribad. Testida vett alati enne, kui kasutada universaalset vetikah\u00e4vitajat. Tohib kasutada ka tiigis, kus on kalad. Toode minimeerib vetikate edasikasvamist. Uus kasutamine ei tohi toimuda enne 21 p\u00e4eva m\u00f6\u00f6dumist.\" \/>\n<meta property=\"og:url\" content=\"https:\/\/horticom.ee\/e-pood\/toode\/universaalne-vetikatevastane-vahend-250ml\/\" \/>\n<meta property=\"og:site_name\" content=\"Horticom.ee\" \/>\n<meta property=\"article:publisher\" content=\"https:\/\/www.facebook.com\/horticom.ee\/e-pood\" \/>\n<meta property=\"article:modified_time\" content=\"2026-04-24T00:11:41+00:00\" \/>\n<meta property=\"og:image\" content=\"https:\/\/horticom.ee\/e-pood\/wp-content\/uploads\/importedmedia\/product-154562_0-850714.jpg\" \/>\n\t<meta property=\"og:image:width\" content=\"1000\" \/>\n\t<meta property=\"og:image:height\" content=\"1000\" \/>\n\t<meta property=\"og:image:type\" content=\"image\/jpeg\" \/>\n<meta name=\"twitter:card\" content=\"summary_large_image\" \/>\n<script type=\"application\/ld+json\" class=\"yoast-schema-graph\">{\"@context\":\"https:\/\/schema.org\",\"@graph\":[{\"@type\":\"WebPage\",\"@id\":\"https:\/\/horticom.ee\/e-pood\/toode\/universaalne-vetikatevastane-vahend-250ml\/\",\"url\":\"https:\/\/horticom.ee\/e-pood\/toode\/universaalne-vetikatevastane-vahend-250ml\/\",\"name\":\"Universaalne vetikatevastane vahend 250ml - Horticom\",\"isPartOf\":{\"@id\":\"https:\/\/horticom.ee\/e-pood\/#website\"},\"primaryImageOfPage\":{\"@id\":\"https:\/\/horticom.ee\/e-pood\/toode\/universaalne-vetikatevastane-vahend-250ml\/#primaryimage\"},\"image\":{\"@id\":\"https:\/\/horticom.ee\/e-pood\/toode\/universaalne-vetikatevastane-vahend-250ml\/#primaryimage\"},\"thumbnailUrl\":\"https:\/\/horticom.ee\/e-pood\/wp-content\/uploads\/importedmedia\/product-154562_0-850714.jpg\",\"datePublished\":\"2022-01-17T22:06:24+00:00\",\"dateModified\":\"2026-04-24T00:11:41+00:00\",\"breadcrumb\":{\"@id\":\"https:\/\/horticom.ee\/e-pood\/toode\/universaalne-vetikatevastane-vahend-250ml\/#breadcrumb\"},\"inLanguage\":\"et\",\"potentialAction\":[{\"@type\":\"ReadAction\",\"target\":[\"https:\/\/horticom.ee\/e-pood\/toode\/universaalne-vetikatevastane-vahend-250ml\/\"]}]},{\"@type\":\"ImageObject\",\"inLanguage\":\"et\",\"@id\":\"https:\/\/horticom.ee\/e-pood\/toode\/universaalne-vetikatevastane-vahend-250ml\/#primaryimage\",\"url\":\"https:\/\/horticom.ee\/e-pood\/wp-content\/uploads\/importedmedia\/product-154562_0-850714.jpg\",\"contentUrl\":\"https:\/\/horticom.ee\/e-pood\/wp-content\/uploads\/importedmedia\/product-154562_0-850714.jpg\",\"width\":1000,\"height\":1000},{\"@type\":\"BreadcrumbList\",\"@id\":\"https:\/\/horticom.ee\/e-pood\/toode\/universaalne-vetikatevastane-vahend-250ml\/#breadcrumb\",\"itemListElement\":[{\"@type\":\"ListItem\",\"position\":1,\"name\":\"Home\",\"item\":\"https:\/\/horticom.ee\/e-pood\/\"},{\"@type\":\"ListItem\",\"position\":2,\"name\":\"Pood\",\"item\":\"https:\/\/horticom.ee\/e-pood\/pood\/\"},{\"@type\":\"ListItem\",\"position\":3,\"name\":\"Universaalne vetikatevastane vahend 250ml\"}]},{\"@type\":\"WebSite\",\"@id\":\"https:\/\/horticom.ee\/e-pood\/#website\",\"url\":\"https:\/\/horticom.ee\/e-pood\/\",\"name\":\"Horticom.ee\",\"description\":\"Aianduskaubad ja kodukaubad nii harrastajatele kui professionaalidele\",\"potentialAction\":[{\"@type\":\"SearchAction\",\"target\":{\"@type\":\"EntryPoint\",\"urlTemplate\":\"https:\/\/horticom.ee\/e-pood\/?s={search_term_string}\"},\"query-input\":{\"@type\":\"PropertyValueSpecification\",\"valueRequired\":true,\"valueName\":\"search_term_string\"}}],\"inLanguage\":\"et\"}]}<\/script>\n<!-- \/ Yoast SEO plugin. -->","yoast_head_json":{"title":"Universaalne vetikatevastane vahend 250ml - Horticom","robots":{"index":"index","follow":"follow","max-snippet":"max-snippet:-1","max-image-preview":"max-image-preview:large","max-video-preview":"max-video-preview:-1"},"canonical":"https:\/\/horticom.ee\/e-pood\/toode\/universaalne-vetikatevastane-vahend-250ml\/","og_locale":"et_EE","og_type":"article","og_title":"Universaalne vetikatevastane vahend 250ml - Horticom","og_description":"Universaalne vetikavastane vahend, mille vedeliku kontsentraat on suurep\u00e4rase katvusega. Komplektis on kaasas vee pH testimise ribad. Testida vett alati enne, kui kasutada universaalset vetikah\u00e4vitajat. Tohib kasutada ka tiigis, kus on kalad. Toode minimeerib vetikate edasikasvamist. Uus kasutamine ei tohi toimuda enne 21 p\u00e4eva m\u00f6\u00f6dumist.","og_url":"https:\/\/horticom.ee\/e-pood\/toode\/universaalne-vetikatevastane-vahend-250ml\/","og_site_name":"Horticom.ee","article_publisher":"https:\/\/www.facebook.com\/horticom.ee\/e-pood","article_modified_time":"2026-04-24T00:11:41+00:00","og_image":[{"width":1000,"height":1000,"url":"https:\/\/horticom.ee\/e-pood\/wp-content\/uploads\/importedmedia\/product-154562_0-850714.jpg","type":"image\/jpeg"}],"twitter_card":"summary_large_image","schema":{"@context":"https:\/\/schema.org","@graph":[{"@type":"WebPage","@id":"https:\/\/horticom.ee\/e-pood\/toode\/universaalne-vetikatevastane-vahend-250ml\/","url":"https:\/\/horticom.ee\/e-pood\/toode\/universaalne-vetikatevastane-vahend-250ml\/","name":"Universaalne vetikatevastane vahend 250ml - Horticom","isPartOf":{"@id":"https:\/\/horticom.ee\/e-pood\/#website"},"primaryImageOfPage":{"@id":"https:\/\/horticom.ee\/e-pood\/toode\/universaalne-vetikatevastane-vahend-250ml\/#primaryimage"},"image":{"@id":"https:\/\/horticom.ee\/e-pood\/toode\/universaalne-vetikatevastane-vahend-250ml\/#primaryimage"},"thumbnailUrl":"https:\/\/horticom.ee\/e-pood\/wp-content\/uploads\/importedmedia\/product-154562_0-850714.jpg","datePublished":"2022-01-17T22:06:24+00:00","dateModified":"2026-04-24T00:11:41+00:00","breadcrumb":{"@id":"https:\/\/horticom.ee\/e-pood\/toode\/universaalne-vetikatevastane-vahend-250ml\/#breadcrumb"},"inLanguage":"et","potentialAction":[{"@type":"ReadAction","target":["https:\/\/horticom.ee\/e-pood\/toode\/universaalne-vetikatevastane-vahend-250ml\/"]}]},{"@type":"ImageObject","inLanguage":"et","@id":"https:\/\/horticom.ee\/e-pood\/toode\/universaalne-vetikatevastane-vahend-250ml\/#primaryimage","url":"https:\/\/horticom.ee\/e-pood\/wp-content\/uploads\/importedmedia\/product-154562_0-850714.jpg","contentUrl":"https:\/\/horticom.ee\/e-pood\/wp-content\/uploads\/importedmedia\/product-154562_0-850714.jpg","width":1000,"height":1000},{"@type":"BreadcrumbList","@id":"https:\/\/horticom.ee\/e-pood\/toode\/universaalne-vetikatevastane-vahend-250ml\/#breadcrumb","itemListElement":[{"@type":"ListItem","position":1,"name":"Home","item":"https:\/\/horticom.ee\/e-pood\/"},{"@type":"ListItem","position":2,"name":"Pood","item":"https:\/\/horticom.ee\/e-pood\/pood\/"},{"@type":"ListItem","position":3,"name":"Universaalne vetikatevastane vahend 250ml"}]},{"@type":"WebSite","@id":"https:\/\/horticom.ee\/e-pood\/#website","url":"https:\/\/horticom.ee\/e-pood\/","name":"Horticom.ee","description":"Aianduskaubad ja kodukaubad nii harrastajatele kui professionaalidele","potentialAction":[{"@type":"SearchAction","target":{"@type":"EntryPoint","urlTemplate":"https:\/\/horticom.ee\/e-pood\/?s={search_term_string}"},"query-input":{"@type":"PropertyValueSpecification","valueRequired":true,"valueName":"search_term_string"}}],"inLanguage":"et"}]}},"_links":{"self":[{"href":"https:\/\/horticom.ee\/e-pood\/wp-json\/wp\/v2\/product\/154562","targetHints":{"allow":["GET"]}}],"collection":[{"href":"https:\/\/horticom.ee\/e-pood\/wp-json\/wp\/v2\/product"}],"about":[{"href":"https:\/\/horticom.ee\/e-pood\/wp-json\/wp\/v2\/types\/product"}],"replies":[{"embeddable":true,"href":"https:\/\/horticom.ee\/e-pood\/wp-json\/wp\/v2\/comments?post=154562"}],"wp:featuredmedia":[{"embeddable":true,"href":"https:\/\/horticom.ee\/e-pood\/wp-json\/wp\/v2\/media\/2377816"}],"wp:attachment":[{"href":"https:\/\/horticom.ee\/e-pood\/wp-json\/wp\/v2\/media?parent=154562"}],"wp:term":[{"taxonomy":"product_cat","embeddable":true,"href":"https:\/\/horticom.ee\/e-pood\/wp-json\/wp\/v2\/product_cat?post=154562"},{"taxonomy":"product_tag","embeddable":true,"href":"https:\/\/horticom.ee\/e-pood\/wp-json\/wp\/v2\/product_tag?post=154562"}],"curies":[{"name":"wp","href":"https:\/\/api.w.org\/{rel}","templated":true}]}}