{"id":154581,"date":"2022-01-18T00:06:34","date_gmt":"2022-01-17T22:06:34","guid":{"rendered":"https:\/\/aednik24.ee\/toode\/rukola-eruca-sativa-mill\/"},"modified":"2026-05-04T03:07:00","modified_gmt":"2026-05-04T00:07:00","slug":"rukola-eruca-sativa-mill","status":"publish","type":"product","link":"https:\/\/horticom.ee\/e-pood\/toode\/rukola-eruca-sativa-mill\/","title":{"rendered":"Rukola &#8211; Eruca sativa Mill."},"content":{"rendered":"<p>Rukola on lehtk\u00f6\u00f6givili, kasvatatakse nagu salatit. Toiduks tarvitatakse v\u00e4rskeid aromaatseid p\u00e4hklimaitselisi lehti. Sobib suurep\u00e4raselt juustude juurde, salatitesse, lehtedega kaunistatakse roogasid. Kasvab kiiresti. Soovitatakse k\u00fclvata mitu korda, et aromaatseid lehti j\u00e4tkuks kogu suve jooksul. Talvel v\u00f5ib rukolat kasvatada ka kodus karpides aknalaual, ainult oluline on hoolitseda lisavalgustuse eest.<\/p>\n","protected":false},"excerpt":{"rendered":"<p>Rukola on lehtk\u00f6\u00f6givili, kasvatatakse nagu salatit. Toiduks tarvitatakse v\u00e4rskeid aromaatseid p\u00e4hklimaitselisi lehti. Sobib suurep\u00e4raselt juustude juurde, salatitesse, lehtedega kaunistatakse roogasid. Kasvab kiiresti. Soovitatakse k\u00fclvata mitu korda, et aromaatseid lehti j\u00e4tkuks kogu suve jooksul. Talvel v\u00f5ib rukolat kasvatada ka kodus karpides aknalaual, ainult oluline on hoolitseda lisavalgustuse eest.<\/p>\n","protected":false},"featured_media":164946,"comment_status":"closed","ping_status":"closed","template":"","meta":{"_themeisle_gutenberg_block_has_review":false},"product_cat":[13484],"product_tag":[],"class_list":{"0":"post-154581","1":"product","2":"type-product","3":"status-publish","4":"has-post-thumbnail","6":"product_cat-salat-spinat-ruccola","8":"first","9":"instock","10":"shipping-taxable","11":"purchasable","12":"product-type-simple"},"yoast_head":"<!-- This site is optimized with the Yoast SEO plugin v24.0 - https:\/\/yoast.com\/wordpress\/plugins\/seo\/ -->\n<title>Rukola - Eruca sativa Mill. - Horticom.ee\/e-pood<\/title>\n<meta name=\"description\" content=\"Rukola \u2013 Lehtk\u00f6\u00f6givili, mida kasutatakse v\u00e4rskelt salatites. Kasvab kiiresti ja sobib ka aknalaual kasvatamiseks. Vajab lisavalgustust talvel.\" \/>\n<meta name=\"robots\" content=\"index, follow, max-snippet:-1, max-image-preview:large, max-video-preview:-1\" \/>\n<link rel=\"canonical\" href=\"https:\/\/horticom.ee\/e-pood\/toode\/rukola-eruca-sativa-mill\/\" \/>\n<meta property=\"og:locale\" content=\"et_EE\" \/>\n<meta property=\"og:type\" content=\"article\" \/>\n<meta property=\"og:title\" content=\"Rukola - Eruca sativa Mill. - Horticom.ee\/e-pood\" \/>\n<meta property=\"og:description\" content=\"Rukola \u2013 Lehtk\u00f6\u00f6givili, mida kasutatakse v\u00e4rskelt salatites. Kasvab kiiresti ja sobib ka aknalaual kasvatamiseks. Vajab lisavalgustust talvel.\" \/>\n<meta property=\"og:url\" content=\"https:\/\/horticom.ee\/e-pood\/toode\/rukola-eruca-sativa-mill\/\" \/>\n<meta property=\"og:site_name\" content=\"Horticom.ee\" \/>\n<meta property=\"article:publisher\" content=\"https:\/\/www.facebook.com\/horticom.ee\/e-pood\" \/>\n<meta property=\"article:modified_time\" content=\"2026-05-04T00:07:00+00:00\" \/>\n<meta property=\"og:image\" content=\"https:\/\/horticom.ee\/e-pood\/wp-content\/uploads\/importedmedia\/product-154581_0-LA3003.jpg\" \/>\n\t<meta property=\"og:image:width\" content=\"1000\" \/>\n\t<meta property=\"og:image:height\" content=\"1755\" \/>\n\t<meta property=\"og:image:type\" content=\"image\/jpeg\" \/>\n<meta name=\"twitter:card\" content=\"summary_large_image\" \/>\n<script type=\"application\/ld+json\" class=\"yoast-schema-graph\">{\"@context\":\"https:\/\/schema.org\",\"@graph\":[{\"@type\":\"WebPage\",\"@id\":\"https:\/\/horticom.ee\/e-pood\/toode\/rukola-eruca-sativa-mill\/\",\"url\":\"https:\/\/horticom.ee\/e-pood\/toode\/rukola-eruca-sativa-mill\/\",\"name\":\"Rukola - Eruca sativa Mill. - Horticom.ee\/e-pood\",\"isPartOf\":{\"@id\":\"https:\/\/horticom.ee\/e-pood\/#website\"},\"primaryImageOfPage\":{\"@id\":\"https:\/\/horticom.ee\/e-pood\/toode\/rukola-eruca-sativa-mill\/#primaryimage\"},\"image\":{\"@id\":\"https:\/\/horticom.ee\/e-pood\/toode\/rukola-eruca-sativa-mill\/#primaryimage\"},\"thumbnailUrl\":\"https:\/\/horticom.ee\/e-pood\/wp-content\/uploads\/importedmedia\/product-154581_0-LA3003.jpg\",\"datePublished\":\"2022-01-17T22:06:34+00:00\",\"dateModified\":\"2026-05-04T00:07:00+00:00\",\"description\":\"Rukola \u2013 Lehtk\u00f6\u00f6givili, mida kasutatakse v\u00e4rskelt salatites. Kasvab kiiresti ja sobib ka aknalaual kasvatamiseks. Vajab lisavalgustust talvel.\",\"breadcrumb\":{\"@id\":\"https:\/\/horticom.ee\/e-pood\/toode\/rukola-eruca-sativa-mill\/#breadcrumb\"},\"inLanguage\":\"et\",\"potentialAction\":[{\"@type\":\"ReadAction\",\"target\":[\"https:\/\/horticom.ee\/e-pood\/toode\/rukola-eruca-sativa-mill\/\"]}]},{\"@type\":\"ImageObject\",\"inLanguage\":\"et\",\"@id\":\"https:\/\/horticom.ee\/e-pood\/toode\/rukola-eruca-sativa-mill\/#primaryimage\",\"url\":\"https:\/\/horticom.ee\/e-pood\/wp-content\/uploads\/importedmedia\/product-154581_0-LA3003.jpg\",\"contentUrl\":\"https:\/\/horticom.ee\/e-pood\/wp-content\/uploads\/importedmedia\/product-154581_0-LA3003.jpg\",\"width\":1000,\"height\":1755,\"caption\":\"Rukola - Eruca sativa Mill.\"},{\"@type\":\"BreadcrumbList\",\"@id\":\"https:\/\/horticom.ee\/e-pood\/toode\/rukola-eruca-sativa-mill\/#breadcrumb\",\"itemListElement\":[{\"@type\":\"ListItem\",\"position\":1,\"name\":\"Home\",\"item\":\"https:\/\/horticom.ee\/e-pood\/\"},{\"@type\":\"ListItem\",\"position\":2,\"name\":\"Pood\",\"item\":\"https:\/\/horticom.ee\/e-pood\/pood\/\"},{\"@type\":\"ListItem\",\"position\":3,\"name\":\"Rukola &#8211; Eruca sativa Mill.\"}]},{\"@type\":\"WebSite\",\"@id\":\"https:\/\/horticom.ee\/e-pood\/#website\",\"url\":\"https:\/\/horticom.ee\/e-pood\/\",\"name\":\"Horticom.ee\",\"description\":\"Aianduskaubad ja kodukaubad nii harrastajatele kui professionaalidele\",\"potentialAction\":[{\"@type\":\"SearchAction\",\"target\":{\"@type\":\"EntryPoint\",\"urlTemplate\":\"https:\/\/horticom.ee\/e-pood\/?s={search_term_string}\"},\"query-input\":{\"@type\":\"PropertyValueSpecification\",\"valueRequired\":true,\"valueName\":\"search_term_string\"}}],\"inLanguage\":\"et\"}]}<\/script>\n<!-- \/ Yoast SEO plugin. -->","yoast_head_json":{"title":"Rukola - Eruca sativa Mill. - Horticom.ee\/e-pood","description":"Rukola \u2013 Lehtk\u00f6\u00f6givili, mida kasutatakse v\u00e4rskelt salatites. Kasvab kiiresti ja sobib ka aknalaual kasvatamiseks. Vajab lisavalgustust talvel.","robots":{"index":"index","follow":"follow","max-snippet":"max-snippet:-1","max-image-preview":"max-image-preview:large","max-video-preview":"max-video-preview:-1"},"canonical":"https:\/\/horticom.ee\/e-pood\/toode\/rukola-eruca-sativa-mill\/","og_locale":"et_EE","og_type":"article","og_title":"Rukola - Eruca sativa Mill. - Horticom.ee\/e-pood","og_description":"Rukola \u2013 Lehtk\u00f6\u00f6givili, mida kasutatakse v\u00e4rskelt salatites. Kasvab kiiresti ja sobib ka aknalaual kasvatamiseks. Vajab lisavalgustust talvel.","og_url":"https:\/\/horticom.ee\/e-pood\/toode\/rukola-eruca-sativa-mill\/","og_site_name":"Horticom.ee","article_publisher":"https:\/\/www.facebook.com\/horticom.ee\/e-pood","article_modified_time":"2026-05-04T00:07:00+00:00","og_image":[{"width":1000,"height":1755,"url":"https:\/\/horticom.ee\/e-pood\/wp-content\/uploads\/importedmedia\/product-154581_0-LA3003.jpg","type":"image\/jpeg"}],"twitter_card":"summary_large_image","schema":{"@context":"https:\/\/schema.org","@graph":[{"@type":"WebPage","@id":"https:\/\/horticom.ee\/e-pood\/toode\/rukola-eruca-sativa-mill\/","url":"https:\/\/horticom.ee\/e-pood\/toode\/rukola-eruca-sativa-mill\/","name":"Rukola - Eruca sativa Mill. - Horticom.ee\/e-pood","isPartOf":{"@id":"https:\/\/horticom.ee\/e-pood\/#website"},"primaryImageOfPage":{"@id":"https:\/\/horticom.ee\/e-pood\/toode\/rukola-eruca-sativa-mill\/#primaryimage"},"image":{"@id":"https:\/\/horticom.ee\/e-pood\/toode\/rukola-eruca-sativa-mill\/#primaryimage"},"thumbnailUrl":"https:\/\/horticom.ee\/e-pood\/wp-content\/uploads\/importedmedia\/product-154581_0-LA3003.jpg","datePublished":"2022-01-17T22:06:34+00:00","dateModified":"2026-05-04T00:07:00+00:00","description":"Rukola \u2013 Lehtk\u00f6\u00f6givili, mida kasutatakse v\u00e4rskelt salatites. Kasvab kiiresti ja sobib ka aknalaual kasvatamiseks. Vajab lisavalgustust talvel.","breadcrumb":{"@id":"https:\/\/horticom.ee\/e-pood\/toode\/rukola-eruca-sativa-mill\/#breadcrumb"},"inLanguage":"et","potentialAction":[{"@type":"ReadAction","target":["https:\/\/horticom.ee\/e-pood\/toode\/rukola-eruca-sativa-mill\/"]}]},{"@type":"ImageObject","inLanguage":"et","@id":"https:\/\/horticom.ee\/e-pood\/toode\/rukola-eruca-sativa-mill\/#primaryimage","url":"https:\/\/horticom.ee\/e-pood\/wp-content\/uploads\/importedmedia\/product-154581_0-LA3003.jpg","contentUrl":"https:\/\/horticom.ee\/e-pood\/wp-content\/uploads\/importedmedia\/product-154581_0-LA3003.jpg","width":1000,"height":1755,"caption":"Rukola - Eruca sativa Mill."},{"@type":"BreadcrumbList","@id":"https:\/\/horticom.ee\/e-pood\/toode\/rukola-eruca-sativa-mill\/#breadcrumb","itemListElement":[{"@type":"ListItem","position":1,"name":"Home","item":"https:\/\/horticom.ee\/e-pood\/"},{"@type":"ListItem","position":2,"name":"Pood","item":"https:\/\/horticom.ee\/e-pood\/pood\/"},{"@type":"ListItem","position":3,"name":"Rukola &#8211; Eruca sativa Mill."}]},{"@type":"WebSite","@id":"https:\/\/horticom.ee\/e-pood\/#website","url":"https:\/\/horticom.ee\/e-pood\/","name":"Horticom.ee","description":"Aianduskaubad ja kodukaubad nii harrastajatele kui professionaalidele","potentialAction":[{"@type":"SearchAction","target":{"@type":"EntryPoint","urlTemplate":"https:\/\/horticom.ee\/e-pood\/?s={search_term_string}"},"query-input":{"@type":"PropertyValueSpecification","valueRequired":true,"valueName":"search_term_string"}}],"inLanguage":"et"}]}},"_links":{"self":[{"href":"https:\/\/horticom.ee\/e-pood\/wp-json\/wp\/v2\/product\/154581","targetHints":{"allow":["GET"]}}],"collection":[{"href":"https:\/\/horticom.ee\/e-pood\/wp-json\/wp\/v2\/product"}],"about":[{"href":"https:\/\/horticom.ee\/e-pood\/wp-json\/wp\/v2\/types\/product"}],"replies":[{"embeddable":true,"href":"https:\/\/horticom.ee\/e-pood\/wp-json\/wp\/v2\/comments?post=154581"}],"wp:featuredmedia":[{"embeddable":true,"href":"https:\/\/horticom.ee\/e-pood\/wp-json\/wp\/v2\/media\/164946"}],"wp:attachment":[{"href":"https:\/\/horticom.ee\/e-pood\/wp-json\/wp\/v2\/media?parent=154581"}],"wp:term":[{"taxonomy":"product_cat","embeddable":true,"href":"https:\/\/horticom.ee\/e-pood\/wp-json\/wp\/v2\/product_cat?post=154581"},{"taxonomy":"product_tag","embeddable":true,"href":"https:\/\/horticom.ee\/e-pood\/wp-json\/wp\/v2\/product_tag?post=154581"}],"curies":[{"name":"wp","href":"https:\/\/api.w.org\/{rel}","templated":true}]}}