{"id":154603,"date":"2022-01-18T00:06:47","date_gmt":"2022-01-17T22:06:47","guid":{"rendered":"https:\/\/aednik24.ee\/toode\/puugi-eemaldaja-tick-lasso-silva\/"},"modified":"2026-05-12T03:08:25","modified_gmt":"2026-05-12T00:08:25","slug":"puugi-eemaldaja-tick-lasso-silva","status":"publish","type":"product","link":"https:\/\/horticom.ee\/e-pood\/toode\/puugi-eemaldaja-tick-lasso-silva\/","title":{"rendered":"Puugi eemaldaja Tick Lasso Silva"},"content":{"rendered":"<p>Eemaldab t\u00f5husalt puuke. Puugid levitavad inimestele puukentsefaliiti ja puukborrelioosi, mis halvimal juhul v\u00f5ivad p\u00f5hjustada raskeid terviskahjustusi. Seet\u00f5ttu on soovitav puugid v\u00f5imalikult ruttu eemaldada. Naha muutuste, n\u00e4iteks punetuse korral p\u00f6\u00f6rduda arsti poole.<\/p>\n","protected":false},"excerpt":{"rendered":"<p>Eemaldab t\u00f5husalt puuke. Puugid levitavad inimestele puukentsefaliiti ja puukborrelioosi, mis halvimal juhul v\u00f5ivad p\u00f5hjustada raskeid terviskahjustusi. Seet\u00f5ttu on soovitav puugid v\u00f5imalikult ruttu eemaldada. Naha muutuste, n\u00e4iteks punetuse korral p\u00f6\u00f6rduda arsti poole.<\/p>\n","protected":false},"featured_media":164886,"comment_status":"closed","ping_status":"closed","template":"","meta":{"_themeisle_gutenberg_block_has_review":false},"product_cat":[13598],"product_tag":[],"class_list":{"0":"post-154603","1":"product","2":"type-product","3":"status-publish","4":"has-post-thumbnail","6":"product_cat-saased-puugid-ja-parmud","8":"first","9":"instock","10":"shipping-taxable","11":"purchasable","12":"product-type-simple"},"yoast_head":"<!-- This site is optimized with the Yoast SEO plugin v24.0 - https:\/\/yoast.com\/wordpress\/plugins\/seo\/ -->\n<title>Puugi eemaldaja Tick Lasso Silva - Horticom.ee\/e-pood<\/title>\n<meta name=\"description\" content=\"Eemaldab t\u00f5husalt puuke ja v\u00e4hendab haiguse \u00fclekandumise ohtu. V\u00f5ib kinnitada v\u00f5tmehoidja k\u00fclge. Turvaline ka v\u00e4ikeste puukide eemaldamiseks.\" \/>\n<meta name=\"robots\" content=\"index, follow, max-snippet:-1, max-image-preview:large, max-video-preview:-1\" \/>\n<link rel=\"canonical\" href=\"https:\/\/horticom.ee\/e-pood\/toode\/puugi-eemaldaja-tick-lasso-silva\/\" \/>\n<meta property=\"og:locale\" content=\"et_EE\" \/>\n<meta property=\"og:type\" content=\"article\" \/>\n<meta property=\"og:title\" content=\"Puugi eemaldaja Tick Lasso Silva - Horticom.ee\/e-pood\" \/>\n<meta property=\"og:description\" content=\"Eemaldab t\u00f5husalt puuke ja v\u00e4hendab haiguse \u00fclekandumise ohtu. V\u00f5ib kinnitada v\u00f5tmehoidja k\u00fclge. Turvaline ka v\u00e4ikeste puukide eemaldamiseks.\" \/>\n<meta property=\"og:url\" content=\"https:\/\/horticom.ee\/e-pood\/toode\/puugi-eemaldaja-tick-lasso-silva\/\" \/>\n<meta property=\"og:site_name\" content=\"Horticom.ee\" \/>\n<meta property=\"article:publisher\" content=\"https:\/\/www.facebook.com\/horticom.ee\/e-pood\" \/>\n<meta property=\"article:modified_time\" content=\"2026-05-12T00:08:25+00:00\" \/>\n<meta property=\"og:image\" content=\"https:\/\/horticom.ee\/e-pood\/wp-content\/uploads\/importedmedia\/product-154603_0-P0511.jpg\" \/>\n\t<meta property=\"og:image:width\" content=\"1000\" \/>\n\t<meta property=\"og:image:height\" content=\"1572\" \/>\n\t<meta property=\"og:image:type\" content=\"image\/jpeg\" \/>\n<meta name=\"twitter:card\" content=\"summary_large_image\" \/>\n<script type=\"application\/ld+json\" class=\"yoast-schema-graph\">{\"@context\":\"https:\/\/schema.org\",\"@graph\":[{\"@type\":\"WebPage\",\"@id\":\"https:\/\/horticom.ee\/e-pood\/toode\/puugi-eemaldaja-tick-lasso-silva\/\",\"url\":\"https:\/\/horticom.ee\/e-pood\/toode\/puugi-eemaldaja-tick-lasso-silva\/\",\"name\":\"Puugi eemaldaja Tick Lasso Silva - Horticom.ee\/e-pood\",\"isPartOf\":{\"@id\":\"https:\/\/horticom.ee\/e-pood\/#website\"},\"primaryImageOfPage\":{\"@id\":\"https:\/\/horticom.ee\/e-pood\/toode\/puugi-eemaldaja-tick-lasso-silva\/#primaryimage\"},\"image\":{\"@id\":\"https:\/\/horticom.ee\/e-pood\/toode\/puugi-eemaldaja-tick-lasso-silva\/#primaryimage\"},\"thumbnailUrl\":\"https:\/\/horticom.ee\/e-pood\/wp-content\/uploads\/importedmedia\/product-154603_0-P0511.jpg\",\"datePublished\":\"2022-01-17T22:06:47+00:00\",\"dateModified\":\"2026-05-12T00:08:25+00:00\",\"description\":\"Eemaldab t\u00f5husalt puuke ja v\u00e4hendab haiguse \u00fclekandumise ohtu. V\u00f5ib kinnitada v\u00f5tmehoidja k\u00fclge. Turvaline ka v\u00e4ikeste puukide eemaldamiseks.\",\"breadcrumb\":{\"@id\":\"https:\/\/horticom.ee\/e-pood\/toode\/puugi-eemaldaja-tick-lasso-silva\/#breadcrumb\"},\"inLanguage\":\"et\",\"potentialAction\":[{\"@type\":\"ReadAction\",\"target\":[\"https:\/\/horticom.ee\/e-pood\/toode\/puugi-eemaldaja-tick-lasso-silva\/\"]}]},{\"@type\":\"ImageObject\",\"inLanguage\":\"et\",\"@id\":\"https:\/\/horticom.ee\/e-pood\/toode\/puugi-eemaldaja-tick-lasso-silva\/#primaryimage\",\"url\":\"https:\/\/horticom.ee\/e-pood\/wp-content\/uploads\/importedmedia\/product-154603_0-P0511.jpg\",\"contentUrl\":\"https:\/\/horticom.ee\/e-pood\/wp-content\/uploads\/importedmedia\/product-154603_0-P0511.jpg\",\"width\":1000,\"height\":1572,\"caption\":\"Puugi eemaldaja Tick Lasso Silva\"},{\"@type\":\"BreadcrumbList\",\"@id\":\"https:\/\/horticom.ee\/e-pood\/toode\/puugi-eemaldaja-tick-lasso-silva\/#breadcrumb\",\"itemListElement\":[{\"@type\":\"ListItem\",\"position\":1,\"name\":\"Home\",\"item\":\"https:\/\/horticom.ee\/e-pood\/\"},{\"@type\":\"ListItem\",\"position\":2,\"name\":\"Pood\",\"item\":\"https:\/\/horticom.ee\/e-pood\/pood\/\"},{\"@type\":\"ListItem\",\"position\":3,\"name\":\"Puugi eemaldaja Tick Lasso Silva\"}]},{\"@type\":\"WebSite\",\"@id\":\"https:\/\/horticom.ee\/e-pood\/#website\",\"url\":\"https:\/\/horticom.ee\/e-pood\/\",\"name\":\"Horticom.ee\",\"description\":\"Aianduskaubad ja kodukaubad nii harrastajatele kui professionaalidele\",\"potentialAction\":[{\"@type\":\"SearchAction\",\"target\":{\"@type\":\"EntryPoint\",\"urlTemplate\":\"https:\/\/horticom.ee\/e-pood\/?s={search_term_string}\"},\"query-input\":{\"@type\":\"PropertyValueSpecification\",\"valueRequired\":true,\"valueName\":\"search_term_string\"}}],\"inLanguage\":\"et\"}]}<\/script>\n<!-- \/ Yoast SEO plugin. -->","yoast_head_json":{"title":"Puugi eemaldaja Tick Lasso Silva - Horticom.ee\/e-pood","description":"Eemaldab t\u00f5husalt puuke ja v\u00e4hendab haiguse \u00fclekandumise ohtu. V\u00f5ib kinnitada v\u00f5tmehoidja k\u00fclge. Turvaline ka v\u00e4ikeste puukide eemaldamiseks.","robots":{"index":"index","follow":"follow","max-snippet":"max-snippet:-1","max-image-preview":"max-image-preview:large","max-video-preview":"max-video-preview:-1"},"canonical":"https:\/\/horticom.ee\/e-pood\/toode\/puugi-eemaldaja-tick-lasso-silva\/","og_locale":"et_EE","og_type":"article","og_title":"Puugi eemaldaja Tick Lasso Silva - Horticom.ee\/e-pood","og_description":"Eemaldab t\u00f5husalt puuke ja v\u00e4hendab haiguse \u00fclekandumise ohtu. V\u00f5ib kinnitada v\u00f5tmehoidja k\u00fclge. Turvaline ka v\u00e4ikeste puukide eemaldamiseks.","og_url":"https:\/\/horticom.ee\/e-pood\/toode\/puugi-eemaldaja-tick-lasso-silva\/","og_site_name":"Horticom.ee","article_publisher":"https:\/\/www.facebook.com\/horticom.ee\/e-pood","article_modified_time":"2026-05-12T00:08:25+00:00","og_image":[{"width":1000,"height":1572,"url":"https:\/\/horticom.ee\/e-pood\/wp-content\/uploads\/importedmedia\/product-154603_0-P0511.jpg","type":"image\/jpeg"}],"twitter_card":"summary_large_image","schema":{"@context":"https:\/\/schema.org","@graph":[{"@type":"WebPage","@id":"https:\/\/horticom.ee\/e-pood\/toode\/puugi-eemaldaja-tick-lasso-silva\/","url":"https:\/\/horticom.ee\/e-pood\/toode\/puugi-eemaldaja-tick-lasso-silva\/","name":"Puugi eemaldaja Tick Lasso Silva - Horticom.ee\/e-pood","isPartOf":{"@id":"https:\/\/horticom.ee\/e-pood\/#website"},"primaryImageOfPage":{"@id":"https:\/\/horticom.ee\/e-pood\/toode\/puugi-eemaldaja-tick-lasso-silva\/#primaryimage"},"image":{"@id":"https:\/\/horticom.ee\/e-pood\/toode\/puugi-eemaldaja-tick-lasso-silva\/#primaryimage"},"thumbnailUrl":"https:\/\/horticom.ee\/e-pood\/wp-content\/uploads\/importedmedia\/product-154603_0-P0511.jpg","datePublished":"2022-01-17T22:06:47+00:00","dateModified":"2026-05-12T00:08:25+00:00","description":"Eemaldab t\u00f5husalt puuke ja v\u00e4hendab haiguse \u00fclekandumise ohtu. V\u00f5ib kinnitada v\u00f5tmehoidja k\u00fclge. Turvaline ka v\u00e4ikeste puukide eemaldamiseks.","breadcrumb":{"@id":"https:\/\/horticom.ee\/e-pood\/toode\/puugi-eemaldaja-tick-lasso-silva\/#breadcrumb"},"inLanguage":"et","potentialAction":[{"@type":"ReadAction","target":["https:\/\/horticom.ee\/e-pood\/toode\/puugi-eemaldaja-tick-lasso-silva\/"]}]},{"@type":"ImageObject","inLanguage":"et","@id":"https:\/\/horticom.ee\/e-pood\/toode\/puugi-eemaldaja-tick-lasso-silva\/#primaryimage","url":"https:\/\/horticom.ee\/e-pood\/wp-content\/uploads\/importedmedia\/product-154603_0-P0511.jpg","contentUrl":"https:\/\/horticom.ee\/e-pood\/wp-content\/uploads\/importedmedia\/product-154603_0-P0511.jpg","width":1000,"height":1572,"caption":"Puugi eemaldaja Tick Lasso Silva"},{"@type":"BreadcrumbList","@id":"https:\/\/horticom.ee\/e-pood\/toode\/puugi-eemaldaja-tick-lasso-silva\/#breadcrumb","itemListElement":[{"@type":"ListItem","position":1,"name":"Home","item":"https:\/\/horticom.ee\/e-pood\/"},{"@type":"ListItem","position":2,"name":"Pood","item":"https:\/\/horticom.ee\/e-pood\/pood\/"},{"@type":"ListItem","position":3,"name":"Puugi eemaldaja Tick Lasso Silva"}]},{"@type":"WebSite","@id":"https:\/\/horticom.ee\/e-pood\/#website","url":"https:\/\/horticom.ee\/e-pood\/","name":"Horticom.ee","description":"Aianduskaubad ja kodukaubad nii harrastajatele kui professionaalidele","potentialAction":[{"@type":"SearchAction","target":{"@type":"EntryPoint","urlTemplate":"https:\/\/horticom.ee\/e-pood\/?s={search_term_string}"},"query-input":{"@type":"PropertyValueSpecification","valueRequired":true,"valueName":"search_term_string"}}],"inLanguage":"et"}]}},"_links":{"self":[{"href":"https:\/\/horticom.ee\/e-pood\/wp-json\/wp\/v2\/product\/154603","targetHints":{"allow":["GET"]}}],"collection":[{"href":"https:\/\/horticom.ee\/e-pood\/wp-json\/wp\/v2\/product"}],"about":[{"href":"https:\/\/horticom.ee\/e-pood\/wp-json\/wp\/v2\/types\/product"}],"replies":[{"embeddable":true,"href":"https:\/\/horticom.ee\/e-pood\/wp-json\/wp\/v2\/comments?post=154603"}],"wp:featuredmedia":[{"embeddable":true,"href":"https:\/\/horticom.ee\/e-pood\/wp-json\/wp\/v2\/media\/164886"}],"wp:attachment":[{"href":"https:\/\/horticom.ee\/e-pood\/wp-json\/wp\/v2\/media?parent=154603"}],"wp:term":[{"taxonomy":"product_cat","embeddable":true,"href":"https:\/\/horticom.ee\/e-pood\/wp-json\/wp\/v2\/product_cat?post=154603"},{"taxonomy":"product_tag","embeddable":true,"href":"https:\/\/horticom.ee\/e-pood\/wp-json\/wp\/v2\/product_tag?post=154603"}],"curies":[{"name":"wp","href":"https:\/\/api.w.org\/{rel}","templated":true}]}}