{"id":154657,"date":"2022-01-18T00:07:17","date_gmt":"2022-01-17T22:07:17","guid":{"rendered":"https:\/\/aednik24.ee\/toode\/salat-little-gem-lactuca-sativa\/"},"modified":"2026-04-30T03:08:36","modified_gmt":"2026-04-30T00:08:36","slug":"salat-little-gem-lactuca-sativa","status":"publish","type":"product","link":"https:\/\/horticom.ee\/e-pood\/toode\/salat-little-gem-lactuca-sativa\/","title":{"rendered":"Salat Little Gem Lactuca sativa"},"content":{"rendered":"<p>Salat Little Gem n\u00f5uab viljakat, toitaineterikast pinnast ja vett. \u00dcks k\u00f5ige varasematest salati sortidest. Moodustab kompaktsed, kr\u00f5mpsuvate ja magusate lehtedega pead. Kasvab h\u00e4sti nii katikaladel kui avamaal. Kasvab 20cm k\u00f5rguseni. Sobib tarbimiseks toorelt salatites, v\u00f5ileibade lisana v\u00f5i kaunistuseks.<\/p>\n","protected":false},"excerpt":{"rendered":"<p>Salat Little Gem n\u00f5uab viljakat, toitaineterikast pinnast ja vett. \u00dcks k\u00f5ige varasematest salati sortidest. Moodustab kompaktsed, kr\u00f5mpsuvate ja magusate lehtedega pead. Kasvab h\u00e4sti nii katikaladel kui avamaal. Kasvab 20cm k\u00f5rguseni. Sobib tarbimiseks toorelt salatites, v\u00f5ileibade lisana v\u00f5i kaunistuseks.<\/p>\n","protected":false},"featured_media":163978,"comment_status":"closed","ping_status":"closed","template":"","meta":{"_themeisle_gutenberg_block_has_review":false},"product_cat":[13484],"product_tag":[],"class_list":{"0":"post-154657","1":"product","2":"type-product","3":"status-publish","4":"has-post-thumbnail","6":"product_cat-salat-spinat-ruccola","8":"first","9":"outofstock","10":"shipping-taxable","11":"purchasable","12":"product-type-simple"},"yoast_head":"<!-- This site is optimized with the Yoast SEO plugin v24.0 - https:\/\/yoast.com\/wordpress\/plugins\/seo\/ -->\n<title>Salat Little Gem Lactuca sativa - Horticom.ee\/e-pood<\/title>\n<meta name=\"description\" content=\"Salat Little Gem \u2013 Kr\u00f5mpsuvate lehtedega varajane salat. Kompaktsed pead, sobib avamaale v\u00f5i katikalla. Ideaalne v\u00e4rskeks tarbimiseks.\" \/>\n<meta name=\"robots\" content=\"index, follow, max-snippet:-1, max-image-preview:large, max-video-preview:-1\" \/>\n<link rel=\"canonical\" href=\"https:\/\/horticom.ee\/e-pood\/toode\/salat-little-gem-lactuca-sativa\/\" \/>\n<meta property=\"og:locale\" content=\"et_EE\" \/>\n<meta property=\"og:type\" content=\"article\" \/>\n<meta property=\"og:title\" content=\"Salat Little Gem Lactuca sativa - Horticom.ee\/e-pood\" \/>\n<meta property=\"og:description\" content=\"Salat Little Gem \u2013 Kr\u00f5mpsuvate lehtedega varajane salat. Kompaktsed pead, sobib avamaale v\u00f5i katikalla. Ideaalne v\u00e4rskeks tarbimiseks.\" \/>\n<meta property=\"og:url\" content=\"https:\/\/horticom.ee\/e-pood\/toode\/salat-little-gem-lactuca-sativa\/\" \/>\n<meta property=\"og:site_name\" content=\"Horticom.ee\" \/>\n<meta property=\"article:publisher\" content=\"https:\/\/www.facebook.com\/horticom.ee\/e-pood\" \/>\n<meta property=\"article:modified_time\" content=\"2026-04-30T00:08:36+00:00\" \/>\n<meta property=\"og:image\" content=\"https:\/\/horticom.ee\/e-pood\/wp-content\/uploads\/importedmedia\/product-154657_0-VC883.jpg\" \/>\n\t<meta property=\"og:image:width\" content=\"1000\" \/>\n\t<meta property=\"og:image:height\" content=\"1498\" \/>\n\t<meta property=\"og:image:type\" content=\"image\/jpeg\" \/>\n<meta name=\"twitter:card\" content=\"summary_large_image\" \/>\n<script type=\"application\/ld+json\" class=\"yoast-schema-graph\">{\"@context\":\"https:\/\/schema.org\",\"@graph\":[{\"@type\":\"WebPage\",\"@id\":\"https:\/\/horticom.ee\/e-pood\/toode\/salat-little-gem-lactuca-sativa\/\",\"url\":\"https:\/\/horticom.ee\/e-pood\/toode\/salat-little-gem-lactuca-sativa\/\",\"name\":\"Salat Little Gem Lactuca sativa - Horticom.ee\/e-pood\",\"isPartOf\":{\"@id\":\"https:\/\/horticom.ee\/e-pood\/#website\"},\"primaryImageOfPage\":{\"@id\":\"https:\/\/horticom.ee\/e-pood\/toode\/salat-little-gem-lactuca-sativa\/#primaryimage\"},\"image\":{\"@id\":\"https:\/\/horticom.ee\/e-pood\/toode\/salat-little-gem-lactuca-sativa\/#primaryimage\"},\"thumbnailUrl\":\"https:\/\/horticom.ee\/e-pood\/wp-content\/uploads\/importedmedia\/product-154657_0-VC883.jpg\",\"datePublished\":\"2022-01-17T22:07:17+00:00\",\"dateModified\":\"2026-04-30T00:08:36+00:00\",\"description\":\"Salat Little Gem \u2013 Kr\u00f5mpsuvate lehtedega varajane salat. Kompaktsed pead, sobib avamaale v\u00f5i katikalla. Ideaalne v\u00e4rskeks tarbimiseks.\",\"breadcrumb\":{\"@id\":\"https:\/\/horticom.ee\/e-pood\/toode\/salat-little-gem-lactuca-sativa\/#breadcrumb\"},\"inLanguage\":\"et\",\"potentialAction\":[{\"@type\":\"ReadAction\",\"target\":[\"https:\/\/horticom.ee\/e-pood\/toode\/salat-little-gem-lactuca-sativa\/\"]}]},{\"@type\":\"ImageObject\",\"inLanguage\":\"et\",\"@id\":\"https:\/\/horticom.ee\/e-pood\/toode\/salat-little-gem-lactuca-sativa\/#primaryimage\",\"url\":\"https:\/\/horticom.ee\/e-pood\/wp-content\/uploads\/importedmedia\/product-154657_0-VC883.jpg\",\"contentUrl\":\"https:\/\/horticom.ee\/e-pood\/wp-content\/uploads\/importedmedia\/product-154657_0-VC883.jpg\",\"width\":1000,\"height\":1498,\"caption\":\"Salat Little Gem Lactuca sativa\"},{\"@type\":\"BreadcrumbList\",\"@id\":\"https:\/\/horticom.ee\/e-pood\/toode\/salat-little-gem-lactuca-sativa\/#breadcrumb\",\"itemListElement\":[{\"@type\":\"ListItem\",\"position\":1,\"name\":\"Home\",\"item\":\"https:\/\/horticom.ee\/e-pood\/\"},{\"@type\":\"ListItem\",\"position\":2,\"name\":\"Pood\",\"item\":\"https:\/\/horticom.ee\/e-pood\/pood\/\"},{\"@type\":\"ListItem\",\"position\":3,\"name\":\"Salat Little Gem Lactuca sativa\"}]},{\"@type\":\"WebSite\",\"@id\":\"https:\/\/horticom.ee\/e-pood\/#website\",\"url\":\"https:\/\/horticom.ee\/e-pood\/\",\"name\":\"Horticom.ee\",\"description\":\"Aianduskaubad ja kodukaubad nii harrastajatele kui professionaalidele\",\"potentialAction\":[{\"@type\":\"SearchAction\",\"target\":{\"@type\":\"EntryPoint\",\"urlTemplate\":\"https:\/\/horticom.ee\/e-pood\/?s={search_term_string}\"},\"query-input\":{\"@type\":\"PropertyValueSpecification\",\"valueRequired\":true,\"valueName\":\"search_term_string\"}}],\"inLanguage\":\"et\"}]}<\/script>\n<!-- \/ Yoast SEO plugin. -->","yoast_head_json":{"title":"Salat Little Gem Lactuca sativa - Horticom.ee\/e-pood","description":"Salat Little Gem \u2013 Kr\u00f5mpsuvate lehtedega varajane salat. Kompaktsed pead, sobib avamaale v\u00f5i katikalla. Ideaalne v\u00e4rskeks tarbimiseks.","robots":{"index":"index","follow":"follow","max-snippet":"max-snippet:-1","max-image-preview":"max-image-preview:large","max-video-preview":"max-video-preview:-1"},"canonical":"https:\/\/horticom.ee\/e-pood\/toode\/salat-little-gem-lactuca-sativa\/","og_locale":"et_EE","og_type":"article","og_title":"Salat Little Gem Lactuca sativa - Horticom.ee\/e-pood","og_description":"Salat Little Gem \u2013 Kr\u00f5mpsuvate lehtedega varajane salat. Kompaktsed pead, sobib avamaale v\u00f5i katikalla. Ideaalne v\u00e4rskeks tarbimiseks.","og_url":"https:\/\/horticom.ee\/e-pood\/toode\/salat-little-gem-lactuca-sativa\/","og_site_name":"Horticom.ee","article_publisher":"https:\/\/www.facebook.com\/horticom.ee\/e-pood","article_modified_time":"2026-04-30T00:08:36+00:00","og_image":[{"width":1000,"height":1498,"url":"https:\/\/horticom.ee\/e-pood\/wp-content\/uploads\/importedmedia\/product-154657_0-VC883.jpg","type":"image\/jpeg"}],"twitter_card":"summary_large_image","schema":{"@context":"https:\/\/schema.org","@graph":[{"@type":"WebPage","@id":"https:\/\/horticom.ee\/e-pood\/toode\/salat-little-gem-lactuca-sativa\/","url":"https:\/\/horticom.ee\/e-pood\/toode\/salat-little-gem-lactuca-sativa\/","name":"Salat Little Gem Lactuca sativa - Horticom.ee\/e-pood","isPartOf":{"@id":"https:\/\/horticom.ee\/e-pood\/#website"},"primaryImageOfPage":{"@id":"https:\/\/horticom.ee\/e-pood\/toode\/salat-little-gem-lactuca-sativa\/#primaryimage"},"image":{"@id":"https:\/\/horticom.ee\/e-pood\/toode\/salat-little-gem-lactuca-sativa\/#primaryimage"},"thumbnailUrl":"https:\/\/horticom.ee\/e-pood\/wp-content\/uploads\/importedmedia\/product-154657_0-VC883.jpg","datePublished":"2022-01-17T22:07:17+00:00","dateModified":"2026-04-30T00:08:36+00:00","description":"Salat Little Gem \u2013 Kr\u00f5mpsuvate lehtedega varajane salat. Kompaktsed pead, sobib avamaale v\u00f5i katikalla. Ideaalne v\u00e4rskeks tarbimiseks.","breadcrumb":{"@id":"https:\/\/horticom.ee\/e-pood\/toode\/salat-little-gem-lactuca-sativa\/#breadcrumb"},"inLanguage":"et","potentialAction":[{"@type":"ReadAction","target":["https:\/\/horticom.ee\/e-pood\/toode\/salat-little-gem-lactuca-sativa\/"]}]},{"@type":"ImageObject","inLanguage":"et","@id":"https:\/\/horticom.ee\/e-pood\/toode\/salat-little-gem-lactuca-sativa\/#primaryimage","url":"https:\/\/horticom.ee\/e-pood\/wp-content\/uploads\/importedmedia\/product-154657_0-VC883.jpg","contentUrl":"https:\/\/horticom.ee\/e-pood\/wp-content\/uploads\/importedmedia\/product-154657_0-VC883.jpg","width":1000,"height":1498,"caption":"Salat Little Gem Lactuca sativa"},{"@type":"BreadcrumbList","@id":"https:\/\/horticom.ee\/e-pood\/toode\/salat-little-gem-lactuca-sativa\/#breadcrumb","itemListElement":[{"@type":"ListItem","position":1,"name":"Home","item":"https:\/\/horticom.ee\/e-pood\/"},{"@type":"ListItem","position":2,"name":"Pood","item":"https:\/\/horticom.ee\/e-pood\/pood\/"},{"@type":"ListItem","position":3,"name":"Salat Little Gem Lactuca sativa"}]},{"@type":"WebSite","@id":"https:\/\/horticom.ee\/e-pood\/#website","url":"https:\/\/horticom.ee\/e-pood\/","name":"Horticom.ee","description":"Aianduskaubad ja kodukaubad nii harrastajatele kui professionaalidele","potentialAction":[{"@type":"SearchAction","target":{"@type":"EntryPoint","urlTemplate":"https:\/\/horticom.ee\/e-pood\/?s={search_term_string}"},"query-input":{"@type":"PropertyValueSpecification","valueRequired":true,"valueName":"search_term_string"}}],"inLanguage":"et"}]}},"_links":{"self":[{"href":"https:\/\/horticom.ee\/e-pood\/wp-json\/wp\/v2\/product\/154657","targetHints":{"allow":["GET"]}}],"collection":[{"href":"https:\/\/horticom.ee\/e-pood\/wp-json\/wp\/v2\/product"}],"about":[{"href":"https:\/\/horticom.ee\/e-pood\/wp-json\/wp\/v2\/types\/product"}],"replies":[{"embeddable":true,"href":"https:\/\/horticom.ee\/e-pood\/wp-json\/wp\/v2\/comments?post=154657"}],"wp:featuredmedia":[{"embeddable":true,"href":"https:\/\/horticom.ee\/e-pood\/wp-json\/wp\/v2\/media\/163978"}],"wp:attachment":[{"href":"https:\/\/horticom.ee\/e-pood\/wp-json\/wp\/v2\/media?parent=154657"}],"wp:term":[{"taxonomy":"product_cat","embeddable":true,"href":"https:\/\/horticom.ee\/e-pood\/wp-json\/wp\/v2\/product_cat?post=154657"},{"taxonomy":"product_tag","embeddable":true,"href":"https:\/\/horticom.ee\/e-pood\/wp-json\/wp\/v2\/product_tag?post=154657"}],"curies":[{"name":"wp","href":"https:\/\/api.w.org\/{rel}","templated":true}]}}