{"id":154745,"date":"2022-01-18T00:08:07","date_gmt":"2022-01-17T22:08:07","guid":{"rendered":"https:\/\/aednik24.ee\/toode\/sugisvaetis-murule-greenmaster-prolite-autumn-mg-6-5-11-3mgo-25kg\/"},"modified":"2026-04-24T03:11:47","modified_gmt":"2026-04-24T00:11:47","slug":"sugisvaetis-murule-greenmaster-prolite-autumn-mg-6-5-11-3mgo-25kg","status":"publish","type":"product","link":"https:\/\/horticom.ee\/e-pood\/toode\/sugisvaetis-murule-greenmaster-prolite-autumn-mg-6-5-11-3mgo-25kg\/","title":{"rendered":"S\u00fcgisv\u00e4etis murule Greenmaster ProLite Autumn Mg 6-5-11 +3MgO 25kg"},"content":{"rendered":"<p>Kvaliteetse koostisega ning kontrollitud toitainete vabanemisega v\u00e4etis, mille madal l\u00e4mmastiku- ja k\u00f5rge kaaliumisisaldus soodustavad murukamara teket. Mikrograanulite koostis tagab \u00fchtlase v\u00e4etamise isegi madala kulunormi korral. V\u00e4etises sisalduv raudsulfaat hoiab sambla kontrolli all. Toimib h\u00e4sti madalatel temperatuuridel, soodustab muru kasvu ning parandab kulumiskindlust. Raud ja magneesium teevad muru vastupidavamaks. Saab kasutada igal aastaajal. Toimeaeg: 6 n\u00e4dalat. Graanulite lagunemine: 3-4 p\u00e4eva.<\/p>\n","protected":false},"excerpt":{"rendered":"<p>Kvaliteetse koostisega ning kontrollitud toitainete vabanemisega v\u00e4etis, mille madal l\u00e4mmastiku- ja k\u00f5rge kaaliumisisaldus soodustavad murukamara teket. Mikrograanulite koostis tagab \u00fchtlase v\u00e4etamise isegi madala kulunormi korral. V\u00e4etises sisalduv raudsulfaat hoiab sambla kontrolli all. Toimib h\u00e4sti madalatel temperatuuridel, soodustab muru kasvu ning parandab kulumiskindlust. Raud ja magneesium teevad muru vastupidavamaks. Saab kasutada igal aastaajal. Toimeaeg: 6 n\u00e4dalat. [&hellip;]<\/p>\n","protected":false},"featured_media":2378322,"comment_status":"closed","ping_status":"closed","template":"","meta":{"_themeisle_gutenberg_block_has_review":false},"product_cat":[16969],"product_tag":[],"class_list":{"0":"post-154745","1":"product","2":"type-product","3":"status-publish","4":"has-post-thumbnail","6":"product_cat-sugisvaetised","8":"first","9":"outofstock","10":"shipping-taxable","11":"purchasable","12":"product-type-simple"},"yoast_head":"<!-- This site is optimized with the Yoast SEO plugin v24.0 - https:\/\/yoast.com\/wordpress\/plugins\/seo\/ -->\n<title>S\u00fcgisv\u00e4etis murule Greenmaster ProLite Autumn Mg 6-5-11 +3MgO 25kg - Horticom<\/title>\n<meta name=\"robots\" content=\"index, follow, max-snippet:-1, max-image-preview:large, max-video-preview:-1\" \/>\n<link rel=\"canonical\" href=\"https:\/\/horticom.ee\/e-pood\/toode\/sugisvaetis-murule-greenmaster-prolite-autumn-mg-6-5-11-3mgo-25kg\/\" \/>\n<meta property=\"og:locale\" content=\"et_EE\" \/>\n<meta property=\"og:type\" content=\"article\" \/>\n<meta property=\"og:title\" content=\"S\u00fcgisv\u00e4etis murule Greenmaster ProLite Autumn Mg 6-5-11 +3MgO 25kg - Horticom\" \/>\n<meta property=\"og:description\" content=\"Kvaliteetse koostisega ning kontrollitud toitainete vabanemisega v\u00e4etis, mille madal l\u00e4mmastiku- ja k\u00f5rge kaaliumisisaldus soodustavad murukamara teket. Mikrograanulite koostis tagab \u00fchtlase v\u00e4etamise isegi madala kulunormi korral. V\u00e4etises sisalduv raudsulfaat hoiab sambla kontrolli all. Toimib h\u00e4sti madalatel temperatuuridel, soodustab muru kasvu ning parandab kulumiskindlust. Raud ja magneesium teevad muru vastupidavamaks. Saab kasutada igal aastaajal. Toimeaeg: 6 n\u00e4dalat. [&hellip;]\" \/>\n<meta property=\"og:url\" content=\"https:\/\/horticom.ee\/e-pood\/toode\/sugisvaetis-murule-greenmaster-prolite-autumn-mg-6-5-11-3mgo-25kg\/\" \/>\n<meta property=\"og:site_name\" content=\"Horticom.ee\" \/>\n<meta property=\"article:publisher\" content=\"https:\/\/www.facebook.com\/horticom.ee\/e-pood\" \/>\n<meta property=\"article:modified_time\" content=\"2026-04-24T00:11:47+00:00\" \/>\n<meta property=\"og:image\" content=\"https:\/\/horticom.ee\/e-pood\/wp-content\/uploads\/importedmedia\/product-154745_0-432152.jpg\" \/>\n\t<meta property=\"og:image:width\" content=\"1000\" \/>\n\t<meta property=\"og:image:height\" content=\"1000\" \/>\n\t<meta property=\"og:image:type\" content=\"image\/jpeg\" \/>\n<meta name=\"twitter:card\" content=\"summary_large_image\" \/>\n<script type=\"application\/ld+json\" class=\"yoast-schema-graph\">{\"@context\":\"https:\/\/schema.org\",\"@graph\":[{\"@type\":\"WebPage\",\"@id\":\"https:\/\/horticom.ee\/e-pood\/toode\/sugisvaetis-murule-greenmaster-prolite-autumn-mg-6-5-11-3mgo-25kg\/\",\"url\":\"https:\/\/horticom.ee\/e-pood\/toode\/sugisvaetis-murule-greenmaster-prolite-autumn-mg-6-5-11-3mgo-25kg\/\",\"name\":\"S\u00fcgisv\u00e4etis murule Greenmaster ProLite Autumn Mg 6-5-11 +3MgO 25kg - Horticom\",\"isPartOf\":{\"@id\":\"https:\/\/horticom.ee\/e-pood\/#website\"},\"primaryImageOfPage\":{\"@id\":\"https:\/\/horticom.ee\/e-pood\/toode\/sugisvaetis-murule-greenmaster-prolite-autumn-mg-6-5-11-3mgo-25kg\/#primaryimage\"},\"image\":{\"@id\":\"https:\/\/horticom.ee\/e-pood\/toode\/sugisvaetis-murule-greenmaster-prolite-autumn-mg-6-5-11-3mgo-25kg\/#primaryimage\"},\"thumbnailUrl\":\"https:\/\/horticom.ee\/e-pood\/wp-content\/uploads\/importedmedia\/product-154745_0-432152.jpg\",\"datePublished\":\"2022-01-17T22:08:07+00:00\",\"dateModified\":\"2026-04-24T00:11:47+00:00\",\"breadcrumb\":{\"@id\":\"https:\/\/horticom.ee\/e-pood\/toode\/sugisvaetis-murule-greenmaster-prolite-autumn-mg-6-5-11-3mgo-25kg\/#breadcrumb\"},\"inLanguage\":\"et\",\"potentialAction\":[{\"@type\":\"ReadAction\",\"target\":[\"https:\/\/horticom.ee\/e-pood\/toode\/sugisvaetis-murule-greenmaster-prolite-autumn-mg-6-5-11-3mgo-25kg\/\"]}]},{\"@type\":\"ImageObject\",\"inLanguage\":\"et\",\"@id\":\"https:\/\/horticom.ee\/e-pood\/toode\/sugisvaetis-murule-greenmaster-prolite-autumn-mg-6-5-11-3mgo-25kg\/#primaryimage\",\"url\":\"https:\/\/horticom.ee\/e-pood\/wp-content\/uploads\/importedmedia\/product-154745_0-432152.jpg\",\"contentUrl\":\"https:\/\/horticom.ee\/e-pood\/wp-content\/uploads\/importedmedia\/product-154745_0-432152.jpg\",\"width\":1000,\"height\":1000},{\"@type\":\"BreadcrumbList\",\"@id\":\"https:\/\/horticom.ee\/e-pood\/toode\/sugisvaetis-murule-greenmaster-prolite-autumn-mg-6-5-11-3mgo-25kg\/#breadcrumb\",\"itemListElement\":[{\"@type\":\"ListItem\",\"position\":1,\"name\":\"Home\",\"item\":\"https:\/\/horticom.ee\/e-pood\/\"},{\"@type\":\"ListItem\",\"position\":2,\"name\":\"Pood\",\"item\":\"https:\/\/horticom.ee\/e-pood\/pood\/\"},{\"@type\":\"ListItem\",\"position\":3,\"name\":\"S\u00fcgisv\u00e4etis murule Greenmaster ProLite Autumn Mg 6-5-11 +3MgO 25kg\"}]},{\"@type\":\"WebSite\",\"@id\":\"https:\/\/horticom.ee\/e-pood\/#website\",\"url\":\"https:\/\/horticom.ee\/e-pood\/\",\"name\":\"Horticom.ee\",\"description\":\"Aianduskaubad ja kodukaubad nii harrastajatele kui professionaalidele\",\"potentialAction\":[{\"@type\":\"SearchAction\",\"target\":{\"@type\":\"EntryPoint\",\"urlTemplate\":\"https:\/\/horticom.ee\/e-pood\/?s={search_term_string}\"},\"query-input\":{\"@type\":\"PropertyValueSpecification\",\"valueRequired\":true,\"valueName\":\"search_term_string\"}}],\"inLanguage\":\"et\"}]}<\/script>\n<!-- \/ Yoast SEO plugin. -->","yoast_head_json":{"title":"S\u00fcgisv\u00e4etis murule Greenmaster ProLite Autumn Mg 6-5-11 +3MgO 25kg - Horticom","robots":{"index":"index","follow":"follow","max-snippet":"max-snippet:-1","max-image-preview":"max-image-preview:large","max-video-preview":"max-video-preview:-1"},"canonical":"https:\/\/horticom.ee\/e-pood\/toode\/sugisvaetis-murule-greenmaster-prolite-autumn-mg-6-5-11-3mgo-25kg\/","og_locale":"et_EE","og_type":"article","og_title":"S\u00fcgisv\u00e4etis murule Greenmaster ProLite Autumn Mg 6-5-11 +3MgO 25kg - Horticom","og_description":"Kvaliteetse koostisega ning kontrollitud toitainete vabanemisega v\u00e4etis, mille madal l\u00e4mmastiku- ja k\u00f5rge kaaliumisisaldus soodustavad murukamara teket. Mikrograanulite koostis tagab \u00fchtlase v\u00e4etamise isegi madala kulunormi korral. V\u00e4etises sisalduv raudsulfaat hoiab sambla kontrolli all. Toimib h\u00e4sti madalatel temperatuuridel, soodustab muru kasvu ning parandab kulumiskindlust. Raud ja magneesium teevad muru vastupidavamaks. Saab kasutada igal aastaajal. Toimeaeg: 6 n\u00e4dalat. [&hellip;]","og_url":"https:\/\/horticom.ee\/e-pood\/toode\/sugisvaetis-murule-greenmaster-prolite-autumn-mg-6-5-11-3mgo-25kg\/","og_site_name":"Horticom.ee","article_publisher":"https:\/\/www.facebook.com\/horticom.ee\/e-pood","article_modified_time":"2026-04-24T00:11:47+00:00","og_image":[{"width":1000,"height":1000,"url":"https:\/\/horticom.ee\/e-pood\/wp-content\/uploads\/importedmedia\/product-154745_0-432152.jpg","type":"image\/jpeg"}],"twitter_card":"summary_large_image","schema":{"@context":"https:\/\/schema.org","@graph":[{"@type":"WebPage","@id":"https:\/\/horticom.ee\/e-pood\/toode\/sugisvaetis-murule-greenmaster-prolite-autumn-mg-6-5-11-3mgo-25kg\/","url":"https:\/\/horticom.ee\/e-pood\/toode\/sugisvaetis-murule-greenmaster-prolite-autumn-mg-6-5-11-3mgo-25kg\/","name":"S\u00fcgisv\u00e4etis murule Greenmaster ProLite Autumn Mg 6-5-11 +3MgO 25kg - Horticom","isPartOf":{"@id":"https:\/\/horticom.ee\/e-pood\/#website"},"primaryImageOfPage":{"@id":"https:\/\/horticom.ee\/e-pood\/toode\/sugisvaetis-murule-greenmaster-prolite-autumn-mg-6-5-11-3mgo-25kg\/#primaryimage"},"image":{"@id":"https:\/\/horticom.ee\/e-pood\/toode\/sugisvaetis-murule-greenmaster-prolite-autumn-mg-6-5-11-3mgo-25kg\/#primaryimage"},"thumbnailUrl":"https:\/\/horticom.ee\/e-pood\/wp-content\/uploads\/importedmedia\/product-154745_0-432152.jpg","datePublished":"2022-01-17T22:08:07+00:00","dateModified":"2026-04-24T00:11:47+00:00","breadcrumb":{"@id":"https:\/\/horticom.ee\/e-pood\/toode\/sugisvaetis-murule-greenmaster-prolite-autumn-mg-6-5-11-3mgo-25kg\/#breadcrumb"},"inLanguage":"et","potentialAction":[{"@type":"ReadAction","target":["https:\/\/horticom.ee\/e-pood\/toode\/sugisvaetis-murule-greenmaster-prolite-autumn-mg-6-5-11-3mgo-25kg\/"]}]},{"@type":"ImageObject","inLanguage":"et","@id":"https:\/\/horticom.ee\/e-pood\/toode\/sugisvaetis-murule-greenmaster-prolite-autumn-mg-6-5-11-3mgo-25kg\/#primaryimage","url":"https:\/\/horticom.ee\/e-pood\/wp-content\/uploads\/importedmedia\/product-154745_0-432152.jpg","contentUrl":"https:\/\/horticom.ee\/e-pood\/wp-content\/uploads\/importedmedia\/product-154745_0-432152.jpg","width":1000,"height":1000},{"@type":"BreadcrumbList","@id":"https:\/\/horticom.ee\/e-pood\/toode\/sugisvaetis-murule-greenmaster-prolite-autumn-mg-6-5-11-3mgo-25kg\/#breadcrumb","itemListElement":[{"@type":"ListItem","position":1,"name":"Home","item":"https:\/\/horticom.ee\/e-pood\/"},{"@type":"ListItem","position":2,"name":"Pood","item":"https:\/\/horticom.ee\/e-pood\/pood\/"},{"@type":"ListItem","position":3,"name":"S\u00fcgisv\u00e4etis murule Greenmaster ProLite Autumn Mg 6-5-11 +3MgO 25kg"}]},{"@type":"WebSite","@id":"https:\/\/horticom.ee\/e-pood\/#website","url":"https:\/\/horticom.ee\/e-pood\/","name":"Horticom.ee","description":"Aianduskaubad ja kodukaubad nii harrastajatele kui professionaalidele","potentialAction":[{"@type":"SearchAction","target":{"@type":"EntryPoint","urlTemplate":"https:\/\/horticom.ee\/e-pood\/?s={search_term_string}"},"query-input":{"@type":"PropertyValueSpecification","valueRequired":true,"valueName":"search_term_string"}}],"inLanguage":"et"}]}},"_links":{"self":[{"href":"https:\/\/horticom.ee\/e-pood\/wp-json\/wp\/v2\/product\/154745","targetHints":{"allow":["GET"]}}],"collection":[{"href":"https:\/\/horticom.ee\/e-pood\/wp-json\/wp\/v2\/product"}],"about":[{"href":"https:\/\/horticom.ee\/e-pood\/wp-json\/wp\/v2\/types\/product"}],"replies":[{"embeddable":true,"href":"https:\/\/horticom.ee\/e-pood\/wp-json\/wp\/v2\/comments?post=154745"}],"wp:featuredmedia":[{"embeddable":true,"href":"https:\/\/horticom.ee\/e-pood\/wp-json\/wp\/v2\/media\/2378322"}],"wp:attachment":[{"href":"https:\/\/horticom.ee\/e-pood\/wp-json\/wp\/v2\/media?parent=154745"}],"wp:term":[{"taxonomy":"product_cat","embeddable":true,"href":"https:\/\/horticom.ee\/e-pood\/wp-json\/wp\/v2\/product_cat?post=154745"},{"taxonomy":"product_tag","embeddable":true,"href":"https:\/\/horticom.ee\/e-pood\/wp-json\/wp\/v2\/product_tag?post=154745"}],"curies":[{"name":"wp","href":"https:\/\/api.w.org\/{rel}","templated":true}]}}