{"id":154757,"date":"2022-01-18T00:08:13","date_gmt":"2022-01-17T22:08:13","guid":{"rendered":"https:\/\/aednik24.ee\/toode\/suvikorvits-goldena-cucurbita-pepo-l-2\/"},"modified":"2026-05-03T03:10:41","modified_gmt":"2026-05-03T00:10:41","slug":"suvikorvits-goldena-cucurbita-pepo-l-2","status":"publish","type":"product","link":"https:\/\/horticom.ee\/e-pood\/toode\/suvikorvits-goldena-cucurbita-pepo-l-2\/","title":{"rendered":"Suvik\u00f5rvits Goldena &#8211; Cucurbita pepo L."},"content":{"rendered":"<p>Suvik\u00f5rvits Goldena on p\u00f5\u00f5sastaim. Vili silindrikujuline, kuni 20\u201360 cm pikkune, kollast v\u00e4rvi. K\u00f5ige paremini kasvab viljakas, orgaanilise v\u00e4etisega v\u00e4etatud p\u00e4ikesepaistelises pinnases. Sooja armastav aedvili, seda k\u00fclvatakse, kui pinnas soojeneb 10 cm s\u00fcgavusel kuni +10\u201312C temperatuurini. Kasutatakse v\u00e4rskena, v\u00f5ib praadida, hautada, konserveerida. 1g umbes 6\u20138 seemet.<\/p>\n","protected":false},"excerpt":{"rendered":"<p>Suvik\u00f5rvits Goldena on p\u00f5\u00f5sastaim. Vili silindrikujuline, kuni 20\u201360 cm pikkune, kollast v\u00e4rvi. K\u00f5ige paremini kasvab viljakas, orgaanilise v\u00e4etisega v\u00e4etatud p\u00e4ikesepaistelises pinnases. Sooja armastav aedvili, seda k\u00fclvatakse, kui pinnas soojeneb 10 cm s\u00fcgavusel kuni +10\u201312C temperatuurini. Kasutatakse v\u00e4rskena, v\u00f5ib praadida, hautada, konserveerida. 1g umbes 6\u20138 seemet.<\/p>\n","protected":false},"featured_media":162278,"comment_status":"closed","ping_status":"closed","template":"","meta":{"_themeisle_gutenberg_block_has_review":false},"product_cat":[13482],"product_tag":[],"class_list":{"0":"post-154757","1":"product","2":"type-product","3":"status-publish","4":"has-post-thumbnail","6":"product_cat-suvikorvits-korvits","8":"first","9":"instock","10":"shipping-taxable","11":"purchasable","12":"product-type-simple"},"yoast_head":"<!-- This site is optimized with the Yoast SEO plugin v24.0 - https:\/\/yoast.com\/wordpress\/plugins\/seo\/ -->\n<title>Suvik\u00f5rvits Goldena - Cucurbita pepo L. - Horticom.ee<\/title>\n<meta name=\"description\" content=\"Suvik\u00f5rvits Goldena, viljad 20-60 cm, kollased. Kasvab viljakas, orgaanilise v\u00e4etisega pinnases. Kasutatakse v\u00e4rskena, praadimiseks v\u00f5i hautamiseks.\" \/>\n<meta name=\"robots\" content=\"index, follow, max-snippet:-1, max-image-preview:large, max-video-preview:-1\" \/>\n<link rel=\"canonical\" href=\"https:\/\/horticom.ee\/e-pood\/toode\/suvikorvits-goldena-cucurbita-pepo-l-2\/\" \/>\n<meta property=\"og:locale\" content=\"et_EE\" \/>\n<meta property=\"og:type\" content=\"article\" \/>\n<meta property=\"og:title\" content=\"Suvik\u00f5rvits Goldena - Cucurbita pepo L. - Horticom.ee\" \/>\n<meta property=\"og:description\" content=\"Suvik\u00f5rvits Goldena, viljad 20-60 cm, kollased. Kasvab viljakas, orgaanilise v\u00e4etisega pinnases. Kasutatakse v\u00e4rskena, praadimiseks v\u00f5i hautamiseks.\" \/>\n<meta property=\"og:url\" content=\"https:\/\/horticom.ee\/e-pood\/toode\/suvikorvits-goldena-cucurbita-pepo-l-2\/\" \/>\n<meta property=\"og:site_name\" content=\"Horticom.ee\" \/>\n<meta property=\"article:publisher\" content=\"https:\/\/www.facebook.com\/horticom.ee\/e-pood\" \/>\n<meta property=\"article:modified_time\" content=\"2026-05-03T00:10:41+00:00\" \/>\n<meta property=\"og:image\" content=\"https:\/\/horticom.ee\/e-pood\/wp-content\/uploads\/importedmedia\/product-154757_0-LA1025.jpg\" \/>\n\t<meta property=\"og:image:width\" content=\"1000\" \/>\n\t<meta property=\"og:image:height\" content=\"1760\" \/>\n\t<meta property=\"og:image:type\" content=\"image\/jpeg\" \/>\n<meta name=\"twitter:card\" content=\"summary_large_image\" \/>\n<script type=\"application\/ld+json\" class=\"yoast-schema-graph\">{\"@context\":\"https:\/\/schema.org\",\"@graph\":[{\"@type\":\"WebPage\",\"@id\":\"https:\/\/horticom.ee\/e-pood\/toode\/suvikorvits-goldena-cucurbita-pepo-l-2\/\",\"url\":\"https:\/\/horticom.ee\/e-pood\/toode\/suvikorvits-goldena-cucurbita-pepo-l-2\/\",\"name\":\"Suvik\u00f5rvits Goldena - Cucurbita pepo L. - Horticom.ee\",\"isPartOf\":{\"@id\":\"https:\/\/horticom.ee\/e-pood\/#website\"},\"primaryImageOfPage\":{\"@id\":\"https:\/\/horticom.ee\/e-pood\/toode\/suvikorvits-goldena-cucurbita-pepo-l-2\/#primaryimage\"},\"image\":{\"@id\":\"https:\/\/horticom.ee\/e-pood\/toode\/suvikorvits-goldena-cucurbita-pepo-l-2\/#primaryimage\"},\"thumbnailUrl\":\"https:\/\/horticom.ee\/e-pood\/wp-content\/uploads\/importedmedia\/product-154757_0-LA1025.jpg\",\"datePublished\":\"2022-01-17T22:08:13+00:00\",\"dateModified\":\"2026-05-03T00:10:41+00:00\",\"description\":\"Suvik\u00f5rvits Goldena, viljad 20-60 cm, kollased. Kasvab viljakas, orgaanilise v\u00e4etisega pinnases. Kasutatakse v\u00e4rskena, praadimiseks v\u00f5i hautamiseks.\",\"breadcrumb\":{\"@id\":\"https:\/\/horticom.ee\/e-pood\/toode\/suvikorvits-goldena-cucurbita-pepo-l-2\/#breadcrumb\"},\"inLanguage\":\"et\",\"potentialAction\":[{\"@type\":\"ReadAction\",\"target\":[\"https:\/\/horticom.ee\/e-pood\/toode\/suvikorvits-goldena-cucurbita-pepo-l-2\/\"]}]},{\"@type\":\"ImageObject\",\"inLanguage\":\"et\",\"@id\":\"https:\/\/horticom.ee\/e-pood\/toode\/suvikorvits-goldena-cucurbita-pepo-l-2\/#primaryimage\",\"url\":\"https:\/\/horticom.ee\/e-pood\/wp-content\/uploads\/importedmedia\/product-154757_0-LA1025.jpg\",\"contentUrl\":\"https:\/\/horticom.ee\/e-pood\/wp-content\/uploads\/importedmedia\/product-154757_0-LA1025.jpg\",\"width\":1000,\"height\":1760,\"caption\":\"Suvik\u00f5rvits Goldena - Cucurbita pepo L.\"},{\"@type\":\"BreadcrumbList\",\"@id\":\"https:\/\/horticom.ee\/e-pood\/toode\/suvikorvits-goldena-cucurbita-pepo-l-2\/#breadcrumb\",\"itemListElement\":[{\"@type\":\"ListItem\",\"position\":1,\"name\":\"Home\",\"item\":\"https:\/\/horticom.ee\/e-pood\/\"},{\"@type\":\"ListItem\",\"position\":2,\"name\":\"Pood\",\"item\":\"https:\/\/horticom.ee\/e-pood\/pood\/\"},{\"@type\":\"ListItem\",\"position\":3,\"name\":\"Suvik\u00f5rvits Goldena &#8211; Cucurbita pepo L.\"}]},{\"@type\":\"WebSite\",\"@id\":\"https:\/\/horticom.ee\/e-pood\/#website\",\"url\":\"https:\/\/horticom.ee\/e-pood\/\",\"name\":\"Horticom.ee\",\"description\":\"Aianduskaubad ja kodukaubad nii harrastajatele kui professionaalidele\",\"potentialAction\":[{\"@type\":\"SearchAction\",\"target\":{\"@type\":\"EntryPoint\",\"urlTemplate\":\"https:\/\/horticom.ee\/e-pood\/?s={search_term_string}\"},\"query-input\":{\"@type\":\"PropertyValueSpecification\",\"valueRequired\":true,\"valueName\":\"search_term_string\"}}],\"inLanguage\":\"et\"}]}<\/script>\n<!-- \/ Yoast SEO plugin. -->","yoast_head_json":{"title":"Suvik\u00f5rvits Goldena - Cucurbita pepo L. - Horticom.ee","description":"Suvik\u00f5rvits Goldena, viljad 20-60 cm, kollased. Kasvab viljakas, orgaanilise v\u00e4etisega pinnases. Kasutatakse v\u00e4rskena, praadimiseks v\u00f5i hautamiseks.","robots":{"index":"index","follow":"follow","max-snippet":"max-snippet:-1","max-image-preview":"max-image-preview:large","max-video-preview":"max-video-preview:-1"},"canonical":"https:\/\/horticom.ee\/e-pood\/toode\/suvikorvits-goldena-cucurbita-pepo-l-2\/","og_locale":"et_EE","og_type":"article","og_title":"Suvik\u00f5rvits Goldena - Cucurbita pepo L. - Horticom.ee","og_description":"Suvik\u00f5rvits Goldena, viljad 20-60 cm, kollased. Kasvab viljakas, orgaanilise v\u00e4etisega pinnases. Kasutatakse v\u00e4rskena, praadimiseks v\u00f5i hautamiseks.","og_url":"https:\/\/horticom.ee\/e-pood\/toode\/suvikorvits-goldena-cucurbita-pepo-l-2\/","og_site_name":"Horticom.ee","article_publisher":"https:\/\/www.facebook.com\/horticom.ee\/e-pood","article_modified_time":"2026-05-03T00:10:41+00:00","og_image":[{"width":1000,"height":1760,"url":"https:\/\/horticom.ee\/e-pood\/wp-content\/uploads\/importedmedia\/product-154757_0-LA1025.jpg","type":"image\/jpeg"}],"twitter_card":"summary_large_image","schema":{"@context":"https:\/\/schema.org","@graph":[{"@type":"WebPage","@id":"https:\/\/horticom.ee\/e-pood\/toode\/suvikorvits-goldena-cucurbita-pepo-l-2\/","url":"https:\/\/horticom.ee\/e-pood\/toode\/suvikorvits-goldena-cucurbita-pepo-l-2\/","name":"Suvik\u00f5rvits Goldena - Cucurbita pepo L. - Horticom.ee","isPartOf":{"@id":"https:\/\/horticom.ee\/e-pood\/#website"},"primaryImageOfPage":{"@id":"https:\/\/horticom.ee\/e-pood\/toode\/suvikorvits-goldena-cucurbita-pepo-l-2\/#primaryimage"},"image":{"@id":"https:\/\/horticom.ee\/e-pood\/toode\/suvikorvits-goldena-cucurbita-pepo-l-2\/#primaryimage"},"thumbnailUrl":"https:\/\/horticom.ee\/e-pood\/wp-content\/uploads\/importedmedia\/product-154757_0-LA1025.jpg","datePublished":"2022-01-17T22:08:13+00:00","dateModified":"2026-05-03T00:10:41+00:00","description":"Suvik\u00f5rvits Goldena, viljad 20-60 cm, kollased. Kasvab viljakas, orgaanilise v\u00e4etisega pinnases. Kasutatakse v\u00e4rskena, praadimiseks v\u00f5i hautamiseks.","breadcrumb":{"@id":"https:\/\/horticom.ee\/e-pood\/toode\/suvikorvits-goldena-cucurbita-pepo-l-2\/#breadcrumb"},"inLanguage":"et","potentialAction":[{"@type":"ReadAction","target":["https:\/\/horticom.ee\/e-pood\/toode\/suvikorvits-goldena-cucurbita-pepo-l-2\/"]}]},{"@type":"ImageObject","inLanguage":"et","@id":"https:\/\/horticom.ee\/e-pood\/toode\/suvikorvits-goldena-cucurbita-pepo-l-2\/#primaryimage","url":"https:\/\/horticom.ee\/e-pood\/wp-content\/uploads\/importedmedia\/product-154757_0-LA1025.jpg","contentUrl":"https:\/\/horticom.ee\/e-pood\/wp-content\/uploads\/importedmedia\/product-154757_0-LA1025.jpg","width":1000,"height":1760,"caption":"Suvik\u00f5rvits Goldena - Cucurbita pepo L."},{"@type":"BreadcrumbList","@id":"https:\/\/horticom.ee\/e-pood\/toode\/suvikorvits-goldena-cucurbita-pepo-l-2\/#breadcrumb","itemListElement":[{"@type":"ListItem","position":1,"name":"Home","item":"https:\/\/horticom.ee\/e-pood\/"},{"@type":"ListItem","position":2,"name":"Pood","item":"https:\/\/horticom.ee\/e-pood\/pood\/"},{"@type":"ListItem","position":3,"name":"Suvik\u00f5rvits Goldena &#8211; Cucurbita pepo L."}]},{"@type":"WebSite","@id":"https:\/\/horticom.ee\/e-pood\/#website","url":"https:\/\/horticom.ee\/e-pood\/","name":"Horticom.ee","description":"Aianduskaubad ja kodukaubad nii harrastajatele kui professionaalidele","potentialAction":[{"@type":"SearchAction","target":{"@type":"EntryPoint","urlTemplate":"https:\/\/horticom.ee\/e-pood\/?s={search_term_string}"},"query-input":{"@type":"PropertyValueSpecification","valueRequired":true,"valueName":"search_term_string"}}],"inLanguage":"et"}]}},"_links":{"self":[{"href":"https:\/\/horticom.ee\/e-pood\/wp-json\/wp\/v2\/product\/154757","targetHints":{"allow":["GET"]}}],"collection":[{"href":"https:\/\/horticom.ee\/e-pood\/wp-json\/wp\/v2\/product"}],"about":[{"href":"https:\/\/horticom.ee\/e-pood\/wp-json\/wp\/v2\/types\/product"}],"replies":[{"embeddable":true,"href":"https:\/\/horticom.ee\/e-pood\/wp-json\/wp\/v2\/comments?post=154757"}],"wp:featuredmedia":[{"embeddable":true,"href":"https:\/\/horticom.ee\/e-pood\/wp-json\/wp\/v2\/media\/162278"}],"wp:attachment":[{"href":"https:\/\/horticom.ee\/e-pood\/wp-json\/wp\/v2\/media?parent=154757"}],"wp:term":[{"taxonomy":"product_cat","embeddable":true,"href":"https:\/\/horticom.ee\/e-pood\/wp-json\/wp\/v2\/product_cat?post=154757"},{"taxonomy":"product_tag","embeddable":true,"href":"https:\/\/horticom.ee\/e-pood\/wp-json\/wp\/v2\/product_tag?post=154757"}],"curies":[{"name":"wp","href":"https:\/\/api.w.org\/{rel}","templated":true}]}}