{"id":154809,"date":"2022-01-18T00:08:44","date_gmt":"2022-01-17T22:08:44","guid":{"rendered":"https:\/\/aednik24.ee\/toode\/istutuskauss-loft-urban-35cm-tumehall\/"},"modified":"2026-05-11T03:08:22","modified_gmt":"2026-05-11T00:08:22","slug":"istutuskauss-loft-urban-35cm-tumehall","status":"publish","type":"product","link":"https:\/\/horticom.ee\/e-pood\/toode\/istutuskauss-loft-urban-35cm-tumehall\/","title":{"rendered":"Istutuskauss Elho Loft Urban d 35cm 13L antratsiit"},"content":{"rendered":"<p>Istutuskauss Loft Urban on valmistatud kvaliteetsest plastikust, mis on k\u00fclmakindel ja sobib kasutamiseks igal aastaajal. Spetsiaalselt disainitud kaunistama sinu terassi. Sisse ehitatud veereservuaar, et \u00fcleliigne vesi koguneks sinna ja taim saaks vajalikult ajal vee k\u00e4tte. Toote valmistamisel kasutatakse erilisi  erilisi v\u00e4rvipigmente, mist\u00f5ttu toodetel p\u00fcsib originaalv\u00e4rv kauem.<\/p>\n","protected":false},"excerpt":{"rendered":"<p>Istutuskauss Loft Urban on valmistatud kvaliteetsest plastikust, mis on k\u00fclmakindel ja sobib kasutamiseks igal aastaajal. Spetsiaalselt disainitud kaunistama sinu terassi. Sisse ehitatud veereservuaar, et \u00fcleliigne vesi koguneks sinna ja taim saaks vajalikult ajal vee k\u00e4tte. Toote valmistamisel kasutatakse erilisi erilisi v\u00e4rvipigmente, mist\u00f5ttu toodetel p\u00fcsib originaalv\u00e4rv kauem.<\/p>\n","protected":false},"featured_media":162126,"comment_status":"closed","ping_status":"closed","template":"","meta":{"_themeisle_gutenberg_block_has_review":false},"product_cat":[13475],"product_tag":[],"class_list":{"0":"post-154809","1":"product","2":"type-product","3":"status-publish","4":"has-post-thumbnail","6":"product_cat-istutuspotid","8":"first","9":"instock","10":"shipping-taxable","11":"purchasable","12":"product-type-simple"},"yoast_head":"<!-- This site is optimized with the Yoast SEO plugin v24.0 - https:\/\/yoast.com\/wordpress\/plugins\/seo\/ -->\n<title>Istutuskauss Elho Loft Urban d 35cm antratsiit - Horticom<\/title>\n<meta name=\"description\" content=\"Istutuskauss Elho Loft Urban \u2013 Kvaliteetne plastikust istutuskauss, millel on veereservuaar. Sobib terrassile ja igaks aastaajaks.\" \/>\n<meta name=\"robots\" content=\"index, follow, max-snippet:-1, max-image-preview:large, max-video-preview:-1\" \/>\n<link rel=\"canonical\" href=\"https:\/\/horticom.ee\/e-pood\/toode\/istutuskauss-loft-urban-35cm-tumehall\/\" \/>\n<meta property=\"og:locale\" content=\"et_EE\" \/>\n<meta property=\"og:type\" content=\"article\" \/>\n<meta property=\"og:title\" content=\"Istutuskauss Elho Loft Urban d 35cm antratsiit - Horticom\" \/>\n<meta property=\"og:description\" content=\"Istutuskauss Elho Loft Urban \u2013 Kvaliteetne plastikust istutuskauss, millel on veereservuaar. Sobib terrassile ja igaks aastaajaks.\" \/>\n<meta property=\"og:url\" content=\"https:\/\/horticom.ee\/e-pood\/toode\/istutuskauss-loft-urban-35cm-tumehall\/\" \/>\n<meta property=\"og:site_name\" content=\"Horticom.ee\" \/>\n<meta property=\"article:publisher\" content=\"https:\/\/www.facebook.com\/horticom.ee\/e-pood\" \/>\n<meta property=\"article:modified_time\" content=\"2026-05-11T00:08:22+00:00\" \/>\n<meta property=\"og:image\" content=\"https:\/\/horticom.ee\/e-pood\/wp-content\/uploads\/importedmedia\/product-154809_0-640555_425.jpg\" \/>\n\t<meta property=\"og:image:width\" content=\"1000\" \/>\n\t<meta property=\"og:image:height\" content=\"1000\" \/>\n\t<meta property=\"og:image:type\" content=\"image\/jpeg\" \/>\n<meta name=\"twitter:card\" content=\"summary_large_image\" \/>\n<meta name=\"twitter:label1\" content=\"Est. reading time\" \/>\n\t<meta name=\"twitter:data1\" content=\"1 minut\" \/>\n<script type=\"application\/ld+json\" class=\"yoast-schema-graph\">{\"@context\":\"https:\/\/schema.org\",\"@graph\":[{\"@type\":\"WebPage\",\"@id\":\"https:\/\/horticom.ee\/e-pood\/toode\/istutuskauss-loft-urban-35cm-tumehall\/\",\"url\":\"https:\/\/horticom.ee\/e-pood\/toode\/istutuskauss-loft-urban-35cm-tumehall\/\",\"name\":\"Istutuskauss Elho Loft Urban d 35cm antratsiit - Horticom\",\"isPartOf\":{\"@id\":\"https:\/\/horticom.ee\/e-pood\/#website\"},\"primaryImageOfPage\":{\"@id\":\"https:\/\/horticom.ee\/e-pood\/toode\/istutuskauss-loft-urban-35cm-tumehall\/#primaryimage\"},\"image\":{\"@id\":\"https:\/\/horticom.ee\/e-pood\/toode\/istutuskauss-loft-urban-35cm-tumehall\/#primaryimage\"},\"thumbnailUrl\":\"https:\/\/horticom.ee\/e-pood\/wp-content\/uploads\/importedmedia\/product-154809_0-640555_425.jpg\",\"datePublished\":\"2022-01-17T22:08:44+00:00\",\"dateModified\":\"2026-05-11T00:08:22+00:00\",\"description\":\"Istutuskauss Elho Loft Urban \u2013 Kvaliteetne plastikust istutuskauss, millel on veereservuaar. Sobib terrassile ja igaks aastaajaks.\",\"breadcrumb\":{\"@id\":\"https:\/\/horticom.ee\/e-pood\/toode\/istutuskauss-loft-urban-35cm-tumehall\/#breadcrumb\"},\"inLanguage\":\"et\",\"potentialAction\":[{\"@type\":\"ReadAction\",\"target\":[\"https:\/\/horticom.ee\/e-pood\/toode\/istutuskauss-loft-urban-35cm-tumehall\/\"]}]},{\"@type\":\"ImageObject\",\"inLanguage\":\"et\",\"@id\":\"https:\/\/horticom.ee\/e-pood\/toode\/istutuskauss-loft-urban-35cm-tumehall\/#primaryimage\",\"url\":\"https:\/\/horticom.ee\/e-pood\/wp-content\/uploads\/importedmedia\/product-154809_0-640555_425.jpg\",\"contentUrl\":\"https:\/\/horticom.ee\/e-pood\/wp-content\/uploads\/importedmedia\/product-154809_0-640555_425.jpg\",\"width\":1000,\"height\":1000,\"caption\":\"Istutuskauss Elho Loft Urban d 35cm antratsiit\"},{\"@type\":\"BreadcrumbList\",\"@id\":\"https:\/\/horticom.ee\/e-pood\/toode\/istutuskauss-loft-urban-35cm-tumehall\/#breadcrumb\",\"itemListElement\":[{\"@type\":\"ListItem\",\"position\":1,\"name\":\"Home\",\"item\":\"https:\/\/horticom.ee\/e-pood\/\"},{\"@type\":\"ListItem\",\"position\":2,\"name\":\"Pood\",\"item\":\"https:\/\/horticom.ee\/e-pood\/pood\/\"},{\"@type\":\"ListItem\",\"position\":3,\"name\":\"Istutuskauss Elho Loft Urban d 35cm 13L antratsiit\"}]},{\"@type\":\"WebSite\",\"@id\":\"https:\/\/horticom.ee\/e-pood\/#website\",\"url\":\"https:\/\/horticom.ee\/e-pood\/\",\"name\":\"Horticom.ee\",\"description\":\"Aianduskaubad ja kodukaubad nii harrastajatele kui professionaalidele\",\"potentialAction\":[{\"@type\":\"SearchAction\",\"target\":{\"@type\":\"EntryPoint\",\"urlTemplate\":\"https:\/\/horticom.ee\/e-pood\/?s={search_term_string}\"},\"query-input\":{\"@type\":\"PropertyValueSpecification\",\"valueRequired\":true,\"valueName\":\"search_term_string\"}}],\"inLanguage\":\"et\"}]}<\/script>\n<!-- \/ Yoast SEO plugin. -->","yoast_head_json":{"title":"Istutuskauss Elho Loft Urban d 35cm antratsiit - Horticom","description":"Istutuskauss Elho Loft Urban \u2013 Kvaliteetne plastikust istutuskauss, millel on veereservuaar. Sobib terrassile ja igaks aastaajaks.","robots":{"index":"index","follow":"follow","max-snippet":"max-snippet:-1","max-image-preview":"max-image-preview:large","max-video-preview":"max-video-preview:-1"},"canonical":"https:\/\/horticom.ee\/e-pood\/toode\/istutuskauss-loft-urban-35cm-tumehall\/","og_locale":"et_EE","og_type":"article","og_title":"Istutuskauss Elho Loft Urban d 35cm antratsiit - Horticom","og_description":"Istutuskauss Elho Loft Urban \u2013 Kvaliteetne plastikust istutuskauss, millel on veereservuaar. Sobib terrassile ja igaks aastaajaks.","og_url":"https:\/\/horticom.ee\/e-pood\/toode\/istutuskauss-loft-urban-35cm-tumehall\/","og_site_name":"Horticom.ee","article_publisher":"https:\/\/www.facebook.com\/horticom.ee\/e-pood","article_modified_time":"2026-05-11T00:08:22+00:00","og_image":[{"width":1000,"height":1000,"url":"https:\/\/horticom.ee\/e-pood\/wp-content\/uploads\/importedmedia\/product-154809_0-640555_425.jpg","type":"image\/jpeg"}],"twitter_card":"summary_large_image","twitter_misc":{"Est. reading time":"1 minut"},"schema":{"@context":"https:\/\/schema.org","@graph":[{"@type":"WebPage","@id":"https:\/\/horticom.ee\/e-pood\/toode\/istutuskauss-loft-urban-35cm-tumehall\/","url":"https:\/\/horticom.ee\/e-pood\/toode\/istutuskauss-loft-urban-35cm-tumehall\/","name":"Istutuskauss Elho Loft Urban d 35cm antratsiit - Horticom","isPartOf":{"@id":"https:\/\/horticom.ee\/e-pood\/#website"},"primaryImageOfPage":{"@id":"https:\/\/horticom.ee\/e-pood\/toode\/istutuskauss-loft-urban-35cm-tumehall\/#primaryimage"},"image":{"@id":"https:\/\/horticom.ee\/e-pood\/toode\/istutuskauss-loft-urban-35cm-tumehall\/#primaryimage"},"thumbnailUrl":"https:\/\/horticom.ee\/e-pood\/wp-content\/uploads\/importedmedia\/product-154809_0-640555_425.jpg","datePublished":"2022-01-17T22:08:44+00:00","dateModified":"2026-05-11T00:08:22+00:00","description":"Istutuskauss Elho Loft Urban \u2013 Kvaliteetne plastikust istutuskauss, millel on veereservuaar. Sobib terrassile ja igaks aastaajaks.","breadcrumb":{"@id":"https:\/\/horticom.ee\/e-pood\/toode\/istutuskauss-loft-urban-35cm-tumehall\/#breadcrumb"},"inLanguage":"et","potentialAction":[{"@type":"ReadAction","target":["https:\/\/horticom.ee\/e-pood\/toode\/istutuskauss-loft-urban-35cm-tumehall\/"]}]},{"@type":"ImageObject","inLanguage":"et","@id":"https:\/\/horticom.ee\/e-pood\/toode\/istutuskauss-loft-urban-35cm-tumehall\/#primaryimage","url":"https:\/\/horticom.ee\/e-pood\/wp-content\/uploads\/importedmedia\/product-154809_0-640555_425.jpg","contentUrl":"https:\/\/horticom.ee\/e-pood\/wp-content\/uploads\/importedmedia\/product-154809_0-640555_425.jpg","width":1000,"height":1000,"caption":"Istutuskauss Elho Loft Urban d 35cm antratsiit"},{"@type":"BreadcrumbList","@id":"https:\/\/horticom.ee\/e-pood\/toode\/istutuskauss-loft-urban-35cm-tumehall\/#breadcrumb","itemListElement":[{"@type":"ListItem","position":1,"name":"Home","item":"https:\/\/horticom.ee\/e-pood\/"},{"@type":"ListItem","position":2,"name":"Pood","item":"https:\/\/horticom.ee\/e-pood\/pood\/"},{"@type":"ListItem","position":3,"name":"Istutuskauss Elho Loft Urban d 35cm 13L antratsiit"}]},{"@type":"WebSite","@id":"https:\/\/horticom.ee\/e-pood\/#website","url":"https:\/\/horticom.ee\/e-pood\/","name":"Horticom.ee","description":"Aianduskaubad ja kodukaubad nii harrastajatele kui professionaalidele","potentialAction":[{"@type":"SearchAction","target":{"@type":"EntryPoint","urlTemplate":"https:\/\/horticom.ee\/e-pood\/?s={search_term_string}"},"query-input":{"@type":"PropertyValueSpecification","valueRequired":true,"valueName":"search_term_string"}}],"inLanguage":"et"}]}},"_links":{"self":[{"href":"https:\/\/horticom.ee\/e-pood\/wp-json\/wp\/v2\/product\/154809","targetHints":{"allow":["GET"]}}],"collection":[{"href":"https:\/\/horticom.ee\/e-pood\/wp-json\/wp\/v2\/product"}],"about":[{"href":"https:\/\/horticom.ee\/e-pood\/wp-json\/wp\/v2\/types\/product"}],"replies":[{"embeddable":true,"href":"https:\/\/horticom.ee\/e-pood\/wp-json\/wp\/v2\/comments?post=154809"}],"wp:featuredmedia":[{"embeddable":true,"href":"https:\/\/horticom.ee\/e-pood\/wp-json\/wp\/v2\/media\/162126"}],"wp:attachment":[{"href":"https:\/\/horticom.ee\/e-pood\/wp-json\/wp\/v2\/media?parent=154809"}],"wp:term":[{"taxonomy":"product_cat","embeddable":true,"href":"https:\/\/horticom.ee\/e-pood\/wp-json\/wp\/v2\/product_cat?post=154809"},{"taxonomy":"product_tag","embeddable":true,"href":"https:\/\/horticom.ee\/e-pood\/wp-json\/wp\/v2\/product_tag?post=154809"}],"curies":[{"name":"wp","href":"https:\/\/api.w.org\/{rel}","templated":true}]}}