{"id":154823,"date":"2022-01-18T00:08:52","date_gmt":"2022-01-17T22:08:52","guid":{"rendered":"https:\/\/aednik24.ee\/toode\/spinat-olbym-zimowy-spinacia-oleracea\/"},"modified":"2026-04-16T03:14:49","modified_gmt":"2026-04-16T00:14:49","slug":"spinat-olbym-zimowy-spinacia-oleracea","status":"publish","type":"product","link":"https:\/\/horticom.ee\/e-pood\/toode\/spinat-olbym-zimowy-spinacia-oleracea\/","title":{"rendered":"Spinat Olbym Zimowy Spinacia oleracea"},"content":{"rendered":"<p>Spinat Olbym Zimowy n\u00f5uab toitaineterikast ja niisket, mittehappelist pinda. S\u00fcgiseseks korjeks k\u00fclvata augusti keskpaigas, kevadiseks korjeks septembri alguses. K\u00fclmakindel sort. Sobib s\u00fcgiseseks k\u00fclviks, korjatakse p\u00e4rast talvitumist. Talvitub v\u00e4ga h\u00e4sti. Lehed on suured, helerohelised, k\u00f5rge C-vitamiini sisaldusega. Vahetuks tarbimiseks. Sobib ka k\u00fclmutamiseks.<\/p>\n","protected":false},"excerpt":{"rendered":"<p>Spinat Olbym Zimowy n\u00f5uab toitaineterikast ja niisket, mittehappelist pinda. S\u00fcgiseseks korjeks k\u00fclvata augusti keskpaigas, kevadiseks korjeks septembri alguses. K\u00fclmakindel sort. Sobib s\u00fcgiseseks k\u00fclviks, korjatakse p\u00e4rast talvitumist. Talvitub v\u00e4ga h\u00e4sti. Lehed on suured, helerohelised, k\u00f5rge C-vitamiini sisaldusega. Vahetuks tarbimiseks. Sobib ka k\u00fclmutamiseks.<\/p>\n","protected":false},"featured_media":162088,"comment_status":"closed","ping_status":"closed","template":"","meta":{"_themeisle_gutenberg_block_has_review":false},"product_cat":[13484],"product_tag":[],"class_list":{"0":"post-154823","1":"product","2":"type-product","3":"status-publish","4":"has-post-thumbnail","6":"product_cat-salat-spinat-ruccola","8":"first","9":"instock","10":"shipping-taxable","11":"purchasable","12":"product-type-simple"},"yoast_head":"<!-- This site is optimized with the Yoast SEO plugin v24.0 - https:\/\/yoast.com\/wordpress\/plugins\/seo\/ -->\n<title>Spinat Olbym Zimowy Spinacia oleracea - Horticom.ee<\/title>\n<meta name=\"description\" content=\"Spinat Olbym Zimowy \u2013 K\u00fclmakindel spinatisort s\u00fcgiseseks k\u00fclviks ja kevadiseks korjeks. Suured lehed, rikkalik C-vitamiini allikas, sobib k\u00fclmutamiseks.\" \/>\n<meta name=\"robots\" content=\"index, follow, max-snippet:-1, max-image-preview:large, max-video-preview:-1\" \/>\n<link rel=\"canonical\" href=\"https:\/\/horticom.ee\/e-pood\/toode\/spinat-olbym-zimowy-spinacia-oleracea\/\" \/>\n<meta property=\"og:locale\" content=\"et_EE\" \/>\n<meta property=\"og:type\" content=\"article\" \/>\n<meta property=\"og:title\" content=\"Spinat Olbym Zimowy Spinacia oleracea - Horticom.ee\" \/>\n<meta property=\"og:description\" content=\"Spinat Olbym Zimowy \u2013 K\u00fclmakindel spinatisort s\u00fcgiseseks k\u00fclviks ja kevadiseks korjeks. Suured lehed, rikkalik C-vitamiini allikas, sobib k\u00fclmutamiseks.\" \/>\n<meta property=\"og:url\" content=\"https:\/\/horticom.ee\/e-pood\/toode\/spinat-olbym-zimowy-spinacia-oleracea\/\" \/>\n<meta property=\"og:site_name\" content=\"Horticom.ee\" \/>\n<meta property=\"article:publisher\" content=\"https:\/\/www.facebook.com\/horticom.ee\/e-pood\" \/>\n<meta property=\"article:modified_time\" content=\"2026-04-16T00:14:49+00:00\" \/>\n<meta property=\"og:image\" content=\"https:\/\/horticom.ee\/e-pood\/wp-content\/uploads\/importedmedia\/product-154823_0-VC893.jpg\" \/>\n\t<meta property=\"og:image:width\" content=\"1000\" \/>\n\t<meta property=\"og:image:height\" content=\"1498\" \/>\n\t<meta property=\"og:image:type\" content=\"image\/jpeg\" \/>\n<meta name=\"twitter:card\" content=\"summary_large_image\" \/>\n<script type=\"application\/ld+json\" class=\"yoast-schema-graph\">{\"@context\":\"https:\/\/schema.org\",\"@graph\":[{\"@type\":\"WebPage\",\"@id\":\"https:\/\/horticom.ee\/e-pood\/toode\/spinat-olbym-zimowy-spinacia-oleracea\/\",\"url\":\"https:\/\/horticom.ee\/e-pood\/toode\/spinat-olbym-zimowy-spinacia-oleracea\/\",\"name\":\"Spinat Olbym Zimowy Spinacia oleracea - Horticom.ee\",\"isPartOf\":{\"@id\":\"https:\/\/horticom.ee\/e-pood\/#website\"},\"primaryImageOfPage\":{\"@id\":\"https:\/\/horticom.ee\/e-pood\/toode\/spinat-olbym-zimowy-spinacia-oleracea\/#primaryimage\"},\"image\":{\"@id\":\"https:\/\/horticom.ee\/e-pood\/toode\/spinat-olbym-zimowy-spinacia-oleracea\/#primaryimage\"},\"thumbnailUrl\":\"https:\/\/horticom.ee\/e-pood\/wp-content\/uploads\/importedmedia\/product-154823_0-VC893.jpg\",\"datePublished\":\"2022-01-17T22:08:52+00:00\",\"dateModified\":\"2026-04-16T00:14:49+00:00\",\"description\":\"Spinat Olbym Zimowy \u2013 K\u00fclmakindel spinatisort s\u00fcgiseseks k\u00fclviks ja kevadiseks korjeks. Suured lehed, rikkalik C-vitamiini allikas, sobib k\u00fclmutamiseks.\",\"breadcrumb\":{\"@id\":\"https:\/\/horticom.ee\/e-pood\/toode\/spinat-olbym-zimowy-spinacia-oleracea\/#breadcrumb\"},\"inLanguage\":\"et\",\"potentialAction\":[{\"@type\":\"ReadAction\",\"target\":[\"https:\/\/horticom.ee\/e-pood\/toode\/spinat-olbym-zimowy-spinacia-oleracea\/\"]}]},{\"@type\":\"ImageObject\",\"inLanguage\":\"et\",\"@id\":\"https:\/\/horticom.ee\/e-pood\/toode\/spinat-olbym-zimowy-spinacia-oleracea\/#primaryimage\",\"url\":\"https:\/\/horticom.ee\/e-pood\/wp-content\/uploads\/importedmedia\/product-154823_0-VC893.jpg\",\"contentUrl\":\"https:\/\/horticom.ee\/e-pood\/wp-content\/uploads\/importedmedia\/product-154823_0-VC893.jpg\",\"width\":1000,\"height\":1498,\"caption\":\"Spinat Olbym Zimowy Spinacia oleracea\"},{\"@type\":\"BreadcrumbList\",\"@id\":\"https:\/\/horticom.ee\/e-pood\/toode\/spinat-olbym-zimowy-spinacia-oleracea\/#breadcrumb\",\"itemListElement\":[{\"@type\":\"ListItem\",\"position\":1,\"name\":\"Home\",\"item\":\"https:\/\/horticom.ee\/e-pood\/\"},{\"@type\":\"ListItem\",\"position\":2,\"name\":\"Pood\",\"item\":\"https:\/\/horticom.ee\/e-pood\/pood\/\"},{\"@type\":\"ListItem\",\"position\":3,\"name\":\"Spinat Olbym Zimowy Spinacia oleracea\"}]},{\"@type\":\"WebSite\",\"@id\":\"https:\/\/horticom.ee\/e-pood\/#website\",\"url\":\"https:\/\/horticom.ee\/e-pood\/\",\"name\":\"Horticom.ee\",\"description\":\"Aianduskaubad ja kodukaubad nii harrastajatele kui professionaalidele\",\"potentialAction\":[{\"@type\":\"SearchAction\",\"target\":{\"@type\":\"EntryPoint\",\"urlTemplate\":\"https:\/\/horticom.ee\/e-pood\/?s={search_term_string}\"},\"query-input\":{\"@type\":\"PropertyValueSpecification\",\"valueRequired\":true,\"valueName\":\"search_term_string\"}}],\"inLanguage\":\"et\"}]}<\/script>\n<!-- \/ Yoast SEO plugin. -->","yoast_head_json":{"title":"Spinat Olbym Zimowy Spinacia oleracea - Horticom.ee","description":"Spinat Olbym Zimowy \u2013 K\u00fclmakindel spinatisort s\u00fcgiseseks k\u00fclviks ja kevadiseks korjeks. Suured lehed, rikkalik C-vitamiini allikas, sobib k\u00fclmutamiseks.","robots":{"index":"index","follow":"follow","max-snippet":"max-snippet:-1","max-image-preview":"max-image-preview:large","max-video-preview":"max-video-preview:-1"},"canonical":"https:\/\/horticom.ee\/e-pood\/toode\/spinat-olbym-zimowy-spinacia-oleracea\/","og_locale":"et_EE","og_type":"article","og_title":"Spinat Olbym Zimowy Spinacia oleracea - Horticom.ee","og_description":"Spinat Olbym Zimowy \u2013 K\u00fclmakindel spinatisort s\u00fcgiseseks k\u00fclviks ja kevadiseks korjeks. Suured lehed, rikkalik C-vitamiini allikas, sobib k\u00fclmutamiseks.","og_url":"https:\/\/horticom.ee\/e-pood\/toode\/spinat-olbym-zimowy-spinacia-oleracea\/","og_site_name":"Horticom.ee","article_publisher":"https:\/\/www.facebook.com\/horticom.ee\/e-pood","article_modified_time":"2026-04-16T00:14:49+00:00","og_image":[{"width":1000,"height":1498,"url":"https:\/\/horticom.ee\/e-pood\/wp-content\/uploads\/importedmedia\/product-154823_0-VC893.jpg","type":"image\/jpeg"}],"twitter_card":"summary_large_image","schema":{"@context":"https:\/\/schema.org","@graph":[{"@type":"WebPage","@id":"https:\/\/horticom.ee\/e-pood\/toode\/spinat-olbym-zimowy-spinacia-oleracea\/","url":"https:\/\/horticom.ee\/e-pood\/toode\/spinat-olbym-zimowy-spinacia-oleracea\/","name":"Spinat Olbym Zimowy Spinacia oleracea - Horticom.ee","isPartOf":{"@id":"https:\/\/horticom.ee\/e-pood\/#website"},"primaryImageOfPage":{"@id":"https:\/\/horticom.ee\/e-pood\/toode\/spinat-olbym-zimowy-spinacia-oleracea\/#primaryimage"},"image":{"@id":"https:\/\/horticom.ee\/e-pood\/toode\/spinat-olbym-zimowy-spinacia-oleracea\/#primaryimage"},"thumbnailUrl":"https:\/\/horticom.ee\/e-pood\/wp-content\/uploads\/importedmedia\/product-154823_0-VC893.jpg","datePublished":"2022-01-17T22:08:52+00:00","dateModified":"2026-04-16T00:14:49+00:00","description":"Spinat Olbym Zimowy \u2013 K\u00fclmakindel spinatisort s\u00fcgiseseks k\u00fclviks ja kevadiseks korjeks. Suured lehed, rikkalik C-vitamiini allikas, sobib k\u00fclmutamiseks.","breadcrumb":{"@id":"https:\/\/horticom.ee\/e-pood\/toode\/spinat-olbym-zimowy-spinacia-oleracea\/#breadcrumb"},"inLanguage":"et","potentialAction":[{"@type":"ReadAction","target":["https:\/\/horticom.ee\/e-pood\/toode\/spinat-olbym-zimowy-spinacia-oleracea\/"]}]},{"@type":"ImageObject","inLanguage":"et","@id":"https:\/\/horticom.ee\/e-pood\/toode\/spinat-olbym-zimowy-spinacia-oleracea\/#primaryimage","url":"https:\/\/horticom.ee\/e-pood\/wp-content\/uploads\/importedmedia\/product-154823_0-VC893.jpg","contentUrl":"https:\/\/horticom.ee\/e-pood\/wp-content\/uploads\/importedmedia\/product-154823_0-VC893.jpg","width":1000,"height":1498,"caption":"Spinat Olbym Zimowy Spinacia oleracea"},{"@type":"BreadcrumbList","@id":"https:\/\/horticom.ee\/e-pood\/toode\/spinat-olbym-zimowy-spinacia-oleracea\/#breadcrumb","itemListElement":[{"@type":"ListItem","position":1,"name":"Home","item":"https:\/\/horticom.ee\/e-pood\/"},{"@type":"ListItem","position":2,"name":"Pood","item":"https:\/\/horticom.ee\/e-pood\/pood\/"},{"@type":"ListItem","position":3,"name":"Spinat Olbym Zimowy Spinacia oleracea"}]},{"@type":"WebSite","@id":"https:\/\/horticom.ee\/e-pood\/#website","url":"https:\/\/horticom.ee\/e-pood\/","name":"Horticom.ee","description":"Aianduskaubad ja kodukaubad nii harrastajatele kui professionaalidele","potentialAction":[{"@type":"SearchAction","target":{"@type":"EntryPoint","urlTemplate":"https:\/\/horticom.ee\/e-pood\/?s={search_term_string}"},"query-input":{"@type":"PropertyValueSpecification","valueRequired":true,"valueName":"search_term_string"}}],"inLanguage":"et"}]}},"_links":{"self":[{"href":"https:\/\/horticom.ee\/e-pood\/wp-json\/wp\/v2\/product\/154823","targetHints":{"allow":["GET"]}}],"collection":[{"href":"https:\/\/horticom.ee\/e-pood\/wp-json\/wp\/v2\/product"}],"about":[{"href":"https:\/\/horticom.ee\/e-pood\/wp-json\/wp\/v2\/types\/product"}],"replies":[{"embeddable":true,"href":"https:\/\/horticom.ee\/e-pood\/wp-json\/wp\/v2\/comments?post=154823"}],"wp:featuredmedia":[{"embeddable":true,"href":"https:\/\/horticom.ee\/e-pood\/wp-json\/wp\/v2\/media\/162088"}],"wp:attachment":[{"href":"https:\/\/horticom.ee\/e-pood\/wp-json\/wp\/v2\/media?parent=154823"}],"wp:term":[{"taxonomy":"product_cat","embeddable":true,"href":"https:\/\/horticom.ee\/e-pood\/wp-json\/wp\/v2\/product_cat?post=154823"},{"taxonomy":"product_tag","embeddable":true,"href":"https:\/\/horticom.ee\/e-pood\/wp-json\/wp\/v2\/product_tag?post=154823"}],"curies":[{"name":"wp","href":"https:\/\/api.w.org\/{rel}","templated":true}]}}