{"id":154847,"date":"2022-01-18T00:09:05","date_gmt":"2022-01-17T22:09:05","guid":{"rendered":"https:\/\/aednik24.ee\/toode\/pruudisolg-jorjenikujuline-california-giants-zinnia-elegans-dahlienflora\/"},"modified":"2026-05-03T03:10:45","modified_gmt":"2026-05-03T00:10:45","slug":"pruudisolg-jorjenikujuline-california-giants-zinnia-elegans-dahlienflora","status":"publish","type":"product","link":"https:\/\/horticom.ee\/e-pood\/toode\/pruudisolg-jorjenikujuline-california-giants-zinnia-elegans-dahlienflora\/","title":{"rendered":"Pruudis\u00f5lg jorjenikujuline California Giants &#8211; Zinnia"},"content":{"rendered":"<p>Pruudis\u00f5lg jorjenikujuline California Giants on \u00fcheaastane, 90 cm k\u00f5rgune taim. Istutatakse lillepeenardesse, nopitakse kimpude jaoks. \u00d5ied 10\u201312cm l\u00e4bim\u00f5\u00f5duga. Kasvab ja \u00f5itseb h\u00e4sti p\u00e4ikesepaistelistes ja soojades kohtades, kerges pinnases. K\u00fclmatundlik. V\u00f5ib mitte kasta, kuid kastmisel kasvavad \u00f5ied suuremaks. 1g umbes 90-110 seemet.<\/p>\n","protected":false},"excerpt":{"rendered":"<p>Pruudis\u00f5lg jorjenikujuline California Giants on \u00fcheaastane, 90 cm k\u00f5rgune taim. Istutatakse lillepeenardesse, nopitakse kimpude jaoks. \u00d5ied 10\u201312cm l\u00e4bim\u00f5\u00f5duga. Kasvab ja \u00f5itseb h\u00e4sti p\u00e4ikesepaistelistes ja soojades kohtades, kerges pinnases. K\u00fclmatundlik. V\u00f5ib mitte kasta, kuid kastmisel kasvavad \u00f5ied suuremaks. 1g umbes 90-110 seemet.<\/p>\n","protected":false},"featured_media":162040,"comment_status":"closed","ping_status":"closed","template":"","meta":{"_themeisle_gutenberg_block_has_review":false},"product_cat":[13500],"product_tag":[],"class_list":{"0":"post-154847","1":"product","2":"type-product","3":"status-publish","4":"has-post-thumbnail","6":"product_cat-zinnia","8":"first","9":"instock","10":"shipping-taxable","11":"purchasable","12":"product-type-simple"},"yoast_head":"<!-- This site is optimized with the Yoast SEO plugin v24.0 - https:\/\/yoast.com\/wordpress\/plugins\/seo\/ -->\n<title>Pruudis\u00f5lg jorjenikujuline California Giants - Zinnia<\/title>\n<meta name=\"description\" content=\"Pruudis\u00f5lg jorjenikujuline California Giants on \u00fcheaastane, 90 cm k\u00f5rgune taim. Sobibe kimpudeks.Eelistab p\u00e4ikesepaistelist ja sooja kohta.\" \/>\n<meta name=\"robots\" content=\"index, follow, max-snippet:-1, max-image-preview:large, max-video-preview:-1\" \/>\n<link rel=\"canonical\" href=\"https:\/\/horticom.ee\/e-pood\/toode\/pruudisolg-jorjenikujuline-california-giants-zinnia-elegans-dahlienflora\/\" \/>\n<meta property=\"og:locale\" content=\"et_EE\" \/>\n<meta property=\"og:type\" content=\"article\" \/>\n<meta property=\"og:title\" content=\"Pruudis\u00f5lg jorjenikujuline California Giants - Zinnia\" \/>\n<meta property=\"og:description\" content=\"Pruudis\u00f5lg jorjenikujuline California Giants on \u00fcheaastane, 90 cm k\u00f5rgune taim. Sobibe kimpudeks.Eelistab p\u00e4ikesepaistelist ja sooja kohta.\" \/>\n<meta property=\"og:url\" content=\"https:\/\/horticom.ee\/e-pood\/toode\/pruudisolg-jorjenikujuline-california-giants-zinnia-elegans-dahlienflora\/\" \/>\n<meta property=\"og:site_name\" content=\"Horticom.ee\" \/>\n<meta property=\"article:publisher\" content=\"https:\/\/www.facebook.com\/horticom.ee\/e-pood\" \/>\n<meta property=\"article:modified_time\" content=\"2026-05-03T00:10:45+00:00\" \/>\n<meta property=\"og:image\" content=\"https:\/\/horticom.ee\/e-pood\/wp-content\/uploads\/importedmedia\/product-154847_0-LB2004.jpg\" \/>\n\t<meta property=\"og:image:width\" content=\"1000\" \/>\n\t<meta property=\"og:image:height\" content=\"1755\" \/>\n\t<meta property=\"og:image:type\" content=\"image\/jpeg\" \/>\n<meta name=\"twitter:card\" content=\"summary_large_image\" \/>\n<script type=\"application\/ld+json\" class=\"yoast-schema-graph\">{\"@context\":\"https:\/\/schema.org\",\"@graph\":[{\"@type\":\"WebPage\",\"@id\":\"https:\/\/horticom.ee\/e-pood\/toode\/pruudisolg-jorjenikujuline-california-giants-zinnia-elegans-dahlienflora\/\",\"url\":\"https:\/\/horticom.ee\/e-pood\/toode\/pruudisolg-jorjenikujuline-california-giants-zinnia-elegans-dahlienflora\/\",\"name\":\"Pruudis\u00f5lg jorjenikujuline California Giants - Zinnia\",\"isPartOf\":{\"@id\":\"https:\/\/horticom.ee\/e-pood\/#website\"},\"primaryImageOfPage\":{\"@id\":\"https:\/\/horticom.ee\/e-pood\/toode\/pruudisolg-jorjenikujuline-california-giants-zinnia-elegans-dahlienflora\/#primaryimage\"},\"image\":{\"@id\":\"https:\/\/horticom.ee\/e-pood\/toode\/pruudisolg-jorjenikujuline-california-giants-zinnia-elegans-dahlienflora\/#primaryimage\"},\"thumbnailUrl\":\"https:\/\/horticom.ee\/e-pood\/wp-content\/uploads\/importedmedia\/product-154847_0-LB2004.jpg\",\"datePublished\":\"2022-01-17T22:09:05+00:00\",\"dateModified\":\"2026-05-03T00:10:45+00:00\",\"description\":\"Pruudis\u00f5lg jorjenikujuline California Giants on \u00fcheaastane, 90 cm k\u00f5rgune taim. Sobibe kimpudeks.Eelistab p\u00e4ikesepaistelist ja sooja kohta.\",\"breadcrumb\":{\"@id\":\"https:\/\/horticom.ee\/e-pood\/toode\/pruudisolg-jorjenikujuline-california-giants-zinnia-elegans-dahlienflora\/#breadcrumb\"},\"inLanguage\":\"et\",\"potentialAction\":[{\"@type\":\"ReadAction\",\"target\":[\"https:\/\/horticom.ee\/e-pood\/toode\/pruudisolg-jorjenikujuline-california-giants-zinnia-elegans-dahlienflora\/\"]}]},{\"@type\":\"ImageObject\",\"inLanguage\":\"et\",\"@id\":\"https:\/\/horticom.ee\/e-pood\/toode\/pruudisolg-jorjenikujuline-california-giants-zinnia-elegans-dahlienflora\/#primaryimage\",\"url\":\"https:\/\/horticom.ee\/e-pood\/wp-content\/uploads\/importedmedia\/product-154847_0-LB2004.jpg\",\"contentUrl\":\"https:\/\/horticom.ee\/e-pood\/wp-content\/uploads\/importedmedia\/product-154847_0-LB2004.jpg\",\"width\":1000,\"height\":1755,\"caption\":\"Pruudis\u00f5lg jorjenikujuline California Giants - Zinnia\"},{\"@type\":\"BreadcrumbList\",\"@id\":\"https:\/\/horticom.ee\/e-pood\/toode\/pruudisolg-jorjenikujuline-california-giants-zinnia-elegans-dahlienflora\/#breadcrumb\",\"itemListElement\":[{\"@type\":\"ListItem\",\"position\":1,\"name\":\"Home\",\"item\":\"https:\/\/horticom.ee\/e-pood\/\"},{\"@type\":\"ListItem\",\"position\":2,\"name\":\"Pood\",\"item\":\"https:\/\/horticom.ee\/e-pood\/pood\/\"},{\"@type\":\"ListItem\",\"position\":3,\"name\":\"Pruudis\u00f5lg jorjenikujuline California Giants &#8211; Zinnia\"}]},{\"@type\":\"WebSite\",\"@id\":\"https:\/\/horticom.ee\/e-pood\/#website\",\"url\":\"https:\/\/horticom.ee\/e-pood\/\",\"name\":\"Horticom.ee\",\"description\":\"Aianduskaubad ja kodukaubad nii harrastajatele kui professionaalidele\",\"potentialAction\":[{\"@type\":\"SearchAction\",\"target\":{\"@type\":\"EntryPoint\",\"urlTemplate\":\"https:\/\/horticom.ee\/e-pood\/?s={search_term_string}\"},\"query-input\":{\"@type\":\"PropertyValueSpecification\",\"valueRequired\":true,\"valueName\":\"search_term_string\"}}],\"inLanguage\":\"et\"}]}<\/script>\n<!-- \/ Yoast SEO plugin. -->","yoast_head_json":{"title":"Pruudis\u00f5lg jorjenikujuline California Giants - Zinnia","description":"Pruudis\u00f5lg jorjenikujuline California Giants on \u00fcheaastane, 90 cm k\u00f5rgune taim. Sobibe kimpudeks.Eelistab p\u00e4ikesepaistelist ja sooja kohta.","robots":{"index":"index","follow":"follow","max-snippet":"max-snippet:-1","max-image-preview":"max-image-preview:large","max-video-preview":"max-video-preview:-1"},"canonical":"https:\/\/horticom.ee\/e-pood\/toode\/pruudisolg-jorjenikujuline-california-giants-zinnia-elegans-dahlienflora\/","og_locale":"et_EE","og_type":"article","og_title":"Pruudis\u00f5lg jorjenikujuline California Giants - Zinnia","og_description":"Pruudis\u00f5lg jorjenikujuline California Giants on \u00fcheaastane, 90 cm k\u00f5rgune taim. Sobibe kimpudeks.Eelistab p\u00e4ikesepaistelist ja sooja kohta.","og_url":"https:\/\/horticom.ee\/e-pood\/toode\/pruudisolg-jorjenikujuline-california-giants-zinnia-elegans-dahlienflora\/","og_site_name":"Horticom.ee","article_publisher":"https:\/\/www.facebook.com\/horticom.ee\/e-pood","article_modified_time":"2026-05-03T00:10:45+00:00","og_image":[{"width":1000,"height":1755,"url":"https:\/\/horticom.ee\/e-pood\/wp-content\/uploads\/importedmedia\/product-154847_0-LB2004.jpg","type":"image\/jpeg"}],"twitter_card":"summary_large_image","schema":{"@context":"https:\/\/schema.org","@graph":[{"@type":"WebPage","@id":"https:\/\/horticom.ee\/e-pood\/toode\/pruudisolg-jorjenikujuline-california-giants-zinnia-elegans-dahlienflora\/","url":"https:\/\/horticom.ee\/e-pood\/toode\/pruudisolg-jorjenikujuline-california-giants-zinnia-elegans-dahlienflora\/","name":"Pruudis\u00f5lg jorjenikujuline California Giants - Zinnia","isPartOf":{"@id":"https:\/\/horticom.ee\/e-pood\/#website"},"primaryImageOfPage":{"@id":"https:\/\/horticom.ee\/e-pood\/toode\/pruudisolg-jorjenikujuline-california-giants-zinnia-elegans-dahlienflora\/#primaryimage"},"image":{"@id":"https:\/\/horticom.ee\/e-pood\/toode\/pruudisolg-jorjenikujuline-california-giants-zinnia-elegans-dahlienflora\/#primaryimage"},"thumbnailUrl":"https:\/\/horticom.ee\/e-pood\/wp-content\/uploads\/importedmedia\/product-154847_0-LB2004.jpg","datePublished":"2022-01-17T22:09:05+00:00","dateModified":"2026-05-03T00:10:45+00:00","description":"Pruudis\u00f5lg jorjenikujuline California Giants on \u00fcheaastane, 90 cm k\u00f5rgune taim. Sobibe kimpudeks.Eelistab p\u00e4ikesepaistelist ja sooja kohta.","breadcrumb":{"@id":"https:\/\/horticom.ee\/e-pood\/toode\/pruudisolg-jorjenikujuline-california-giants-zinnia-elegans-dahlienflora\/#breadcrumb"},"inLanguage":"et","potentialAction":[{"@type":"ReadAction","target":["https:\/\/horticom.ee\/e-pood\/toode\/pruudisolg-jorjenikujuline-california-giants-zinnia-elegans-dahlienflora\/"]}]},{"@type":"ImageObject","inLanguage":"et","@id":"https:\/\/horticom.ee\/e-pood\/toode\/pruudisolg-jorjenikujuline-california-giants-zinnia-elegans-dahlienflora\/#primaryimage","url":"https:\/\/horticom.ee\/e-pood\/wp-content\/uploads\/importedmedia\/product-154847_0-LB2004.jpg","contentUrl":"https:\/\/horticom.ee\/e-pood\/wp-content\/uploads\/importedmedia\/product-154847_0-LB2004.jpg","width":1000,"height":1755,"caption":"Pruudis\u00f5lg jorjenikujuline California Giants - Zinnia"},{"@type":"BreadcrumbList","@id":"https:\/\/horticom.ee\/e-pood\/toode\/pruudisolg-jorjenikujuline-california-giants-zinnia-elegans-dahlienflora\/#breadcrumb","itemListElement":[{"@type":"ListItem","position":1,"name":"Home","item":"https:\/\/horticom.ee\/e-pood\/"},{"@type":"ListItem","position":2,"name":"Pood","item":"https:\/\/horticom.ee\/e-pood\/pood\/"},{"@type":"ListItem","position":3,"name":"Pruudis\u00f5lg jorjenikujuline California Giants &#8211; Zinnia"}]},{"@type":"WebSite","@id":"https:\/\/horticom.ee\/e-pood\/#website","url":"https:\/\/horticom.ee\/e-pood\/","name":"Horticom.ee","description":"Aianduskaubad ja kodukaubad nii harrastajatele kui professionaalidele","potentialAction":[{"@type":"SearchAction","target":{"@type":"EntryPoint","urlTemplate":"https:\/\/horticom.ee\/e-pood\/?s={search_term_string}"},"query-input":{"@type":"PropertyValueSpecification","valueRequired":true,"valueName":"search_term_string"}}],"inLanguage":"et"}]}},"_links":{"self":[{"href":"https:\/\/horticom.ee\/e-pood\/wp-json\/wp\/v2\/product\/154847","targetHints":{"allow":["GET"]}}],"collection":[{"href":"https:\/\/horticom.ee\/e-pood\/wp-json\/wp\/v2\/product"}],"about":[{"href":"https:\/\/horticom.ee\/e-pood\/wp-json\/wp\/v2\/types\/product"}],"replies":[{"embeddable":true,"href":"https:\/\/horticom.ee\/e-pood\/wp-json\/wp\/v2\/comments?post=154847"}],"wp:featuredmedia":[{"embeddable":true,"href":"https:\/\/horticom.ee\/e-pood\/wp-json\/wp\/v2\/media\/162040"}],"wp:attachment":[{"href":"https:\/\/horticom.ee\/e-pood\/wp-json\/wp\/v2\/media?parent=154847"}],"wp:term":[{"taxonomy":"product_cat","embeddable":true,"href":"https:\/\/horticom.ee\/e-pood\/wp-json\/wp\/v2\/product_cat?post=154847"},{"taxonomy":"product_tag","embeddable":true,"href":"https:\/\/horticom.ee\/e-pood\/wp-json\/wp\/v2\/product_tag?post=154847"}],"curies":[{"name":"wp","href":"https:\/\/api.w.org\/{rel}","templated":true}]}}