{"id":154865,"date":"2022-01-18T00:09:16","date_gmt":"2022-01-17T22:09:16","guid":{"rendered":"https:\/\/aednik24.ee\/toode\/valge-ristik-abercrest-100g\/"},"modified":"2026-04-18T03:15:48","modified_gmt":"2026-04-18T00:15:48","slug":"valge-ristik-abercrest-100g","status":"publish","type":"product","link":"https:\/\/horticom.ee\/e-pood\/toode\/valge-ristik-abercrest-100g\/","title":{"rendered":"Valge ristik Abercrest 100g"},"content":{"rendered":"<p>V\u00e4ikeseleheline. Seeme on sobiv murutaimiku mitmekesistamiseks. Mitmeaastane rohttaim. Pinnase suhtes v\u00e4hen\u00f5udlik, kasvab h\u00e4sti niiskes ja happelises pinnases. Sobib kasvatamiseks heinataimede murusegudes. Muruplatside jaoks, kus kasvab valge ristik, on soovitatavad v\u00e4iksemad l\u00e4mmastikv\u00e4etise normid. Seemned k\u00fclvatakse 0,5-1cm s\u00fcgavusele (v\u00f5ib k\u00fclvata varakevadest s\u00fcgiseni). Talvitub h\u00e4sti, on vastupidav haigustele.<\/p>\n","protected":false},"excerpt":{"rendered":"<p>V\u00e4ikeseleheline. Seeme on sobiv murutaimiku mitmekesistamiseks. Mitmeaastane rohttaim. Pinnase suhtes v\u00e4hen\u00f5udlik, kasvab h\u00e4sti niiskes ja happelises pinnases. Sobib kasvatamiseks heinataimede murusegudes. Muruplatside jaoks, kus kasvab valge ristik, on soovitatavad v\u00e4iksemad l\u00e4mmastikv\u00e4etise normid. Seemned k\u00fclvatakse 0,5-1cm s\u00fcgavusele (v\u00f5ib k\u00fclvata varakevadest s\u00fcgiseni). Talvitub h\u00e4sti, on vastupidav haigustele.<\/p>\n","protected":false},"featured_media":2379732,"comment_status":"closed","ping_status":"closed","template":"","meta":{"_themeisle_gutenberg_block_has_review":false},"product_cat":[13539],"product_tag":[],"class_list":{"0":"post-154865","1":"product","2":"type-product","3":"status-publish","4":"has-post-thumbnail","6":"product_cat-koduaiamurud","8":"first","9":"outofstock","10":"sale","11":"shipping-taxable","12":"purchasable","13":"product-type-simple"},"yoast_head":"<!-- This site is optimized with the Yoast SEO plugin v24.0 - https:\/\/yoast.com\/wordpress\/plugins\/seo\/ -->\n<title>Valge ristik Abercrest 100g - Horticom<\/title>\n<meta name=\"robots\" content=\"index, follow, max-snippet:-1, max-image-preview:large, max-video-preview:-1\" \/>\n<link rel=\"canonical\" href=\"https:\/\/horticom.ee\/e-pood\/toode\/valge-ristik-abercrest-100g\/\" \/>\n<meta property=\"og:locale\" content=\"et_EE\" \/>\n<meta property=\"og:type\" content=\"article\" \/>\n<meta property=\"og:title\" content=\"Valge ristik Abercrest 100g - Horticom\" \/>\n<meta property=\"og:description\" content=\"V\u00e4ikeseleheline. Seeme on sobiv murutaimiku mitmekesistamiseks. Mitmeaastane rohttaim. Pinnase suhtes v\u00e4hen\u00f5udlik, kasvab h\u00e4sti niiskes ja happelises pinnases. Sobib kasvatamiseks heinataimede murusegudes. Muruplatside jaoks, kus kasvab valge ristik, on soovitatavad v\u00e4iksemad l\u00e4mmastikv\u00e4etise normid. Seemned k\u00fclvatakse 0,5-1cm s\u00fcgavusele (v\u00f5ib k\u00fclvata varakevadest s\u00fcgiseni). Talvitub h\u00e4sti, on vastupidav haigustele.\" \/>\n<meta property=\"og:url\" content=\"https:\/\/horticom.ee\/e-pood\/toode\/valge-ristik-abercrest-100g\/\" \/>\n<meta property=\"og:site_name\" content=\"Horticom.ee\" \/>\n<meta property=\"article:publisher\" content=\"https:\/\/www.facebook.com\/horticom.ee\/e-pood\" \/>\n<meta property=\"article:modified_time\" content=\"2026-04-18T00:15:48+00:00\" \/>\n<meta property=\"og:image\" content=\"https:\/\/horticom.ee\/e-pood\/wp-content\/uploads\/importedmedia\/product-154865_0-6071.jpg\" \/>\n\t<meta property=\"og:image:width\" content=\"1000\" \/>\n\t<meta property=\"og:image:height\" content=\"1584\" \/>\n\t<meta property=\"og:image:type\" content=\"image\/jpeg\" \/>\n<meta name=\"twitter:card\" content=\"summary_large_image\" \/>\n<meta name=\"twitter:label1\" content=\"Est. reading time\" \/>\n\t<meta name=\"twitter:data1\" content=\"1 minut\" \/>\n<script type=\"application\/ld+json\" class=\"yoast-schema-graph\">{\"@context\":\"https:\/\/schema.org\",\"@graph\":[{\"@type\":\"WebPage\",\"@id\":\"https:\/\/horticom.ee\/e-pood\/toode\/valge-ristik-abercrest-100g\/\",\"url\":\"https:\/\/horticom.ee\/e-pood\/toode\/valge-ristik-abercrest-100g\/\",\"name\":\"Valge ristik Abercrest 100g - Horticom\",\"isPartOf\":{\"@id\":\"https:\/\/horticom.ee\/e-pood\/#website\"},\"primaryImageOfPage\":{\"@id\":\"https:\/\/horticom.ee\/e-pood\/toode\/valge-ristik-abercrest-100g\/#primaryimage\"},\"image\":{\"@id\":\"https:\/\/horticom.ee\/e-pood\/toode\/valge-ristik-abercrest-100g\/#primaryimage\"},\"thumbnailUrl\":\"https:\/\/horticom.ee\/e-pood\/wp-content\/uploads\/importedmedia\/product-154865_0-6071.jpg\",\"datePublished\":\"2022-01-17T22:09:16+00:00\",\"dateModified\":\"2026-04-18T00:15:48+00:00\",\"breadcrumb\":{\"@id\":\"https:\/\/horticom.ee\/e-pood\/toode\/valge-ristik-abercrest-100g\/#breadcrumb\"},\"inLanguage\":\"et\",\"potentialAction\":[{\"@type\":\"ReadAction\",\"target\":[\"https:\/\/horticom.ee\/e-pood\/toode\/valge-ristik-abercrest-100g\/\"]}]},{\"@type\":\"ImageObject\",\"inLanguage\":\"et\",\"@id\":\"https:\/\/horticom.ee\/e-pood\/toode\/valge-ristik-abercrest-100g\/#primaryimage\",\"url\":\"https:\/\/horticom.ee\/e-pood\/wp-content\/uploads\/importedmedia\/product-154865_0-6071.jpg\",\"contentUrl\":\"https:\/\/horticom.ee\/e-pood\/wp-content\/uploads\/importedmedia\/product-154865_0-6071.jpg\",\"width\":1000,\"height\":1584},{\"@type\":\"BreadcrumbList\",\"@id\":\"https:\/\/horticom.ee\/e-pood\/toode\/valge-ristik-abercrest-100g\/#breadcrumb\",\"itemListElement\":[{\"@type\":\"ListItem\",\"position\":1,\"name\":\"Home\",\"item\":\"https:\/\/horticom.ee\/e-pood\/\"},{\"@type\":\"ListItem\",\"position\":2,\"name\":\"Pood\",\"item\":\"https:\/\/horticom.ee\/e-pood\/pood\/\"},{\"@type\":\"ListItem\",\"position\":3,\"name\":\"Valge ristik Abercrest 100g\"}]},{\"@type\":\"WebSite\",\"@id\":\"https:\/\/horticom.ee\/e-pood\/#website\",\"url\":\"https:\/\/horticom.ee\/e-pood\/\",\"name\":\"Horticom.ee\",\"description\":\"Aianduskaubad ja kodukaubad nii harrastajatele kui professionaalidele\",\"potentialAction\":[{\"@type\":\"SearchAction\",\"target\":{\"@type\":\"EntryPoint\",\"urlTemplate\":\"https:\/\/horticom.ee\/e-pood\/?s={search_term_string}\"},\"query-input\":{\"@type\":\"PropertyValueSpecification\",\"valueRequired\":true,\"valueName\":\"search_term_string\"}}],\"inLanguage\":\"et\"}]}<\/script>\n<!-- \/ Yoast SEO plugin. -->","yoast_head_json":{"title":"Valge ristik Abercrest 100g - Horticom","robots":{"index":"index","follow":"follow","max-snippet":"max-snippet:-1","max-image-preview":"max-image-preview:large","max-video-preview":"max-video-preview:-1"},"canonical":"https:\/\/horticom.ee\/e-pood\/toode\/valge-ristik-abercrest-100g\/","og_locale":"et_EE","og_type":"article","og_title":"Valge ristik Abercrest 100g - Horticom","og_description":"V\u00e4ikeseleheline. Seeme on sobiv murutaimiku mitmekesistamiseks. Mitmeaastane rohttaim. Pinnase suhtes v\u00e4hen\u00f5udlik, kasvab h\u00e4sti niiskes ja happelises pinnases. Sobib kasvatamiseks heinataimede murusegudes. Muruplatside jaoks, kus kasvab valge ristik, on soovitatavad v\u00e4iksemad l\u00e4mmastikv\u00e4etise normid. Seemned k\u00fclvatakse 0,5-1cm s\u00fcgavusele (v\u00f5ib k\u00fclvata varakevadest s\u00fcgiseni). Talvitub h\u00e4sti, on vastupidav haigustele.","og_url":"https:\/\/horticom.ee\/e-pood\/toode\/valge-ristik-abercrest-100g\/","og_site_name":"Horticom.ee","article_publisher":"https:\/\/www.facebook.com\/horticom.ee\/e-pood","article_modified_time":"2026-04-18T00:15:48+00:00","og_image":[{"width":1000,"height":1584,"url":"https:\/\/horticom.ee\/e-pood\/wp-content\/uploads\/importedmedia\/product-154865_0-6071.jpg","type":"image\/jpeg"}],"twitter_card":"summary_large_image","twitter_misc":{"Est. reading time":"1 minut"},"schema":{"@context":"https:\/\/schema.org","@graph":[{"@type":"WebPage","@id":"https:\/\/horticom.ee\/e-pood\/toode\/valge-ristik-abercrest-100g\/","url":"https:\/\/horticom.ee\/e-pood\/toode\/valge-ristik-abercrest-100g\/","name":"Valge ristik Abercrest 100g - Horticom","isPartOf":{"@id":"https:\/\/horticom.ee\/e-pood\/#website"},"primaryImageOfPage":{"@id":"https:\/\/horticom.ee\/e-pood\/toode\/valge-ristik-abercrest-100g\/#primaryimage"},"image":{"@id":"https:\/\/horticom.ee\/e-pood\/toode\/valge-ristik-abercrest-100g\/#primaryimage"},"thumbnailUrl":"https:\/\/horticom.ee\/e-pood\/wp-content\/uploads\/importedmedia\/product-154865_0-6071.jpg","datePublished":"2022-01-17T22:09:16+00:00","dateModified":"2026-04-18T00:15:48+00:00","breadcrumb":{"@id":"https:\/\/horticom.ee\/e-pood\/toode\/valge-ristik-abercrest-100g\/#breadcrumb"},"inLanguage":"et","potentialAction":[{"@type":"ReadAction","target":["https:\/\/horticom.ee\/e-pood\/toode\/valge-ristik-abercrest-100g\/"]}]},{"@type":"ImageObject","inLanguage":"et","@id":"https:\/\/horticom.ee\/e-pood\/toode\/valge-ristik-abercrest-100g\/#primaryimage","url":"https:\/\/horticom.ee\/e-pood\/wp-content\/uploads\/importedmedia\/product-154865_0-6071.jpg","contentUrl":"https:\/\/horticom.ee\/e-pood\/wp-content\/uploads\/importedmedia\/product-154865_0-6071.jpg","width":1000,"height":1584},{"@type":"BreadcrumbList","@id":"https:\/\/horticom.ee\/e-pood\/toode\/valge-ristik-abercrest-100g\/#breadcrumb","itemListElement":[{"@type":"ListItem","position":1,"name":"Home","item":"https:\/\/horticom.ee\/e-pood\/"},{"@type":"ListItem","position":2,"name":"Pood","item":"https:\/\/horticom.ee\/e-pood\/pood\/"},{"@type":"ListItem","position":3,"name":"Valge ristik Abercrest 100g"}]},{"@type":"WebSite","@id":"https:\/\/horticom.ee\/e-pood\/#website","url":"https:\/\/horticom.ee\/e-pood\/","name":"Horticom.ee","description":"Aianduskaubad ja kodukaubad nii harrastajatele kui professionaalidele","potentialAction":[{"@type":"SearchAction","target":{"@type":"EntryPoint","urlTemplate":"https:\/\/horticom.ee\/e-pood\/?s={search_term_string}"},"query-input":{"@type":"PropertyValueSpecification","valueRequired":true,"valueName":"search_term_string"}}],"inLanguage":"et"}]}},"_links":{"self":[{"href":"https:\/\/horticom.ee\/e-pood\/wp-json\/wp\/v2\/product\/154865","targetHints":{"allow":["GET"]}}],"collection":[{"href":"https:\/\/horticom.ee\/e-pood\/wp-json\/wp\/v2\/product"}],"about":[{"href":"https:\/\/horticom.ee\/e-pood\/wp-json\/wp\/v2\/types\/product"}],"replies":[{"embeddable":true,"href":"https:\/\/horticom.ee\/e-pood\/wp-json\/wp\/v2\/comments?post=154865"}],"wp:featuredmedia":[{"embeddable":true,"href":"https:\/\/horticom.ee\/e-pood\/wp-json\/wp\/v2\/media\/2379732"}],"wp:attachment":[{"href":"https:\/\/horticom.ee\/e-pood\/wp-json\/wp\/v2\/media?parent=154865"}],"wp:term":[{"taxonomy":"product_cat","embeddable":true,"href":"https:\/\/horticom.ee\/e-pood\/wp-json\/wp\/v2\/product_cat?post=154865"},{"taxonomy":"product_tag","embeddable":true,"href":"https:\/\/horticom.ee\/e-pood\/wp-json\/wp\/v2\/product_tag?post=154865"}],"curies":[{"name":"wp","href":"https:\/\/api.w.org\/{rel}","templated":true}]}}